{"id":21147,"date":"2026-02-07T18:00:41","date_gmt":"2026-02-07T17:00:41","guid":{"rendered":"https:\/\/www.mates.it\/?page_id=21147"},"modified":"2026-02-07T18:00:41","modified_gmt":"2026-02-07T17:00:41","slug":"kanaele-barrieren","status":"publish","type":"page","link":"https:\/\/www.mates.it\/de\/produkte\/vakuumtechnik\/fliesshilfen\/kanaele-barrieren\/","title":{"rendered":"Kan\u00e4le \/ Barrieren"},"content":{"rendered":"<div  class='flex_column av-av_three_fifth-7714eba142aeda1f8b5272a3c372b279 av_three_fifth  avia-builder-el-0  el_before_av_two_fifth  avia-builder-el-first  first flex_column_div  '     ><p>\n<style type=\"text\/css\" data-created_by=\"avia_inline_auto\" id=\"style-css-av-mlck69dr-3a1bde7d0b46623c8521d93f94c122fc\">\n#top .av-special-heading.av-mlck69dr-3a1bde7d0b46623c8521d93f94c122fc{\npadding-bottom:10px;\n}\nbody .av-special-heading.av-mlck69dr-3a1bde7d0b46623c8521d93f94c122fc .av-special-heading-tag .heading-char{\nfont-size:25px;\n}\n.av-special-heading.av-mlck69dr-3a1bde7d0b46623c8521d93f94c122fc .av-subheading{\nfont-size:15px;\n}\n<\/style>\n<div  class='av-special-heading av-mlck69dr-3a1bde7d0b46623c8521d93f94c122fc av-special-heading-h1  avia-builder-el-1  el_before_av_textblock  avia-builder-el-first  custom-h1-title'><h1 class='av-special-heading-tag '  >Kan\u00e4le \/ Barrieren<\/h1><div class=\"special-heading-border\"><div class=\"special-heading-inner-border\"><\/div><\/div><\/div><br \/>\n<section  class='av_textblock_section av-mlck6gg9-0703515d38c8956fc62d9d990ed80d4a '  ><div class='avia_textblock' ><p>Flie\u00dfbarrieren und Infusionskan\u00e4le sind Prozesshilfsmittel, die f\u00fcr eine ordnungsgem\u00e4\u00dfe Aufrechterhaltung des Vakuums und eine effiziente Steuerung des Harzflusses in allen Phasen des Vakuuminfusions- und RTM-Prozesses sorgen. Sie sind mit Polyester-, Vinylester- und Epoxidharzen kompatibel und optimieren den Fl\u00fcssigkeitsfluss, wodurch Abfall, Infusionszeiten und das Risiko von Blasen oder Flecken auf dem Laminat reduziert werden. Dank ihrer flexiblen, vorkupplierten Strukturen passen sie sich an verschiedene Arten von Formen mit oder ohne Flansche an und gew\u00e4hrleisten eine schnelle Installation und hohe Zuverl\u00e4ssigkeit auch in komplexen, gro\u00dftechnischen Anwendungen.<\/p>\n<\/div><\/section><\/p><\/div><div  class='flex_column av-av_two_fifth-f1c518e9ff58e869f80c8f093487abc9 av_two_fifth  avia-builder-el-3  el_after_av_three_fifth  el_before_av_hr  flex_column_div  '     ><style type=\"text\/css\" data-created_by=\"avia_inline_auto\" id=\"style-css-av-mlck7521-ef06c4a3c6d01a25b4e16ba39424e1c4\">\n#top .togglecontainer.av-mlck7521-ef06c4a3c6d01a25b4e16ba39424e1c4 h4.toggler{\nfont-size:14px;\n}\n#top .togglecontainer.av-mlck7521-ef06c4a3c6d01a25b4e16ba39424e1c4 h4.toggler.activeTitle{\ncolor:#ffffff;\nborder-color:#ffffff;\nbackground-color:#2682d3;\n}\n<\/style>\n<div  class='togglecontainer av-mlck7521-ef06c4a3c6d01a25b4e16ba39424e1c4  avia-builder-el-4  avia-builder-el-no-sibling  accordion_product toggle_close_all hasCurrentStyle' >\n<section class='av_toggle_section av-mlck6y0c-5cc339b256102e8e7b0de03c6560321f' ><div role=\"tablist\" class=\"single_toggle\" data-tags=\"{Alle} \"  ><h4 id='toggle-toggle-id-1' data-fake-id='#toggle-id-1' class='toggler  activeTitle av-title-above '  role='tab' tabindex='0' aria-controls='toggle-id-1' data-slide-speed=\"200\" data-title=\"Vorteile\" data-title-open=\"\" data-aria_collapsed=\"Click to expand: Vorteile\" data-aria_expanded=\"Click to collapse: Vorteile\">Vorteile<span class=\"toggle_icon\"><span class=\"vert_icon\"><\/span><span class=\"hor_icon\"><\/span><\/span><\/h4><div id='toggle-id-1' aria-labelledby='toggle-toggle-id-1' role='region' class='toggle_wrap  active_tc av-title-above' style='display:block;' ><div class='toggle_content invers-color ' ><ul class=\"customlist1\">\n<li>Flie\u00dfrichtung<\/li>\n<li>Speziell f\u00fcr Injektionen\/Infusionen<\/li>\n<li>Reduzierung des Harzabfalls<\/li>\n<li>Maximale Modularit\u00e4t<\/li>\n<\/ul>\n<\/div><\/div><\/div><\/section>\n<section class='av_toggle_section av-mlck73rz-3f1e2af2b1b304971fc4ff2cdaa615e7' ><div role=\"tablist\" class=\"single_toggle\" data-tags=\"{Alle} \"  ><h4 id='toggle-toggle-id-2' data-fake-id='#toggle-id-2' class='toggler  av-title-above '  role='tab' tabindex='0' aria-controls='toggle-id-2' data-slide-speed=\"200\" data-title=\"Typen\" data-title-open=\"\" data-aria_collapsed=\"Click to expand: Typen\" data-aria_expanded=\"Click to collapse: Typen\">Typen<span class=\"toggle_icon\"><span class=\"vert_icon\"><\/span><span class=\"hor_icon\"><\/span><\/span><\/h4><div id='toggle-id-2' aria-labelledby='toggle-toggle-id-2' role='region' class='toggle_wrap  av-title-above'  ><div class='toggle_content invers-color ' ><ul class=\"customlist2\">\n<li><a href=\"https:\/\/fileserver.mates.it\/Prodotti\/5_Ausiliari\/TDS\/Mezzi%20di%20flusso\/CI_DS.pdf\" target=\"_blank\" rel=\"noopener\">CI Series<\/a><\/li>\n<li><a href=\"https:\/\/fileserver.mates.it\/Prodotti\/5_Ausiliari\/TDS\/Mezzi%20di%20flusso\/RS_DS.pdf\" target=\"_blank\" rel=\"noopener noreferrer\">RS Series<\/a><\/li>\n<\/ul>\n<\/div><\/div><\/div><\/section>\n<\/div><\/div><div  class='hr av-av_hr-91d7ccd583a503147498e120fee2ff9b hr-default  avia-builder-el-5  el_after_av_two_fifth  avia-builder-el-last '><span class='hr-inner '><span class=\"hr-inner-style\"><\/span><\/span><\/div><\/p>\n","protected":false},"excerpt":{"rendered":"","protected":false},"author":2,"featured_media":0,"parent":8955,"menu_order":2,"comment_status":"open","ping_status":"open","template":"","meta":{"footnotes":""},"class_list":["post-21147","page","type-page","status-publish","hentry"],"_links":{"self":[{"href":"https:\/\/www.mates.it\/de\/wp-json\/wp\/v2\/pages\/21147","targetHints":{"allow":["GET"]}}],"collection":[{"href":"https:\/\/www.mates.it\/de\/wp-json\/wp\/v2\/pages"}],"about":[{"href":"https:\/\/www.mates.it\/de\/wp-json\/wp\/v2\/types\/page"}],"author":[{"embeddable":true,"href":"https:\/\/www.mates.it\/de\/wp-json\/wp\/v2\/users\/2"}],"replies":[{"embeddable":true,"href":"https:\/\/www.mates.it\/de\/wp-json\/wp\/v2\/comments?post=21147"}],"version-history":[{"count":1,"href":"https:\/\/www.mates.it\/de\/wp-json\/wp\/v2\/pages\/21147\/revisions"}],"predecessor-version":[{"id":21148,"href":"https:\/\/www.mates.it\/de\/wp-json\/wp\/v2\/pages\/21147\/revisions\/21148"}],"up":[{"embeddable":true,"href":"https:\/\/www.mates.it\/de\/wp-json\/wp\/v2\/pages\/8955"}],"wp:attachment":[{"href":"https:\/\/www.mates.it\/de\/wp-json\/wp\/v2\/media?parent=21147"}],"curies":[{"name":"wp","href":"https:\/\/api.w.org\/{rel}","templated":true}]}}