{"id":8849,"date":"2015-12-30T15:17:20","date_gmt":"2015-12-30T14:17:20","guid":{"rendered":"https:\/\/www.mates.it\/home_de\/"},"modified":"2023-12-14T23:25:53","modified_gmt":"2023-12-14T22:25:53","slug":"home-2","status":"publish","type":"page","link":"https:\/\/www.mates.it\/de\/","title":{"rendered":"HOME"},"content":{"rendered":"<\/p>\n\n\n<style type=\"text\/css\" data-created_by=\"avia_inline_auto\" id=\"style-css-av-1cvnvsx-284e70406de1337e7409792a707f7f23\">\n#top .hr.hr-invisible.av-1cvnvsx-284e70406de1337e7409792a707f7f23{\nheight:50px;\n}\n<\/style>\n<div  class='hr av-1cvnvsx-284e70406de1337e7409792a707f7f23 hr-invisible  avia-builder-el-1  el_after_av_codeblock  el_before_av_one_half '><span class='hr-inner '><span class=\"hr-inner-style\"><\/span><\/span><\/div>\n<div class='flex_column_table av-1bh21dt-944ce3160bfd1301c8dcc084116d4237 sc-av_one_half av-equal-height-column-flextable'><div  class='flex_column av-1bh21dt-944ce3160bfd1301c8dcc084116d4237 av_one_half  avia-builder-el-2  el_after_av_hr  el_before_av_one_half  first flex_column_table_cell av-equal-height-column av-align-top av-animated-generic fade-in  '     ><style type=\"text\/css\" data-created_by=\"avia_inline_auto\" id=\"style-css-av-lm16m1x6-34e15318c9190f7a39c6a67be79c7a03\">\n#top .av_textblock_section.av-lm16m1x6-34e15318c9190f7a39c6a67be79c7a03 .avia_textblock{\ntext-align:right;\n}\n<\/style>\n<section  class='av_textblock_section av-lm16m1x6-34e15318c9190f7a39c6a67be79c7a03 '  ><div class='avia_textblock' ><h4>\u00dcBER UNS<\/h4>\n<p>Mates wurde in Mailand gegr\u00fcndet und ist seit \u00fcber 40 Jahren auf dem Markt aktiv. Mates ist Ihr strategischer Partner f\u00fcr fortschrittliche Verbundwerkstoffe. Das Unternehmen ist seit jeher in der Entwicklung, der Produktion und dem Vertrieb der besten Artikel und Ausr\u00fcstungen f\u00fcr die Herstellung von Fertigteilen t\u00e4tig. Sie erf\u00fcllt die Anforderungen der Kunden an Qualit\u00e4t, Innovation und Flexibilit\u00e4t. Mit einer soliden Struktur, die in der Lage ist, Fachleute mit spezifischen Kompetenzen zusammenzubringen, ist Mates einer der dominierenden Akteure auf dem Sektor der fortschrittlichen Verbundwerkstoffe.<\/p>\n<p><a href=\"https:\/\/www.mates.it\/de\/uber-uns\/unternehmen\/geschichte\/\">Mehr erfahren<\/a><\/p>\n<\/div><\/section><\/div>\n<div class='av-flex-placeholder'><\/div><div  class='flex_column av-193qme9-1db832bc706eda5ba34221962cf243d3 av_one_half  avia-builder-el-4  el_after_av_one_half  el_before_av_hr  flex_column_table_cell av-equal-height-column av-align-top av-animated-generic fade-in  '     ><div  class='avia-icon-list-container av-lm16mt70-a4957ca998974c5fcb69d1dac7befe09  avia-builder-el-5  avia-builder-el-no-sibling '><ul class='avia-icon-list avia_animate_when_almost_visible avia-icon-list-left av-iconlist-small av-lm16mt70-a4957ca998974c5fcb69d1dac7befe09'>\n<li><div class='iconlist_icon av-lm16mcae-14e39d9d9a573e154aa0180bc21f6389 avia-font-entypo-fontello avia-iconfont avia-font-entypo-fontello'><span class='av-icon-char' data-av_icon='\ue812' data-av_iconfont='entypo-fontello' aria-hidden=\"true\"><\/span><\/div><article class=\"article-icon-entry \" ><div class=\"iconlist_content_wrap\"><header class=\"entry-content-header\" aria-label=\"Icon: Verf\u00fcgbarkeit der Produkte\"><div class='av_iconlist_title iconlist_title_small  ' >Verf\u00fcgbarkeit der Produkte<\/div><\/header><div class='iconlist_content ' ><p>Mit der Perfektionierung neuer Fertigungstechnologien hat sich das Sortiment auf einen Katalog mit rund 3.100 st\u00e4ndig vorr\u00e4tigen Artikeln erweitert.<\/p>\n<\/div><\/div><footer class=\"entry-footer\"><\/footer><\/article><div class=\"iconlist-timeline\"><\/div><\/li>\n<li><div class='iconlist_icon av-lm16mjzv-976e4fcdf6b440bd41a7273c90f6553c avia-font-entypo-fontello avia-iconfont avia-font-entypo-fontello'><span class='av-icon-char' data-av_icon='\ue812' data-av_iconfont='entypo-fontello' aria-hidden=\"true\"><\/span><\/div><article class=\"article-icon-entry \" ><div class=\"iconlist_content_wrap\"><header class=\"entry-content-header\" aria-label=\"Icon:  Strategische Lage\"><div class='av_iconlist_title iconlist_title_small  ' > Strategische Lage<\/div><\/header><div class='iconlist_content ' ><p>Der Hauptsitz befindet sich in der Stadt Segrate, nur wenige Kilometer vom Flughafen Linate (LIN) und dem wichtigsten Handelsbahnhof von Mailand entfernt.<\/p>\n<\/div><\/div><footer class=\"entry-footer\"><\/footer><\/article><div class=\"iconlist-timeline\"><\/div><\/li>\n<li><div class='iconlist_icon av-lm16msf6-11d6dc4cec1f1cbc14512f28a5574001 avia-font-entypo-fontello avia-iconfont avia-font-entypo-fontello'><span class='av-icon-char' data-av_icon='\ue812' data-av_iconfont='entypo-fontello' aria-hidden=\"true\"><\/span><\/div><article class=\"article-icon-entry \" ><div class=\"iconlist_content_wrap\"><header class=\"entry-content-header\" aria-label=\"Icon: Internationale Pr\u00e4senz\"><div class='av_iconlist_title iconlist_title_small  ' >Internationale Pr\u00e4senz<\/div><\/header><div class='iconlist_content ' ><p>Mit einem Netz von etwa 15 langj\u00e4hrigen Vertriebspartnern in der ganzen Welt, z.B. in Australien, Afrika, Europa und Amerika, und mehr als 1.500 aktiven Kunden auf einem gro\u00dfen globalen Markt.<\/p>\n<\/div><\/div><footer class=\"entry-footer\"><\/footer><\/article><div class=\"iconlist-timeline\"><\/div><\/li>\n<\/ul><\/div><\/div><\/div><!--close column table wrapper. Autoclose: 1 -->\n\n<style type=\"text\/css\" data-created_by=\"avia_inline_auto\" id=\"style-css-av-18m34b5-00c3b0f1726c92dca606de50d29db965\">\n#top .hr.hr-invisible.av-18m34b5-00c3b0f1726c92dca606de50d29db965{\nheight:50px;\n}\n<\/style>\n<div  class='hr av-18m34b5-00c3b0f1726c92dca606de50d29db965 hr-invisible  avia-builder-el-6  el_after_av_one_half  el_before_av_section  avia-builder-el-last '><span class='hr-inner '><span class=\"hr-inner-style\"><\/span><\/span><\/div>\n<\/div><\/div><\/div><!-- close content main div --><\/div><\/div>\n<style type=\"text\/css\" data-created_by=\"avia_inline_auto\" id=\"style-css-av-lm3h5g47-ada3b865739e8b900e869b6396addaa0\">\n.avia-section.av-lm3h5g47-ada3b865739e8b900e869b6396addaa0 .av-parallax .av-parallax-inner{\nbackground-repeat:no-repeat;\nbackground-image:url(https:\/\/www.mates.it\/wp-content\/uploads\/layerslider\/projects\/Architecture-Slider\/architecture1.jpg);\nbackground-position:50% 50%;\nbackground-attachment:scroll;\n}\n.avia-section.av-lm3h5g47-ada3b865739e8b900e869b6396addaa0 .av-section-color-overlay{\nopacity:0.4;\nbackground-color:#ffffff;\n}\n<\/style>\n<div id='av_section_1'  class='avia-section av-lm3h5g47-ada3b865739e8b900e869b6396addaa0 main_color avia-section-default avia-no-border-styling  avia-builder-el-7  el_after_av_hr  el_before_av_hr  av-parallax-section avia-bg-style-parallax av-section-color-overlay-active container_wrap sidebar_right'  data-section-bg-repeat='no-repeat'><div class='av-parallax' data-avia-parallax-ratio='0.3' ><div class='av-parallax-inner main_color avia-full-stretch'><\/div><\/div><div class=\"av-section-color-overlay-wrap\"><div class=\"av-section-color-overlay\"><\/div><div class='container av-section-cont-open' ><div class='template-page content  av-content-small alpha units'><div class='post-entry post-entry-type-page post-entry-8849'><div class='entry-content-wrapper clearfix'>\n<div class='flex_column_table av-16m1ge9-97e2faec5294486b2675257d38f3881d sc-av_one_third av-equal-height-column-flextable'>\n<style type=\"text\/css\" data-created_by=\"avia_inline_auto\" id=\"style-css-av-16m1ge9-97e2faec5294486b2675257d38f3881d\">\n@keyframes av_boxShadowEffect_av-16m1ge9-97e2faec5294486b2675257d38f3881d-row {\n0%   { box-shadow:  0 0 0 0 ; opacity: 1; }\n100% { box-shadow:  0 0 10px 0 ; opacity: 1; }\n}\n<\/style>\n<div  class='flex_column av-16m1ge9-97e2faec5294486b2675257d38f3881d av_one_third  avia-builder-el-8  el_before_av_one_third  avia-builder-el-first  first flex_column_table_cell av-equal-height-column av-align-top av-animated-generic pop-up  '     ><p>\n<style type=\"text\/css\" data-created_by=\"avia_inline_auto\" id=\"style-css-av-14rdri9-9a7012739e205036bedcca155269eb02\">\n#top .hr.hr-invisible.av-14rdri9-9a7012739e205036bedcca155269eb02{\nheight:50px;\n}\n<\/style>\n<div  class='hr av-14rdri9-9a7012739e205036bedcca155269eb02 hr-invisible  avia-builder-el-9  el_before_av_icon_box  avia-builder-el-first '><span class='hr-inner '><span class=\"hr-inner-style\"><\/span><\/span><\/div><br \/>\n<article  class='iconbox iconbox_top av-lm16n7qe-7a1326b8567efd23008cd8e226aeb468  avia-builder-el-10  el_after_av_hr  avia-builder-el-last  main_color' ><div class=\"iconbox_content\"><header class=\"entry-content-header\" aria-label=\"Icon: Unterst\u00fctzung\"><div class='iconbox_icon heading-color avia-iconfont avia-font-entypo-fontello' data-av_icon='\ue81e' data-av_iconfont='entypo-fontello'  ><\/div><h3 class='iconbox_content_title ' >Unterst\u00fctzung<\/h3><\/header><div class='iconbox_content_container ' ><p>Der erste Kontakt erfolgt \u00fcber einen Vertriebsingenieur, der in der Lage ist, erste Zweifel zu kl\u00e4ren und die am besten geeigneten Produkte zu ermitteln.<\/p>\n<p><a href=\"https:\/\/www.mates.it\/de\/uber-uns\/angebotene-dienstleistungen\/unterstutzung\/\">Mehr erfahren<\/a><\/p>\n<\/div><\/div><footer class=\"entry-footer\"><\/footer><\/article><\/p><\/div><div class='av-flex-placeholder'><\/div><div  class='flex_column av-12p4snl-58bd15a92e0554b6486f8899bc86d205 av_one_third  avia-builder-el-11  el_after_av_one_third  el_before_av_one_third  flex_column_table_cell av-equal-height-column av-align-top av-animated-generic pop-up  '     ><p>\n<style type=\"text\/css\" data-created_by=\"avia_inline_auto\" id=\"style-css-av-11dhh41-e19da474647465779f16477dc4ff6776\">\n#top .hr.hr-invisible.av-11dhh41-e19da474647465779f16477dc4ff6776{\nheight:50px;\n}\n<\/style>\n<div  class='hr av-11dhh41-e19da474647465779f16477dc4ff6776 hr-invisible  avia-builder-el-12  el_before_av_icon_box  avia-builder-el-first '><span class='hr-inner '><span class=\"hr-inner-style\"><\/span><\/span><\/div><br \/>\n<article  class='iconbox iconbox_top av-lm16o38p-bd0aabfb73d8780473aa2966cfdc3f43  avia-builder-el-13  el_after_av_hr  avia-builder-el-last  main_color' ><div class=\"iconbox_content\"><header class=\"entry-content-header\" aria-label=\"Icon: Qualit\u00e4t\"><div class='iconbox_icon heading-color avia-iconfont avia-font-entypo-fontello' data-av_icon='\ue8d1' data-av_iconfont='entypo-fontello'  ><\/div><h3 class='iconbox_content_title ' >Qualit\u00e4t<\/h3><\/header><div class='iconbox_content_container ' ><p>Es ist uns gelungen, ein Managementsystem zu schaffen, das die R\u00fcckverfolgbarkeit der Materialien gew\u00e4hrleistet und die Kundenzufriedenheit erh\u00f6ht.<\/p>\n<p><a href=\"https:\/\/www.mates.it\/de\/uber-uns\/angebotene-dienstleistungen\/zertifizierungen\/\">Mehr erfahren<\/a><\/p>\n<\/div><\/div><footer class=\"entry-footer\"><\/footer><\/article><\/p><\/div><div class='av-flex-placeholder'><\/div><div  class='flex_column av-zf8r5t-62c8fbf76c8b349aa67a8e7cba0088d4 av_one_third  avia-builder-el-14  el_after_av_one_third  el_before_av_hr  flex_column_table_cell av-equal-height-column av-align-top av-animated-generic pop-up  '     ><p>\n<style type=\"text\/css\" data-created_by=\"avia_inline_auto\" id=\"style-css-av-xrjem9-9353d7a1c843732f84b6e5637b0c022f\">\n#top .hr.hr-invisible.av-xrjem9-9353d7a1c843732f84b6e5637b0c022f{\nheight:50px;\n}\n<\/style>\n<div  class='hr av-xrjem9-9353d7a1c843732f84b6e5637b0c022f hr-invisible  avia-builder-el-15  el_before_av_icon_box  avia-builder-el-first '><span class='hr-inner '><span class=\"hr-inner-style\"><\/span><\/span><\/div><br \/>\n<article  class='iconbox iconbox_top av-lm16pxq9-10435e4abefce41b3f0e4bab874eaa26  avia-builder-el-16  el_after_av_hr  avia-builder-el-last  main_color' ><div class=\"iconbox_content\"><header class=\"entry-content-header\" aria-label=\"Icon: Keine Kompromisse\"><div class='iconbox_icon heading-color avia-iconfont avia-font-entypo-fontello' data-av_icon='\ue864' data-av_iconfont='entypo-fontello'  ><\/div><h3 class='iconbox_content_title ' >Keine Kompromisse<\/h3><\/header><div class='iconbox_content_container ' ><p>Wir sind auf den Prozess spezialisiert und in der Lage, durch Optimierung und Anpassung der Materialien neue L\u00f6sungen f\u00fcr gro\u00dfe Probleme zu finden.<\/p>\n<p><a href=\"https:\/\/www.mates.it\/de\/uber-uns\/angebotene-dienstleistungen\/anpassungen\/\">Mehr erfahren<\/a><\/p>\n<\/div><\/div><footer class=\"entry-footer\"><\/footer><\/article><\/p><\/div><\/div><!--close column table wrapper. Autoclose: 1 -->\n<style type=\"text\/css\" data-created_by=\"avia_inline_auto\" id=\"style-css-av-wxoy29-f366b45484787c48c6aa9de2833f7abe\">\n#top .hr.hr-invisible.av-wxoy29-f366b45484787c48c6aa9de2833f7abe{\nheight:50px;\n}\n<\/style>\n<div  class='hr av-wxoy29-f366b45484787c48c6aa9de2833f7abe hr-invisible  avia-builder-el-17  el_after_av_one_third  avia-builder-el-last '><span class='hr-inner '><span class=\"hr-inner-style\"><\/span><\/span><\/div>\n<\/div><\/div><\/div><!-- close content main div --><\/div><\/div><\/div><div id='after_section_1'  class='main_color av_default_container_wrap container_wrap sidebar_right'  ><div class='container av-section-cont-open' ><div class='template-page content  av-content-small alpha units'><div class='post-entry post-entry-type-page post-entry-8849'><div class='entry-content-wrapper clearfix'>\n\n<style type=\"text\/css\" data-created_by=\"avia_inline_auto\" id=\"style-css-av-u7z2jl-e1e1a86c5c411216254bcb87bf82506a\">\n#top .hr.hr-invisible.av-u7z2jl-e1e1a86c5c411216254bcb87bf82506a{\nheight:50px;\n}\n<\/style>\n<div  class='hr av-u7z2jl-e1e1a86c5c411216254bcb87bf82506a hr-invisible  avia-builder-el-18  el_after_av_section  el_before_av_partner  avia-builder-el-first '><span class='hr-inner '><span class=\"hr-inner-style\"><\/span><\/span><\/div>\n<div  class='avia-logo-element-container av-slxis1-6ed35f4030b7d83bb748e01586ef41e0 av-border-deactivate avia-logo-slider avia-content-slider avia-smallarrow-slider avia-content-slider-active noHover avia-content-slider-odd  avia-builder-el-19  el_after_av_hr  el_before_av_hr  av-slideshow-ui av-control-default av-no-slider-navigation av-slideshow-autoplay av-loop-endless av-loop-manual-endless avia-content-slider1' data-slideshow-options=\"{&quot;animation&quot;:&quot;slide&quot;,&quot;autoplay&quot;:true,&quot;loop_autoplay&quot;:&quot;endless&quot;,&quot;interval&quot;:5,&quot;loop_manual&quot;:&quot;manual-endless&quot;,&quot;autoplay_stopper&quot;:false,&quot;noNavigation&quot;:false,&quot;bg_slider&quot;:false,&quot;keep_padding&quot;:&quot;&quot;,&quot;hoverpause&quot;:false,&quot;show_slide_delay&quot;:0}\"><div class='avia-smallarrow-slider-heading  no-logo-slider-heading '><div class='new-special-heading'>&nbsp;<\/div><div class='avia-slideshow-arrows avia-slideshow-controls' ><a href='#prev' class='prev-slide  avia-svg-icon avia-font-svg_entypo-fontello' data-av_svg_icon='left-open-big' data-av_iconset='svg_entypo-fontello' tabindex='-1' title=\"Zur\u00fcck\"><svg version=\"1.1\" xmlns=\"http:\/\/www.w3.org\/2000\/svg\" width=\"15\" height=\"32\" viewBox=\"0 0 15 32\" preserveAspectRatio=\"xMidYMid meet\" aria-labelledby='av-svg-title-1' aria-describedby='av-svg-desc-1' role=\"graphics-symbol\" aria-hidden=\"true\">\n<title id='av-svg-title-1'>Zur\u00fcck<\/title>\n<desc id='av-svg-desc-1'>Zur\u00fcck<\/desc>\n<path d=\"M14.464 27.84q0.832 0.832 0 1.536-0.832 0.832-1.536 0l-12.544-12.608q-0.768-0.768 0-1.6l12.544-12.608q0.704-0.832 1.536 0 0.832 0.704 0 1.536l-11.456 11.904z\"><\/path>\n<\/svg><span class='avia_hidden_link_text'>Zur\u00fcck<\/span><\/a><a href='#next' class='next-slide  avia-svg-icon avia-font-svg_entypo-fontello' data-av_svg_icon='right-open-big' data-av_iconset='svg_entypo-fontello' tabindex='-1' title=\"Weiter\"><svg version=\"1.1\" xmlns=\"http:\/\/www.w3.org\/2000\/svg\" width=\"15\" height=\"32\" viewBox=\"0 0 15 32\" preserveAspectRatio=\"xMidYMid meet\" aria-labelledby='av-svg-title-2' aria-describedby='av-svg-desc-2' role=\"graphics-symbol\" aria-hidden=\"true\">\n<title id='av-svg-title-2'>Weiter<\/title>\n<desc id='av-svg-desc-2'>Weiter<\/desc>\n<path d=\"M0.416 27.84l11.456-11.84-11.456-11.904q-0.832-0.832 0-1.536 0.832-0.832 1.536 0l12.544 12.608q0.768 0.832 0 1.6l-12.544 12.608q-0.704 0.832-1.536 0-0.832-0.704 0-1.536z\"><\/path>\n<\/svg><span class='avia_hidden_link_text'>Weiter<\/span><\/a><\/div><\/div><div class=\"avia-content-slider-inner\"><div class=\"slide-entry-wrap\"><div  class='slide-entry av-rnqt81-7840386261a5c07e0726726337df69fa flex_column no_margin av_one_fifth real-thumbnail post-entry slide-entry-overview slide-loop-1 slide-parity-odd  first'><span class='av-partner-fake-img' style='padding-bottom:50%; background-image:url(https:\/\/www.mates.it\/wp-content\/uploads\/chemtrend-2.jpg);'><\/span><\/div><div  class='slide-entry av-pu4exd-2a1aa413437bf05dd6c4ec49d2f6670f flex_column no_margin av_one_fifth real-thumbnail post-entry slide-entry-overview slide-loop-2 slide-parity-even  '><span class='av-partner-fake-img' style='padding-bottom:50%; background-image:url(https:\/\/www.mates.it\/wp-content\/uploads\/adler.jpg);'><\/span><\/div><div  class='slide-entry av-2fnmi9-08f603974674a81c26467ba2a97ad6b7 flex_column no_margin av_one_fifth real-thumbnail post-entry slide-entry-overview slide-loop-3 slide-parity-odd  '><span class='av-partner-fake-img' style='padding-bottom:50%; background-image:url(https:\/\/www.mates.it\/wp-content\/uploads\/akrapovic-2.jpg);'><\/span><\/div><div  class='slide-entry av-mh5k8h-0ad67d0522a86f35877ae3d5621ebb7b flex_column no_margin av_one_fifth real-thumbnail post-entry slide-entry-overview slide-loop-4 slide-parity-even  '><span class='av-partner-fake-img' style='padding-bottom:50%; background-image:url(https:\/\/www.mates.it\/wp-content\/uploads\/armacell-2.jpg);'><\/span><\/div><div  class='slide-entry av-la3hrl-452eeb91d205eee71d0c879f5222068a flex_column no_margin av_one_fifth real-thumbnail post-entry slide-entry-overview slide-loop-5 slide-parity-odd  '><span class='av-partner-fake-img' style='padding-bottom:50%; background-image:url(https:\/\/www.mates.it\/wp-content\/uploads\/cranchi-2.jpg);'><\/span><\/div><\/div><div class=\"slide-entry-wrap\"><div  class='slide-entry av-1voj5t-1215591d0e64f09a81e52baf094960e9 flex_column no_margin av_one_fifth real-thumbnail post-entry slide-entry-overview slide-loop-6 slide-parity-odd  first'><span class='av-partner-fake-img' style='padding-bottom:50%; background-image:url(https:\/\/www.mates.it\/wp-content\/uploads\/elantas-2.jpg);'><\/span><\/div><div  class='slide-entry av-hsxqz5-55a9ef485f1a6548e11c69d7cca90262 flex_column no_margin av_one_fifth real-thumbnail post-entry slide-entry-overview slide-loop-7 slide-parity-even  '><span class='av-partner-fake-img' style='padding-bottom:50%; background-image:url(https:\/\/www.mates.it\/wp-content\/uploads\/pagani.jpg);'><\/span><\/div><div  class='slide-entry av-fgxwy9-cf9cea6b835bf00a25b257c6e5864e4b flex_column no_margin av_one_fifth real-thumbnail post-entry slide-entry-overview slide-loop-8 slide-parity-odd  '><span class='av-partner-fake-img' style='padding-bottom:50%; background-image:url(https:\/\/www.mates.it\/wp-content\/uploads\/schenker.jpg);'><\/span><\/div><div  class='slide-entry av-e8mme9-7feab965ebe297fc11d631951ac445ae flex_column no_margin av_one_fifth real-thumbnail post-entry slide-entry-overview slide-loop-9 slide-parity-even  '><span class='av-partner-fake-img' style='padding-bottom:50%; background-image:url(https:\/\/www.mates.it\/wp-content\/uploads\/sparco-2.jpg);'><\/span><\/div><div  class='slide-entry av-c5ti8h-f856eb4996833035ed4dc9bc246907d4 flex_column no_margin av_one_fifth real-thumbnail post-entry slide-entry-overview slide-loop-10 slide-parity-odd  '><span class='av-partner-fake-img' style='padding-bottom:50%; background-image:url(https:\/\/www.mates.it\/wp-content\/uploads\/acralock-2.jpg);'><\/span><\/div><\/div><div class=\"slide-entry-wrap\"><div  class='slide-entry av-137sq9-7a289f24ccad0409e5d033c8674f44cb flex_column no_margin av_one_fifth real-thumbnail post-entry slide-entry-overview slide-loop-11 slide-parity-odd  first'><span class='av-partner-fake-img' style='padding-bottom:50%; background-image:url(https:\/\/www.mates.it\/wp-content\/uploads\/bighead-2.jpg);'><\/span><\/div><div  class='slide-entry av-9svt2p-98f6a68cde8a10b295be7c19b5c3631f flex_column no_margin av_one_fifth real-thumbnail post-entry slide-entry-overview slide-loop-12 slide-parity-even  '><span class='av-partner-fake-img' style='padding-bottom:50%; background-image:url(https:\/\/www.mates.it\/wp-content\/uploads\/toray-3.jpg);'><\/span><\/div><div  class='slide-entry av-86qm4x-b7fcce243514e72df8721055c745d233 flex_column no_margin av_one_fifth real-thumbnail post-entry slide-entry-overview slide-loop-13 slide-parity-odd  '><span class='av-partner-fake-img' style='padding-bottom:50%; background-image:url(https:\/\/www.mates.it\/wp-content\/uploads\/gls.jpg);'><\/span><\/div><div  class='slide-entry av-6cc51d-de73ad1fcc43270869975b0f2d099e7e flex_column no_margin av_one_fifth real-thumbnail post-entry slide-entry-overview slide-loop-14 slide-parity-even  '><span class='av-partner-fake-img' style='padding-bottom:50%; background-image:url(https:\/\/www.mates.it\/wp-content\/uploads\/dvp-2.jpg);'><\/span><\/div><div  class='slide-entry av-4wgfdt-6c161237880c991a05870417c441dfd1 flex_column no_margin av_one_fifth real-thumbnail post-entry slide-entry-overview slide-loop-15 slide-parity-odd post-entry-last '><span class='av-partner-fake-img' style='padding-bottom:50%; background-image:url(https:\/\/www.mates.it\/wp-content\/uploads\/airbus-2.jpg);'><\/span><\/div><\/div><\/div><\/div>\n\n<style type=\"text\/css\" data-created_by=\"avia_inline_auto\" id=\"style-css-av-347r7l-5765a0ec4d1a87347f4e19879c9eb625\">\n#top .hr.hr-invisible.av-347r7l-5765a0ec4d1a87347f4e19879c9eb625{\nheight:50px;\n}\n<\/style>\n<div  class='hr av-347r7l-5765a0ec4d1a87347f4e19879c9eb625 hr-invisible  avia-builder-el-20  el_after_av_partner  avia-builder-el-last '><span class='hr-inner '><span class=\"hr-inner-style\"><\/span><\/span><\/div>\n","protected":false},"excerpt":{"rendered":"<p>Mates ist Ihr strategischer Partner f\u00fcr fortschrittliche Verbundwerkstoff-Fertigungen. Mates ist seit jeher in der Entwicklung, der Produktion und dem Vertrieb der besten Artikel und Ausr\u00fcstungen f\u00fcr die Herstellung von Fertigteilen t\u00e4tig.<\/p>\n","protected":false},"author":1,"featured_media":0,"parent":0,"menu_order":0,"comment_status":"closed","ping_status":"closed","template":"","meta":{"footnotes":""},"class_list":["post-8849","page","type-page","status-publish","hentry"],"_links":{"self":[{"href":"https:\/\/www.mates.it\/de\/wp-json\/wp\/v2\/pages\/8849","targetHints":{"allow":["GET"]}}],"collection":[{"href":"https:\/\/www.mates.it\/de\/wp-json\/wp\/v2\/pages"}],"about":[{"href":"https:\/\/www.mates.it\/de\/wp-json\/wp\/v2\/types\/page"}],"author":[{"embeddable":true,"href":"https:\/\/www.mates.it\/de\/wp-json\/wp\/v2\/users\/1"}],"replies":[{"embeddable":true,"href":"https:\/\/www.mates.it\/de\/wp-json\/wp\/v2\/comments?post=8849"}],"version-history":[{"count":0,"href":"https:\/\/www.mates.it\/de\/wp-json\/wp\/v2\/pages\/8849\/revisions"}],"wp:attachment":[{"href":"https:\/\/www.mates.it\/de\/wp-json\/wp\/v2\/media?parent=8849"}],"curies":[{"name":"wp","href":"https:\/\/api.w.org\/{rel}","templated":true}]}}