{"id":8854,"date":"2015-07-08T14:33:31","date_gmt":"2015-07-08T12:33:31","guid":{"rendered":"https:\/\/www.mates.it\/prodotti\/trennmittel\/"},"modified":"2023-10-14T14:41:48","modified_gmt":"2023-10-14T12:41:48","slug":"trennmittel","status":"publish","type":"page","link":"https:\/\/www.mates.it\/de\/produkte\/trennmittel\/","title":{"rendered":"Trennmittel"},"content":{"rendered":"<\/p>\n\n<style type=\"text\/css\" data-created_by=\"avia_inline_auto\" id=\"style-css-av-ljcz9vp7-f7e3453b147b555fdc2517ef2b4e553e\">\n#top .av-special-heading.av-ljcz9vp7-f7e3453b147b555fdc2517ef2b4e553e{\npadding-bottom:10px;\n}\nbody .av-special-heading.av-ljcz9vp7-f7e3453b147b555fdc2517ef2b4e553e .av-special-heading-tag .heading-char{\nfont-size:25px;\n}\n.av-special-heading.av-ljcz9vp7-f7e3453b147b555fdc2517ef2b4e553e .av-subheading{\nfont-size:15px;\n}\n<\/style>\n<div  class='av-special-heading av-ljcz9vp7-f7e3453b147b555fdc2517ef2b4e553e av-special-heading-h1  avia-builder-el-0  el_before_av_textblock  avia-builder-el-first  custom-h1-title'><h1 class='av-special-heading-tag '  >Trennmittel<\/h1><div class=\"special-heading-border\"><div class=\"special-heading-inner-border\"><\/div><\/div><\/div>\n<section  class='av_textblock_section av-ljcza3ni-46bead063eedfabfefb2ffb1b2021a80 '  ><div class='avia_textblock' ><p>Die Trennmittel stellen die Barriere dar, die zwischen der Form und dem Laminat angebracht werden muss, um den Zusammenhalt und die irreversible Verbindung der beiden Teile miteinander zu verhindern. Generell lassen sich vier Haupttypen von Trennmitteln unterscheiden: Trennmittel auf Wachsbasis, filmbildende Trennmittel, semipermanente Trennmittel und solche in Folie. Trennfolien k\u00f6nnen je nach pers\u00f6nlichem Bedarf und Kreativit\u00e4t auf unterschiedliche Weise eingesetzt werden. Bedenken Sie jedoch, dass sie als Folien nicht jeder gekr\u00fcmmten Oberfl\u00e4che perfekt folgen und viele Spuren auf der endg\u00fcltigen Oberfl\u00e4che hinterlassen. Die anderen drei Arten von Trennmitteln haben ihre eigenen Verwendungszwecke, die in der Beschreibung jedes Produkts angegeben sind.<\/p>\n<p>Zur Zeitersparnis bei Produktionen mit hohen St\u00fcckzahlen werden semipermanente Trennmittel eingesetzt. Sie sind auch bei Metallformen sehr effektiv und gelten als semipermanent, da sie alle 50\u2013100 Formen erneuert werden m\u00fcssen. Bei der Installation und der regelm\u00e4\u00dfigen Restaurierung handelt es sich um Vorg\u00e4nge, die eine sorgf\u00e4ltige und perfekte Reinigung der Oberfl\u00e4chen erfordern, um Abl\u00f6sungsprobleme zu vermeiden.<\/p>\n<\/div><\/section>\n<div  class='hr av-av_hr-91d7ccd583a503147498e120fee2ff9b hr-default  avia-builder-el-2  el_after_av_textblock  el_before_av_textblock '><span class='hr-inner '><span class=\"hr-inner-style\"><\/span><\/span><\/div>\n<section  class='av_textblock_section av-av_textblock-7a1af7d8f9790576b1769c0a9f0449ed '  ><div class='avia_textblock' ><div class=\"flex-container container-align-start\"><div class=\"flex-cell cell-1of3 medium-cell-1of2 small-cell-1of1\">\n<article class=\"post-entry slide-entry-overview slide-loop-1 slide-parity-odd real-thumbnail post-format-standard\"\n   itemscope=\"itemscope\" itemtype=\"https:\/\/schema.org\/CreativeWork\">\n   <a href=\"https:\/\/www.mates.it\/de\/produkte\/trennmittel\/trennwachs\/\" title=\"https:\/\/www.mates.it\/de\/produkte\/trennmittel\/trennwachs\/\" class=\"attachment-portfolio wp-post-image\"\n      alt=\"Trennwachs\"><img decoding=\"async\" src=\"https:\/\/www.mates.it\/wp-content\/uploads\/2016\/06\/Cerosi.jpg\" class=\" attachment-portfolio size-portfolio wp-post-image\" alt=\"Trennwachs\" title=\"\"><\/a>\n   <div class=\"slide-content\">\n      <header class=\"entry-content-header\">\n         <h6 class=\"slide-entry-title entry-title\" itemprop=\"headline\"><a\n            href=\"https:\/\/www.mates.it\/de\/produkte\/trennmittel\/trennwachs\/\"\n            title=\"New electric cars are getting really fast\">Trennwachs<\/a><\/h6>\n         <span class=\"av-vertical-delimiter\"><\/span>\n      <\/header>\n      <div class=\"slide-entry-excerpt entry-content\" itemprop=\"text\">\n\t\t  <p>Trennmittel auf Wachsbasis hinterlassen eine Wachsschicht auf der Oberfl\u00e4che und garantieren so eine sichere Abl\u00f6sung auch auf unvollkommenen und rauen Oberfl\u00e4chen, ideal f\u00fcr mittelgro\u00dfe bis kleine Formen.<\/p>\n \n\t\t  <a href=\"https:\/\/www.mates.it\/de\/produkte\/trennmittel\/trennwachs\/\" class=\"avia-button avia-icon_select-yes-left-icon avia-size-small avia-position-left avia-color-theme-color-subtle\">\n\t\t\t  Mehr sehen &raquo;\n\t\t  <\/a> \n      <\/div>\n   <\/div>\n   <footer class=\"entry-footer\"><\/footer>\n<\/article>\n\n<\/div><div class=\"flex-cell cell-1of3 medium-cell-1of2 small-cell-1of1\">\n<article class=\"post-entry slide-entry-overview slide-loop-1 slide-parity-odd real-thumbnail post-format-standard\"\n   itemscope=\"itemscope\" itemtype=\"https:\/\/schema.org\/CreativeWork\">\n   <a href=\"https:\/\/www.mates.it\/de\/produkte\/trennmittel\/filmbildung\/\" title=\"https:\/\/www.mates.it\/de\/produkte\/trennmittel\/filmbildung\/\" class=\"attachment-portfolio wp-post-image\"\n      alt=\"Filmbildung\"><img decoding=\"async\" src=\"https:\/\/www.mates.it\/wp-content\/uploads\/2016\/06\/Filmogeni.jpg\" class=\" attachment-portfolio size-portfolio wp-post-image\" alt=\"Filmbildung\" title=\"\"><\/a>\n   <div class=\"slide-content\">\n      <header class=\"entry-content-header\">\n         <h6 class=\"slide-entry-title entry-title\" itemprop=\"headline\"><a\n            href=\"https:\/\/www.mates.it\/de\/produkte\/trennmittel\/filmbildung\/\"\n            title=\"New electric cars are getting really fast\">Filmbildung<\/a><\/h6>\n         <span class=\"av-vertical-delimiter\"><\/span>\n      <\/header>\n      <div class=\"slide-entry-excerpt entry-content\" itemprop=\"text\">\n\t\t  <p>Die filmbildenden Trennmittel bilden auf der behandelten Oberfl\u00e4che einen Kunststofffilm, der auch auf Formen ohne hervorragende Veredelung eine perfekte Abl\u00f6sung erm\u00f6glicht.<\/p>\n \n\t\t  <a href=\"https:\/\/www.mates.it\/de\/produkte\/trennmittel\/filmbildung\/\" class=\"avia-button avia-icon_select-yes-left-icon avia-size-small avia-position-left avia-color-theme-color-subtle\">\n\t\t\t  Mehr sehen &raquo;\n\t\t  <\/a> \n      <\/div>\n   <\/div>\n   <footer class=\"entry-footer\"><\/footer>\n<\/article>\n\n<\/div><div class=\"flex-cell cell-1of3 medium-cell-1of2 small-cell-1of1\">\n<article class=\"post-entry slide-entry-overview slide-loop-1 slide-parity-odd real-thumbnail post-format-standard\"\n   itemscope=\"itemscope\" itemtype=\"https:\/\/schema.org\/CreativeWork\">\n   <a href=\"https:\/\/www.mates.it\/de\/produkte\/trennmittel\/halb-permanent\/\" title=\"https:\/\/www.mates.it\/de\/produkte\/trennmittel\/halb-permanent\/\" class=\"attachment-portfolio wp-post-image\"\n      alt=\"Halbpermanent\"><img decoding=\"async\" src=\"https:\/\/www.mates.it\/wp-content\/uploads\/2016\/06\/Semipermanenti.jpg\" class=\" attachment-portfolio size-portfolio wp-post-image\" alt=\"Halbpermanent\" title=\"\"><\/a>\n   <div class=\"slide-content\">\n      <header class=\"entry-content-header\">\n         <h6 class=\"slide-entry-title entry-title\" itemprop=\"headline\"><a\n            href=\"https:\/\/www.mates.it\/de\/produkte\/trennmittel\/halb-permanent\/\"\n            title=\"New electric cars are getting really fast\">Halbpermanent<\/a><\/h6>\n         <span class=\"av-vertical-delimiter\"><\/span>\n      <\/header>\n      <div class=\"slide-entry-excerpt entry-content\" itemprop=\"text\">\n\t\t  <p>Oberfl\u00e4chenbehandlungen von Formen und Modellen auf Wasser- oder L\u00f6sungsmittelbasis, speziell zum Schutz w\u00e4hrend des Produktionsprozesses von Verbundwerkstoffen.<\/p>\n \n\t\t  <a href=\"https:\/\/www.mates.it\/de\/produkte\/trennmittel\/halb-permanent\/\" class=\"avia-button avia-icon_select-yes-left-icon avia-size-small avia-position-left avia-color-theme-color-subtle\">\n\t\t\t  Mehr sehen &raquo;\n\t\t  <\/a> \n      <\/div>\n   <\/div>\n   <footer class=\"entry-footer\"><\/footer>\n<\/article>\n\n<\/div><\/div\">\n<\/div><\/section>\n","protected":false},"excerpt":{"rendered":"<p>Die Trennmittel stellen die Barriere dar, die zwischen der Form und dem Laminat angebracht werden muss, um den Zusammenhalt und die irreversible Verbindung der beiden Teile miteinander zu verhindern. Generell lassen sich vier Haupttypen unterscheiden.<\/p>\n","protected":false},"author":1,"featured_media":7258,"parent":8866,"menu_order":3,"comment_status":"closed","ping_status":"closed","template":"","meta":{"footnotes":""},"class_list":["post-8854","page","type-page","status-publish","has-post-thumbnail","hentry"],"_links":{"self":[{"href":"https:\/\/www.mates.it\/de\/wp-json\/wp\/v2\/pages\/8854","targetHints":{"allow":["GET"]}}],"collection":[{"href":"https:\/\/www.mates.it\/de\/wp-json\/wp\/v2\/pages"}],"about":[{"href":"https:\/\/www.mates.it\/de\/wp-json\/wp\/v2\/types\/page"}],"author":[{"embeddable":true,"href":"https:\/\/www.mates.it\/de\/wp-json\/wp\/v2\/users\/1"}],"replies":[{"embeddable":true,"href":"https:\/\/www.mates.it\/de\/wp-json\/wp\/v2\/comments?post=8854"}],"version-history":[{"count":0,"href":"https:\/\/www.mates.it\/de\/wp-json\/wp\/v2\/pages\/8854\/revisions"}],"up":[{"embeddable":true,"href":"https:\/\/www.mates.it\/de\/wp-json\/wp\/v2\/pages\/8866"}],"wp:featuredmedia":[{"embeddable":true,"href":"https:\/\/www.mates.it\/de\/wp-json\/wp\/v2\/media\/7258"}],"wp:attachment":[{"href":"https:\/\/www.mates.it\/de\/wp-json\/wp\/v2\/media?parent=8854"}],"curies":[{"name":"wp","href":"https:\/\/api.w.org\/{rel}","templated":true}]}}