{"id":8856,"date":"2015-07-08T14:33:34","date_gmt":"2015-07-08T12:33:34","guid":{"rendered":"https:\/\/www.mates.it\/prodotti\/sandwichmaterialien\/"},"modified":"2023-06-26T21:52:51","modified_gmt":"2023-06-26T19:52:51","slug":"sandwichmaterialien","status":"publish","type":"page","link":"https:\/\/www.mates.it\/de\/produkte\/sandwichmaterialien\/","title":{"rendered":"Sandwichmaterialien"},"content":{"rendered":"\n<style type=\"text\/css\" data-created_by=\"avia_inline_auto\" id=\"style-css-av-ljd9zzph-4f2fd62258c90836e3949a6c485200fd\">\n#top .av-special-heading.av-ljd9zzph-4f2fd62258c90836e3949a6c485200fd{\npadding-bottom:10px;\n}\nbody .av-special-heading.av-ljd9zzph-4f2fd62258c90836e3949a6c485200fd .av-special-heading-tag .heading-char{\nfont-size:25px;\n}\n.av-special-heading.av-ljd9zzph-4f2fd62258c90836e3949a6c485200fd .av-subheading{\nfont-size:15px;\n}\n<\/style>\n<div  class='av-special-heading av-ljd9zzph-4f2fd62258c90836e3949a6c485200fd av-special-heading-h1  avia-builder-el-0  el_before_av_textblock  avia-builder-el-first  custom-h1-title'><h1 class='av-special-heading-tag '  >Sandwichmaterialien<\/h1><div class=\"special-heading-border\"><div class=\"special-heading-inner-border\"><\/div><\/div><\/div>\n<section  class='av_textblock_section av-ljd9zo7j-5a41733f1d52ce07299e6a4699f36484 '  ><div class='avia_textblock' ><p>Strukturkerne f\u00fcr die Sandwichverarbeitung gewinnen im Verbundwerkstoffmarkt zunehmend an Bedeutung. Mates bietet seit jeher ein komplettes Sortiment an Kernen mit unterschiedlichen technischen Eigenschaften (Feuer-, Temperatur-, Schlag- und Druckbest\u00e4ndigkeit) an, die in der Lage sind, die Bed\u00fcrfnisse seiner Referenzkunden vollst\u00e4ndig zu erf\u00fcllen. Dank dieses Produkttyps ist es m\u00f6glich, Hochleistungsprodukte mit gr\u00f6\u00dferer Dicke (und damit h\u00f6herer Biegefestigkeit) herzustellen, ohne jedoch das Endgewicht des Laminats zu beeintr\u00e4chtigen.<br \/>\nStrukturkerne lassen sich haupts\u00e4chlich in vier Makrokategorien einteilen: expandiert, wabenf\u00f6rmig, nat\u00fcrlich und nadelgestanzt. Je nach Bedarf und Art der Laminierung (Vakuum, Handauflegen, Infusion etc.) empfehlen wir den Einsatz unterschiedlicher Produkte, deren Anwendungsweise in den einzelnen Kategorien ausf\u00fchrlich erl\u00e4utert wird.<\/p>\n<\/div><\/section>\n<div  class='hr av-av_hr-91d7ccd583a503147498e120fee2ff9b hr-default  avia-builder-el-2  el_after_av_textblock  el_before_av_textblock '><span class='hr-inner '><span class=\"hr-inner-style\"><\/span><\/span><\/div>\n<section  class='av_textblock_section av-av_textblock-7a1af7d8f9790576b1769c0a9f0449ed '  ><div class='avia_textblock' ><div class=\"flex-container container-align-start\"><div class=\"flex-cell cell-1of3 medium-cell-1of2 small-cell-1of1\">\n<article class=\"post-entry slide-entry-overview slide-loop-1 slide-parity-odd real-thumbnail post-format-standard\"\n   itemscope=\"itemscope\" itemtype=\"https:\/\/schema.org\/CreativeWork\">\n   <a href=\"https:\/\/www.mates.it\/de\/produkte\/sandwichmaterialien\/schaume\/\" title=\"https:\/\/www.mates.it\/de\/produkte\/sandwichmaterialien\/schaume\/\" class=\"attachment-portfolio wp-post-image\"\n      alt=\"Sch\u00e4ume\"><img decoding=\"async\" src=\"https:\/\/www.mates.it\/wp-content\/uploads\/2016\/06\/Cellula-chiusa.jpg\" class=\" attachment-portfolio size-portfolio wp-post-image\" alt=\"Sch\u00e4ume\" title=\"\"><\/a>\n   <div class=\"slide-content\">\n      <header class=\"entry-content-header\">\n         <h6 class=\"slide-entry-title entry-title\" itemprop=\"headline\"><a\n            href=\"https:\/\/www.mates.it\/de\/produkte\/sandwichmaterialien\/schaume\/\"\n            title=\"New electric cars are getting really fast\">Sch\u00e4ume<\/a><\/h6>\n         <span class=\"av-vertical-delimiter\"><\/span>\n      <\/header>\n      <div class=\"slide-entry-excerpt entry-content\" itemprop=\"text\">\n\t\t  <p>Sch\u00e4ume werden \u00fcblicherweise als innere Struktur bei der Herstellung von Verbundprodukten verwendet, die maximale strukturelle Leistung bei minimaler Harzaufnahme erfordern.<\/p>\n \n\t\t  <a href=\"https:\/\/www.mates.it\/de\/produkte\/sandwichmaterialien\/schaume\/\" class=\"avia-button avia-icon_select-yes-left-icon avia-size-small avia-position-left avia-color-theme-color-subtle\">\n\t\t\t  Mehr sehen &raquo;\n\t\t  <\/a> \n      <\/div>\n   <\/div>\n   <footer class=\"entry-footer\"><\/footer>\n<\/article>\n\n<\/div><div class=\"flex-cell cell-1of3 medium-cell-1of2 small-cell-1of1\">\n<article class=\"post-entry slide-entry-overview slide-loop-1 slide-parity-odd real-thumbnail post-format-standard\"\n   itemscope=\"itemscope\" itemtype=\"https:\/\/schema.org\/CreativeWork\">\n   <a href=\"https:\/\/www.mates.it\/de\/produkte\/sandwichmaterialien\/alveolaren\/\" title=\"https:\/\/www.mates.it\/de\/produkte\/sandwichmaterialien\/alveolaren\/\" class=\"attachment-portfolio wp-post-image\"\n      alt=\"Alveol\u00e4ren\"><img decoding=\"async\" src=\"https:\/\/www.mates.it\/wp-content\/uploads\/2016\/06\/Cellula-aperta.jpg\" class=\" attachment-portfolio size-portfolio wp-post-image\" alt=\"Alveol\u00e4ren\" title=\"\"><\/a>\n   <div class=\"slide-content\">\n      <header class=\"entry-content-header\">\n         <h6 class=\"slide-entry-title entry-title\" itemprop=\"headline\"><a\n            href=\"https:\/\/www.mates.it\/de\/produkte\/sandwichmaterialien\/alveolaren\/\"\n            title=\"New electric cars are getting really fast\">Alveol\u00e4ren<\/a><\/h6>\n         <span class=\"av-vertical-delimiter\"><\/span>\n      <\/header>\n      <div class=\"slide-entry-excerpt entry-content\" itemprop=\"text\">\n\t\t  <p>Die alveol\u00e4ren Strukturkerne werden \u00fcblicherweise als innere Struktur bei der Konstruktion von Verbundprodukten verwendet, bei denen die maximale Eind\u00e4mmung des Endgewichts ein Faktor von grundlegender Bedeutung ist.<\/p>\n \n\t\t  <a href=\"https:\/\/www.mates.it\/de\/produkte\/sandwichmaterialien\/alveolaren\/\" class=\"avia-button avia-icon_select-yes-left-icon avia-size-small avia-position-left avia-color-theme-color-subtle\">\n\t\t\t  Mehr sehen &raquo;\n\t\t  <\/a> \n      <\/div>\n   <\/div>\n   <footer class=\"entry-footer\"><\/footer>\n<\/article>\n\n<\/div><div class=\"flex-cell cell-1of3 medium-cell-1of2 small-cell-1of1\">\n<article class=\"post-entry slide-entry-overview slide-loop-1 slide-parity-odd real-thumbnail post-format-standard\"\n   itemscope=\"itemscope\" itemtype=\"https:\/\/schema.org\/CreativeWork\">\n   <a href=\"https:\/\/www.mates.it\/de\/produkte\/sandwichmaterialien\/naturals-d\/\" title=\"https:\/\/www.mates.it\/de\/produkte\/sandwichmaterialien\/naturals-d\/\" class=\"attachment-portfolio wp-post-image\"\n      alt=\"Naturals\"><img decoding=\"async\" src=\"https:\/\/www.mates.it\/wp-content\/uploads\/Naturali.jpg\" class=\" attachment-portfolio size-portfolio wp-post-image\" alt=\"Naturals\" title=\"\"><\/a>\n   <div class=\"slide-content\">\n      <header class=\"entry-content-header\">\n         <h6 class=\"slide-entry-title entry-title\" itemprop=\"headline\"><a\n            href=\"https:\/\/www.mates.it\/de\/produkte\/sandwichmaterialien\/naturals-d\/\"\n            title=\"New electric cars are getting really fast\">Naturals<\/a><\/h6>\n         <span class=\"av-vertical-delimiter\"><\/span>\n      <\/header>\n      <div class=\"slide-entry-excerpt entry-content\" itemprop=\"text\">\n\t\t  <p>Nat\u00fcrliche Konstruktionskerne werden aus bestimmten H\u00f6lzern mit hoher mechanischer Festigkeit und geringem spezifischem Gewicht gewonnen, wie z. B. Kork und Balsaholz.<\/p>\n \n\t\t  <a href=\"https:\/\/www.mates.it\/de\/produkte\/sandwichmaterialien\/naturals-d\/\" class=\"avia-button avia-icon_select-yes-left-icon avia-size-small avia-position-left avia-color-theme-color-subtle\">\n\t\t\t  Mehr sehen &raquo;\n\t\t  <\/a> \n      <\/div>\n   <\/div>\n   <footer class=\"entry-footer\"><\/footer>\n<\/article>\n\n<\/div><div class=\"flex-cell cell-1of3 medium-cell-1of2 small-cell-1of1\">\n<article class=\"post-entry slide-entry-overview slide-loop-1 slide-parity-odd real-thumbnail post-format-standard\"\n   itemscope=\"itemscope\" itemtype=\"https:\/\/schema.org\/CreativeWork\">\n   <a href=\"https:\/\/www.mates.it\/de\/produkte\/sandwichmaterialien\/genadelt\/\" title=\"https:\/\/www.mates.it\/de\/produkte\/sandwichmaterialien\/genadelt\/\" class=\"attachment-portfolio wp-post-image\"\n      alt=\"Genadelt\"><img decoding=\"async\" src=\"https:\/\/www.mates.it\/wp-content\/uploads\/2016\/06\/Coremat.jpg\" class=\" attachment-portfolio size-portfolio wp-post-image\" alt=\"Genadelt\" title=\"\"><\/a>\n   <div class=\"slide-content\">\n      <header class=\"entry-content-header\">\n         <h6 class=\"slide-entry-title entry-title\" itemprop=\"headline\"><a\n            href=\"https:\/\/www.mates.it\/de\/produkte\/sandwichmaterialien\/genadelt\/\"\n            title=\"New electric cars are getting really fast\">Genadelt<\/a><\/h6>\n         <span class=\"av-vertical-delimiter\"><\/span>\n      <\/header>\n      <div class=\"slide-entry-excerpt entry-content\" itemprop=\"text\">\n\t\t  <p>Weiche genadelte Strukturkerne werden in der Regel als Innenstruktur bei der Herstellung von Verbundwerkstoffprodukten mit kleinen Abmessungen oder komplexen Formen verwendet.<\/p>\n \n\t\t  <a href=\"https:\/\/www.mates.it\/de\/produkte\/sandwichmaterialien\/genadelt\/\" class=\"avia-button avia-icon_select-yes-left-icon avia-size-small avia-position-left avia-color-theme-color-subtle\">\n\t\t\t  Mehr sehen &raquo;\n\t\t  <\/a> \n      <\/div>\n   <\/div>\n   <footer class=\"entry-footer\"><\/footer>\n<\/article>\n\n<\/div><\/div\">\n<\/div><\/section>\n","protected":false},"excerpt":{"rendered":"<p>Strukturkerne f\u00fcr die Sandwichverarbeitung gewinnen im Verbundwerkstoffmarkt zunehmend an Bedeutung, sie k\u00f6nnen allen Anforderungen gerecht werden.<\/p>\n","protected":false},"author":1,"featured_media":7278,"parent":8866,"menu_order":4,"comment_status":"closed","ping_status":"closed","template":"","meta":{"footnotes":""},"class_list":["post-8856","page","type-page","status-publish","has-post-thumbnail","hentry"],"_links":{"self":[{"href":"https:\/\/www.mates.it\/de\/wp-json\/wp\/v2\/pages\/8856","targetHints":{"allow":["GET"]}}],"collection":[{"href":"https:\/\/www.mates.it\/de\/wp-json\/wp\/v2\/pages"}],"about":[{"href":"https:\/\/www.mates.it\/de\/wp-json\/wp\/v2\/types\/page"}],"author":[{"embeddable":true,"href":"https:\/\/www.mates.it\/de\/wp-json\/wp\/v2\/users\/1"}],"replies":[{"embeddable":true,"href":"https:\/\/www.mates.it\/de\/wp-json\/wp\/v2\/comments?post=8856"}],"version-history":[{"count":0,"href":"https:\/\/www.mates.it\/de\/wp-json\/wp\/v2\/pages\/8856\/revisions"}],"up":[{"embeddable":true,"href":"https:\/\/www.mates.it\/de\/wp-json\/wp\/v2\/pages\/8866"}],"wp:featuredmedia":[{"embeddable":true,"href":"https:\/\/www.mates.it\/de\/wp-json\/wp\/v2\/media\/7278"}],"wp:attachment":[{"href":"https:\/\/www.mates.it\/de\/wp-json\/wp\/v2\/media?parent=8856"}],"curies":[{"name":"wp","href":"https:\/\/api.w.org\/{rel}","templated":true}]}}