{"id":8858,"date":"2015-07-08T14:33:38","date_gmt":"2015-07-08T12:33:38","guid":{"rendered":"https:\/\/www.mates.it\/prodotti\/vakuumtechnik\/"},"modified":"2023-06-28T16:53:13","modified_gmt":"2023-06-28T14:53:13","slug":"vakuumtechnik","status":"publish","type":"page","link":"https:\/\/www.mates.it\/de\/produkte\/vakuumtechnik\/","title":{"rendered":"Vakuumtechnik"},"content":{"rendered":"\n<style type=\"text\/css\" data-created_by=\"avia_inline_auto\" id=\"style-css-av-ljehbdor-e1e1cf3ab12a13360e17f54b0f5bf647\">\n#top .av-special-heading.av-ljehbdor-e1e1cf3ab12a13360e17f54b0f5bf647{\npadding-bottom:10px;\n}\nbody .av-special-heading.av-ljehbdor-e1e1cf3ab12a13360e17f54b0f5bf647 .av-special-heading-tag .heading-char{\nfont-size:25px;\n}\n.av-special-heading.av-ljehbdor-e1e1cf3ab12a13360e17f54b0f5bf647 .av-subheading{\nfont-size:15px;\n}\n<\/style>\n<div  class='av-special-heading av-ljehbdor-e1e1cf3ab12a13360e17f54b0f5bf647 av-special-heading-h1  avia-builder-el-0  el_before_av_textblock  avia-builder-el-first  custom-h1-title'><h1 class='av-special-heading-tag '  >Vakuumtechnik<\/h1><div class=\"special-heading-border\"><div class=\"special-heading-inner-border\"><\/div><\/div><\/div>\n<section  class='av_textblock_section av-ljehax5p-c5bd109f5358645ea2d59397f16d42f0 '  ><div class='avia_textblock' ><p>Eine breite Palette von Hilfsstoffen, die f\u00fcr die Herstellung von hochentwickelten Verbundwerkstoffen entwickelt wurden. Sie k\u00f6nnen bei Hoch-, Mittel- und Niedertemperatur-Formprozessen eingesetzt werden und sind f\u00fcr den Erfolg aller Verarbeitungsprozesse unerl\u00e4sslich. Dazu geh\u00f6ren Vakuumbeutel, Trennfolien, Abrei\u00dfgewebe, Butyl-Dichtstoffe und alles, was nach dem Gebrauch weggeworfen wird.<br \/>\nMates ist es gelungen, die besten auf dem Markt erh\u00e4ltlichen Produkte zu \u00e4u\u00dferst wettbewerbsf\u00e4higen Preisen auszuw\u00e4hlen. Jedes unserer Produkte hat einen spezifischen Verwendungszweck, so dass wir in der Lage sind, alle verschiedenen Verbundverfahren wie RTM, Autoklav und Infusion abzudecken. Wir m\u00f6chten Sie daran erinnern, dass wir Produkte anbieten, die perfekt miteinander kompatibel sind, gr\u00fcndlich getestet wurden und einer st\u00e4ndigen und hohen Belastung ausgesetzt sind, sowohl im Labor als auch bei einigen unserer wichtigsten Kunden.<\/p>\n<\/div><\/section>\n<div  class='hr av-av_hr-91d7ccd583a503147498e120fee2ff9b hr-default  avia-builder-el-2  el_after_av_textblock  el_before_av_textblock '><span class='hr-inner '><span class=\"hr-inner-style\"><\/span><\/span><\/div>\n<section  class='av_textblock_section av-av_textblock-7a1af7d8f9790576b1769c0a9f0449ed '  ><div class='avia_textblock' ><div class=\"flex-container container-align-start\"><div class=\"flex-cell cell-1of3 medium-cell-1of2 small-cell-1of1\">\n<article class=\"post-entry slide-entry-overview slide-loop-1 slide-parity-odd real-thumbnail post-format-standard\"\n   itemscope=\"itemscope\" itemtype=\"https:\/\/schema.org\/CreativeWork\">\n   <a href=\"https:\/\/www.mates.it\/de\/produkte\/vakuumtechnik\/vakuumbeutel\/\" title=\"https:\/\/www.mates.it\/de\/produkte\/vakuumtechnik\/vakuumbeutel\/\" class=\"attachment-portfolio wp-post-image\"\n      alt=\"Vakuumbeutel\"><img decoding=\"async\" src=\"https:\/\/www.mates.it\/wp-content\/uploads\/2016\/06\/Sacchi-da-vuoto.jpg\" class=\" attachment-portfolio size-portfolio wp-post-image\" alt=\"Vakuumbeutel\" title=\"\"><\/a>\n   <div class=\"slide-content\">\n      <header class=\"entry-content-header\">\n         <h6 class=\"slide-entry-title entry-title\" itemprop=\"headline\"><a\n            href=\"https:\/\/www.mates.it\/de\/produkte\/vakuumtechnik\/vakuumbeutel\/\"\n            title=\"New electric cars are getting really fast\">Vakuumbeutel<\/a><\/h6>\n         <span class=\"av-vertical-delimiter\"><\/span>\n      <\/header>\n      <div class=\"slide-entry-excerpt entry-content\" itemprop=\"text\">\n\t\t  <p>Die Vakuumformung von Laminat ist sehr wichtig f\u00fcr die Herstellung von Bauteilen mit hoher mechanischer Leistung, hoher Zugfestigkeit und bester \u00e4sthetischer Wirkung.<\/p>\n \n\t\t  <a href=\"https:\/\/www.mates.it\/de\/produkte\/vakuumtechnik\/vakuumbeutel\/\" class=\"avia-button avia-icon_select-yes-left-icon avia-size-small avia-position-left avia-color-theme-color-subtle\">\n\t\t\t  Mehr sehen &raquo;\n\t\t  <\/a> \n      <\/div>\n   <\/div>\n   <footer class=\"entry-footer\"><\/footer>\n<\/article>\n\n<\/div><div class=\"flex-cell cell-1of3 medium-cell-1of2 small-cell-1of1\">\n<article class=\"post-entry slide-entry-overview slide-loop-1 slide-parity-odd real-thumbnail post-format-standard\"\n   itemscope=\"itemscope\" itemtype=\"https:\/\/schema.org\/CreativeWork\">\n   <a href=\"https:\/\/www.mates.it\/de\/produkte\/vakuumtechnik\/trennfolien\/\" title=\"https:\/\/www.mates.it\/de\/produkte\/vakuumtechnik\/trennfolien\/\" class=\"attachment-portfolio wp-post-image\"\n      alt=\"Trennfolien\"><img decoding=\"async\" src=\"https:\/\/www.mates.it\/wp-content\/uploads\/2016\/06\/Film-distaccanti.jpg\" class=\" attachment-portfolio size-portfolio wp-post-image\" alt=\"Trennfolien\" title=\"\"><\/a>\n   <div class=\"slide-content\">\n      <header class=\"entry-content-header\">\n         <h6 class=\"slide-entry-title entry-title\" itemprop=\"headline\"><a\n            href=\"https:\/\/www.mates.it\/de\/produkte\/vakuumtechnik\/trennfolien\/\"\n            title=\"New electric cars are getting really fast\">Trennfolien<\/a><\/h6>\n         <span class=\"av-vertical-delimiter\"><\/span>\n      <\/header>\n      <div class=\"slide-entry-excerpt entry-content\" itemprop=\"text\">\n\t\t  <p>Gro\u00dfe Auswahl an Folien aus vorbehandelten Materialien, daher geeignet f\u00fcr die Harzabl\u00f6sung, speziell f\u00fcr die Verarbeitung bei niedrigen, mittleren oder hohen Temperaturen, maximale Zuverl\u00e4ssigkeit.<\/p>\n \n\t\t  <a href=\"https:\/\/www.mates.it\/de\/produkte\/vakuumtechnik\/trennfolien\/\" class=\"avia-button avia-icon_select-yes-left-icon avia-size-small avia-position-left avia-color-theme-color-subtle\">\n\t\t\t  Mehr sehen &raquo;\n\t\t  <\/a> \n      <\/div>\n   <\/div>\n   <footer class=\"entry-footer\"><\/footer>\n<\/article>\n\n<\/div><div class=\"flex-cell cell-1of3 medium-cell-1of2 small-cell-1of1\">\n<article class=\"post-entry slide-entry-overview slide-loop-1 slide-parity-odd real-thumbnail post-format-standard\"\n   itemscope=\"itemscope\" itemtype=\"https:\/\/schema.org\/CreativeWork\">\n   <a href=\"https:\/\/www.mates.it\/de\/produkte\/vakuumtechnik\/stoffe-peelply\/\" title=\"https:\/\/www.mates.it\/de\/produkte\/vakuumtechnik\/stoffe-peelply\/\" class=\"attachment-portfolio wp-post-image\"\n      alt=\"Stoffe peelply\"><img decoding=\"async\" src=\"https:\/\/www.mates.it\/wp-content\/uploads\/2016\/06\/Peelply.jpg\" class=\" attachment-portfolio size-portfolio wp-post-image\" alt=\"Stoffe peelply\" title=\"\"><\/a>\n   <div class=\"slide-content\">\n      <header class=\"entry-content-header\">\n         <h6 class=\"slide-entry-title entry-title\" itemprop=\"headline\"><a\n            href=\"https:\/\/www.mates.it\/de\/produkte\/vakuumtechnik\/stoffe-peelply\/\"\n            title=\"New electric cars are getting really fast\">Stoffe peelply<\/a><\/h6>\n         <span class=\"av-vertical-delimiter\"><\/span>\n      <\/header>\n      <div class=\"slide-entry-excerpt entry-content\" itemprop=\"text\">\n\t\t  <p>Diese Art von Gewebe auf Basis von Nylonfasern ist in der Lage, \u00fcbersch\u00fcssiges Harz aus dem Laminat zu entfernen und so die mechanischen Werte des fertigen Bauteils zu verbessern.<\/p>\n \n\t\t  <a href=\"https:\/\/www.mates.it\/de\/produkte\/vakuumtechnik\/stoffe-peelply\/\" class=\"avia-button avia-icon_select-yes-left-icon avia-size-small avia-position-left avia-color-theme-color-subtle\">\n\t\t\t  Mehr sehen &raquo;\n\t\t  <\/a> \n      <\/div>\n   <\/div>\n   <footer class=\"entry-footer\"><\/footer>\n<\/article>\n\n<\/div><div class=\"flex-cell cell-1of3 medium-cell-1of2 small-cell-1of1\">\n<article class=\"post-entry slide-entry-overview slide-loop-1 slide-parity-odd real-thumbnail post-format-standard\"\n   itemscope=\"itemscope\" itemtype=\"https:\/\/schema.org\/CreativeWork\">\n   <a href=\"https:\/\/www.mates.it\/de\/produkte\/vakuumtechnik\/saugvliese\/\" title=\"https:\/\/www.mates.it\/de\/produkte\/vakuumtechnik\/saugvliese\/\" class=\"attachment-portfolio wp-post-image\"\n      alt=\"Saugvliese\"><img decoding=\"async\" src=\"https:\/\/www.mates.it\/wp-content\/uploads\/2016\/06\/Feltri-aeratori.jpg\" class=\" attachment-portfolio size-portfolio wp-post-image\" alt=\"Saugvliese\" title=\"\"><\/a>\n   <div class=\"slide-content\">\n      <header class=\"entry-content-header\">\n         <h6 class=\"slide-entry-title entry-title\" itemprop=\"headline\"><a\n            href=\"https:\/\/www.mates.it\/de\/produkte\/vakuumtechnik\/saugvliese\/\"\n            title=\"New electric cars are getting really fast\">Saugvliese<\/a><\/h6>\n         <span class=\"av-vertical-delimiter\"><\/span>\n      <\/header>\n      <div class=\"slide-entry-excerpt entry-content\" itemprop=\"text\">\n\t\t  <p>Saugvliese ist ein Produkt, das von den meisten unserer Kunden verwendet wird und f\u00fcr die korrekte Vakuumverarbeitung bei Umgebungsdruck oder im Autoklaven unerl\u00e4sslich ist.<\/p>\n \n\t\t  <a href=\"https:\/\/www.mates.it\/de\/produkte\/vakuumtechnik\/saugvliese\/\" class=\"avia-button avia-icon_select-yes-left-icon avia-size-small avia-position-left avia-color-theme-color-subtle\">\n\t\t\t  Mehr sehen &raquo;\n\t\t  <\/a> \n      <\/div>\n   <\/div>\n   <footer class=\"entry-footer\"><\/footer>\n<\/article>\n\n<\/div><div class=\"flex-cell cell-1of3 medium-cell-1of2 small-cell-1of1\">\n<article class=\"post-entry slide-entry-overview slide-loop-1 slide-parity-odd real-thumbnail post-format-standard\"\n   itemscope=\"itemscope\" itemtype=\"https:\/\/schema.org\/CreativeWork\">\n   <a href=\"https:\/\/www.mates.it\/de\/produkte\/vakuumtechnik\/fliesshilfen\/\" title=\"https:\/\/www.mates.it\/de\/produkte\/vakuumtechnik\/fliesshilfen\/\" class=\"attachment-portfolio wp-post-image\"\n      alt=\"Fliesshilfen\"><img decoding=\"async\" src=\"https:\/\/www.mates.it\/wp-content\/uploads\/2016\/06\/Mezzi-di-flusso.jpg\" class=\" attachment-portfolio size-portfolio wp-post-image\" alt=\"Fliesshilfen\" title=\"\"><\/a>\n   <div class=\"slide-content\">\n      <header class=\"entry-content-header\">\n         <h6 class=\"slide-entry-title entry-title\" itemprop=\"headline\"><a\n            href=\"https:\/\/www.mates.it\/de\/produkte\/vakuumtechnik\/fliesshilfen\/\"\n            title=\"New electric cars are getting really fast\">Fliesshilfen<\/a><\/h6>\n         <span class=\"av-vertical-delimiter\"><\/span>\n      <\/header>\n      <div class=\"slide-entry-excerpt entry-content\" itemprop=\"text\">\n\t\t  <p>Auswahl spezifischer Produkte f\u00fcr die Ausbreitung von Fl\u00fcssigkeiten mit variabler Viskosit\u00e4t in geschlossenen Formen, um eine korrekte und vollst\u00e4ndige Impr\u00e4gnierung des Laminats zu erreichen.<\/p>\n \n\t\t  <a href=\"https:\/\/www.mates.it\/de\/produkte\/vakuumtechnik\/fliesshilfen\/\" class=\"avia-button avia-icon_select-yes-left-icon avia-size-small avia-position-left avia-color-theme-color-subtle\">\n\t\t\t  Mehr sehen &raquo;\n\t\t  <\/a> \n      <\/div>\n   <\/div>\n   <footer class=\"entry-footer\"><\/footer>\n<\/article>\n\n<\/div><div class=\"flex-cell cell-1of3 medium-cell-1of2 small-cell-1of1\">\n<article class=\"post-entry slide-entry-overview slide-loop-1 slide-parity-odd real-thumbnail post-format-standard\"\n   itemscope=\"itemscope\" itemtype=\"https:\/\/schema.org\/CreativeWork\">\n   <a href=\"https:\/\/www.mates.it\/de\/produkte\/vakuumtechnik\/klebebander-dichtungsbander\/\" title=\"https:\/\/www.mates.it\/de\/produkte\/vakuumtechnik\/klebebander-dichtungsbander\/\" class=\"attachment-portfolio wp-post-image\"\n      alt=\"Klebeb\u00e4nder \/ Dichtungsb\u00e4nder\"><img decoding=\"async\" src=\"https:\/\/www.mates.it\/wp-content\/uploads\/2016\/06\/Sigillanti-Nastri.jpg\" class=\" attachment-portfolio size-portfolio wp-post-image\" alt=\"Klebeb\u00e4nder \/ Dichtungsb\u00e4nder\" title=\"\"><\/a>\n   <div class=\"slide-content\">\n      <header class=\"entry-content-header\">\n         <h6 class=\"slide-entry-title entry-title\" itemprop=\"headline\"><a\n            href=\"https:\/\/www.mates.it\/de\/produkte\/vakuumtechnik\/klebebander-dichtungsbander\/\"\n            title=\"New electric cars are getting really fast\">Klebeb\u00e4nder \/ Dichtungsb\u00e4nder<\/a><\/h6>\n         <span class=\"av-vertical-delimiter\"><\/span>\n      <\/header>\n      <div class=\"slide-entry-excerpt entry-content\" itemprop=\"text\">\n\t\t  <p>Um Produkte mit einem hohen technologischen Gehalt zu schaffen, haben wir eine Reihe von Butyl-Dichtungsb\u00e4ndern ausgew\u00e4hlt, die zyklisch getestet werden, um maximale Zuverl\u00e4ssigkeit zu gew\u00e4hrleisten.<\/p>\n \n\t\t  <a href=\"https:\/\/www.mates.it\/de\/produkte\/vakuumtechnik\/klebebander-dichtungsbander\/\" class=\"avia-button avia-icon_select-yes-left-icon avia-size-small avia-position-left avia-color-theme-color-subtle\">\n\t\t\t  Mehr sehen &raquo;\n\t\t  <\/a> \n      <\/div>\n   <\/div>\n   <footer class=\"entry-footer\"><\/footer>\n<\/article>\n\n<\/div><\/div\">\n<\/div><\/section>\n<div  class='hr av-av_hr-91d7ccd583a503147498e120fee2ff9b hr-default'><span class='hr-inner '><span class=\"hr-inner-style\"><\/span><\/span><\/div>\n<div  class='avia-button-wrap av-av_button-e366634b7efee8c9d18f92a033b95735-wrap avia-button-left '><a href=\"https:\/\/fileserver.mates.it\/Prodotti\/5_Ausiliari\/Brochure\/ausiliari_mates_low.pdf\" class=\"avia-button av-av_button-e366634b7efee8c9d18f92a033b95735 av-link-btn avia-icon_select-yes-left-icon avia-size-small avia-position-left avia-color-theme-color\" target=\"_blank\" rel=\"noopener noreferrer\" aria-label=\"  Mates \u00ae Products catalogue\"><span class='avia_button_icon avia_button_icon_left avia-iconfont avia-font-entypo-fontello' data-av_icon='\ue82d' data-av_iconfont='entypo-fontello' ><\/span><span class='avia_iconbox_title' >  Mates \u00ae Products catalogue<\/span><\/a><\/div>\n","protected":false},"excerpt":{"rendered":"<p>Eine breite Palette von Verbrauchsmaterialien, die f\u00fcr die Herstellung von hochentwickelten Verbundwerkstoffen entwickelt wurden. Sie k\u00f6nnen bei Hoch-, Mittel- und Niedertemperatur-Formprozessen eingesetzt werden.<\/p>\n","protected":false},"author":1,"featured_media":7290,"parent":8866,"menu_order":5,"comment_status":"closed","ping_status":"closed","template":"","meta":{"footnotes":""},"class_list":["post-8858","page","type-page","status-publish","has-post-thumbnail","hentry"],"_links":{"self":[{"href":"https:\/\/www.mates.it\/de\/wp-json\/wp\/v2\/pages\/8858","targetHints":{"allow":["GET"]}}],"collection":[{"href":"https:\/\/www.mates.it\/de\/wp-json\/wp\/v2\/pages"}],"about":[{"href":"https:\/\/www.mates.it\/de\/wp-json\/wp\/v2\/types\/page"}],"author":[{"embeddable":true,"href":"https:\/\/www.mates.it\/de\/wp-json\/wp\/v2\/users\/1"}],"replies":[{"embeddable":true,"href":"https:\/\/www.mates.it\/de\/wp-json\/wp\/v2\/comments?post=8858"}],"version-history":[{"count":0,"href":"https:\/\/www.mates.it\/de\/wp-json\/wp\/v2\/pages\/8858\/revisions"}],"up":[{"embeddable":true,"href":"https:\/\/www.mates.it\/de\/wp-json\/wp\/v2\/pages\/8866"}],"wp:featuredmedia":[{"embeddable":true,"href":"https:\/\/www.mates.it\/de\/wp-json\/wp\/v2\/media\/7290"}],"wp:attachment":[{"href":"https:\/\/www.mates.it\/de\/wp-json\/wp\/v2\/media?parent=8858"}],"curies":[{"name":"wp","href":"https:\/\/api.w.org\/{rel}","templated":true}]}}