{"id":8862,"date":"2015-07-16T09:43:22","date_gmt":"2015-07-16T07:43:22","guid":{"rendered":"https:\/\/www.mates.it\/prodotti\/tessuti-rinforzi\/kohlefaser\/"},"modified":"2023-12-15T20:45:23","modified_gmt":"2023-12-15T19:45:23","slug":"kohlefaser","status":"publish","type":"page","link":"https:\/\/www.mates.it\/de\/produkte\/faserverstarkungen\/kohlefaser\/","title":{"rendered":"Kohlefaser"},"content":{"rendered":"<\/p>\n\n<style type=\"text\/css\" data-created_by=\"avia_inline_auto\" id=\"style-css-av-lj98pccr-5ebc2dda982e7700f1adf24f699c0ea4\">\n.avia-image-container.av-lj98pccr-5ebc2dda982e7700f1adf24f699c0ea4 img.avia_image{\nbox-shadow:none;\n}\n.avia-image-container.av-lj98pccr-5ebc2dda982e7700f1adf24f699c0ea4 .av-image-caption-overlay-center{\ncolor:#ffffff;\n}\n<\/style>\n<div  class='avia-image-container av-lj98pccr-5ebc2dda982e7700f1adf24f699c0ea4 av-styling- avia-align-center  avia-builder-el-0  el_before_av_hr  avia-builder-el-first '  ><div class=\"avia-image-container-inner\"><div class=\"avia-image-overlay-wrap\"><img decoding=\"async\" fetchpriority=\"high\" class=\"wp-image-7218 avia-img-lazy-loading-not-7218 avia_image \" src=\"https:\/\/www.mates.it\/wp-content\/uploads\/2016\/05\/Fibra-di-carbonio.jpg\" alt=\"\" title=\"Fibra di carbonio\" height=\"190\" width=\"1000\" srcset=\"https:\/\/www.mates.it\/wp-content\/uploads\/2016\/05\/Fibra-di-carbonio.jpg 1000w, https:\/\/www.mates.it\/wp-content\/uploads\/2016\/05\/Fibra-di-carbonio-300x57.jpg 300w, https:\/\/www.mates.it\/wp-content\/uploads\/2016\/05\/Fibra-di-carbonio-768x146.jpg 768w\" sizes=\"(max-width: 1000px) 100vw, 1000px\"><\/div><\/div><\/div>\n<div  class='hr av-av_hr-91d7ccd583a503147498e120fee2ff9b hr-default  avia-builder-el-1  el_after_av_image  el_before_av_three_fifth '><span class='hr-inner '><span class=\"hr-inner-style\"><\/span><\/span><\/div>\n<div  class='flex_column av-av_three_fifth-7714eba142aeda1f8b5272a3c372b279 av_three_fifth  avia-builder-el-2  el_after_av_hr  el_before_av_two_fifth  first flex_column_div  '     ><p>\n<style type=\"text\/css\" data-created_by=\"avia_inline_auto\" id=\"style-css-av-lj98ox8f-580e3f6a862b49b3439e4a7ef671980c\">\n#top .av-special-heading.av-lj98ox8f-580e3f6a862b49b3439e4a7ef671980c{\npadding-bottom:10px;\n}\nbody .av-special-heading.av-lj98ox8f-580e3f6a862b49b3439e4a7ef671980c .av-special-heading-tag .heading-char{\nfont-size:25px;\n}\n.av-special-heading.av-lj98ox8f-580e3f6a862b49b3439e4a7ef671980c .av-subheading{\nfont-size:15px;\n}\n<\/style>\n<div  class='av-special-heading av-lj98ox8f-580e3f6a862b49b3439e4a7ef671980c av-special-heading-h1  avia-builder-el-3  el_before_av_textblock  avia-builder-el-first  custom-h1-title'><h1 class='av-special-heading-tag '  >Kohlefaser<\/h1><div class=\"special-heading-border\"><div class=\"special-heading-inner-border\"><\/div><\/div><\/div><br \/>\n<section  class='av_textblock_section av-lj98piy4-5fd63de2ecb74f73c350a092cd5622e1 '  ><div class='avia_textblock' ><p>Kohlenstofffasern werden haupts\u00e4chlich zur Verst\u00e4rkung von Verbundwerkstoffen, insbesondere von Polymeren, verwendet. Eine weitere Verwendung ist die \u00e4sthetische Aufwertung verschiedener Konsumg\u00fcter. Zu ihren Eigenschaften geh\u00f6ren hohe mechanische Festigkeit, geringe Dichte, W\u00e4rmeisolierung, Best\u00e4ndigkeit gegen Temperaturschwankungen und chemische Einfl\u00fcsse sowie gute Brandschutzeigenschaften. Andererseits weist das Material h\u00e4ufig eine ausgepr\u00e4gte Anisotropie auf, d. h. seine mechanischen Eigenschaften haben eine bevorzugte Richtung. Carbon-Gewebe, Carbon-Faser oder Carbon-Gewebe sind Bezeichnungen f\u00fcr die Carbonfaser-Verst\u00e4rkung, die in vielen modernen Verbundwerkstoffen verwendet wird.<\/p>\n<\/div><\/section><\/p><\/div>\n<div  class='flex_column av-av_two_fifth-f1c518e9ff58e869f80c8f093487abc9 av_two_fifth  avia-builder-el-5  el_after_av_three_fifth  el_before_av_hr  flex_column_div  '     ><style type=\"text\/css\" data-created_by=\"avia_inline_auto\" id=\"style-css-av-lj98pxc8-e8853a2815059ff0351423e57335ed71\">\n#top .togglecontainer.av-lj98pxc8-e8853a2815059ff0351423e57335ed71 h4.toggler{\nfont-size:14px;\n}\n#top .togglecontainer.av-lj98pxc8-e8853a2815059ff0351423e57335ed71 h4.toggler.activeTitle{\ncolor:#ffffff;\nborder-color:#ffffff;\nbackground-color:#2682d3;\n}\n<\/style>\n<div  class='togglecontainer av-lj98pxc8-e8853a2815059ff0351423e57335ed71  avia-builder-el-6  avia-builder-el-no-sibling  accordion_product toggle_close_all hasCurrentStyle' >\n<section class='av_toggle_section av-lj98pw64-98b8950795cd980f6a84841a8e6c522d' ><div role=\"tablist\" class=\"single_toggle\" data-tags=\"{Alle} \"  ><h4 id='toggle-toggle-id-1' data-fake-id='#toggle-id-1' class='toggler  activeTitle av-title-above '  role='tab' tabindex='0' aria-controls='toggle-id-1' data-slide-speed=\"200\" data-title=\"Vorteile\" data-title-open=\"\" data-aria_collapsed=\"Click to expand: Vorteile\" data-aria_expanded=\"Click to collapse: Vorteile\">Vorteile<span class=\"toggle_icon\"><span class=\"vert_icon\"><\/span><span class=\"hor_icon\"><\/span><\/span><\/h4><div id='toggle-id-1' aria-labelledby='toggle-toggle-id-1' role='region' class='toggle_wrap  active_tc av-title-above' style='display:block;' ><div class='toggle_content invers-color ' ><ul class=\"customlist1\">\n<li>Hohe mechanische Eigenschaften<\/li>\n<li>Geringe Dichte<\/li>\n<li>Hohe \u00e4sthetische Wirkung<\/li>\n<li>Hohe Anisotropie<\/li>\n<li>Thermische Isolierung<\/li>\n<\/ul>\n<\/div><\/div><\/div><\/section>\n<section class='av_toggle_section av-lj99e0ls-00d49e02d1474d3b182b71113b9a1f36' ><div role=\"tablist\" class=\"single_toggle\" data-tags=\"{Alle} \"  ><h4 id='toggle-toggle-id-2' data-fake-id='#toggle-id-2' class='toggler  av-title-above '  role='tab' tabindex='0' aria-controls='toggle-id-2' data-slide-speed=\"200\" data-title=\"Typen\" data-title-open=\"\" data-aria_collapsed=\"Click to expand: Typen\" data-aria_expanded=\"Click to collapse: Typen\">Typen<span class=\"toggle_icon\"><span class=\"vert_icon\"><\/span><span class=\"hor_icon\"><\/span><\/span><\/h4><div id='toggle-id-2' aria-labelledby='toggle-toggle-id-2' role='region' class='toggle_wrap  av-title-above'  ><div class='toggle_content invers-color ' ><li class=\"page_item page-item-8982\"><a href=\"https:\/\/www.mates.it\/de\/produkte\/faserverstarkungen\/kohlefaser\/gewebe-c\/\">Gewebe<\/a><\/li>\n<li class=\"page_item page-item-9084\"><a href=\"https:\/\/www.mates.it\/de\/produkte\/faserverstarkungen\/kohlefaser\/multiaxial-c\/\">Multiaxial<\/a><\/li>\n<li class=\"page_item page-item-9083\"><a href=\"https:\/\/www.mates.it\/de\/produkte\/faserverstarkungen\/kohlefaser\/unidirektionale-c\/\">Unidirektionale<\/a><\/li>\n<li class=\"page_item page-item-8984\"><a href=\"https:\/\/www.mates.it\/de\/produkte\/faserverstarkungen\/kohlefaser\/bander-schlauche-c\/\">B\u00e4nder \/ Schl\u00e4uche<\/a><\/li>\n<li class=\"page_item page-item-8986\"><a href=\"https:\/\/www.mates.it\/de\/produkte\/faserverstarkungen\/kohlefaser\/prepregsd-c\/\">Prepregs<\/a><\/li>\n\n<\/div><\/div><\/div><\/section>\n<\/div><\/div><div  class='hr av-av_hr-91d7ccd583a503147498e120fee2ff9b hr-default  avia-builder-el-7  el_after_av_two_fifth  avia-builder-el-last '><span class='hr-inner '><span class=\"hr-inner-style\"><\/span><\/span><\/div><\/p>\n","protected":false},"excerpt":{"rendered":"<p>Kohlenstofffasern werden haupts\u00e4chlich zur Verst\u00e4rkung von Verbundwerkstoffen, insbesondere von Polymeren, verwendet. Eine weitere Verwendung ist die \u00e4sthetische Aufwertung verschiedener Konsumg\u00fcter. <\/p>\n","protected":false},"author":1,"featured_media":7218,"parent":8850,"menu_order":1,"comment_status":"open","ping_status":"open","template":"","meta":{"footnotes":""},"class_list":["post-8862","page","type-page","status-publish","has-post-thumbnail","hentry"],"_links":{"self":[{"href":"https:\/\/www.mates.it\/de\/wp-json\/wp\/v2\/pages\/8862","targetHints":{"allow":["GET"]}}],"collection":[{"href":"https:\/\/www.mates.it\/de\/wp-json\/wp\/v2\/pages"}],"about":[{"href":"https:\/\/www.mates.it\/de\/wp-json\/wp\/v2\/types\/page"}],"author":[{"embeddable":true,"href":"https:\/\/www.mates.it\/de\/wp-json\/wp\/v2\/users\/1"}],"replies":[{"embeddable":true,"href":"https:\/\/www.mates.it\/de\/wp-json\/wp\/v2\/comments?post=8862"}],"version-history":[{"count":0,"href":"https:\/\/www.mates.it\/de\/wp-json\/wp\/v2\/pages\/8862\/revisions"}],"up":[{"embeddable":true,"href":"https:\/\/www.mates.it\/de\/wp-json\/wp\/v2\/pages\/8850"}],"wp:featuredmedia":[{"embeddable":true,"href":"https:\/\/www.mates.it\/de\/wp-json\/wp\/v2\/media\/7218"}],"wp:attachment":[{"href":"https:\/\/www.mates.it\/de\/wp-json\/wp\/v2\/media?parent=8862"}],"curies":[{"name":"wp","href":"https:\/\/api.w.org\/{rel}","templated":true}]}}