{"id":8864,"date":"2015-09-16T10:43:08","date_gmt":"2015-09-16T08:43:08","guid":{"rendered":"https:\/\/www.mates.it\/prodotti\/befestigungselemente\/"},"modified":"2024-02-15T21:40:12","modified_gmt":"2024-02-15T20:40:12","slug":"befestigungselemente","status":"publish","type":"page","link":"https:\/\/www.mates.it\/de\/produkte\/befestigungselemente\/","title":{"rendered":"Befestigungselemente"},"content":{"rendered":"\n<style type=\"text\/css\" data-created_by=\"avia_inline_auto\" id=\"style-css-av-ljhf4488-930b205e0fdc0165817e748e1048a199\">\n#top .av-special-heading.av-ljhf4488-930b205e0fdc0165817e748e1048a199{\npadding-bottom:10px;\n}\nbody .av-special-heading.av-ljhf4488-930b205e0fdc0165817e748e1048a199 .av-special-heading-tag .heading-char{\nfont-size:25px;\n}\n.av-special-heading.av-ljhf4488-930b205e0fdc0165817e748e1048a199 .av-subheading{\nfont-size:15px;\n}\n<\/style>\n<div  class='av-special-heading av-ljhf4488-930b205e0fdc0165817e748e1048a199 av-special-heading-h1  avia-builder-el-0  el_before_av_textblock  avia-builder-el-first  custom-h1-title'><h1 class='av-special-heading-tag '  >Befestigungselemente<\/h1><div class=\"special-heading-border\"><div class=\"special-heading-inner-border\"><\/div><\/div><\/div>\n<section  class='av_textblock_section av-ljhf649c-0001f394365afa2232941dab3119f265 '  ><div class='avia_textblock' ><p>Die herk\u00f6mmlichen Systeme f\u00fcr die Montage von Bauteilen, wie Nieten, Schrauben und Klammern, sind oft nicht mit Verbundwerkstoffen kompatibel oder erfordern zu viele Kompromisse, um mit Erm\u00fcdung zu arbeiten, was zu einer Schw\u00e4chung des fertigen Teils oder zu einer Erh\u00f6hung seiner Dicke und damit seines Endgewichts f\u00fchrt. Das Bohren in eine kohlenstoffverst\u00e4rkte Platte f\u00fchrt zu einer Besch\u00e4digung der Fasern, die f\u00fcr die Verst\u00e4rkung und die strukturelle Integrit\u00e4t sorgen sollen, was zu einem Versagen der Platte f\u00fchrt. Durch das Aufkleben eines Befestigungselements direkt auf die Oberfl\u00e4che mit dem richtigen Klebstoff oder durch die Integration in das Laminat kann eine sichere Befestigung erreicht werden, ohne dass die Verbundplatte gebohrt oder besch\u00e4digt wird.<br \/>\nInnovation und technologischer Fortschritt haben zur Entwicklung von Befestigungselementen speziell f\u00fcr den Markt der Faserverbundwerkstoffe gef\u00fchrt. Dank ihrer hohen Designflexibilit\u00e4t und Erm\u00fcdungssicherheit haben sie sich im Laufe der Jahre etabliert und werden in den verschiedensten Bereichen eingesetzt. Die Qualit\u00e4t der BigHead \u00ae -L\u00f6sungen wurde von weltweit f\u00fchrenden Unternehmen in der Automobil-, Schiffbau-, Bau-, Energie- und allgemeinen Fertigungsindustrie gr\u00fcndlich getestet.<\/p>\n<\/div><\/section>\n<div  class='hr av-d7i8u8-81b6615c62bd08567065e8dc90caeacf hr-default  avia-builder-el-2  el_after_av_textblock  el_before_av_textblock '><span class='hr-inner '><span class=\"hr-inner-style\"><\/span><\/span><\/div>\n<section  class='av_textblock_section av-11p55c-7e54f2a562db70b892bb1e70db5c56f1 '  ><div class='avia_textblock' ><div class=\"flex-container container-align-start\"><div class=\"flex-cell cell-1of3 medium-cell-1of2 small-cell-1of1\">\n<article class=\"post-entry slide-entry-overview slide-loop-1 slide-parity-odd real-thumbnail post-format-standard\"\n   itemscope=\"itemscope\" itemtype=\"https:\/\/schema.org\/CreativeWork\">\n   <a href=\"https:\/\/www.mates.it\/de\/produkte\/befestigungselemente\/gewindestifte-nagel\/\" title=\"https:\/\/www.mates.it\/de\/produkte\/befestigungselemente\/gewindestifte-nagel\/\" class=\"attachment-portfolio wp-post-image\"\n      alt=\"Gewindestifte \/ N\u00e4gel\"><img decoding=\"async\" src=\"https:\/\/www.mates.it\/wp-content\/uploads\/2016\/06\/Perni-Chiodi.jpg\" class=\" attachment-portfolio size-portfolio wp-post-image\" alt=\"Gewindestifte \/ N\u00e4gel\" title=\"\"><\/a>\n   <div class=\"slide-content\">\n      <header class=\"entry-content-header\">\n         <h6 class=\"slide-entry-title entry-title\" itemprop=\"headline\"><a\n            href=\"https:\/\/www.mates.it\/de\/produkte\/befestigungselemente\/gewindestifte-nagel\/\"\n            title=\"New electric cars are getting really fast\">Gewindestifte \/ N\u00e4gel<\/a><\/h6>\n         <span class=\"av-vertical-delimiter\"><\/span>\n      <\/header>\n      <div class=\"slide-entry-excerpt entry-content\" itemprop=\"text\">\n\t\t  <p>Auswahl an Gewindestifte und N\u00e4geln mit oder ohne Au\u00dfengewinde, erh\u00e4ltlich in verschiedenen Kombinationen von Bolzendurchmesser und -l\u00e4nge, Plattengr\u00f6\u00dfe und Stahlqualit\u00e4t.<\/p>\n \n\t\t  <a href=\"https:\/\/www.mates.it\/de\/produkte\/befestigungselemente\/gewindestifte-nagel\/\" class=\"avia-button avia-icon_select-yes-left-icon avia-size-small avia-position-left avia-color-theme-color-subtle\">\n\t\t\t  Mehr sehen &raquo;\n\t\t  <\/a> \n      <\/div>\n   <\/div>\n   <footer class=\"entry-footer\"><\/footer>\n<\/article>\n\n<\/div><div class=\"flex-cell cell-1of3 medium-cell-1of2 small-cell-1of1\">\n<article class=\"post-entry slide-entry-overview slide-loop-1 slide-parity-odd real-thumbnail post-format-standard\"\n   itemscope=\"itemscope\" itemtype=\"https:\/\/schema.org\/CreativeWork\">\n   <a href=\"https:\/\/www.mates.it\/de\/produkte\/befestigungselemente\/muttern-gewindebuchsen\/\" title=\"https:\/\/www.mates.it\/de\/produkte\/befestigungselemente\/muttern-gewindebuchsen\/\" class=\"attachment-portfolio wp-post-image\"\n      alt=\"Muttern \/ Gewindebuchsen\"><img decoding=\"async\" src=\"https:\/\/www.mates.it\/wp-content\/uploads\/2016\/06\/Dadi-Collari.jpg\" class=\" attachment-portfolio size-portfolio wp-post-image\" alt=\"Muttern \/ Gewindebuchsen\" title=\"\"><\/a>\n   <div class=\"slide-content\">\n      <header class=\"entry-content-header\">\n         <h6 class=\"slide-entry-title entry-title\" itemprop=\"headline\"><a\n            href=\"https:\/\/www.mates.it\/de\/produkte\/befestigungselemente\/muttern-gewindebuchsen\/\"\n            title=\"New electric cars are getting really fast\">Muttern \/ Gewindebuchsen<\/a><\/h6>\n         <span class=\"av-vertical-delimiter\"><\/span>\n      <\/header>\n      <div class=\"slide-entry-excerpt entry-content\" itemprop=\"text\">\n\t\t  <p>Die Muttern und Gewindebuchsen sind in verschiedenen Kombinationen von Buchsen-\/Mutterdurchmesser, Buchsen-\/Mutterl\u00e4nge, Plattengr\u00f6\u00dfe und Stahlqualit\u00e4t erh\u00e4ltlich.<\/p>\n \n\t\t  <a href=\"https:\/\/www.mates.it\/de\/produkte\/befestigungselemente\/muttern-gewindebuchsen\/\" class=\"avia-button avia-icon_select-yes-left-icon avia-size-small avia-position-left avia-color-theme-color-subtle\">\n\t\t\t  Mehr sehen &raquo;\n\t\t  <\/a> \n      <\/div>\n   <\/div>\n   <footer class=\"entry-footer\"><\/footer>\n<\/article>\n\n<\/div><div class=\"flex-cell cell-1of3 medium-cell-1of2 small-cell-1of1\">\n<article class=\"post-entry slide-entry-overview slide-loop-1 slide-parity-odd real-thumbnail post-format-standard\"\n   itemscope=\"itemscope\" itemtype=\"https:\/\/schema.org\/CreativeWork\">\n   <a href=\"https:\/\/www.mates.it\/de\/produkte\/befestigungselemente\/kabelbinderhalter-osen\/\" title=\"https:\/\/www.mates.it\/de\/produkte\/befestigungselemente\/kabelbinderhalter-osen\/\" class=\"attachment-portfolio wp-post-image\"\n      alt=\"Kabelbinderhalter \/ \u00d6sen\"><img decoding=\"async\" src=\"https:\/\/www.mates.it\/wp-content\/uploads\/Passacavi-Occhielli.jpg\" class=\" attachment-portfolio size-portfolio wp-post-image\" alt=\"Kabelbinderhalter \/ \u00d6sen\" title=\"\"><\/a>\n   <div class=\"slide-content\">\n      <header class=\"entry-content-header\">\n         <h6 class=\"slide-entry-title entry-title\" itemprop=\"headline\"><a\n            href=\"https:\/\/www.mates.it\/de\/produkte\/befestigungselemente\/kabelbinderhalter-osen\/\"\n            title=\"New electric cars are getting really fast\">Kabelbinderhalter \/ \u00d6sen<\/a><\/h6>\n         <span class=\"av-vertical-delimiter\"><\/span>\n      <\/header>\n      <div class=\"slide-entry-excerpt entry-content\" itemprop=\"text\">\n\t\t  <p>Kabelbinderhalter \/ \u00d6sen sind in verschiedenen Kombinationen erh\u00e4ltlich, abh\u00e4ngig von der Dicke und Neigung der \u00d6se, dem Durchmesser und der L\u00e4nge des Durchgangs und der Stahlsorte.<\/p>\n \n\t\t  <a href=\"https:\/\/www.mates.it\/de\/produkte\/befestigungselemente\/kabelbinderhalter-osen\/\" class=\"avia-button avia-icon_select-yes-left-icon avia-size-small avia-position-left avia-color-theme-color-subtle\">\n\t\t\t  Mehr sehen &raquo;\n\t\t  <\/a> \n      <\/div>\n   <\/div>\n   <footer class=\"entry-footer\"><\/footer>\n<\/article>\n\n<\/div><div class=\"flex-cell cell-1of3 medium-cell-1of2 small-cell-1of1\">\n<article class=\"post-entry slide-entry-overview slide-loop-1 slide-parity-odd real-thumbnail post-format-standard\"\n   itemscope=\"itemscope\" itemtype=\"https:\/\/schema.org\/CreativeWork\">\n   <a href=\"https:\/\/www.mates.it\/de\/produkte\/befestigungselemente\/poppit-twindisk-d\/\" title=\"https:\/\/www.mates.it\/de\/produkte\/befestigungselemente\/poppit-twindisk-d\/\" class=\"attachment-portfolio wp-post-image\"\n      alt=\"TwinDisk\u00ae\"><img decoding=\"async\" src=\"https:\/\/www.mates.it\/wp-content\/uploads\/2016\/06\/Poppit-TwinDisk.jpg\" class=\" attachment-portfolio size-portfolio wp-post-image\" alt=\"TwinDisk\u00ae\" title=\"\"><\/a>\n   <div class=\"slide-content\">\n      <header class=\"entry-content-header\">\n         <h6 class=\"slide-entry-title entry-title\" itemprop=\"headline\"><a\n            href=\"https:\/\/www.mates.it\/de\/produkte\/befestigungselemente\/poppit-twindisk-d\/\"\n            title=\"New electric cars are getting really fast\">TwinDisk\u00ae<\/a><\/h6>\n         <span class=\"av-vertical-delimiter\"><\/span>\n      <\/header>\n      <div class=\"slide-entry-excerpt entry-content\" itemprop=\"text\">\n\t\t  <p>Die TwinDisks\u00ae, die speziell f\u00fcr die Befestigung von Verbundplatten mit Wabenstruktur entwickelt wurden, bestehen aus zwei Scheiben, die an beiden Enden eines Edelstahlkragens angeschwei\u00dft sind.<\/p>\n \n\t\t  <a href=\"https:\/\/www.mates.it\/de\/produkte\/befestigungselemente\/poppit-twindisk-d\/\" class=\"avia-button avia-icon_select-yes-left-icon avia-size-small avia-position-left avia-color-theme-color-subtle\">\n\t\t\t  Mehr sehen &raquo;\n\t\t  <\/a> \n      <\/div>\n   <\/div>\n   <footer class=\"entry-footer\"><\/footer>\n<\/article>\n\n<\/div><div class=\"flex-cell cell-1of3 medium-cell-1of2 small-cell-1of1\">\n<article class=\"post-entry slide-entry-overview slide-loop-1 slide-parity-odd real-thumbnail post-format-standard\"\n   itemscope=\"itemscope\" itemtype=\"https:\/\/schema.org\/CreativeWork\">\n   <a href=\"https:\/\/www.mates.it\/de\/produkte\/befestigungselemente\/spezielle-produkte\/\" title=\"https:\/\/www.mates.it\/de\/produkte\/befestigungselemente\/spezielle-produkte\/\" class=\"attachment-portfolio wp-post-image\"\n      alt=\"Spezielle Produkte\"><img decoding=\"async\" src=\"https:\/\/www.mates.it\/wp-content\/uploads\/2016\/06\/Prodotti-speciali.jpg\" class=\" attachment-portfolio size-portfolio wp-post-image\" alt=\"Spezielle Produkte\" title=\"\"><\/a>\n   <div class=\"slide-content\">\n      <header class=\"entry-content-header\">\n         <h6 class=\"slide-entry-title entry-title\" itemprop=\"headline\"><a\n            href=\"https:\/\/www.mates.it\/de\/produkte\/befestigungselemente\/spezielle-produkte\/\"\n            title=\"New electric cars are getting really fast\">Spezielle Produkte<\/a><\/h6>\n         <span class=\"av-vertical-delimiter\"><\/span>\n      <\/header>\n      <div class=\"slide-entry-excerpt entry-content\" itemprop=\"text\">\n\t\t  <p>Schaffen Sie die beste L\u00f6sung f\u00fcr jede Herausforderung mit der Gewissheit, dass die Befestigung kein Problem sein wird. Bei der Arbeit mit neuen Verbundwerkstoffen muss jedes Detail das Beste sein.<\/p>\n \n\t\t  <a href=\"https:\/\/www.mates.it\/de\/produkte\/befestigungselemente\/spezielle-produkte\/\" class=\"avia-button avia-icon_select-yes-left-icon avia-size-small avia-position-left avia-color-theme-color-subtle\">\n\t\t\t  Mehr sehen &raquo;\n\t\t  <\/a> \n      <\/div>\n   <\/div>\n   <footer class=\"entry-footer\"><\/footer>\n<\/article>\n\n<\/div><\/div\">\n<\/div><\/section>\n<div  class='hr av-8tvips-b01fe214dd2f59f95eb9b00b2c60b4cf hr-default'><span class='hr-inner '><span class=\"hr-inner-style\"><\/span><\/span><\/div>\n<div  class='flex_column av-80wcpc-f1ad9067131ff8452617004a736b4935 av_one_full first flex_column_div  '     ><p><div  class='avia-button-wrap av-5ues0w-d7b54e3aefc3534aec34a2102e552e76-wrap avia-button-left '><a href=\"https:\/\/fileserver.mates.it\/Prodotti\/6_Inserti\/Brochure\/bigHead-application-examples.pdf\" class=\"avia-button av-5ues0w-d7b54e3aefc3534aec34a2102e552e76 av-link-btn avia-icon_select-yes-left-icon avia-size-small avia-position-left avia-color-theme-color\" target=\"_blank\" rel=\"noopener noreferrer\" aria-label=\"  BigHead \u00ae Introduction\"><span class='avia_button_icon avia_button_icon_left avia-iconfont avia-font-entypo-fontello' data-av_icon='\ue82d' data-av_iconfont='entypo-fontello' ><\/span><span class='avia_iconbox_title' >  BigHead \u00ae Introduction<\/span><\/a><\/div><br \/>\n<div  class='avia-button-wrap av-2cpbcw-02762212fec94bb1f009c63d8a779975-wrap avia-button-left '><a href=\"https:\/\/www.bighead.co.uk\/the-techub\/\" class=\"avia-button av-2cpbcw-02762212fec94bb1f009c63d8a779975 av-link-btn avia-icon_select-yes-left-icon avia-size-small avia-position-left avia-color-theme-color\" target=\"_blank\" rel=\"noopener noreferrer\" aria-label=\"   BigHead \u00ae tecHub\"><span class='avia_button_icon avia_button_icon_left avia-iconfont avia-font-entypo-fontello' data-av_icon='\ue8ab' data-av_iconfont='entypo-fontello' ><\/span><span class='avia_iconbox_title' >   BigHead \u00ae tecHub<\/span><\/a><\/div><\/p><\/div>\n","protected":false},"excerpt":{"rendered":"<p>Spezifische Befestigungselemente f\u00fcr den Verbundwerkstoffmarkt, gro\u00dfe Designflexibilit\u00e4t und Erm\u00fcdungssicherheit, die von f\u00fchrenden Unternehmen eingesetzt werden.<\/p>\n","protected":false},"author":1,"featured_media":7318,"parent":8866,"menu_order":6,"comment_status":"open","ping_status":"open","template":"","meta":{"footnotes":""},"class_list":["post-8864","page","type-page","status-publish","has-post-thumbnail","hentry"],"_links":{"self":[{"href":"https:\/\/www.mates.it\/de\/wp-json\/wp\/v2\/pages\/8864","targetHints":{"allow":["GET"]}}],"collection":[{"href":"https:\/\/www.mates.it\/de\/wp-json\/wp\/v2\/pages"}],"about":[{"href":"https:\/\/www.mates.it\/de\/wp-json\/wp\/v2\/types\/page"}],"author":[{"embeddable":true,"href":"https:\/\/www.mates.it\/de\/wp-json\/wp\/v2\/users\/1"}],"replies":[{"embeddable":true,"href":"https:\/\/www.mates.it\/de\/wp-json\/wp\/v2\/comments?post=8864"}],"version-history":[{"count":0,"href":"https:\/\/www.mates.it\/de\/wp-json\/wp\/v2\/pages\/8864\/revisions"}],"up":[{"embeddable":true,"href":"https:\/\/www.mates.it\/de\/wp-json\/wp\/v2\/pages\/8866"}],"wp:featuredmedia":[{"embeddable":true,"href":"https:\/\/www.mates.it\/de\/wp-json\/wp\/v2\/media\/7318"}],"wp:attachment":[{"href":"https:\/\/www.mates.it\/de\/wp-json\/wp\/v2\/media?parent=8864"}],"curies":[{"name":"wp","href":"https:\/\/api.w.org\/{rel}","templated":true}]}}