{"id":8866,"date":"2015-09-16T12:44:55","date_gmt":"2015-09-16T10:44:55","guid":{"rendered":"https:\/\/www.mates.it\/produkte\/"},"modified":"2023-12-14T23:34:55","modified_gmt":"2023-12-14T22:34:55","slug":"produkte","status":"publish","type":"page","link":"https:\/\/www.mates.it\/de\/produkte\/","title":{"rendered":"PRODUKTE"},"content":{"rendered":"<\/p>\n\n<style type=\"text\/css\" data-created_by=\"avia_inline_auto\" id=\"style-css-av-lj953l4z-78906fb4dfc3001ba98566fa3f76a153\">\n#top .av-special-heading.av-lj953l4z-78906fb4dfc3001ba98566fa3f76a153{\npadding-bottom:10px;\n}\nbody .av-special-heading.av-lj953l4z-78906fb4dfc3001ba98566fa3f76a153 .av-special-heading-tag .heading-char{\nfont-size:25px;\n}\n.av-special-heading.av-lj953l4z-78906fb4dfc3001ba98566fa3f76a153 .av-subheading{\nfont-size:15px;\n}\n<\/style>\n<div  class='av-special-heading av-lj953l4z-78906fb4dfc3001ba98566fa3f76a153 av-special-heading-h1  avia-builder-el-0  el_before_av_textblock  avia-builder-el-first  custom-h1-title'><h1 class='av-special-heading-tag '  >Produkte<\/h1><div class=\"special-heading-border\"><div class=\"special-heading-inner-border\"><\/div><\/div><\/div>\n<section  class='av_textblock_section av-41tb-74b3e299604a0337ba8c232e66409be4 '  ><div class='avia_textblock' ><p>Eine gro\u00dfe Auswahl, Qualit\u00e4t und Bequemlichkeit kennzeichnen das Angebot von Mates: Produkte und Dienstleistungen f\u00fcr die fortschrittliche Herstellung von Verbundwerkstoffen, die sorgf\u00e4ltig ausgew\u00e4hlt wurden, um gro\u00dfen und kleinen Herstellern zu helfen, ihren Produktionsprozess zu verbessern und die Anforderungen aller zu erf\u00fcllen.<\/p>\n<p>Mehr als 1500 Artikel auf Lager, unterteilt nach Kategorie, Produktionsprozess und Produktbereich, einfach zu konsultieren und komplett mit technischen Datenbl\u00e4ttern.<br \/>\nUm besser auf die neuen Verbrauchertrends reagieren zu k\u00f6nnen, die immer mehr &#8222;ma\u00dfgeschneiderte&#8220; Produkte f\u00fcr jeden Bedarf verlangen, hat Mates zu den Top-Marken, die es schon immer vertrieben hat, wie Armacell, Chem-Trend \/ Zyvax, BigHead, Acralock, seine eigene spezialisierte Linie von Verbrauchsmaterialien und Prozesshilfen hinzugef\u00fcgt, um das Angebot zu vervollst\u00e4ndigen.<br \/>\nSehen Sie sich die vollst\u00e4ndige Liste der Mates-Produkte an, die Ihnen die Arbeit erleichtern, Ihren Prozess organisieren und Ihr Unternehmen wachsen lassen.<\/p>\n<\/div><\/section>\n<div  class='hr av-7wwxb-61b44ac2298bc84e7c45bc8dbcd64cc0 hr-default  avia-builder-el-2  el_after_av_textblock  el_before_av_textblock '><span class='hr-inner '><span class=\"hr-inner-style\"><\/span><\/span><\/div>\n<section  class='av_textblock_section av-a8wuf-b2c35f4166aa5d022514c16fc8523feb '  ><div class='avia_textblock' ><div class=\"flex-container container-align-start\"><div class=\"flex-cell cell-1of3 medium-cell-1of2 small-cell-1of1\">\n<article class=\"post-entry slide-entry-overview slide-loop-1 slide-parity-odd real-thumbnail post-format-standard\"\n   itemscope=\"itemscope\" itemtype=\"https:\/\/schema.org\/CreativeWork\">\n   <a href=\"https:\/\/www.mates.it\/de\/produkte\/faserverstarkungen\/\" title=\"https:\/\/www.mates.it\/de\/produkte\/faserverstarkungen\/\" class=\"attachment-portfolio wp-post-image\"\n      alt=\"Faserverst\u00e4rkungen\"><img decoding=\"async\" src=\"https:\/\/www.mates.it\/wp-content\/uploads\/2016\/05\/TESSUTI-RINFORZI-FIBRE.jpg\" class=\" attachment-portfolio size-portfolio wp-post-image\" alt=\"Faserverst\u00e4rkungen\" title=\"\"><\/a>\n   <div class=\"slide-content\">\n      <header class=\"entry-content-header\">\n         <h6 class=\"slide-entry-title entry-title\" itemprop=\"headline\"><a\n            href=\"https:\/\/www.mates.it\/de\/produkte\/faserverstarkungen\/\"\n            title=\"New electric cars are getting really fast\">Faserverst\u00e4rkungen<\/a><\/h6>\n         <span class=\"av-vertical-delimiter\"><\/span>\n      <\/header>\n      <div class=\"slide-entry-excerpt entry-content\" itemprop=\"text\">\n\t\t  <p>Technische Faserverst\u00e4rkungen kombinieren einen textilen Anteil mit anderen, nicht-textilen Anteilen, d.h. aus verschiedenen Technologien wie z.B. Kunststoffformung und Chemie.<\/p>\n \n\t\t  <a href=\"https:\/\/www.mates.it\/de\/produkte\/faserverstarkungen\/\" class=\"avia-button avia-icon_select-yes-left-icon avia-size-small avia-position-left avia-color-theme-color-subtle\">\n\t\t\t  Mehr sehen &raquo;\n\t\t  <\/a> \n      <\/div>\n   <\/div>\n   <footer class=\"entry-footer\"><\/footer>\n<\/article>\n\n<\/div><div class=\"flex-cell cell-1of3 medium-cell-1of2 small-cell-1of1\">\n<article class=\"post-entry slide-entry-overview slide-loop-1 slide-parity-odd real-thumbnail post-format-standard\"\n   itemscope=\"itemscope\" itemtype=\"https:\/\/schema.org\/CreativeWork\">\n   <a href=\"https:\/\/www.mates.it\/de\/produkte\/harze-klebstoffe-chemikalien\/\" title=\"https:\/\/www.mates.it\/de\/produkte\/harze-klebstoffe-chemikalien\/\" class=\"attachment-portfolio wp-post-image\"\n      alt=\"Matrizen\"><img decoding=\"async\" src=\"https:\/\/www.mates.it\/wp-content\/uploads\/2016\/06\/RESINE-ADESIVI-CHIMICI.jpg\" class=\" attachment-portfolio size-portfolio wp-post-image\" alt=\"Matrizen\" title=\"\"><\/a>\n   <div class=\"slide-content\">\n      <header class=\"entry-content-header\">\n         <h6 class=\"slide-entry-title entry-title\" itemprop=\"headline\"><a\n            href=\"https:\/\/www.mates.it\/de\/produkte\/harze-klebstoffe-chemikalien\/\"\n            title=\"New electric cars are getting really fast\">Matrizen<\/a><\/h6>\n         <span class=\"av-vertical-delimiter\"><\/span>\n      <\/header>\n      <div class=\"slide-entry-excerpt entry-content\" itemprop=\"text\">\n\t\t  <p>Harze werden zur manuellen Impr\u00e4gnierung von Verst\u00e4rkungsfasern, zur Infusion oder Injektion und zum F\u00fcllen oder Gie\u00dfen verwendet. Sie werden als Matrizen bei der Herstellung von Modellen, Formen und Fertigprodukten verwendet.<\/p>\n \n\t\t  <a href=\"https:\/\/www.mates.it\/de\/produkte\/harze-klebstoffe-chemikalien\/\" class=\"avia-button avia-icon_select-yes-left-icon avia-size-small avia-position-left avia-color-theme-color-subtle\">\n\t\t\t  Mehr sehen &raquo;\n\t\t  <\/a> \n      <\/div>\n   <\/div>\n   <footer class=\"entry-footer\"><\/footer>\n<\/article>\n\n<\/div><div class=\"flex-cell cell-1of3 medium-cell-1of2 small-cell-1of1\">\n<article class=\"post-entry slide-entry-overview slide-loop-1 slide-parity-odd real-thumbnail post-format-standard\"\n   itemscope=\"itemscope\" itemtype=\"https:\/\/schema.org\/CreativeWork\">\n   <a href=\"https:\/\/www.mates.it\/de\/produkte\/trennmittel\/\" title=\"https:\/\/www.mates.it\/de\/produkte\/trennmittel\/\" class=\"attachment-portfolio wp-post-image\"\n      alt=\"Trennmittel\"><img decoding=\"async\" src=\"https:\/\/www.mates.it\/wp-content\/uploads\/2016\/06\/AGENTI-DISTACCANTI.jpg\" class=\" attachment-portfolio size-portfolio wp-post-image\" alt=\"Trennmittel\" title=\"\"><\/a>\n   <div class=\"slide-content\">\n      <header class=\"entry-content-header\">\n         <h6 class=\"slide-entry-title entry-title\" itemprop=\"headline\"><a\n            href=\"https:\/\/www.mates.it\/de\/produkte\/trennmittel\/\"\n            title=\"New electric cars are getting really fast\">Trennmittel<\/a><\/h6>\n         <span class=\"av-vertical-delimiter\"><\/span>\n      <\/header>\n      <div class=\"slide-entry-excerpt entry-content\" itemprop=\"text\">\n\t\t  <p>Die Trennmittel stellen die Barriere dar, die zwischen der Form und dem Laminat angebracht werden muss, um den Zusammenhalt und die irreversible Verbindung der beiden Teile miteinander zu verhindern. Generell lassen sich vier Haupttypen unterscheiden.<\/p>\n \n\t\t  <a href=\"https:\/\/www.mates.it\/de\/produkte\/trennmittel\/\" class=\"avia-button avia-icon_select-yes-left-icon avia-size-small avia-position-left avia-color-theme-color-subtle\">\n\t\t\t  Mehr sehen &raquo;\n\t\t  <\/a> \n      <\/div>\n   <\/div>\n   <footer class=\"entry-footer\"><\/footer>\n<\/article>\n\n<\/div><div class=\"flex-cell cell-1of3 medium-cell-1of2 small-cell-1of1\">\n<article class=\"post-entry slide-entry-overview slide-loop-1 slide-parity-odd real-thumbnail post-format-standard\"\n   itemscope=\"itemscope\" itemtype=\"https:\/\/schema.org\/CreativeWork\">\n   <a href=\"https:\/\/www.mates.it\/de\/produkte\/sandwichmaterialien\/\" title=\"https:\/\/www.mates.it\/de\/produkte\/sandwichmaterialien\/\" class=\"attachment-portfolio wp-post-image\"\n      alt=\"Sandwichmaterialien\"><img decoding=\"async\" src=\"https:\/\/www.mates.it\/wp-content\/uploads\/2016\/06\/MATERIALI-D\u2019ANIMA-CORE.jpg\" class=\" attachment-portfolio size-portfolio wp-post-image\" alt=\"Sandwichmaterialien\" title=\"\"><\/a>\n   <div class=\"slide-content\">\n      <header class=\"entry-content-header\">\n         <h6 class=\"slide-entry-title entry-title\" itemprop=\"headline\"><a\n            href=\"https:\/\/www.mates.it\/de\/produkte\/sandwichmaterialien\/\"\n            title=\"New electric cars are getting really fast\">Sandwichmaterialien<\/a><\/h6>\n         <span class=\"av-vertical-delimiter\"><\/span>\n      <\/header>\n      <div class=\"slide-entry-excerpt entry-content\" itemprop=\"text\">\n\t\t  <p>Strukturkerne f\u00fcr die Sandwichverarbeitung gewinnen im Verbundwerkstoffmarkt zunehmend an Bedeutung, sie k\u00f6nnen allen Anforderungen gerecht werden.<\/p>\n \n\t\t  <a href=\"https:\/\/www.mates.it\/de\/produkte\/sandwichmaterialien\/\" class=\"avia-button avia-icon_select-yes-left-icon avia-size-small avia-position-left avia-color-theme-color-subtle\">\n\t\t\t  Mehr sehen &raquo;\n\t\t  <\/a> \n      <\/div>\n   <\/div>\n   <footer class=\"entry-footer\"><\/footer>\n<\/article>\n\n<\/div><div class=\"flex-cell cell-1of3 medium-cell-1of2 small-cell-1of1\">\n<article class=\"post-entry slide-entry-overview slide-loop-1 slide-parity-odd real-thumbnail post-format-standard\"\n   itemscope=\"itemscope\" itemtype=\"https:\/\/schema.org\/CreativeWork\">\n   <a href=\"https:\/\/www.mates.it\/de\/produkte\/vakuumtechnik\/\" title=\"https:\/\/www.mates.it\/de\/produkte\/vakuumtechnik\/\" class=\"attachment-portfolio wp-post-image\"\n      alt=\"Vakuumtechnik\"><img decoding=\"async\" src=\"https:\/\/www.mates.it\/wp-content\/uploads\/2016\/06\/AUSILIARI-DI-PROCESSO.jpg\" class=\" attachment-portfolio size-portfolio wp-post-image\" alt=\"Vakuumtechnik\" title=\"\"><\/a>\n   <div class=\"slide-content\">\n      <header class=\"entry-content-header\">\n         <h6 class=\"slide-entry-title entry-title\" itemprop=\"headline\"><a\n            href=\"https:\/\/www.mates.it\/de\/produkte\/vakuumtechnik\/\"\n            title=\"New electric cars are getting really fast\">Vakuumtechnik<\/a><\/h6>\n         <span class=\"av-vertical-delimiter\"><\/span>\n      <\/header>\n      <div class=\"slide-entry-excerpt entry-content\" itemprop=\"text\">\n\t\t  <p>Eine breite Palette von Verbrauchsmaterialien, die f\u00fcr die Herstellung von hochentwickelten Verbundwerkstoffen entwickelt wurden. Sie k\u00f6nnen bei Hoch-, Mittel- und Niedertemperatur-Formprozessen eingesetzt werden.<\/p>\n \n\t\t  <a href=\"https:\/\/www.mates.it\/de\/produkte\/vakuumtechnik\/\" class=\"avia-button avia-icon_select-yes-left-icon avia-size-small avia-position-left avia-color-theme-color-subtle\">\n\t\t\t  Mehr sehen &raquo;\n\t\t  <\/a> \n      <\/div>\n   <\/div>\n   <footer class=\"entry-footer\"><\/footer>\n<\/article>\n\n<\/div><div class=\"flex-cell cell-1of3 medium-cell-1of2 small-cell-1of1\">\n<article class=\"post-entry slide-entry-overview slide-loop-1 slide-parity-odd real-thumbnail post-format-standard\"\n   itemscope=\"itemscope\" itemtype=\"https:\/\/schema.org\/CreativeWork\">\n   <a href=\"https:\/\/www.mates.it\/de\/produkte\/befestigungselemente\/\" title=\"https:\/\/www.mates.it\/de\/produkte\/befestigungselemente\/\" class=\"attachment-portfolio wp-post-image\"\n      alt=\"Befestigungselemente\"><img decoding=\"async\" src=\"https:\/\/www.mates.it\/wp-content\/uploads\/2016\/06\/INSERTI-DI-FISSAGGIO.jpg\" class=\" attachment-portfolio size-portfolio wp-post-image\" alt=\"Befestigungselemente\" title=\"\"><\/a>\n   <div class=\"slide-content\">\n      <header class=\"entry-content-header\">\n         <h6 class=\"slide-entry-title entry-title\" itemprop=\"headline\"><a\n            href=\"https:\/\/www.mates.it\/de\/produkte\/befestigungselemente\/\"\n            title=\"New electric cars are getting really fast\">Befestigungselemente<\/a><\/h6>\n         <span class=\"av-vertical-delimiter\"><\/span>\n      <\/header>\n      <div class=\"slide-entry-excerpt entry-content\" itemprop=\"text\">\n\t\t  <p>Spezifische Befestigungselemente f\u00fcr den Verbundwerkstoffmarkt, gro\u00dfe Designflexibilit\u00e4t und Erm\u00fcdungssicherheit, die von f\u00fchrenden Unternehmen eingesetzt werden.<\/p>\n \n\t\t  <a href=\"https:\/\/www.mates.it\/de\/produkte\/befestigungselemente\/\" class=\"avia-button avia-icon_select-yes-left-icon avia-size-small avia-position-left avia-color-theme-color-subtle\">\n\t\t\t  Mehr sehen &raquo;\n\t\t  <\/a> \n      <\/div>\n   <\/div>\n   <footer class=\"entry-footer\"><\/footer>\n<\/article>\n\n<\/div><div class=\"flex-cell cell-1of3 medium-cell-1of2 small-cell-1of1\">\n<article class=\"post-entry slide-entry-overview slide-loop-1 slide-parity-odd real-thumbnail post-format-standard\"\n   itemscope=\"itemscope\" itemtype=\"https:\/\/schema.org\/CreativeWork\">\n   <a href=\"https:\/\/www.mates.it\/de\/produkte\/hilfsmittel-werkzeuge\/\" title=\"https:\/\/www.mates.it\/de\/produkte\/hilfsmittel-werkzeuge\/\" class=\"attachment-portfolio wp-post-image\"\n      alt=\"Hilfsmittel \/ Werkzeuge\"><img decoding=\"async\" src=\"https:\/\/www.mates.it\/wp-content\/uploads\/2016\/06\/STRUMENTI-ATTREZZATURE.jpg\" class=\" attachment-portfolio size-portfolio wp-post-image\" alt=\"Hilfsmittel \/ Werkzeuge\" title=\"\"><\/a>\n   <div class=\"slide-content\">\n      <header class=\"entry-content-header\">\n         <h6 class=\"slide-entry-title entry-title\" itemprop=\"headline\"><a\n            href=\"https:\/\/www.mates.it\/de\/produkte\/hilfsmittel-werkzeuge\/\"\n            title=\"New electric cars are getting really fast\">Hilfsmittel \/ Werkzeuge<\/a><\/h6>\n         <span class=\"av-vertical-delimiter\"><\/span>\n      <\/header>\n      <div class=\"slide-entry-excerpt entry-content\" itemprop=\"text\">\n\t\t  <p>Um das beste Endergebnis zu erzielen, ist es notwendig, mit spezifischen Hilfsmitteln und Werkzeugen zu arbeiten, die f\u00fcr die auszuf\u00fchrenden Arbeiten richtig und geeignet sind.<\/p>\n \n\t\t  <a href=\"https:\/\/www.mates.it\/de\/produkte\/hilfsmittel-werkzeuge\/\" class=\"avia-button avia-icon_select-yes-left-icon avia-size-small avia-position-left avia-color-theme-color-subtle\">\n\t\t\t  Mehr sehen &raquo;\n\t\t  <\/a> \n      <\/div>\n   <\/div>\n   <footer class=\"entry-footer\"><\/footer>\n<\/article>\n\n<\/div><\/div\">\n<\/div><\/section>\n","protected":false},"excerpt":{"rendered":"<p>Produkte und Dienstleistungen f\u00fcr die fortschrittliche Herstellung von Verbundwerkstoffen, die sorgf\u00e4ltig ausgew\u00e4hlt wurden, um gro\u00dfen und kleinen Herstellern zu helfen, ihren Produktionsprozess zu verbessern und die Anforderungen aller zu erf\u00fcllen.<\/p>\n","protected":false},"author":1,"featured_media":7638,"parent":0,"menu_order":2,"comment_status":"closed","ping_status":"closed","template":"","meta":{"footnotes":""},"class_list":["post-8866","page","type-page","status-publish","has-post-thumbnail","hentry"],"_links":{"self":[{"href":"https:\/\/www.mates.it\/de\/wp-json\/wp\/v2\/pages\/8866","targetHints":{"allow":["GET"]}}],"collection":[{"href":"https:\/\/www.mates.it\/de\/wp-json\/wp\/v2\/pages"}],"about":[{"href":"https:\/\/www.mates.it\/de\/wp-json\/wp\/v2\/types\/page"}],"author":[{"embeddable":true,"href":"https:\/\/www.mates.it\/de\/wp-json\/wp\/v2\/users\/1"}],"replies":[{"embeddable":true,"href":"https:\/\/www.mates.it\/de\/wp-json\/wp\/v2\/comments?post=8866"}],"version-history":[{"count":0,"href":"https:\/\/www.mates.it\/de\/wp-json\/wp\/v2\/pages\/8866\/revisions"}],"wp:featuredmedia":[{"embeddable":true,"href":"https:\/\/www.mates.it\/de\/wp-json\/wp\/v2\/media\/7638"}],"wp:attachment":[{"href":"https:\/\/www.mates.it\/de\/wp-json\/wp\/v2\/media?parent=8866"}],"curies":[{"name":"wp","href":"https:\/\/api.w.org\/{rel}","templated":true}]}}