{"id":8868,"date":"2015-09-16T12:50:54","date_gmt":"2015-09-16T10:50:54","guid":{"rendered":"https:\/\/www.mates.it\/sektoren\/"},"modified":"2023-12-12T19:43:28","modified_gmt":"2023-12-12T18:43:28","slug":"markte","status":"publish","type":"page","link":"https:\/\/www.mates.it\/de\/markte\/","title":{"rendered":"M\u00c4RKTE"},"content":{"rendered":"<\/p>\n\n<style type=\"text\/css\" data-created_by=\"avia_inline_auto\" id=\"style-css-av-lk8jw491-9cce6592a96f910418c38be7616bb77a\">\n#top .av-special-heading.av-lk8jw491-9cce6592a96f910418c38be7616bb77a{\npadding-bottom:10px;\n}\nbody .av-special-heading.av-lk8jw491-9cce6592a96f910418c38be7616bb77a .av-special-heading-tag .heading-char{\nfont-size:25px;\n}\n.av-special-heading.av-lk8jw491-9cce6592a96f910418c38be7616bb77a .av-subheading{\nfont-size:15px;\n}\n<\/style>\n<div  class='av-special-heading av-lk8jw491-9cce6592a96f910418c38be7616bb77a av-special-heading-h1  avia-builder-el-0  el_before_av_textblock  avia-builder-el-first  custom-h1-title'><h1 class='av-special-heading-tag '  >M\u00e4rkte<\/h1><div class=\"special-heading-border\"><div class=\"special-heading-inner-border\"><\/div><\/div><\/div>\n<section  class='av_textblock_section av-lk8jvlub-5a286fd7c75475163cd1e0076e3261fe '  ><div class='avia_textblock' ><p>Es ist nicht m\u00f6glich, die Aktivit\u00e4ten von Mates nur auf bestimmte M\u00e4rkte zu beschr\u00e4nken, da wir uns mit den unterschiedlichsten Branchen befassen, die sich aus der Arbeit von 1978 bis heute ergeben. Unsere Erfahrung wurde in mehr als 40 Jahren gesammelt und umfasst Sektoren wie Nautik, Automobil und Luftfahrt, Bauwesen, Transport, Eisenbahn und Freizeit.<\/p>\n<p>Mates hat sich auf den Entwurf, die Herstellung und die Anwendung der modernsten Materialien und Technologien im Zusammenhang mit der Produktion von fortschrittlichen Verbundwerkstoffen spezialisiert. Gerade die gr\u00fcndliche Kenntnis des Potenzials dieser Technologien erm\u00f6glicht es Mates, viele Sektoren abzudecken. Durch die Anwendung dieser Verfahren sind wir in der Lage, mehrere Phasen der Produktionst\u00e4tigkeiten zu verbessern, die allen Unternehmen im Bereich der Verbundwerkstoffe gemeinsam sind.<\/p>\n<\/div><\/section>\n<div  class='hr av-av_hr-91d7ccd583a503147498e120fee2ff9b hr-default  avia-builder-el-2  el_after_av_textblock  el_before_av_textblock '><span class='hr-inner '><span class=\"hr-inner-style\"><\/span><\/span><\/div>\n<section  class='av_textblock_section av-av_textblock-7a1af7d8f9790576b1769c0a9f0449ed '  ><div class='avia_textblock' ><div class=\"flex-container container-align-start\"><div class=\"flex-cell cell-1of3 medium-cell-1of2 small-cell-1of1\">\n<article class=\"post-entry slide-entry-overview slide-loop-1 slide-parity-odd real-thumbnail post-format-standard\"\n   itemscope=\"itemscope\" itemtype=\"https:\/\/schema.org\/CreativeWork\">\n   <a href=\"https:\/\/www.mates.it\/de\/markte\/automobilindustrie\/\" title=\"https:\/\/www.mates.it\/de\/markte\/automobilindustrie\/\" class=\"attachment-portfolio wp-post-image\"\n      alt=\"Automobilindustrie\"><img decoding=\"async\" src=\"https:\/\/www.mates.it\/wp-content\/uploads\/2016\/09\/Automotive.jpg\" class=\" attachment-portfolio size-portfolio wp-post-image\" alt=\"Automobilindustrie\" title=\"\"><\/a>\n   <div class=\"slide-content\">\n      <header class=\"entry-content-header\">\n         <h6 class=\"slide-entry-title entry-title\" itemprop=\"headline\"><a\n            href=\"https:\/\/www.mates.it\/de\/markte\/automobilindustrie\/\"\n            title=\"New electric cars are getting really fast\">Automobilindustrie<\/a><\/h6>\n         <span class=\"av-vertical-delimiter\"><\/span>\n      <\/header>\n      <div class=\"slide-entry-excerpt entry-content\" itemprop=\"text\">\n\t\t  <p>Die Automobilindustrie ist durch die Nachfrage nach leichten und starken Werkstoffen gekennzeichnet, um ein hohes Ma\u00df an Effizienz und Leistung w\u00e4hrend des gesamten Produktlebenszyklus zu gew\u00e4hrleisten.<\/p>\n \n\t\t  <a href=\"https:\/\/www.mates.it\/de\/markte\/automobilindustrie\/\" class=\"avia-button avia-icon_select-yes-left-icon avia-size-small avia-position-left avia-color-theme-color-subtle\">\n\t\t\t  Mehr sehen &raquo;\n\t\t  <\/a> \n      <\/div>\n   <\/div>\n   <footer class=\"entry-footer\"><\/footer>\n<\/article>\n\n<\/div><div class=\"flex-cell cell-1of3 medium-cell-1of2 small-cell-1of1\">\n<article class=\"post-entry slide-entry-overview slide-loop-1 slide-parity-odd real-thumbnail post-format-standard\"\n   itemscope=\"itemscope\" itemtype=\"https:\/\/schema.org\/CreativeWork\">\n   <a href=\"https:\/\/www.mates.it\/de\/markte\/luft-und-raumfahrt-verteidigung\/\" title=\"https:\/\/www.mates.it\/de\/markte\/luft-und-raumfahrt-verteidigung\/\" class=\"attachment-portfolio wp-post-image\"\n      alt=\"Luft-und Raumfahrt \/ Verteidigung\"><img decoding=\"async\" src=\"https:\/\/www.mates.it\/wp-content\/uploads\/2016\/09\/Aerospace-Difesa.jpg\" class=\" attachment-portfolio size-portfolio wp-post-image\" alt=\"Luft-und Raumfahrt \/ Verteidigung\" title=\"\"><\/a>\n   <div class=\"slide-content\">\n      <header class=\"entry-content-header\">\n         <h6 class=\"slide-entry-title entry-title\" itemprop=\"headline\"><a\n            href=\"https:\/\/www.mates.it\/de\/markte\/luft-und-raumfahrt-verteidigung\/\"\n            title=\"New electric cars are getting really fast\">Luft-und Raumfahrt \/ Verteidigung<\/a><\/h6>\n         <span class=\"av-vertical-delimiter\"><\/span>\n      <\/header>\n      <div class=\"slide-entry-excerpt entry-content\" itemprop=\"text\">\n\t\t  <p>Der Bedarf des Luft- und Raumfahrtmarktes an zertifizierten, starken und leichten Materialien erm\u00f6glicht den Einsatz von fortschrittlichen Verbundwerkstoffen in allen ihren Anwendungen.<\/p>\n \n\t\t  <a href=\"https:\/\/www.mates.it\/de\/markte\/luft-und-raumfahrt-verteidigung\/\" class=\"avia-button avia-icon_select-yes-left-icon avia-size-small avia-position-left avia-color-theme-color-subtle\">\n\t\t\t  Mehr sehen &raquo;\n\t\t  <\/a> \n      <\/div>\n   <\/div>\n   <footer class=\"entry-footer\"><\/footer>\n<\/article>\n\n<\/div><div class=\"flex-cell cell-1of3 medium-cell-1of2 small-cell-1of1\">\n<article class=\"post-entry slide-entry-overview slide-loop-1 slide-parity-odd real-thumbnail post-format-standard\"\n   itemscope=\"itemscope\" itemtype=\"https:\/\/schema.org\/CreativeWork\">\n   <a href=\"https:\/\/www.mates.it\/de\/markte\/schiffbau\/\" title=\"https:\/\/www.mates.it\/de\/markte\/schiffbau\/\" class=\"attachment-portfolio wp-post-image\"\n      alt=\"Schiffbau\"><img decoding=\"async\" src=\"https:\/\/www.mates.it\/wp-content\/uploads\/2016\/09\/Nautico.jpg\" class=\" attachment-portfolio size-portfolio wp-post-image\" alt=\"Schiffbau\" title=\"\"><\/a>\n   <div class=\"slide-content\">\n      <header class=\"entry-content-header\">\n         <h6 class=\"slide-entry-title entry-title\" itemprop=\"headline\"><a\n            href=\"https:\/\/www.mates.it\/de\/markte\/schiffbau\/\"\n            title=\"New electric cars are getting really fast\">Schiffbau<\/a><\/h6>\n         <span class=\"av-vertical-delimiter\"><\/span>\n      <\/header>\n      <div class=\"slide-entry-excerpt entry-content\" itemprop=\"text\">\n\t\t  <p>Die im Laufe der Zeit gesammelte Erfahrung erm\u00f6glicht es uns, eine breite Palette von Produkten zu verwalten, die f\u00fcr den Schifffahrtssektor empfohlen werden, und eine maximale Effizienz zu garantieren.<\/p>\n \n\t\t  <a href=\"https:\/\/www.mates.it\/de\/markte\/schiffbau\/\" class=\"avia-button avia-icon_select-yes-left-icon avia-size-small avia-position-left avia-color-theme-color-subtle\">\n\t\t\t  Mehr sehen &raquo;\n\t\t  <\/a> \n      <\/div>\n   <\/div>\n   <footer class=\"entry-footer\"><\/footer>\n<\/article>\n\n<\/div><div class=\"flex-cell cell-1of3 medium-cell-1of2 small-cell-1of1\">\n<article class=\"post-entry slide-entry-overview slide-loop-1 slide-parity-odd real-thumbnail post-format-standard\"\n   itemscope=\"itemscope\" itemtype=\"https:\/\/schema.org\/CreativeWork\">\n   <a href=\"https:\/\/www.mates.it\/de\/markte\/schienenverkehr-transport\/\" title=\"https:\/\/www.mates.it\/de\/markte\/schienenverkehr-transport\/\" class=\"attachment-portfolio wp-post-image\"\n      alt=\"Schienenverkehr \/ Transport\"><img decoding=\"async\" src=\"https:\/\/www.mates.it\/wp-content\/uploads\/Trasporti-Ferroviario.jpg\" class=\" attachment-portfolio size-portfolio wp-post-image\" alt=\"Schienenverkehr \/ Transport\" title=\"\"><\/a>\n   <div class=\"slide-content\">\n      <header class=\"entry-content-header\">\n         <h6 class=\"slide-entry-title entry-title\" itemprop=\"headline\"><a\n            href=\"https:\/\/www.mates.it\/de\/markte\/schienenverkehr-transport\/\"\n            title=\"New electric cars are getting really fast\">Schienenverkehr \/ Transport<\/a><\/h6>\n         <span class=\"av-vertical-delimiter\"><\/span>\n      <\/header>\n      <div class=\"slide-entry-excerpt entry-content\" itemprop=\"text\">\n\t\t  <p>Der Schienenverkehr erfordert geeignete L\u00f6sungen und Materialien, um leichte und leistungsf\u00e4hige Strukturen mit hohem Reisekomfort zu gew\u00e4hrleisten.<\/p>\n \n\t\t  <a href=\"https:\/\/www.mates.it\/de\/markte\/schienenverkehr-transport\/\" class=\"avia-button avia-icon_select-yes-left-icon avia-size-small avia-position-left avia-color-theme-color-subtle\">\n\t\t\t  Mehr sehen &raquo;\n\t\t  <\/a> \n      <\/div>\n   <\/div>\n   <footer class=\"entry-footer\"><\/footer>\n<\/article>\n\n<\/div><div class=\"flex-cell cell-1of3 medium-cell-1of2 small-cell-1of1\">\n<article class=\"post-entry slide-entry-overview slide-loop-1 slide-parity-odd real-thumbnail post-format-standard\"\n   itemscope=\"itemscope\" itemtype=\"https:\/\/schema.org\/CreativeWork\">\n   <a href=\"https:\/\/www.mates.it\/de\/markte\/windkraft-erneuerbare-energien\/\" title=\"https:\/\/www.mates.it\/de\/markte\/windkraft-erneuerbare-energien\/\" class=\"attachment-portfolio wp-post-image\"\n      alt=\"Windkraft \/ Erneuerbare Energien\"><img decoding=\"async\" src=\"https:\/\/www.mates.it\/wp-content\/uploads\/Eolico-Energie-rinnovabili.jpg\" class=\" attachment-portfolio size-portfolio wp-post-image\" alt=\"Windkraft \/ Erneuerbare Energien\" title=\"\"><\/a>\n   <div class=\"slide-content\">\n      <header class=\"entry-content-header\">\n         <h6 class=\"slide-entry-title entry-title\" itemprop=\"headline\"><a\n            href=\"https:\/\/www.mates.it\/de\/markte\/windkraft-erneuerbare-energien\/\"\n            title=\"New electric cars are getting really fast\">Windkraft \/ Erneuerbare Energien<\/a><\/h6>\n         <span class=\"av-vertical-delimiter\"><\/span>\n      <\/header>\n      <div class=\"slide-entry-excerpt entry-content\" itemprop=\"text\">\n\t\t  <p>Einer der am schnellsten wachsenden Sektoren ist derzeit die Windkraft, was zum Teil auf die Intensivierung der Forschung zu neuen Formen erneuerbarer Energien zur\u00fcckzuf\u00fchren ist.<\/p>\n \n\t\t  <a href=\"https:\/\/www.mates.it\/de\/markte\/windkraft-erneuerbare-energien\/\" class=\"avia-button avia-icon_select-yes-left-icon avia-size-small avia-position-left avia-color-theme-color-subtle\">\n\t\t\t  Mehr sehen &raquo;\n\t\t  <\/a> \n      <\/div>\n   <\/div>\n   <footer class=\"entry-footer\"><\/footer>\n<\/article>\n\n<\/div><div class=\"flex-cell cell-1of3 medium-cell-1of2 small-cell-1of1\">\n<article class=\"post-entry slide-entry-overview slide-loop-1 slide-parity-odd real-thumbnail post-format-standard\"\n   itemscope=\"itemscope\" itemtype=\"https:\/\/schema.org\/CreativeWork\">\n   <a href=\"https:\/\/www.mates.it\/de\/markte\/bauwesen-konstruktion\/\" title=\"https:\/\/www.mates.it\/de\/markte\/bauwesen-konstruktion\/\" class=\"attachment-portfolio wp-post-image\"\n      alt=\"Bauwesen \/ Konstruktion\"><img decoding=\"async\" src=\"https:\/\/www.mates.it\/wp-content\/uploads\/2016\/09\/Infrastrutture-Edile.jpg\" class=\" attachment-portfolio size-portfolio wp-post-image\" alt=\"Bauwesen \/ Konstruktion\" title=\"\"><\/a>\n   <div class=\"slide-content\">\n      <header class=\"entry-content-header\">\n         <h6 class=\"slide-entry-title entry-title\" itemprop=\"headline\"><a\n            href=\"https:\/\/www.mates.it\/de\/markte\/bauwesen-konstruktion\/\"\n            title=\"New electric cars are getting really fast\">Bauwesen \/ Konstruktion<\/a><\/h6>\n         <span class=\"av-vertical-delimiter\"><\/span>\n      <\/header>\n      <div class=\"slide-entry-excerpt entry-content\" itemprop=\"text\">\n\t\t  <p>Der Bedarf auf diesem Markt besteht darin, die richtigen Materialien zu finden, die Festigkeit, Leichtigkeit und die richtige Flexibilit\u00e4t bei gleichzeitiger Designfreiheit garantieren.<\/p>\n \n\t\t  <a href=\"https:\/\/www.mates.it\/de\/markte\/bauwesen-konstruktion\/\" class=\"avia-button avia-icon_select-yes-left-icon avia-size-small avia-position-left avia-color-theme-color-subtle\">\n\t\t\t  Mehr sehen &raquo;\n\t\t  <\/a> \n      <\/div>\n   <\/div>\n   <footer class=\"entry-footer\"><\/footer>\n<\/article>\n\n<\/div><div class=\"flex-cell cell-1of3 medium-cell-1of2 small-cell-1of1\">\n<article class=\"post-entry slide-entry-overview slide-loop-1 slide-parity-odd real-thumbnail post-format-standard\"\n   itemscope=\"itemscope\" itemtype=\"https:\/\/schema.org\/CreativeWork\">\n   <a href=\"https:\/\/www.mates.it\/de\/markte\/glas-marmor\/\" title=\"https:\/\/www.mates.it\/de\/markte\/glas-marmor\/\" class=\"attachment-portfolio wp-post-image\"\n      alt=\"Glas \/ Marmor\"><img decoding=\"async\" src=\"https:\/\/www.mates.it\/wp-content\/uploads\/2016\/09\/Vetro-Marmo.jpg\" class=\" attachment-portfolio size-portfolio wp-post-image\" alt=\"Glas \/ Marmor\" title=\"\"><\/a>\n   <div class=\"slide-content\">\n      <header class=\"entry-content-header\">\n         <h6 class=\"slide-entry-title entry-title\" itemprop=\"headline\"><a\n            href=\"https:\/\/www.mates.it\/de\/markte\/glas-marmor\/\"\n            title=\"New electric cars are getting really fast\">Glas \/ Marmor<\/a><\/h6>\n         <span class=\"av-vertical-delimiter\"><\/span>\n      <\/header>\n      <div class=\"slide-entry-excerpt entry-content\" itemprop=\"text\">\n\t\t  <p>Die Glasindustrie ben\u00f6tigt Produkte, mit denen Glas gleicher oder unterschiedlicher Dicke miteinander verbunden werden kann, um seine Struktur zu verbessern.<\/p>\n \n\t\t  <a href=\"https:\/\/www.mates.it\/de\/markte\/glas-marmor\/\" class=\"avia-button avia-icon_select-yes-left-icon avia-size-small avia-position-left avia-color-theme-color-subtle\">\n\t\t\t  Mehr sehen &raquo;\n\t\t  <\/a> \n      <\/div>\n   <\/div>\n   <footer class=\"entry-footer\"><\/footer>\n<\/article>\n\n<\/div><div class=\"flex-cell cell-1of3 medium-cell-1of2 small-cell-1of1\">\n<article class=\"post-entry slide-entry-overview slide-loop-1 slide-parity-odd real-thumbnail post-format-standard\"\n   itemscope=\"itemscope\" itemtype=\"https:\/\/schema.org\/CreativeWork\">\n   <a href=\"https:\/\/www.mates.it\/de\/markte\/sport-freizeit\/\" title=\"https:\/\/www.mates.it\/de\/markte\/sport-freizeit\/\" class=\"attachment-portfolio wp-post-image\"\n      alt=\"Sport \/ Freizeit\"><img decoding=\"async\" src=\"https:\/\/www.mates.it\/wp-content\/uploads\/2016\/09\/Sport-Tempo-libero.jpg\" class=\" attachment-portfolio size-portfolio wp-post-image\" alt=\"Sport \/ Freizeit\" title=\"\"><\/a>\n   <div class=\"slide-content\">\n      <header class=\"entry-content-header\">\n         <h6 class=\"slide-entry-title entry-title\" itemprop=\"headline\"><a\n            href=\"https:\/\/www.mates.it\/de\/markte\/sport-freizeit\/\"\n            title=\"New electric cars are getting really fast\">Sport \/ Freizeit<\/a><\/h6>\n         <span class=\"av-vertical-delimiter\"><\/span>\n      <\/header>\n      <div class=\"slide-entry-excerpt entry-content\" itemprop=\"text\">\n\t\t  <p>Im Sport besteht ein zunehmender Bedarf an Leichtigkeit, Widerstandsf\u00e4higkeit und Flexibilit\u00e4t, Eigenschaften fortschrittlicher Verbundwerkstoffe.<\/p>\n \n\t\t  <a href=\"https:\/\/www.mates.it\/de\/markte\/sport-freizeit\/\" class=\"avia-button avia-icon_select-yes-left-icon avia-size-small avia-position-left avia-color-theme-color-subtle\">\n\t\t\t  Mehr sehen &raquo;\n\t\t  <\/a> \n      <\/div>\n   <\/div>\n   <footer class=\"entry-footer\"><\/footer>\n<\/article>\n\n<\/div><div class=\"flex-cell cell-1of3 medium-cell-1of2 small-cell-1of1\">\n<article class=\"post-entry slide-entry-overview slide-loop-1 slide-parity-odd real-thumbnail post-format-standard\"\n   itemscope=\"itemscope\" itemtype=\"https:\/\/schema.org\/CreativeWork\">\n   <a href=\"https:\/\/www.mates.it\/de\/markte\/werkzeugbau-modellierung\/\" title=\"https:\/\/www.mates.it\/de\/markte\/werkzeugbau-modellierung\/\" class=\"attachment-portfolio wp-post-image\"\n      alt=\"Werkzeugbau \/ Modellierung\"><img decoding=\"async\" src=\"https:\/\/www.mates.it\/wp-content\/uploads\/2016\/09\/Tooling-Modelling.jpg\" class=\" attachment-portfolio size-portfolio wp-post-image\" alt=\"Werkzeugbau \/ Modellierung\" title=\"\"><\/a>\n   <div class=\"slide-content\">\n      <header class=\"entry-content-header\">\n         <h6 class=\"slide-entry-title entry-title\" itemprop=\"headline\"><a\n            href=\"https:\/\/www.mates.it\/de\/markte\/werkzeugbau-modellierung\/\"\n            title=\"New electric cars are getting really fast\">Werkzeugbau \/ Modellierung<\/a><\/h6>\n         <span class=\"av-vertical-delimiter\"><\/span>\n      <\/header>\n      <div class=\"slide-entry-excerpt entry-content\" itemprop=\"text\">\n\t\t  <p>Der Werkzeug- und Modellbau ist ein Sektor, der sich mit der Herstellung von Formen und Modellen f\u00fcr Produktionsprozesse fortschrittlicher Verbundwerkstoffe besch\u00e4ftigt.<\/p>\n \n\t\t  <a href=\"https:\/\/www.mates.it\/de\/markte\/werkzeugbau-modellierung\/\" class=\"avia-button avia-icon_select-yes-left-icon avia-size-small avia-position-left avia-color-theme-color-subtle\">\n\t\t\t  Mehr sehen &raquo;\n\t\t  <\/a> \n      <\/div>\n   <\/div>\n   <footer class=\"entry-footer\"><\/footer>\n<\/article>\n\n<\/div><\/div\">\n<\/div><\/section>\n","protected":false},"excerpt":{"rendered":"<p>Mates hat sich auf die Entwicklung, die Produktion und die Anwendung der modernsten Materialien und Technologien f\u00fcr die Herstellung von fortschrittlichen Verbundwerkstoffen spezialisiert.<\/p>\n","protected":false},"author":1,"featured_media":7642,"parent":0,"menu_order":3,"comment_status":"closed","ping_status":"closed","template":"","meta":{"footnotes":""},"class_list":["post-8868","page","type-page","status-publish","has-post-thumbnail","hentry"],"_links":{"self":[{"href":"https:\/\/www.mates.it\/de\/wp-json\/wp\/v2\/pages\/8868","targetHints":{"allow":["GET"]}}],"collection":[{"href":"https:\/\/www.mates.it\/de\/wp-json\/wp\/v2\/pages"}],"about":[{"href":"https:\/\/www.mates.it\/de\/wp-json\/wp\/v2\/types\/page"}],"author":[{"embeddable":true,"href":"https:\/\/www.mates.it\/de\/wp-json\/wp\/v2\/users\/1"}],"replies":[{"embeddable":true,"href":"https:\/\/www.mates.it\/de\/wp-json\/wp\/v2\/comments?post=8868"}],"version-history":[{"count":0,"href":"https:\/\/www.mates.it\/de\/wp-json\/wp\/v2\/pages\/8868\/revisions"}],"wp:featuredmedia":[{"embeddable":true,"href":"https:\/\/www.mates.it\/de\/wp-json\/wp\/v2\/media\/7642"}],"wp:attachment":[{"href":"https:\/\/www.mates.it\/de\/wp-json\/wp\/v2\/media?parent=8868"}],"curies":[{"name":"wp","href":"https:\/\/api.w.org\/{rel}","templated":true}]}}