{"id":8870,"date":"2015-09-16T12:50:52","date_gmt":"2015-09-16T10:50:52","guid":{"rendered":"https:\/\/www.mates.it\/prozesse\/"},"modified":"2023-10-14T14:51:34","modified_gmt":"2023-10-14T12:51:34","slug":"prozesse","status":"publish","type":"page","link":"https:\/\/www.mates.it\/de\/prozesse\/","title":{"rendered":"PROZESSE"},"content":{"rendered":"<\/p>\n\n<style type=\"text\/css\" data-created_by=\"avia_inline_auto\" id=\"style-css-av-lka5xnht-be23856e97edb2382df37ff05ce7436b\">\n#top .av-special-heading.av-lka5xnht-be23856e97edb2382df37ff05ce7436b{\npadding-bottom:10px;\n}\nbody .av-special-heading.av-lka5xnht-be23856e97edb2382df37ff05ce7436b .av-special-heading-tag .heading-char{\nfont-size:25px;\n}\n.av-special-heading.av-lka5xnht-be23856e97edb2382df37ff05ce7436b .av-subheading{\nfont-size:15px;\n}\n<\/style>\n<div  class='av-special-heading av-lka5xnht-be23856e97edb2382df37ff05ce7436b av-special-heading-h1  avia-builder-el-0  el_before_av_textblock  avia-builder-el-first  custom-h1-title'><h1 class='av-special-heading-tag '  >Prozesse<\/h1><div class=\"special-heading-border\"><div class=\"special-heading-inner-border\"><\/div><\/div><\/div>\n<section  class='av_textblock_section av-lka5xgev-6d5c10efe8a4ff1fac9531da0695522c '  ><div class='avia_textblock' ><p>F\u00fcr die Herstellung von Verbundwerkstoffteilen k\u00f6nnen zahlreiche Produktionsprozesse angewandt werden: Es ist m\u00f6glich, Teile mit sehr hohen physikalisch-mechanischen Eigenschaften und einem hohen volumetrischen Anteil an Fasern zu erhalten, ebenso wie Teile mit geringeren Eigenschaften, aber deutlich geringeren Produktionskosten.<\/p>\n<p>Die Technologien zur Herstellung von Verbundwerkstoffbauteilen variieren je nach Form, Abmessungen und geforderten Eigenschaften des fertigen Bauteils. Je nachdem, welche Eigenschaften ein Verbundstoffteil haben soll, ob es reproduzierbar sein muss oder nicht oder ob eine kontinuierliche Produktion erforderlich ist, lassen sich die Technologien in solche mit geschlossenen oder offenen Formen unterscheiden. Sie k\u00f6nnen auch in kontinuierlich oder diskontinuierlich, manuell oder automatisiert unterschieden werden. Mates war schon immer in der Lage, seinen Kunden bei der Entwicklung und Umsetzung solcher Produktionsprozesse zu helfen und sicherzustellen, dass der Prozess rationalisiert und zweckm\u00e4\u00dfig ist.<\/p>\n<\/div><\/section>\n<div  class='hr av-av_hr-91d7ccd583a503147498e120fee2ff9b hr-default  avia-builder-el-2  el_after_av_textblock  el_before_av_textblock '><span class='hr-inner '><span class=\"hr-inner-style\"><\/span><\/span><\/div>\n<section  class='av_textblock_section av-av_textblock-7a1af7d8f9790576b1769c0a9f0449ed '  ><div class='avia_textblock' ><div class=\"flex-container container-align-start\"><div class=\"flex-cell cell-1of3 medium-cell-1of2 small-cell-1of1\">\n<article class=\"post-entry slide-entry-overview slide-loop-1 slide-parity-odd real-thumbnail post-format-standard\"\n   itemscope=\"itemscope\" itemtype=\"https:\/\/schema.org\/CreativeWork\">\n   <a href=\"https:\/\/www.mates.it\/de\/prozesse\/handlaminieren\/\" title=\"https:\/\/www.mates.it\/de\/prozesse\/handlaminieren\/\" class=\"attachment-portfolio wp-post-image\"\n      alt=\"Handlaminieren\"><img decoding=\"async\" src=\"https:\/\/www.mates.it\/wp-content\/uploads\/2016\/09\/Lay-up-manuale.jpg\" class=\" attachment-portfolio size-portfolio wp-post-image\" alt=\"Handlaminieren\" title=\"\"><\/a>\n   <div class=\"slide-content\">\n      <header class=\"entry-content-header\">\n         <h6 class=\"slide-entry-title entry-title\" itemprop=\"headline\"><a\n            href=\"https:\/\/www.mates.it\/de\/prozesse\/handlaminieren\/\"\n            title=\"New electric cars are getting really fast\">Handlaminieren<\/a><\/h6>\n         <span class=\"av-vertical-delimiter\"><\/span>\n      <\/header>\n      <div class=\"slide-entry-excerpt entry-content\" itemprop=\"text\">\n\t\t  <p>Das Handlaminieren ist die einfachste Formtechnik bei der Herstellung von Verbundwerkstoffartikeln und besteht aus dem Auftragen von Harz- und Gewebeschichten.<\/p>\n \n\t\t  <a href=\"https:\/\/www.mates.it\/de\/prozesse\/handlaminieren\/\" class=\"avia-button avia-icon_select-yes-left-icon avia-size-small avia-position-left avia-color-theme-color-subtle\">\n\t\t\t  Mehr sehen &raquo;\n\t\t  <\/a> \n      <\/div>\n   <\/div>\n   <footer class=\"entry-footer\"><\/footer>\n<\/article>\n\n<\/div><div class=\"flex-cell cell-1of3 medium-cell-1of2 small-cell-1of1\">\n<article class=\"post-entry slide-entry-overview slide-loop-1 slide-parity-odd real-thumbnail post-format-standard\"\n   itemscope=\"itemscope\" itemtype=\"https:\/\/schema.org\/CreativeWork\">\n   <a href=\"https:\/\/www.mates.it\/de\/prozesse\/vakuumtechnik-2\/\" title=\"https:\/\/www.mates.it\/de\/prozesse\/vakuumtechnik-2\/\" class=\"attachment-portfolio wp-post-image\"\n      alt=\"Vakuumtechnik\"><img decoding=\"async\" src=\"https:\/\/www.mates.it\/wp-content\/uploads\/2016\/09\/Tecnica-del-vuoto.jpg\" class=\" attachment-portfolio size-portfolio wp-post-image\" alt=\"Vakuumtechnik\" title=\"\"><\/a>\n   <div class=\"slide-content\">\n      <header class=\"entry-content-header\">\n         <h6 class=\"slide-entry-title entry-title\" itemprop=\"headline\"><a\n            href=\"https:\/\/www.mates.it\/de\/prozesse\/vakuumtechnik-2\/\"\n            title=\"New electric cars are getting really fast\">Vakuumtechnik<\/a><\/h6>\n         <span class=\"av-vertical-delimiter\"><\/span>\n      <\/header>\n      <div class=\"slide-entry-excerpt entry-content\" itemprop=\"text\">\n\t\t  <p>Das Vakuumieren der Teile erfordert die Verwendung von Beuteln, Folien oder Membranen, die an eine Vakuumpumpe angeschlossen sind, die die untere Schicht durch Vakuum verdichtet.<\/p>\n \n\t\t  <a href=\"https:\/\/www.mates.it\/de\/prozesse\/vakuumtechnik-2\/\" class=\"avia-button avia-icon_select-yes-left-icon avia-size-small avia-position-left avia-color-theme-color-subtle\">\n\t\t\t  Mehr sehen &raquo;\n\t\t  <\/a> \n      <\/div>\n   <\/div>\n   <footer class=\"entry-footer\"><\/footer>\n<\/article>\n\n<\/div><div class=\"flex-cell cell-1of3 medium-cell-1of2 small-cell-1of1\">\n<article class=\"post-entry slide-entry-overview slide-loop-1 slide-parity-odd real-thumbnail post-format-standard\"\n   itemscope=\"itemscope\" itemtype=\"https:\/\/schema.org\/CreativeWork\">\n   <a href=\"https:\/\/www.mates.it\/de\/prozesse\/vakuuminfusion-rfi\/\" title=\"https:\/\/www.mates.it\/de\/prozesse\/vakuuminfusion-rfi\/\" class=\"attachment-portfolio wp-post-image\"\n      alt=\"Vakuuminfusion \/ RFI\"><img decoding=\"async\" src=\"https:\/\/www.mates.it\/wp-content\/uploads\/2016\/09\/Infusione-classica-I-RFI.jpg\" class=\" attachment-portfolio size-portfolio wp-post-image\" alt=\"Vakuuminfusion \/ RFI\" title=\"\"><\/a>\n   <div class=\"slide-content\">\n      <header class=\"entry-content-header\">\n         <h6 class=\"slide-entry-title entry-title\" itemprop=\"headline\"><a\n            href=\"https:\/\/www.mates.it\/de\/prozesse\/vakuuminfusion-rfi\/\"\n            title=\"New electric cars are getting really fast\">Vakuuminfusion \/ RFI<\/a><\/h6>\n         <span class=\"av-vertical-delimiter\"><\/span>\n      <\/header>\n      <div class=\"slide-entry-excerpt entry-content\" itemprop=\"text\">\n\t\t  <p>Das Vakuuminfusionsverfahren (VIP) ist ein Produktionsverfahren, das zunehmend eingesetzt wird, um die \u00e4sthetische Qualit\u00e4t von Verbundstoffteilen zu verbessern und die Arbeitskosten zu senken.<\/p>\n \n\t\t  <a href=\"https:\/\/www.mates.it\/de\/prozesse\/vakuuminfusion-rfi\/\" class=\"avia-button avia-icon_select-yes-left-icon avia-size-small avia-position-left avia-color-theme-color-subtle\">\n\t\t\t  Mehr sehen &raquo;\n\t\t  <\/a> \n      <\/div>\n   <\/div>\n   <footer class=\"entry-footer\"><\/footer>\n<\/article>\n\n<\/div><div class=\"flex-cell cell-1of3 medium-cell-1of2 small-cell-1of1\">\n<article class=\"post-entry slide-entry-overview slide-loop-1 slide-parity-odd real-thumbnail post-format-standard\"\n   itemscope=\"itemscope\" itemtype=\"https:\/\/schema.org\/CreativeWork\">\n   <a href=\"https:\/\/www.mates.it\/de\/prozesse\/harz-injektion-rtm\/\" title=\"https:\/\/www.mates.it\/de\/prozesse\/harz-injektion-rtm\/\" class=\"attachment-portfolio wp-post-image\"\n      alt=\"Harz Injektion \/ RTM\"><img decoding=\"async\" src=\"https:\/\/www.mates.it\/wp-content\/uploads\/2016\/09\/RTM-I-RTM-Light.jpg\" class=\" attachment-portfolio size-portfolio wp-post-image\" alt=\"Harz Injektion \/ RTM\" title=\"\"><\/a>\n   <div class=\"slide-content\">\n      <header class=\"entry-content-header\">\n         <h6 class=\"slide-entry-title entry-title\" itemprop=\"headline\"><a\n            href=\"https:\/\/www.mates.it\/de\/prozesse\/harz-injektion-rtm\/\"\n            title=\"New electric cars are getting really fast\">Harz Injektion \/ RTM<\/a><\/h6>\n         <span class=\"av-vertical-delimiter\"><\/span>\n      <\/header>\n      <div class=\"slide-entry-excerpt entry-content\" itemprop=\"text\">\n\t\t  <p>Das RTM-Verfahren erm\u00f6glicht die Herstellung fortschrittlicher Verbundwerkstoffkomponenten mit konstanter Dicke, guten mechanischen Eigenschaften und verk\u00fcrzter Produktionszeit.<\/p>\n \n\t\t  <a href=\"https:\/\/www.mates.it\/de\/prozesse\/harz-injektion-rtm\/\" class=\"avia-button avia-icon_select-yes-left-icon avia-size-small avia-position-left avia-color-theme-color-subtle\">\n\t\t\t  Mehr sehen &raquo;\n\t\t  <\/a> \n      <\/div>\n   <\/div>\n   <footer class=\"entry-footer\"><\/footer>\n<\/article>\n\n<\/div><div class=\"flex-cell cell-1of3 medium-cell-1of2 small-cell-1of1\">\n<article class=\"post-entry slide-entry-overview slide-loop-1 slide-parity-odd real-thumbnail post-format-standard\"\n   itemscope=\"itemscope\" itemtype=\"https:\/\/schema.org\/CreativeWork\">\n   <a href=\"https:\/\/www.mates.it\/de\/prozesse\/formpressen\/\" title=\"https:\/\/www.mates.it\/de\/prozesse\/formpressen\/\" class=\"attachment-portfolio wp-post-image\"\n      alt=\"Formpressen\"><img decoding=\"async\" src=\"https:\/\/www.mates.it\/wp-content\/uploads\/2016\/09\/Compression-Molding.jpg\" class=\" attachment-portfolio size-portfolio wp-post-image\" alt=\"Formpressen\" title=\"\"><\/a>\n   <div class=\"slide-content\">\n      <header class=\"entry-content-header\">\n         <h6 class=\"slide-entry-title entry-title\" itemprop=\"headline\"><a\n            href=\"https:\/\/www.mates.it\/de\/prozesse\/formpressen\/\"\n            title=\"New electric cars are getting really fast\">Formpressen<\/a><\/h6>\n         <span class=\"av-vertical-delimiter\"><\/span>\n      <\/header>\n      <div class=\"slide-entry-excerpt entry-content\" itemprop=\"text\">\n\t\t  <p>Beim Formpressen wird die von einer industriellen Presse ausge\u00fcbte mechanische Kraft zur Herstellung von Verbundwerkstoffteilen genutzt.<\/p>\n \n\t\t  <a href=\"https:\/\/www.mates.it\/de\/prozesse\/formpressen\/\" class=\"avia-button avia-icon_select-yes-left-icon avia-size-small avia-position-left avia-color-theme-color-subtle\">\n\t\t\t  Mehr sehen &raquo;\n\t\t  <\/a> \n      <\/div>\n   <\/div>\n   <footer class=\"entry-footer\"><\/footer>\n<\/article>\n\n<\/div><div class=\"flex-cell cell-1of3 medium-cell-1of2 small-cell-1of1\">\n<article class=\"post-entry slide-entry-overview slide-loop-1 slide-parity-odd real-thumbnail post-format-standard\"\n   itemscope=\"itemscope\" itemtype=\"https:\/\/schema.org\/CreativeWork\">\n   <a href=\"https:\/\/www.mates.it\/de\/prozesse\/autoklav\/\" title=\"https:\/\/www.mates.it\/de\/prozesse\/autoklav\/\" class=\"attachment-portfolio wp-post-image\"\n      alt=\"Autoklav\"><img decoding=\"async\" src=\"https:\/\/www.mates.it\/wp-content\/uploads\/2016\/09\/Prepreg-in-out-autoclave.jpg\" class=\" attachment-portfolio size-portfolio wp-post-image\" alt=\"Autoklav\" title=\"\"><\/a>\n   <div class=\"slide-content\">\n      <header class=\"entry-content-header\">\n         <h6 class=\"slide-entry-title entry-title\" itemprop=\"headline\"><a\n            href=\"https:\/\/www.mates.it\/de\/prozesse\/autoklav\/\"\n            title=\"New electric cars are getting really fast\">Autoklav<\/a><\/h6>\n         <span class=\"av-vertical-delimiter\"><\/span>\n      <\/header>\n      <div class=\"slide-entry-excerpt entry-content\" itemprop=\"text\">\n\t\t  <p>Die Autoklav-Verarbeitungsmethode beinhaltet die Verwendung von Prepregs und garantiert h\u00f6chste Pr\u00e4zision und Wiederholbarkeit des Prozesses sowie eine gr\u00f6\u00dfere strukturelle Homogenit\u00e4t des Verbundstoffs.<\/p>\n \n\t\t  <a href=\"https:\/\/www.mates.it\/de\/prozesse\/autoklav\/\" class=\"avia-button avia-icon_select-yes-left-icon avia-size-small avia-position-left avia-color-theme-color-subtle\">\n\t\t\t  Mehr sehen &raquo;\n\t\t  <\/a> \n      <\/div>\n   <\/div>\n   <footer class=\"entry-footer\"><\/footer>\n<\/article>\n\n<\/div><div class=\"flex-cell cell-1of3 medium-cell-1of2 small-cell-1of1\">\n<article class=\"post-entry slide-entry-overview slide-loop-1 slide-parity-odd real-thumbnail post-format-standard\"\n   itemscope=\"itemscope\" itemtype=\"https:\/\/schema.org\/CreativeWork\">\n   <a href=\"https:\/\/www.mates.it\/de\/prozesse\/strangziehen\/\" title=\"https:\/\/www.mates.it\/de\/prozesse\/strangziehen\/\" class=\"attachment-portfolio wp-post-image\"\n      alt=\"Strangziehen\"><img decoding=\"async\" src=\"https:\/\/www.mates.it\/wp-content\/uploads\/2016\/09\/Pultrusione.jpg\" class=\" attachment-portfolio size-portfolio wp-post-image\" alt=\"Strangziehen\" title=\"\"><\/a>\n   <div class=\"slide-content\">\n      <header class=\"entry-content-header\">\n         <h6 class=\"slide-entry-title entry-title\" itemprop=\"headline\"><a\n            href=\"https:\/\/www.mates.it\/de\/prozesse\/strangziehen\/\"\n            title=\"New electric cars are getting really fast\">Strangziehen<\/a><\/h6>\n         <span class=\"av-vertical-delimiter\"><\/span>\n      <\/header>\n      <div class=\"slide-entry-excerpt entry-content\" itemprop=\"text\">\n\t\t  <p>Die Strangziehen ist ein beliebtes Verfahren f\u00fcr die Herstellung von Verbundwerkstoffen, da der gesamte Produktionsprozess kosteng\u00fcnstig ist und die Reproduzierbarkeit des Teils gew\u00e4hrleistet ist.<\/p>\n \n\t\t  <a href=\"https:\/\/www.mates.it\/de\/prozesse\/strangziehen\/\" class=\"avia-button avia-icon_select-yes-left-icon avia-size-small avia-position-left avia-color-theme-color-subtle\">\n\t\t\t  Mehr sehen &raquo;\n\t\t  <\/a> \n      <\/div>\n   <\/div>\n   <footer class=\"entry-footer\"><\/footer>\n<\/article>\n\n<\/div><div class=\"flex-cell cell-1of3 medium-cell-1of2 small-cell-1of1\">\n<article class=\"post-entry slide-entry-overview slide-loop-1 slide-parity-odd real-thumbnail post-format-standard\"\n   itemscope=\"itemscope\" itemtype=\"https:\/\/schema.org\/CreativeWork\">\n   <a href=\"https:\/\/www.mates.it\/de\/prozesse\/faserspritzen\/\" title=\"https:\/\/www.mates.it\/de\/prozesse\/faserspritzen\/\" class=\"attachment-portfolio wp-post-image\"\n      alt=\"Faserspritzen\"><img decoding=\"async\" src=\"https:\/\/www.mates.it\/wp-content\/uploads\/2016\/09\/Spray-up.jpg\" class=\" attachment-portfolio size-portfolio wp-post-image\" alt=\"Faserspritzen\" title=\"\"><\/a>\n   <div class=\"slide-content\">\n      <header class=\"entry-content-header\">\n         <h6 class=\"slide-entry-title entry-title\" itemprop=\"headline\"><a\n            href=\"https:\/\/www.mates.it\/de\/prozesse\/faserspritzen\/\"\n            title=\"New electric cars are getting really fast\">Faserspritzen<\/a><\/h6>\n         <span class=\"av-vertical-delimiter\"><\/span>\n      <\/header>\n      <div class=\"slide-entry-excerpt entry-content\" itemprop=\"text\">\n\t\t  <p>Das Produktionsverfahren im Spray-up-Verfahren ist eines der schnellsten und kosteng\u00fcnstigsten im Verbundwerkstoffbereich zur Herstellung gro\u00dfformatiger Bauteile.<\/p>\n \n\t\t  <a href=\"https:\/\/www.mates.it\/de\/prozesse\/faserspritzen\/\" class=\"avia-button avia-icon_select-yes-left-icon avia-size-small avia-position-left avia-color-theme-color-subtle\">\n\t\t\t  Mehr sehen &raquo;\n\t\t  <\/a> \n      <\/div>\n   <\/div>\n   <footer class=\"entry-footer\"><\/footer>\n<\/article>\n\n<\/div><div class=\"flex-cell cell-1of3 medium-cell-1of2 small-cell-1of1\">\n<article class=\"post-entry slide-entry-overview slide-loop-1 slide-parity-odd real-thumbnail post-format-standard\"\n   itemscope=\"itemscope\" itemtype=\"https:\/\/schema.org\/CreativeWork\">\n   <a href=\"https:\/\/www.mates.it\/de\/prozesse\/wickeln\/\" title=\"https:\/\/www.mates.it\/de\/prozesse\/wickeln\/\" class=\"attachment-portfolio wp-post-image\"\n      alt=\"Wickeln\"><img decoding=\"async\" src=\"https:\/\/www.mates.it\/wp-content\/uploads\/2016\/09\/Wrapping.jpg\" class=\" attachment-portfolio size-portfolio wp-post-image\" alt=\"Wickeln\" title=\"\"><\/a>\n   <div class=\"slide-content\">\n      <header class=\"entry-content-header\">\n         <h6 class=\"slide-entry-title entry-title\" itemprop=\"headline\"><a\n            href=\"https:\/\/www.mates.it\/de\/prozesse\/wickeln\/\"\n            title=\"New electric cars are getting really fast\">Wickeln<\/a><\/h6>\n         <span class=\"av-vertical-delimiter\"><\/span>\n      <\/header>\n      <div class=\"slide-entry-excerpt entry-content\" itemprop=\"text\">\n\t\t  <p>Die Wickeltechnik erm\u00f6glicht die Herstellung von Bauteilen, indem vorimpr\u00e4gnierte Verst\u00e4rkungen auf einen zylindrischen oder konischen Formdorn geschichtet werden.<\/p>\n \n\t\t  <a href=\"https:\/\/www.mates.it\/de\/prozesse\/wickeln\/\" class=\"avia-button avia-icon_select-yes-left-icon avia-size-small avia-position-left avia-color-theme-color-subtle\">\n\t\t\t  Mehr sehen &raquo;\n\t\t  <\/a> \n      <\/div>\n   <\/div>\n   <footer class=\"entry-footer\"><\/footer>\n<\/article>\n\n<\/div><div class=\"flex-cell cell-1of3 medium-cell-1of2 small-cell-1of1\">\n<article class=\"post-entry slide-entry-overview slide-loop-1 slide-parity-odd real-thumbnail post-format-standard\"\n   itemscope=\"itemscope\" itemtype=\"https:\/\/schema.org\/CreativeWork\">\n   <a href=\"https:\/\/www.mates.it\/de\/prozesse\/wickelverfahren\/\" title=\"https:\/\/www.mates.it\/de\/prozesse\/wickelverfahren\/\" class=\"attachment-portfolio wp-post-image\"\n      alt=\"Wickelverfahren\"><img decoding=\"async\" src=\"https:\/\/www.mates.it\/wp-content\/uploads\/2016\/09\/Filament-winding.jpg\" class=\" attachment-portfolio size-portfolio wp-post-image\" alt=\"Wickelverfahren\" title=\"\"><\/a>\n   <div class=\"slide-content\">\n      <header class=\"entry-content-header\">\n         <h6 class=\"slide-entry-title entry-title\" itemprop=\"headline\"><a\n            href=\"https:\/\/www.mates.it\/de\/prozesse\/wickelverfahren\/\"\n            title=\"New electric cars are getting really fast\">Wickelverfahren<\/a><\/h6>\n         <span class=\"av-vertical-delimiter\"><\/span>\n      <\/header>\n      <div class=\"slide-entry-excerpt entry-content\" itemprop=\"text\">\n\t\t  <p>Das Wickelverfahren erfolgt im Endlosverfahren und wird haupts\u00e4chlich zur Herstellung von hohlen Verbundwerkstoffprodukten mit kreisf\u00f6rmigem Querschnitt verwendet.<\/p>\n \n\t\t  <a href=\"https:\/\/www.mates.it\/de\/prozesse\/wickelverfahren\/\" class=\"avia-button avia-icon_select-yes-left-icon avia-size-small avia-position-left avia-color-theme-color-subtle\">\n\t\t\t  Mehr sehen &raquo;\n\t\t  <\/a> \n      <\/div>\n   <\/div>\n   <footer class=\"entry-footer\"><\/footer>\n<\/article>\n\n<\/div><\/div\">\n<\/div><\/section>\n","protected":false},"excerpt":{"rendered":"<p>Die Produktionsprozesse f\u00fcr Verbundwerkstoffteile variieren je nach Form, Gr\u00f6\u00dfe und geforderten Eigenschaften des fertigen Teils.<\/p>\n","protected":false},"author":1,"featured_media":7838,"parent":0,"menu_order":4,"comment_status":"closed","ping_status":"closed","template":"","meta":{"footnotes":""},"class_list":["post-8870","page","type-page","status-publish","has-post-thumbnail","hentry"],"_links":{"self":[{"href":"https:\/\/www.mates.it\/de\/wp-json\/wp\/v2\/pages\/8870","targetHints":{"allow":["GET"]}}],"collection":[{"href":"https:\/\/www.mates.it\/de\/wp-json\/wp\/v2\/pages"}],"about":[{"href":"https:\/\/www.mates.it\/de\/wp-json\/wp\/v2\/types\/page"}],"author":[{"embeddable":true,"href":"https:\/\/www.mates.it\/de\/wp-json\/wp\/v2\/users\/1"}],"replies":[{"embeddable":true,"href":"https:\/\/www.mates.it\/de\/wp-json\/wp\/v2\/comments?post=8870"}],"version-history":[{"count":0,"href":"https:\/\/www.mates.it\/de\/wp-json\/wp\/v2\/pages\/8870\/revisions"}],"wp:featuredmedia":[{"embeddable":true,"href":"https:\/\/www.mates.it\/de\/wp-json\/wp\/v2\/media\/7838"}],"wp:attachment":[{"href":"https:\/\/www.mates.it\/de\/wp-json\/wp\/v2\/media?parent=8870"}],"curies":[{"name":"wp","href":"https:\/\/api.w.org\/{rel}","templated":true}]}}