{"id":8875,"date":"2015-09-16T10:53:05","date_gmt":"2015-09-16T08:53:05","guid":{"rendered":"https:\/\/www.mates.it\/settori\/automobil\/"},"modified":"2023-10-14T14:52:04","modified_gmt":"2023-10-14T12:52:04","slug":"automobilindustrie","status":"publish","type":"page","link":"https:\/\/www.mates.it\/de\/markte\/automobilindustrie\/","title":{"rendered":"Automobilindustrie"},"content":{"rendered":"<\/p>\n<div  class='flex_column av-av_one_full-7714eba142aeda1f8b5272a3c372b279 av_one_full  avia-builder-el-0  el_before_av_one_full  avia-builder-el-first  first flex_column_div  '     ><p>\n<style type=\"text\/css\" data-created_by=\"avia_inline_auto\" id=\"style-css-av-lk8o925f-a2ef72acb6a3364b53103e9c8a8ae05e\">\n#top .av-special-heading.av-lk8o925f-a2ef72acb6a3364b53103e9c8a8ae05e{\npadding-bottom:10px;\n}\nbody .av-special-heading.av-lk8o925f-a2ef72acb6a3364b53103e9c8a8ae05e .av-special-heading-tag .heading-char{\nfont-size:25px;\n}\n.av-special-heading.av-lk8o925f-a2ef72acb6a3364b53103e9c8a8ae05e .av-subheading{\nfont-size:15px;\n}\n<\/style>\n<div  class='av-special-heading av-lk8o925f-a2ef72acb6a3364b53103e9c8a8ae05e av-special-heading-h1  avia-builder-el-1  el_before_av_textblock  avia-builder-el-first  custom-h1-title'><h1 class='av-special-heading-tag '  >Automobilindustrie<\/h1><div class=\"special-heading-border\"><div class=\"special-heading-inner-border\"><\/div><\/div><\/div><br \/>\n<section  class='av_textblock_section av-lk8o9d25-9113e909f6d27e3d37201bec79da6ba8 '  ><div class='avia_textblock' ><p>Die Automobilindustrie zeichnet sich durch die Nachfrage nach leichten und widerstandsf\u00e4higen Materialien aus, um ein hohes Ma\u00df an Effizienz und Leistung bei Fahrzeugen f\u00fcr den kommerziellen Gebrauch, f\u00fcr den t\u00e4glichen Gebrauch, f\u00fcr Sonderausstattungen und f\u00fcr den Rennsport zu gew\u00e4hrleisten. Die Nachfrage des Automobilmarktes konzentriert sich auf die Gewichtsreduzierung von Fahrzeugen durch den Einsatz modernster, aus der Luftfahrt abgeleiteter Materialien wie Pre-Preg in und out Autoklave oder Klebefolie, die sowohl f\u00fcr die Serienproduktion als auch f\u00fcr Prototypen geeignet sind. Auf diese Weise wird eine betr\u00e4chtliche Reduzierung des Verbrauchs erreicht und gleichzeitig eine gr\u00f6\u00dfere Effizienz bei der Erzeugung der Antriebskraft gew\u00e4hrleistet.<\/p>\n<p>Mates engagiert sich f\u00fcr die Zufriedenheit seiner Kunden mit Roh- und Verbrauchsmaterialien von h\u00f6chster Qualit\u00e4t, die von den besten Herstellern der Welt stammen. Diese Produkte, die f\u00fcr die Herstellung von Kohlefaserkomponenten verwendet werden, machen das Material dank ihrer Dehnbarkeit f\u00fcr die vom K\u00e4ufer gew\u00e4hlte Verwendung geeignet und garantieren die Erhaltung der strukturellen Integrit\u00e4t w\u00e4hrend des gesamten Lebenszyklus des Fahrzeugs.<\/p>\n<\/div><\/section><br \/>\n<div  class='hr av-av_hr-91d7ccd583a503147498e120fee2ff9b hr-default  avia-builder-el-3  el_after_av_textblock  el_before_av_image_hotspot  avia-builder-el-last '><span class='hr-inner '><span class=\"hr-inner-style\"><\/span><\/span><\/div><br \/>\n\n<style type=\"text\/css\" data-created_by=\"avia_inline_auto\" id=\"style-css-sub-av-lk8ol4tm-e3c85743899f71cf87764277a7090987\">\n.av-hotspot-image-container .av-image-hotspot.av-lk8oh6j0-e7eeb33534fb84e685c6fdb28dd6935e{\ntop:75%;\nleft:79.1%;\n}\n.av-hotspot-image-container .av-image-hotspot.av-lk8ohlxm-d4fcff0c32010a4bad9a745fa3245249{\ntop:41.6%;\nleft:43.1%;\n}\n.av-hotspot-image-container .av-image-hotspot.av-lk8oiav7-8ccd1610d47130ac896d723f8542861f{\ntop:80.6%;\nleft:29.4%;\n}\n.av-hotspot-image-container .av-image-hotspot.av-lk8ok0b8-c99d1aba3fcae74b5037888770d8645c{\ntop:47.1%;\nleft:21.4%;\n}\n.av-hotspot-image-container .av-image-hotspot.av-lk8ol3zm-8ca8c886c576f6189d43b6a74eb6926b{\ntop:75.1%;\nleft:55.8%;\n}\n.av-hotspot-image-container .av-image-hotspot.av-lk8ol3zm-c3e1f29c9e3551c3f4920240c08ff461{\ntop:16.7%;\nleft:54.7%;\n}\n<\/style>\n<div  class='av-hotspot-image-container av-lk8ol4tm-e3c85743899f71cf87764277a7090987  avia-builder-el-4  el_after_av_hr  avia-builder-el-last  av-hotspot-numbered av-mobile-fallback-active  av-non-fullwidth-hotspot-image' ><div class='av-hotspot-container'><div class='av-hotspot-container-inner-cell'><div class='av-hotspot-container-inner-wrap'><div class='av-image-hotspot av-lk8oh6j0-e7eeb33534fb84e685c6fdb28dd6935e av-image-hotspot-1 ' data-avia-tooltip-position='left' data-avia-tooltip-alignment='top' data-avia-tooltip-class='av-tt-default-width av-tt-pos-left av-tt-align-top  av-mobile-fallback-active  main_color av-tt-hotspot' data-avia-tooltip='&lt;p&gt;Faserverst\u00e4rkungen&lt;\/p&gt;\n'><a href=https:\/\/www.mates.it\/de\/produkte\/faserverstarkungen\/  target=\"_blank\"  rel=\"noopener noreferrer\" class='av-image-hotspot_inner'>1<\/a><div class='av-image-hotspot-pulse'><\/div><\/div><div class='av-image-hotspot av-lk8ohlxm-d4fcff0c32010a4bad9a745fa3245249 av-image-hotspot-2 ' data-avia-tooltip-position='left' data-avia-tooltip-alignment='top' data-avia-tooltip-class='av-tt-default-width av-tt-pos-left av-tt-align-top  av-mobile-fallback-active  main_color av-tt-hotspot' data-avia-tooltip='&lt;p&gt;Trennmittel&lt;\/p&gt;\n'><a href=https:\/\/www.mates.it\/de\/produkte\/trennmittel\/  target=\"_blank\"  rel=\"noopener noreferrer\" class='av-image-hotspot_inner'>2<\/a><div class='av-image-hotspot-pulse'><\/div><\/div><div class='av-image-hotspot av-lk8oiav7-8ccd1610d47130ac896d723f8542861f av-image-hotspot-3 ' data-avia-tooltip-position='left' data-avia-tooltip-alignment='top' data-avia-tooltip-class='av-tt-default-width av-tt-pos-left av-tt-align-top  av-mobile-fallback-active  main_color av-tt-hotspot' data-avia-tooltip='&lt;p&gt;Sandwichmaterialien&lt;\/p&gt;\n'><a href=https:\/\/www.mates.it\/de\/produkte\/sandwichmaterialien\/  target=\"_blank\"  rel=\"noopener noreferrer\" class='av-image-hotspot_inner'>3<\/a><div class='av-image-hotspot-pulse'><\/div><\/div><div class='av-image-hotspot av-lk8ok0b8-c99d1aba3fcae74b5037888770d8645c av-image-hotspot-4 ' data-avia-tooltip-position='left' data-avia-tooltip-alignment='top' data-avia-tooltip-class='av-tt-default-width av-tt-pos-left av-tt-align-top  av-mobile-fallback-active  main_color av-tt-hotspot' data-avia-tooltip='&lt;p&gt;Klebstoffe&lt;\/p&gt;\n'><a href=https:\/\/www.mates.it\/de\/produkte\/harze-klebstoffe-chemikalien\/klebstoffe\/  target=\"_blank\"  rel=\"noopener noreferrer\" class='av-image-hotspot_inner'>4<\/a><div class='av-image-hotspot-pulse'><\/div><\/div><div class='av-image-hotspot av-lk8ol3zm-8ca8c886c576f6189d43b6a74eb6926b av-image-hotspot-5 ' data-avia-tooltip-position='left' data-avia-tooltip-alignment='top' data-avia-tooltip-class='av-tt-default-width av-tt-pos-left av-tt-align-top  av-mobile-fallback-active  main_color av-tt-hotspot' data-avia-tooltip='&lt;p&gt;Vakuumbeutel&lt;\/p&gt;\n'><a href=https:\/\/www.mates.it\/de\/produkte\/vakuumtechnik\/vakuumbeutel\/  target=\"_blank\"  rel=\"noopener noreferrer\" class='av-image-hotspot_inner'>5<\/a><div class='av-image-hotspot-pulse'><\/div><\/div><div class='av-image-hotspot av-lk8ol3zm-c3e1f29c9e3551c3f4920240c08ff461 av-image-hotspot-6 ' data-avia-tooltip-position='left' data-avia-tooltip-alignment='top' data-avia-tooltip-class='av-tt-default-width av-tt-pos-left av-tt-align-top  av-mobile-fallback-active  main_color av-tt-hotspot' data-avia-tooltip='&lt;p&gt;Befestigungselemente&lt;\/p&gt;\n'><a href=https:\/\/www.mates.it\/de\/produkte\/befestigungselemente\/  target=\"_blank\"  rel=\"noopener noreferrer\" class='av-image-hotspot_inner'>6<\/a><div class='av-image-hotspot-pulse'><\/div><\/div><img decoding=\"async\" fetchpriority=\"high\" class=\"wp-image-7366 avia-img-lazy-loading-not-7366 avia_image\" src=\"https:\/\/www.mates.it\/wp-content\/uploads\/2016\/09\/Automotive.jpg\" alt=\"\" title=\"automotive\" height=\"190\" width=\"1000\" srcset=\"https:\/\/www.mates.it\/wp-content\/uploads\/2016\/09\/Automotive.jpg 1000w, https:\/\/www.mates.it\/wp-content\/uploads\/2016\/09\/Automotive-300x57.jpg 300w, https:\/\/www.mates.it\/wp-content\/uploads\/2016\/09\/Automotive-768x146.jpg 768w\" sizes=\"(max-width: 1000px) 100vw, 1000px\"><\/div><\/div><\/div><div class='av-hotspot-fallback-tooltip av-image-hotspot-1 '><div class=\"av-hotspot-fallback-tooltip-count\">1<div class=\"avia-arrow\"><\/div><\/div><div class=\"av-hotspot-fallback-tooltip-inner clearfix\"><p>\nFaserverst\u00e4rkungen<\/p>\n<\/div><\/div><div class='av-hotspot-fallback-tooltip av-image-hotspot-2 '><div class=\"av-hotspot-fallback-tooltip-count\">2<div class=\"avia-arrow\"><\/div><\/div><div class=\"av-hotspot-fallback-tooltip-inner clearfix\"><p>\nTrennmittel<\/p>\n<\/div><\/div><div class='av-hotspot-fallback-tooltip av-image-hotspot-3 '><div class=\"av-hotspot-fallback-tooltip-count\">3<div class=\"avia-arrow\"><\/div><\/div><div class=\"av-hotspot-fallback-tooltip-inner clearfix\"><p>\nSandwichmaterialien<\/p>\n<\/div><\/div><div class='av-hotspot-fallback-tooltip av-image-hotspot-4 '><div class=\"av-hotspot-fallback-tooltip-count\">4<div class=\"avia-arrow\"><\/div><\/div><div class=\"av-hotspot-fallback-tooltip-inner clearfix\"><p>\nKlebstoffe<\/p>\n<\/div><\/div><div class='av-hotspot-fallback-tooltip av-image-hotspot-5 '><div class=\"av-hotspot-fallback-tooltip-count\">5<div class=\"avia-arrow\"><\/div><\/div><div class=\"av-hotspot-fallback-tooltip-inner clearfix\"><p>\nVakuumbeutel<\/p>\n<\/div><\/div><div class='av-hotspot-fallback-tooltip av-image-hotspot-6 '><div class=\"av-hotspot-fallback-tooltip-count\">6<div class=\"avia-arrow\"><\/div><\/div><div class=\"av-hotspot-fallback-tooltip-inner clearfix\"><p>\nBefestigungselemente<\/p>\n<\/div><\/div><\/div><\/p><\/div>\n<div  class='flex_column av-av_one_full-7714eba142aeda1f8b5272a3c372b279 av_one_full  avia-builder-el-5  el_after_av_one_full  el_before_av_hr  first flex_column_div  column-top-margin'     ><div  class='av_promobox av-lk904ese-f745cd6c0b22ed2ab953f7d551e6f8ce avia-button-yes  avia-builder-el-6  avia-builder-el-no-sibling '><div class='avia-promocontent'><p>\nKlicken Sie auf die Nummern in der Abbildung und vergleichen Sie die f\u00fcr Ihren Bereich am besten geeigneten Produkte oder klicken Sie auf die Schaltfl\u00e4che in dieser<\/p>\n<\/div><div  class='avia-button-wrap av-lk904ese-20ccccca349ba76202563b83ebda3ae9-wrap avia-button-right '><a href='https:\/\/www.mates.it\/de\/produkte\/'  class='avia-button av-lk904ese-20ccccca349ba76202563b83ebda3ae9 av-link-btn avia-icon_select-yes-left-icon avia-size-medium avia-position-right avia-color-theme-color'  target=\"_blank\"  rel=\"noopener noreferrer\"  aria-label=\"      Produkte\"><span class='avia_button_icon avia_button_icon_left avia-iconfont avia-font-entypo-fontello' data-av_icon='\ue85c' data-av_iconfont='entypo-fontello' ><\/span><span class='avia_iconbox_title' >      Produkte<\/span><\/a><\/div><\/div><\/div><div  class='hr av-av_hr-91d7ccd583a503147498e120fee2ff9b hr-default  avia-builder-el-7  el_after_av_one_full  avia-builder-el-last '><span class='hr-inner '><span class=\"hr-inner-style\"><\/span><\/span><\/div><\/p>\n","protected":false},"excerpt":{"rendered":"<p>Die Automobilindustrie ist durch die Nachfrage nach leichten und starken Werkstoffen gekennzeichnet, um ein hohes Ma\u00df an Effizienz und Leistung w\u00e4hrend des gesamten Produktlebenszyklus zu gew\u00e4hrleisten.<\/p>\n","protected":false},"author":1,"featured_media":7366,"parent":8868,"menu_order":1,"comment_status":"closed","ping_status":"closed","template":"","meta":{"footnotes":""},"class_list":["post-8875","page","type-page","status-publish","has-post-thumbnail","hentry"],"_links":{"self":[{"href":"https:\/\/www.mates.it\/de\/wp-json\/wp\/v2\/pages\/8875","targetHints":{"allow":["GET"]}}],"collection":[{"href":"https:\/\/www.mates.it\/de\/wp-json\/wp\/v2\/pages"}],"about":[{"href":"https:\/\/www.mates.it\/de\/wp-json\/wp\/v2\/types\/page"}],"author":[{"embeddable":true,"href":"https:\/\/www.mates.it\/de\/wp-json\/wp\/v2\/users\/1"}],"replies":[{"embeddable":true,"href":"https:\/\/www.mates.it\/de\/wp-json\/wp\/v2\/comments?post=8875"}],"version-history":[{"count":0,"href":"https:\/\/www.mates.it\/de\/wp-json\/wp\/v2\/pages\/8875\/revisions"}],"up":[{"embeddable":true,"href":"https:\/\/www.mates.it\/de\/wp-json\/wp\/v2\/pages\/8868"}],"wp:featuredmedia":[{"embeddable":true,"href":"https:\/\/www.mates.it\/de\/wp-json\/wp\/v2\/media\/7366"}],"wp:attachment":[{"href":"https:\/\/www.mates.it\/de\/wp-json\/wp\/v2\/media?parent=8875"}],"curies":[{"name":"wp","href":"https:\/\/api.w.org\/{rel}","templated":true}]}}