{"id":8877,"date":"2015-09-16T10:54:04","date_gmt":"2015-09-16T08:54:04","guid":{"rendered":"https:\/\/www.mates.it\/settori\/glas-marmor\/"},"modified":"2023-07-19T04:02:34","modified_gmt":"2023-07-19T02:02:34","slug":"glas-marmor","status":"publish","type":"page","link":"https:\/\/www.mates.it\/de\/markte\/glas-marmor\/","title":{"rendered":"Glas \/ Marmor"},"content":{"rendered":"<div  class='flex_column av-av_one_full-7714eba142aeda1f8b5272a3c372b279 av_one_full  avia-builder-el-0  el_before_av_one_full  avia-builder-el-first  first flex_column_div  '     ><p>\n<style type=\"text\/css\" data-created_by=\"avia_inline_auto\" id=\"style-css-av-lk8zzj4g-f163a2966ebef62159c0444346f8fcf2\">\n#top .av-special-heading.av-lk8zzj4g-f163a2966ebef62159c0444346f8fcf2{\npadding-bottom:10px;\n}\nbody .av-special-heading.av-lk8zzj4g-f163a2966ebef62159c0444346f8fcf2 .av-special-heading-tag .heading-char{\nfont-size:25px;\n}\n.av-special-heading.av-lk8zzj4g-f163a2966ebef62159c0444346f8fcf2 .av-subheading{\nfont-size:15px;\n}\n<\/style>\n<div  class='av-special-heading av-lk8zzj4g-f163a2966ebef62159c0444346f8fcf2 av-special-heading-h1  avia-builder-el-1  el_before_av_textblock  avia-builder-el-first  custom-h1-title'><h1 class='av-special-heading-tag '  >Glas \/ Marmor<\/h1><div class=\"special-heading-border\"><div class=\"special-heading-inner-border\"><\/div><\/div><\/div><br \/>\n<section  class='av_textblock_section av-lk9006kv-bbcc27cba0ba1e906ecd54a3ddf01ac4 '  ><div class='avia_textblock' ><p><span class=\"HwtZe\" lang=\"de\"><span class=\"jCAhz ChMk0b\"><span class=\"ryNqvb\">Zum Sektor der Glasindustrie geh\u00f6ren vor allem Unternehmen, die auf die Herstellung von Verbundglas und dessen Verwendung im industriellen Kontext spezialisiert sind.<\/span><\/span> <span class=\"jCAhz ChMk0b\"><span class=\"ryNqvb\">Der gr\u00f6\u00dfte Teil der Nachfrage in diesem Bereich betrifft Produkte, die f\u00fcr den Verbindungsprozess von Gl\u00e4sern gleicher oder unterschiedlicher Dicke geeignet sind, um dickere Gl\u00e4ser als die vorherigen f\u00fcr die unterschiedlichsten Verwendungszwecke herzustellen.<\/span><\/span> <span class=\"jCAhz ChMk0b\"><span class=\"ryNqvb\">Mates ist in der Lage, spezielle Epoxidharze zu liefern, die f\u00fcr die industrielle Produktion von Glasmehrschichtsystemen geeignet sind, sowie Artikel, die f\u00fcr deren Herstellung und Verarbeitung n\u00fctzlich sind, wie z. B. Vakuumbeutel.<\/span><\/span> <span class=\"jCAhz ChMk0b\"><span class=\"ryNqvb\">Dank ihrer Elastizit\u00e4t passen sie sich beim Vakuumieren an jede Oberfl\u00e4che an.<\/span><\/span> <\/span><\/p>\n<p><span class=\"HwtZe\" lang=\"de\"><span class=\"jCAhz ChMk0b\"><span class=\"ryNqvb\">Ein weiterer Industriezweig, der von der Verwendung von Verbundwerkstoffen beeinflusst wird, ist der Marmor.<\/span><\/span> <span class=\"jCAhz ChMk0b\"><span class=\"ryNqvb\">Der Markt in diesem Sektor betrifft haupts\u00e4chlich die Reparatur von reinen Marmorbl\u00f6cken, die w\u00e4hrend der Abbau- und Transportprozesse innerhalb der Steinbr\u00fcche besch\u00e4digt wurden.<\/span><\/span> <span class=\"jCAhz ChMk0b\"><span class=\"ryNqvb\">Unser Unternehmen verf\u00fcgt \u00fcber Zweikomponenten-Epoxidharze, Verst\u00e4rkungen und Prozesshilfsmittel in seinem Katalog, die zur Verbesserung jedes Prozesses n\u00fctzlich sind.<\/span><\/span><\/span><\/p>\n<\/div><\/section><br \/>\n<div  class='hr av-av_hr-91d7ccd583a503147498e120fee2ff9b hr-default  avia-builder-el-3  el_after_av_textblock  el_before_av_image_hotspot  avia-builder-el-last '><span class='hr-inner '><span class=\"hr-inner-style\"><\/span><\/span><\/div><br \/>\n\n<style type=\"text\/css\" data-created_by=\"avia_inline_auto\" id=\"style-css-sub-av-lk902duo-560f5cc8a39abc9f314b2a9912a79680\">\n.av-hotspot-image-container .av-image-hotspot.av-lk900vej-2e332b3bce5c7e1a2332000d24f82d2a{\ntop:47.1%;\nleft:65.4%;\n}\n.av-hotspot-image-container .av-image-hotspot.av-lk901cu2-0975dc98489a856222ec887e10941861{\ntop:44.1%;\nleft:53.6%;\n}\n.av-hotspot-image-container .av-image-hotspot.av-lk901qou-5acb3a1f8c847e8a260f2cf7c4199a39{\ntop:77.4%;\nleft:45.7%;\n}\n.av-hotspot-image-container .av-image-hotspot.av-lk9020fm-fd6c91b4ae876dfb20935f2820271b84{\ntop:32.9%;\nleft:36.2%;\n}\n.av-hotspot-image-container .av-image-hotspot.av-lk902cmc-226f03f52997c2a7016b2274863d315d{\ntop:74.7%;\nleft:25.1%;\n}\n<\/style>\n<div  class='av-hotspot-image-container av-lk902duo-560f5cc8a39abc9f314b2a9912a79680  avia-builder-el-4  el_after_av_hr  avia-builder-el-last  av-hotspot-numbered av-mobile-fallback-active  av-non-fullwidth-hotspot-image' ><div class='av-hotspot-container'><div class='av-hotspot-container-inner-cell'><div class='av-hotspot-container-inner-wrap'><div class='av-image-hotspot av-lk900vej-2e332b3bce5c7e1a2332000d24f82d2a av-image-hotspot-1 ' data-avia-tooltip-position='left' data-avia-tooltip-alignment='top' data-avia-tooltip-class='av-tt-default-width av-tt-pos-left av-tt-align-top  av-mobile-fallback-active  main_color av-tt-hotspot' data-avia-tooltip='&lt;p&gt;Faserverst\u00e4rkungen&lt;\/p&gt;\n'><a href=https:\/\/www.mates.it\/de\/produkte\/faserverstarkungen\/  target=\"_blank\"  rel=\"noopener noreferrer\" class='av-image-hotspot_inner'>1<\/a><div class='av-image-hotspot-pulse'><\/div><\/div><div class='av-image-hotspot av-lk901cu2-0975dc98489a856222ec887e10941861 av-image-hotspot-2 ' data-avia-tooltip-position='left' data-avia-tooltip-alignment='top' data-avia-tooltip-class='av-tt-default-width av-tt-pos-left av-tt-align-top  av-mobile-fallback-active  main_color av-tt-hotspot' data-avia-tooltip='&lt;p&gt;Harze&lt;\/p&gt;\n'><a href=https:\/\/www.mates.it\/de\/produkte\/harze-klebstoffe-chemikalien\/harze\/  target=\"_blank\"  rel=\"noopener noreferrer\" class='av-image-hotspot_inner'>2<\/a><div class='av-image-hotspot-pulse'><\/div><\/div><div class='av-image-hotspot av-lk901qou-5acb3a1f8c847e8a260f2cf7c4199a39 av-image-hotspot-3 ' data-avia-tooltip-position='left' data-avia-tooltip-alignment='top' data-avia-tooltip-class='av-tt-default-width av-tt-pos-left av-tt-align-top  av-mobile-fallback-active  main_color av-tt-hotspot' data-avia-tooltip='&lt;p&gt;Vakuumtechnik&lt;\/p&gt;\n'><a href=https:\/\/www.mates.it\/de\/produkte\/vakuumtechnik\/  target=\"_blank\"  rel=\"noopener noreferrer\" class='av-image-hotspot_inner'>3<\/a><div class='av-image-hotspot-pulse'><\/div><\/div><div class='av-image-hotspot av-lk9020fm-fd6c91b4ae876dfb20935f2820271b84 av-image-hotspot-4 ' data-avia-tooltip-position='left' data-avia-tooltip-alignment='top' data-avia-tooltip-class='av-tt-default-width av-tt-pos-left av-tt-align-top  av-mobile-fallback-active  main_color av-tt-hotspot' data-avia-tooltip='&lt;p&gt;Vakuumbeutel&lt;\/p&gt;\n'><a href=https:\/\/www.mates.it\/de\/produkte\/vakuumtechnik\/vakuumbeutel\/  target=\"_blank\"  rel=\"noopener noreferrer\" class='av-image-hotspot_inner'>4<\/a><div class='av-image-hotspot-pulse'><\/div><\/div><div class='av-image-hotspot av-lk902cmc-226f03f52997c2a7016b2274863d315d av-image-hotspot-5 ' data-avia-tooltip-position='left' data-avia-tooltip-alignment='top' data-avia-tooltip-class='av-tt-default-width av-tt-pos-left av-tt-align-top  av-mobile-fallback-active  main_color av-tt-hotspot' data-avia-tooltip='&lt;p&gt;Klebstoffe&lt;\/p&gt;\n'><a href=https:\/\/www.mates.it\/de\/produkte\/harze-klebstoffe-chemikalien\/klebstoffe\/  target=\"_blank\"  rel=\"noopener noreferrer\" class='av-image-hotspot_inner'>5<\/a><div class='av-image-hotspot-pulse'><\/div><\/div><img decoding=\"async\" fetchpriority=\"high\" class=\"wp-image-0 avia-img-lazy-loading-not-0 avia_image\" src=\"https:\/\/www.mates.it\/wp-content\/uploads\/2016\/09\/Vetro-Marmo.jpg\" alt=\"\" title=\"\"><\/div><\/div><\/div><div class='av-hotspot-fallback-tooltip av-image-hotspot-1 '><div class=\"av-hotspot-fallback-tooltip-count\">1<div class=\"avia-arrow\"><\/div><\/div><div class=\"av-hotspot-fallback-tooltip-inner clearfix\"><p>\nFaserverst\u00e4rkungen<\/p>\n<\/div><\/div><div class='av-hotspot-fallback-tooltip av-image-hotspot-2 '><div class=\"av-hotspot-fallback-tooltip-count\">2<div class=\"avia-arrow\"><\/div><\/div><div class=\"av-hotspot-fallback-tooltip-inner clearfix\"><p>\nHarze<\/p>\n<\/div><\/div><div class='av-hotspot-fallback-tooltip av-image-hotspot-3 '><div class=\"av-hotspot-fallback-tooltip-count\">3<div class=\"avia-arrow\"><\/div><\/div><div class=\"av-hotspot-fallback-tooltip-inner clearfix\"><p>\nVakuumtechnik<\/p>\n<\/div><\/div><div class='av-hotspot-fallback-tooltip av-image-hotspot-4 '><div class=\"av-hotspot-fallback-tooltip-count\">4<div class=\"avia-arrow\"><\/div><\/div><div class=\"av-hotspot-fallback-tooltip-inner clearfix\"><p>\nVakuumbeutel<\/p>\n<\/div><\/div><div class='av-hotspot-fallback-tooltip av-image-hotspot-5 '><div class=\"av-hotspot-fallback-tooltip-count\">5<div class=\"avia-arrow\"><\/div><\/div><div class=\"av-hotspot-fallback-tooltip-inner clearfix\"><p>\nKlebstoffe<\/p>\n<\/div><\/div><\/div><\/p><\/div>\n<div  class='flex_column av-av_one_full-7714eba142aeda1f8b5272a3c372b279 av_one_full  avia-builder-el-5  el_after_av_one_full  el_before_av_hr  first flex_column_div  column-top-margin'     ><div  class='av_promobox av-lk9032fr-e244f5ff7ec6ddf953f0048e7f2f3db5 avia-button-yes  avia-builder-el-6  avia-builder-el-no-sibling '><div class='avia-promocontent'><p>\nKlicken Sie auf die Nummern in der Abbildung und vergleichen Sie die f\u00fcr Ihren Bereich am besten geeigneten Produkte oder klicken Sie auf die Schaltfl\u00e4che in dieser<\/p>\n<\/div><div  class='avia-button-wrap av-lk9032fr-ba0e4b38c940aa8819e4ce053b50e14a-wrap avia-button-right '><a href='https:\/\/www.mates.it\/de\/produkte\/'  class='avia-button av-lk9032fr-ba0e4b38c940aa8819e4ce053b50e14a av-link-btn avia-icon_select-yes-left-icon avia-size-medium avia-position-right avia-color-theme-color'  target=\"_blank\"  rel=\"noopener noreferrer\"  aria-label=\"      Produkte\"><span class='avia_button_icon avia_button_icon_left avia-iconfont avia-font-entypo-fontello' data-av_icon='\ue85c' data-av_iconfont='entypo-fontello' ><\/span><span class='avia_iconbox_title' >      Produkte<\/span><\/a><\/div><\/div><\/div><div  class='hr av-av_hr-91d7ccd583a503147498e120fee2ff9b hr-default  avia-builder-el-7  el_after_av_one_full  avia-builder-el-last '><span class='hr-inner '><span class=\"hr-inner-style\"><\/span><\/span><\/div><\/p>\n","protected":false},"excerpt":{"rendered":"<p>Die Glasindustrie ben\u00f6tigt Produkte, mit denen Glas gleicher oder unterschiedlicher Dicke miteinander verbunden werden kann, um seine Struktur zu verbessern.<\/p>\n","protected":false},"author":1,"featured_media":7438,"parent":8868,"menu_order":7,"comment_status":"open","ping_status":"open","template":"","meta":{"footnotes":""},"class_list":["post-8877","page","type-page","status-publish","has-post-thumbnail","hentry"],"_links":{"self":[{"href":"https:\/\/www.mates.it\/de\/wp-json\/wp\/v2\/pages\/8877","targetHints":{"allow":["GET"]}}],"collection":[{"href":"https:\/\/www.mates.it\/de\/wp-json\/wp\/v2\/pages"}],"about":[{"href":"https:\/\/www.mates.it\/de\/wp-json\/wp\/v2\/types\/page"}],"author":[{"embeddable":true,"href":"https:\/\/www.mates.it\/de\/wp-json\/wp\/v2\/users\/1"}],"replies":[{"embeddable":true,"href":"https:\/\/www.mates.it\/de\/wp-json\/wp\/v2\/comments?post=8877"}],"version-history":[{"count":0,"href":"https:\/\/www.mates.it\/de\/wp-json\/wp\/v2\/pages\/8877\/revisions"}],"up":[{"embeddable":true,"href":"https:\/\/www.mates.it\/de\/wp-json\/wp\/v2\/pages\/8868"}],"wp:featuredmedia":[{"embeddable":true,"href":"https:\/\/www.mates.it\/de\/wp-json\/wp\/v2\/media\/7438"}],"wp:attachment":[{"href":"https:\/\/www.mates.it\/de\/wp-json\/wp\/v2\/media?parent=8877"}],"curies":[{"name":"wp","href":"https:\/\/api.w.org\/{rel}","templated":true}]}}