{"id":8879,"date":"2015-09-16T10:53:28","date_gmt":"2015-09-16T08:53:28","guid":{"rendered":"https:\/\/www.mates.it\/settori\/transport-eisenbahn\/"},"modified":"2023-07-19T04:02:08","modified_gmt":"2023-07-19T02:02:08","slug":"schienenverkehr-transport","status":"publish","type":"page","link":"https:\/\/www.mates.it\/de\/markte\/schienenverkehr-transport\/","title":{"rendered":"Schienenverkehr \/ Transport"},"content":{"rendered":"<div  class='flex_column av-av_one_full-7714eba142aeda1f8b5272a3c372b279 av_one_full  avia-builder-el-0  el_before_av_one_full  avia-builder-el-first  first flex_column_div  '     ><p>\n<style type=\"text\/css\" data-created_by=\"avia_inline_auto\" id=\"style-css-av-lk8wp32z-ec4f2bfaeb5e2f895cbc3363b9dbff61\">\n#top .av-special-heading.av-lk8wp32z-ec4f2bfaeb5e2f895cbc3363b9dbff61{\npadding-bottom:10px;\n}\nbody .av-special-heading.av-lk8wp32z-ec4f2bfaeb5e2f895cbc3363b9dbff61 .av-special-heading-tag .heading-char{\nfont-size:25px;\n}\n.av-special-heading.av-lk8wp32z-ec4f2bfaeb5e2f895cbc3363b9dbff61 .av-subheading{\nfont-size:15px;\n}\n<\/style>\n<div  class='av-special-heading av-lk8wp32z-ec4f2bfaeb5e2f895cbc3363b9dbff61 av-special-heading-h1  avia-builder-el-1  el_before_av_textblock  avia-builder-el-first  custom-h1-title'><h1 class='av-special-heading-tag '  >Schienenverkehr \/ Transport<\/h1><div class=\"special-heading-border\"><div class=\"special-heading-inner-border\"><\/div><\/div><\/div><br \/>\n<section  class='av_textblock_section av-lk8wpemo-9057087c06ae687501d9547e8ce04738 '  ><div class='avia_textblock' ><p>Der Schienenverkehr ist f\u00fcr die immer schneller werdende Bef\u00f6rderung von Fahrg\u00e4sten besonders wichtig und erfordert daher L\u00f6sungen und Materialien, die den Kunden einen hohen Reisekomfort garantieren. Unser Unternehmen bietet Produkte und Materialien an, die die Fahrzeuge stabiler und leichter machen, um den Verbrauch zu minimieren und die Leistung zu optimieren, wobei auch der Komfort der Fahrg\u00e4ste selbst ber\u00fccksichtigt wird. Zu den wichtigsten geh\u00f6ren Harze, Hilfsstoffe und Strukturkerne mit REI-Zertifizierung (resistent gegen W\u00e4rmediffusion und W\u00e4rmed\u00e4mmung), um die Sicherheit der Fahrg\u00e4ste zu gew\u00e4hrleisten. Wir bieten auch strukturelle Klebstoffe f\u00fcr die Montage von Verbundstoffen und Innenraumteilen an.<\/p>\n<p>Mates ist somit in der Lage, innovative Strukturmaterialien f\u00fcr die Herstellung von leichten, leistungsstarken und sicheren Strukturen anzubieten. Die Wahl des richtigen Materials f\u00fcr den Fahrgastraum liegt im Ermessen des Strukturingenieurs und richtet sich nach den Kriterien der Fahrgastsicherheit und des Transferkomforts. Die technologische Entwicklung des Sektors wird von dem Unternehmen dank der im Laufe der Zeit erworbenen Kenntnisse in gleichem Ma\u00dfe verfolgt.<\/p>\n<\/div><\/section><br \/>\n<div  class='hr av-av_hr-91d7ccd583a503147498e120fee2ff9b hr-default  avia-builder-el-3  el_after_av_textblock  el_before_av_image_hotspot  avia-builder-el-last '><span class='hr-inner '><span class=\"hr-inner-style\"><\/span><\/span><\/div><br \/>\n\n<style type=\"text\/css\" data-created_by=\"avia_inline_auto\" id=\"style-css-sub-av-lk8ws627-2bf8ec0175dc5bf9b5feae826b316632\">\n.av-hotspot-image-container .av-image-hotspot.av-lk8wpx9x-7fe88752ae75ea7e391bddb61471a633{\ntop:83.2%;\nleft:41.1%;\n}\n.av-hotspot-image-container .av-image-hotspot.av-lk8wqgt6-b8743aa249c448cd59ef3e1817785c42{\ntop:47%;\nleft:64.7%;\n}\n.av-hotspot-image-container .av-image-hotspot.av-lk8wqwgd-fa8c0ada3a0a154bc6b38d1f7c9d873d{\ntop:30.5%;\nleft:34.7%;\n}\n.av-hotspot-image-container .av-image-hotspot.av-lk8wr9ou-8eb86b89faa46e3ae71bf53eb5ea48cb{\ntop:27.7%;\nleft:51.5%;\n}\n.av-hotspot-image-container .av-image-hotspot.av-lk8wrsdu-288602b7b87ebf288c36f9af77ec46dd{\ntop:49.8%;\nleft:76.4%;\n}\n.av-hotspot-image-container .av-image-hotspot.av-lk8ws4tp-88579c3ecb43b10f8b9111f5c5b3b65b{\ntop:69.2%;\nleft:22.5%;\n}\n<\/style>\n<div  class='av-hotspot-image-container av-lk8ws627-2bf8ec0175dc5bf9b5feae826b316632  avia-builder-el-4  el_after_av_hr  avia-builder-el-last  av-hotspot-numbered av-mobile-fallback-active  av-non-fullwidth-hotspot-image' ><div class='av-hotspot-container'><div class='av-hotspot-container-inner-cell'><div class='av-hotspot-container-inner-wrap'><div class='av-image-hotspot av-lk8wpx9x-7fe88752ae75ea7e391bddb61471a633 av-image-hotspot-1 ' data-avia-tooltip-position='left' data-avia-tooltip-alignment='top' data-avia-tooltip-class='av-tt-default-width av-tt-pos-left av-tt-align-top  av-mobile-fallback-active  main_color av-tt-hotspot' data-avia-tooltip='&lt;p&gt;Faserverst\u00e4rkungen&lt;\/p&gt;\n'><a href=https:\/\/www.mates.it\/de\/produkte\/faserverstarkungen\/  target=\"_blank\"  rel=\"noopener noreferrer\" class='av-image-hotspot_inner'>1<\/a><div class='av-image-hotspot-pulse'><\/div><\/div><div class='av-image-hotspot av-lk8wqgt6-b8743aa249c448cd59ef3e1817785c42 av-image-hotspot-2 ' data-avia-tooltip-position='left' data-avia-tooltip-alignment='top' data-avia-tooltip-class='av-tt-default-width av-tt-pos-left av-tt-align-top  av-mobile-fallback-active  main_color av-tt-hotspot' data-avia-tooltip='&lt;p&gt;Harze \/ Klebstoffe&lt;\/p&gt;\n'><a href=https:\/\/www.mates.it\/de\/produkte\/harze-klebstoffe-chemikalien\/  target=\"_blank\"  rel=\"noopener noreferrer\" class='av-image-hotspot_inner'>2<\/a><div class='av-image-hotspot-pulse'><\/div><\/div><div class='av-image-hotspot av-lk8wqwgd-fa8c0ada3a0a154bc6b38d1f7c9d873d av-image-hotspot-3 ' data-avia-tooltip-position='left' data-avia-tooltip-alignment='top' data-avia-tooltip-class='av-tt-default-width av-tt-pos-left av-tt-align-top  av-mobile-fallback-active  main_color av-tt-hotspot' data-avia-tooltip='&lt;p&gt;Trennmittel&lt;\/p&gt;\n'><a href=https:\/\/www.mates.it\/de\/produkte\/trennmittel\/  target=\"_blank\"  rel=\"noopener noreferrer\" class='av-image-hotspot_inner'>3<\/a><div class='av-image-hotspot-pulse'><\/div><\/div><div class='av-image-hotspot av-lk8wr9ou-8eb86b89faa46e3ae71bf53eb5ea48cb av-image-hotspot-4 ' data-avia-tooltip-position='left' data-avia-tooltip-alignment='top' data-avia-tooltip-class='av-tt-default-width av-tt-pos-left av-tt-align-top  av-mobile-fallback-active  main_color av-tt-hotspot' data-avia-tooltip='&lt;p&gt;Sandwichmaterialien&lt;\/p&gt;\n'><a href=https:\/\/www.mates.it\/de\/produkte\/sandwichmaterialien\/schaume\/  target=\"_blank\"  rel=\"noopener noreferrer\" class='av-image-hotspot_inner'>4<\/a><div class='av-image-hotspot-pulse'><\/div><\/div><div class='av-image-hotspot av-lk8wrsdu-288602b7b87ebf288c36f9af77ec46dd av-image-hotspot-5 ' data-avia-tooltip-position='left' data-avia-tooltip-alignment='top' data-avia-tooltip-class='av-tt-default-width av-tt-pos-left av-tt-align-top  av-mobile-fallback-active  main_color av-tt-hotspot' data-avia-tooltip='&lt;p&gt;Vakuumtechnik&lt;\/p&gt;\n'><a href=https:\/\/www.mates.it\/de\/produkte\/vakuumtechnik\/  target=\"_blank\"  rel=\"noopener noreferrer\" class='av-image-hotspot_inner'>5<\/a><div class='av-image-hotspot-pulse'><\/div><\/div><div class='av-image-hotspot av-lk8ws4tp-88579c3ecb43b10f8b9111f5c5b3b65b av-image-hotspot-6 ' data-avia-tooltip-position='left' data-avia-tooltip-alignment='top' data-avia-tooltip-class='av-tt-default-width av-tt-pos-left av-tt-align-top  av-mobile-fallback-active  main_color av-tt-hotspot' data-avia-tooltip='&lt;p&gt;Befestigungselemente&lt;\/p&gt;\n'><a href=https:\/\/www.mates.it\/de\/produkte\/befestigungselemente\/  target=\"_blank\"  rel=\"noopener noreferrer\" class='av-image-hotspot_inner'>6<\/a><div class='av-image-hotspot-pulse'><\/div><\/div><img decoding=\"async\" fetchpriority=\"high\" class=\"wp-image-0 avia-img-lazy-loading-not-0 avia_image\" src=\"https:\/\/www.mates.it\/wp-content\/uploads\/2016\/09\/Trasporti-Ferroviario.jpg\" alt=\"\" title=\"\"><\/div><\/div><\/div><div class='av-hotspot-fallback-tooltip av-image-hotspot-1 '><div class=\"av-hotspot-fallback-tooltip-count\">1<div class=\"avia-arrow\"><\/div><\/div><div class=\"av-hotspot-fallback-tooltip-inner clearfix\"><p>\nFaserverst\u00e4rkungen<\/p>\n<\/div><\/div><div class='av-hotspot-fallback-tooltip av-image-hotspot-2 '><div class=\"av-hotspot-fallback-tooltip-count\">2<div class=\"avia-arrow\"><\/div><\/div><div class=\"av-hotspot-fallback-tooltip-inner clearfix\"><p>\nHarze \/ Klebstoffe<\/p>\n<\/div><\/div><div class='av-hotspot-fallback-tooltip av-image-hotspot-3 '><div class=\"av-hotspot-fallback-tooltip-count\">3<div class=\"avia-arrow\"><\/div><\/div><div class=\"av-hotspot-fallback-tooltip-inner clearfix\"><p>\nTrennmittel<\/p>\n<\/div><\/div><div class='av-hotspot-fallback-tooltip av-image-hotspot-4 '><div class=\"av-hotspot-fallback-tooltip-count\">4<div class=\"avia-arrow\"><\/div><\/div><div class=\"av-hotspot-fallback-tooltip-inner clearfix\"><p>\nSandwichmaterialien<\/p>\n<\/div><\/div><div class='av-hotspot-fallback-tooltip av-image-hotspot-5 '><div class=\"av-hotspot-fallback-tooltip-count\">5<div class=\"avia-arrow\"><\/div><\/div><div class=\"av-hotspot-fallback-tooltip-inner clearfix\"><p>\nVakuumtechnik<\/p>\n<\/div><\/div><div class='av-hotspot-fallback-tooltip av-image-hotspot-6 '><div class=\"av-hotspot-fallback-tooltip-count\">6<div class=\"avia-arrow\"><\/div><\/div><div class=\"av-hotspot-fallback-tooltip-inner clearfix\"><p>\nBefestigungselemente<\/p>\n<\/div><\/div><\/div><\/p><\/div>\n<div  class='flex_column av-av_one_full-7714eba142aeda1f8b5272a3c372b279 av_one_full  avia-builder-el-5  el_after_av_one_full  el_before_av_hr  first flex_column_div  column-top-margin'     ><div  class='av_promobox av-lk8wsnnl-341ad594964f6223e71d7c62171aa045 avia-button-yes  avia-builder-el-6  avia-builder-el-no-sibling '><div class='avia-promocontent'><p>\nKlicken Sie auf die Zahlen im Bild und vergleichen Sie die f\u00fcr Ihren Bereich am besten geeigneten Produkte oder klicken Sie auf die Schaltfl\u00e4che in dieser Registerkarte, um alle unsere Produkte zu sehen.<\/p>\n<\/div><div  class='avia-button-wrap av-lk8wsnnl-8b94c354cc46ee396ba326c95ca38367-wrap avia-button-right '><a href='https:\/\/www.mates.it\/de\/produkte\/'  class='avia-button av-lk8wsnnl-8b94c354cc46ee396ba326c95ca38367 av-link-btn avia-icon_select-yes-left-icon avia-size-medium avia-position-right avia-color-theme-color'  target=\"_blank\"  rel=\"noopener noreferrer\"  aria-label=\"      Produkte\"><span class='avia_button_icon avia_button_icon_left avia-iconfont avia-font-entypo-fontello' data-av_icon='\ue85c' data-av_iconfont='entypo-fontello' ><\/span><span class='avia_iconbox_title' >      Produkte<\/span><\/a><\/div><\/div><\/div><div  class='hr av-av_hr-91d7ccd583a503147498e120fee2ff9b hr-default  avia-builder-el-7  el_after_av_one_full  avia-builder-el-last '><span class='hr-inner '><span class=\"hr-inner-style\"><\/span><\/span><\/div><\/p>\n","protected":false},"excerpt":{"rendered":"<p>Der Schienenverkehr erfordert geeignete L\u00f6sungen und Materialien, um leichte und leistungsf\u00e4hige Strukturen mit hohem Reisekomfort zu gew\u00e4hrleisten.<\/p>\n","protected":false},"author":1,"featured_media":7854,"parent":8868,"menu_order":4,"comment_status":"closed","ping_status":"closed","template":"","meta":{"footnotes":""},"class_list":["post-8879","page","type-page","status-publish","has-post-thumbnail","hentry"],"_links":{"self":[{"href":"https:\/\/www.mates.it\/de\/wp-json\/wp\/v2\/pages\/8879","targetHints":{"allow":["GET"]}}],"collection":[{"href":"https:\/\/www.mates.it\/de\/wp-json\/wp\/v2\/pages"}],"about":[{"href":"https:\/\/www.mates.it\/de\/wp-json\/wp\/v2\/types\/page"}],"author":[{"embeddable":true,"href":"https:\/\/www.mates.it\/de\/wp-json\/wp\/v2\/users\/1"}],"replies":[{"embeddable":true,"href":"https:\/\/www.mates.it\/de\/wp-json\/wp\/v2\/comments?post=8879"}],"version-history":[{"count":0,"href":"https:\/\/www.mates.it\/de\/wp-json\/wp\/v2\/pages\/8879\/revisions"}],"up":[{"embeddable":true,"href":"https:\/\/www.mates.it\/de\/wp-json\/wp\/v2\/pages\/8868"}],"wp:featuredmedia":[{"embeddable":true,"href":"https:\/\/www.mates.it\/de\/wp-json\/wp\/v2\/media\/7854"}],"wp:attachment":[{"href":"https:\/\/www.mates.it\/de\/wp-json\/wp\/v2\/media?parent=8879"}],"curies":[{"name":"wp","href":"https:\/\/api.w.org\/{rel}","templated":true}]}}