{"id":8881,"date":"2015-09-16T10:53:13","date_gmt":"2015-09-16T08:53:13","guid":{"rendered":"https:\/\/www.mates.it\/settori\/luftfahrt-verteidigung\/"},"modified":"2023-07-19T04:02:01","modified_gmt":"2023-07-19T02:02:01","slug":"luft-und-raumfahrt-verteidigung","status":"publish","type":"page","link":"https:\/\/www.mates.it\/de\/markte\/luft-und-raumfahrt-verteidigung\/","title":{"rendered":"Luft-und Raumfahrt \/ Verteidigung"},"content":{"rendered":"<div  class='flex_column av-av_one_full-7714eba142aeda1f8b5272a3c372b279 av_one_full  avia-builder-el-0  el_before_av_one_full  avia-builder-el-first  first flex_column_div  '     ><p>\n<style type=\"text\/css\" data-created_by=\"avia_inline_auto\" id=\"style-css-av-lk8q0ks3-fa5bca734baff62fb2560186983bc561\">\n#top .av-special-heading.av-lk8q0ks3-fa5bca734baff62fb2560186983bc561{\npadding-bottom:10px;\n}\nbody .av-special-heading.av-lk8q0ks3-fa5bca734baff62fb2560186983bc561 .av-special-heading-tag .heading-char{\nfont-size:25px;\n}\n.av-special-heading.av-lk8q0ks3-fa5bca734baff62fb2560186983bc561 .av-subheading{\nfont-size:15px;\n}\n<\/style>\n<div  class='av-special-heading av-lk8q0ks3-fa5bca734baff62fb2560186983bc561 av-special-heading-h1  avia-builder-el-1  el_before_av_textblock  avia-builder-el-first  custom-h1-title'><h1 class='av-special-heading-tag '  >Luft-und Raumfahrt \/ Verteidigung<\/h1><div class=\"special-heading-border\"><div class=\"special-heading-inner-border\"><\/div><\/div><\/div><br \/>\n<section  class='av_textblock_section av-lk8q0zwn-b58867a77fab8b9ea989636ba62e8c69 '  ><div class='avia_textblock' ><p>Der Luft- und Raumfahrtmarkt ist einer der gr\u00f6\u00dften und wichtigsten M\u00e4rkte der Industrie f\u00fcr hochentwickelte Verbundwerkstoffe. Der Bedarf des Marktes an zertifizierten, widerstandsf\u00e4higen und leichten Werkstoffen erm\u00f6glicht den Einsatz von fortschrittlichen Verbundwerkstoffen in allen ihren Anwendungen f\u00fcr den zivilen und milit\u00e4rischen Flugzeugbau.<\/p>\n<p>Am h\u00e4ufigsten werden in diesem Sektor mit Polymermatrizen impr\u00e4gnierte Kohlenstofffasern (CFRP) sowie C-Glasfasern und Verbund-\/Nomex-Sandwichpaneele verwendet, da sie eine erhebliche Gewichtsreduzierung der Struktur bewirken, ohne die endg\u00fcltigen Eigenschaften des Laminats zu beeintr\u00e4chtigen. Gleichzeitig werden die gleichen Materialien f\u00fcr die Herstellung von Produkten verwendet, die f\u00fcr milit\u00e4rische Zwecke bestimmt sind, da ihre Leichtigkeit und Steifigkeit in allen Situationen einen vollst\u00e4ndigen Schutz garantieren. Dank eines sich st\u00e4ndig weiterentwickelnden Katalogs ist Mates in der Lage, eine breite Palette von Produkten speziell f\u00fcr den zivilen Luft- und Raumfahrt- sowie den Verteidigungssektor zu entwickeln und an seine Kunden zu liefern.<\/p>\n<\/div><\/section><br \/>\n<div  class='hr av-av_hr-91d7ccd583a503147498e120fee2ff9b hr-default  avia-builder-el-3  el_after_av_textblock  el_before_av_image_hotspot  avia-builder-el-last '><span class='hr-inner '><span class=\"hr-inner-style\"><\/span><\/span><\/div><br \/>\n\n<style type=\"text\/css\" data-created_by=\"avia_inline_auto\" id=\"style-css-sub-av-lk8q38qq-43123c5099fa1837f0a60b50dc129fdb\">\n.av-hotspot-image-container .av-image-hotspot.av-av_image_spot-15e3a6691a19e80760188efa480b907d{\ntop:33.2%;\nleft:34.2%;\n}\n.av-hotspot-image-container .av-image-hotspot.av-lk8q2a54-4fd14d0d02e5b0ab4e23c6962d71c61c{\ntop:38.8%;\nleft:61.6%;\n}\n.av-hotspot-image-container .av-image-hotspot.av-lk8q2muu-685cb28f39d8ccd993bbfc5888110c30{\ntop:69.5%;\nleft:67.5%;\n}\n.av-hotspot-image-container .av-image-hotspot.av-av_image_spot-49603abe7cdda6f34b4ae72182147441{\ntop:72.1%;\nleft:33.6%;\n}\n.av-hotspot-image-container .av-image-hotspot.av-lk8q37ag-814a28af8c0274bcd7dcee0d1955f578{\ntop:58.4%;\nleft:17.2%;\n}\n<\/style>\n<div  class='av-hotspot-image-container av-lk8q38qq-43123c5099fa1837f0a60b50dc129fdb  avia-builder-el-4  el_after_av_hr  avia-builder-el-last  av-hotspot-numbered av-mobile-fallback-active  av-non-fullwidth-hotspot-image' ><div class='av-hotspot-container'><div class='av-hotspot-container-inner-cell'><div class='av-hotspot-container-inner-wrap'><div class='av-image-hotspot av-av_image_spot-15e3a6691a19e80760188efa480b907d av-image-hotspot-1 ' data-avia-tooltip-position='left' data-avia-tooltip-alignment='top' data-avia-tooltip-class='av-tt-default-width av-tt-pos-left av-tt-align-top  av-mobile-fallback-active  main_color av-tt-hotspot' data-avia-tooltip='&lt;p&gt;Faserverst\u00e4rkungen&lt;\/p&gt;\n'><a href=https:\/\/www.mates.it\/de\/produkte\/faserverstarkungen\/  target=\"_blank\"  rel=\"noopener noreferrer\" class='av-image-hotspot_inner'>1<\/a><div class='av-image-hotspot-pulse'><\/div><\/div><div class='av-image-hotspot av-lk8q2a54-4fd14d0d02e5b0ab4e23c6962d71c61c av-image-hotspot-2 ' data-avia-tooltip-position='left' data-avia-tooltip-alignment='top' data-avia-tooltip-class='av-tt-default-width av-tt-pos-left av-tt-align-top  av-mobile-fallback-active  main_color av-tt-hotspot' data-avia-tooltip='&lt;p&gt;Trennmittel&lt;\/p&gt;\n'><a href=https:\/\/www.mates.it\/de\/produkte\/trennmittel\/halb-permanent\/  target=\"_blank\"  rel=\"noopener noreferrer\" class='av-image-hotspot_inner'>2<\/a><div class='av-image-hotspot-pulse'><\/div><\/div><div class='av-image-hotspot av-lk8q2muu-685cb28f39d8ccd993bbfc5888110c30 av-image-hotspot-3 ' data-avia-tooltip-position='left' data-avia-tooltip-alignment='top' data-avia-tooltip-class='av-tt-default-width av-tt-pos-left av-tt-align-top  av-mobile-fallback-active  main_color av-tt-hotspot' data-avia-tooltip='&lt;p&gt;Sandwichmaterialien&lt;\/p&gt;\n'><a href=https:\/\/www.mates.it\/de\/produkte\/sandwichmaterialien\/alveolaren\/  target=\"_blank\"  rel=\"noopener noreferrer\" class='av-image-hotspot_inner'>3<\/a><div class='av-image-hotspot-pulse'><\/div><\/div><div class='av-image-hotspot av-av_image_spot-49603abe7cdda6f34b4ae72182147441 av-image-hotspot-4 ' data-avia-tooltip-position='left' data-avia-tooltip-alignment='top' data-avia-tooltip-class='av-tt-default-width av-tt-pos-left av-tt-align-top  av-mobile-fallback-active  main_color av-tt-hotspot' data-avia-tooltip='&lt;p&gt;Klebstoffe&lt;\/p&gt;\n'><a href=https:\/\/www.mates.it\/de\/produkte\/harze-klebstoffe-chemikalien\/klebstoffe\/  target=\"_blank\"  rel=\"noopener noreferrer\" class='av-image-hotspot_inner'>4<\/a><div class='av-image-hotspot-pulse'><\/div><\/div><div class='av-image-hotspot av-lk8q37ag-814a28af8c0274bcd7dcee0d1955f578 av-image-hotspot-5 ' data-avia-tooltip-position='left' data-avia-tooltip-alignment='top' data-avia-tooltip-class='av-tt-default-width av-tt-pos-left av-tt-align-top  av-mobile-fallback-active  main_color av-tt-hotspot' data-avia-tooltip='&lt;p&gt;Vakuumtechnik&lt;\/p&gt;\n'><a href=https:\/\/www.mates.it\/de\/produkte\/vakuumtechnik\/  target=\"_blank\"  rel=\"noopener noreferrer\" class='av-image-hotspot_inner'>5<\/a><div class='av-image-hotspot-pulse'><\/div><\/div><img decoding=\"async\" fetchpriority=\"high\" class=\"wp-image-7370 avia-img-lazy-loading-not-7370 avia_image\" src=\"https:\/\/www.mates.it\/wp-content\/uploads\/2016\/09\/Aerospace-Difesa.jpg\" alt=\"\" title=\"aerospace-difesa\" height=\"190\" width=\"1000\" srcset=\"https:\/\/www.mates.it\/wp-content\/uploads\/2016\/09\/Aerospace-Difesa.jpg 1000w, https:\/\/www.mates.it\/wp-content\/uploads\/2016\/09\/Aerospace-Difesa-300x57.jpg 300w, https:\/\/www.mates.it\/wp-content\/uploads\/2016\/09\/Aerospace-Difesa-768x146.jpg 768w\" sizes=\"(max-width: 1000px) 100vw, 1000px\"><\/div><\/div><\/div><div class='av-hotspot-fallback-tooltip av-image-hotspot-1 '><div class=\"av-hotspot-fallback-tooltip-count\">1<div class=\"avia-arrow\"><\/div><\/div><div class=\"av-hotspot-fallback-tooltip-inner clearfix\"><p>\nFaserverst\u00e4rkungen<\/p>\n<\/div><\/div><div class='av-hotspot-fallback-tooltip av-image-hotspot-2 '><div class=\"av-hotspot-fallback-tooltip-count\">2<div class=\"avia-arrow\"><\/div><\/div><div class=\"av-hotspot-fallback-tooltip-inner clearfix\"><p>\nTrennmittel<\/p>\n<\/div><\/div><div class='av-hotspot-fallback-tooltip av-image-hotspot-3 '><div class=\"av-hotspot-fallback-tooltip-count\">3<div class=\"avia-arrow\"><\/div><\/div><div class=\"av-hotspot-fallback-tooltip-inner clearfix\"><p>\nSandwichmaterialien<\/p>\n<\/div><\/div><div class='av-hotspot-fallback-tooltip av-image-hotspot-4 '><div class=\"av-hotspot-fallback-tooltip-count\">4<div class=\"avia-arrow\"><\/div><\/div><div class=\"av-hotspot-fallback-tooltip-inner clearfix\"><p>\nKlebstoffe<\/p>\n<\/div><\/div><div class='av-hotspot-fallback-tooltip av-image-hotspot-5 '><div class=\"av-hotspot-fallback-tooltip-count\">5<div class=\"avia-arrow\"><\/div><\/div><div class=\"av-hotspot-fallback-tooltip-inner clearfix\"><p>\nVakuumtechnik<\/p>\n<\/div><\/div><\/div><\/p><\/div>\n<div  class='flex_column av-av_one_full-7714eba142aeda1f8b5272a3c372b279 av_one_full  avia-builder-el-5  el_after_av_one_full  el_before_av_hr  first flex_column_div  column-top-margin'     ><div  class='av_promobox av-lk8q3klu-4faac3e379dd84a08c005408d4fca2be avia-button-yes  avia-builder-el-6  avia-builder-el-no-sibling '><div class='avia-promocontent'><p>\nKlicken Sie auf die Nummern in der Abbildung und vergleichen Sie die f\u00fcr Ihren Bereich am besten geeigneten Produkte oder klicken Sie auf die Schaltfl\u00e4che in dieser<\/p>\n<\/div><div  class='avia-button-wrap av-lk8q3klu-a4654054f2fa264de43f22f743983349-wrap avia-button-right '><a href='https:\/\/www.mates.it\/de\/produkte\/'  class='avia-button av-lk8q3klu-a4654054f2fa264de43f22f743983349 av-link-btn avia-icon_select-yes-left-icon avia-size-medium avia-position-right avia-color-theme-color'  target=\"_blank\"  rel=\"noopener noreferrer\"  aria-label=\"      Produkte\"><span class='avia_button_icon avia_button_icon_left avia-iconfont avia-font-entypo-fontello' data-av_icon='\ue85c' data-av_iconfont='entypo-fontello' ><\/span><span class='avia_iconbox_title' >      Produkte<\/span><\/a><\/div><\/div><\/div><div  class='hr av-av_hr-91d7ccd583a503147498e120fee2ff9b hr-default  avia-builder-el-7  el_after_av_one_full  avia-builder-el-last '><span class='hr-inner '><span class=\"hr-inner-style\"><\/span><\/span><\/div><\/p>\n","protected":false},"excerpt":{"rendered":"<p>Der Bedarf des Luft- und Raumfahrtmarktes an zertifizierten, starken und leichten Materialien erm\u00f6glicht den Einsatz von fortschrittlichen Verbundwerkstoffen in allen ihren Anwendungen.<\/p>\n","protected":false},"author":1,"featured_media":7370,"parent":8868,"menu_order":2,"comment_status":"closed","ping_status":"closed","template":"","meta":{"footnotes":""},"class_list":["post-8881","page","type-page","status-publish","has-post-thumbnail","hentry"],"_links":{"self":[{"href":"https:\/\/www.mates.it\/de\/wp-json\/wp\/v2\/pages\/8881","targetHints":{"allow":["GET"]}}],"collection":[{"href":"https:\/\/www.mates.it\/de\/wp-json\/wp\/v2\/pages"}],"about":[{"href":"https:\/\/www.mates.it\/de\/wp-json\/wp\/v2\/types\/page"}],"author":[{"embeddable":true,"href":"https:\/\/www.mates.it\/de\/wp-json\/wp\/v2\/users\/1"}],"replies":[{"embeddable":true,"href":"https:\/\/www.mates.it\/de\/wp-json\/wp\/v2\/comments?post=8881"}],"version-history":[{"count":0,"href":"https:\/\/www.mates.it\/de\/wp-json\/wp\/v2\/pages\/8881\/revisions"}],"up":[{"embeddable":true,"href":"https:\/\/www.mates.it\/de\/wp-json\/wp\/v2\/pages\/8868"}],"wp:featuredmedia":[{"embeddable":true,"href":"https:\/\/www.mates.it\/de\/wp-json\/wp\/v2\/media\/7370"}],"wp:attachment":[{"href":"https:\/\/www.mates.it\/de\/wp-json\/wp\/v2\/media?parent=8881"}],"curies":[{"name":"wp","href":"https:\/\/api.w.org\/{rel}","templated":true}]}}