{"id":8883,"date":"2015-09-16T10:53:58","date_gmt":"2015-09-16T08:53:58","guid":{"rendered":"https:\/\/www.mates.it\/settori\/infrastruktur-edil\/"},"modified":"2023-07-19T04:02:27","modified_gmt":"2023-07-19T02:02:27","slug":"bauwesen-konstruktion","status":"publish","type":"page","link":"https:\/\/www.mates.it\/de\/markte\/bauwesen-konstruktion\/","title":{"rendered":"Bauwesen \/ Konstruktion"},"content":{"rendered":"<div  class='flex_column av-av_one_full-7714eba142aeda1f8b5272a3c372b279 av_one_full  avia-builder-el-0  el_before_av_one_full  avia-builder-el-first  first flex_column_div  '     ><p>\n<style type=\"text\/css\" data-created_by=\"avia_inline_auto\" id=\"style-css-av-lk8yyy9w-7c0eac720e25562c33db3770d6c9fdf8\">\n#top .av-special-heading.av-lk8yyy9w-7c0eac720e25562c33db3770d6c9fdf8{\npadding-bottom:10px;\n}\nbody .av-special-heading.av-lk8yyy9w-7c0eac720e25562c33db3770d6c9fdf8 .av-special-heading-tag .heading-char{\nfont-size:25px;\n}\n.av-special-heading.av-lk8yyy9w-7c0eac720e25562c33db3770d6c9fdf8 .av-subheading{\nfont-size:15px;\n}\n<\/style>\n<div  class='av-special-heading av-lk8yyy9w-7c0eac720e25562c33db3770d6c9fdf8 av-special-heading-h1  avia-builder-el-1  el_before_av_textblock  avia-builder-el-first  custom-h1-title'><h1 class='av-special-heading-tag '  >Bauwesen \/ Konstruktion<\/h1><div class=\"special-heading-border\"><div class=\"special-heading-inner-border\"><\/div><\/div><\/div><br \/>\n<section  class='av_textblock_section av-lk8yzdff-f20c341067f62b6644771ada2ecbc93f '  ><div class='avia_textblock' ><p>Bauinfrastrukturen betreffen den Bereich der fortschrittlichen Verbundwerkstoffe, da faserverst\u00e4rkte Verbundwerkstoffe im Vergleich zu den verwendeten Standardmaterialien einen strukturellen Vorteil zu wettbewerbsf\u00e4higen Kosten aufweisen. Dieser Produktbereich umfasst architektonische Projekte, bei denen Verbundwerkstoffe f\u00fcr den Bau, die Verst\u00e4rkung und die Sanierung von Geb\u00e4uden, Kuppeln, Rohren und Br\u00fccken verwendet werden. Der Bedarf auf diesem Markt besteht darin, die richtigen Materialien zu finden, die Festigkeit, Leichtigkeit und die richtige Flexibilit\u00e4t garantieren, um den Konstrukteuren eine gro\u00dfe Freiheit bei der Planung von Infrastrukturen und eine schnelle Installation zu erm\u00f6glichen.<\/p>\n<p>Unser Unternehmen etabliert sich auf dem Markt, indem es Artikel wie Glas- oder Kohlenstoffmultiaxiale mit hohem Fl\u00e4chengewicht, unidirektionale Fasern und Verlegeklebstoffe anbietet. Dar\u00fcber hinaus bieten wir Impr\u00e4gnierharze auf Vinylester- und Polyesterbasis f\u00fcr eine h\u00f6here Skelettfestigkeit an. Mates bietet einen umfangreichen Produktkatalog an, um den Anforderungen der Unternehmen sowohl f\u00fcr die Massenproduktion als auch f\u00fcr die Realisierung spezifischer Projekte gerecht zu werden.<\/p>\n<\/div><\/section><br \/>\n<div  class='hr av-av_hr-91d7ccd583a503147498e120fee2ff9b hr-default  avia-builder-el-3  el_after_av_textblock  el_before_av_image_hotspot  avia-builder-el-last '><span class='hr-inner '><span class=\"hr-inner-style\"><\/span><\/span><\/div><br \/>\n\n<style type=\"text\/css\" data-created_by=\"avia_inline_auto\" id=\"style-css-sub-av-lk8z1aun-88ae38136281b1fae4c0c0565097015f\">\n.av-hotspot-image-container .av-image-hotspot.av-lk8yzx1l-7ede77efd588a6970eba8b4c37bc9b3b{\ntop:58.2%;\nleft:74.4%;\n}\n.av-hotspot-image-container .av-image-hotspot.av-lk8z0jcd-cf7ef0cb5078ce8b0166aa7379bc41b9{\ntop:35.8%;\nleft:43.6%;\n}\n.av-hotspot-image-container .av-image-hotspot.av-lk8z0xtz-c1fd239349fe6b05a51dce2db3efbe67{\ntop:74.7%;\nleft:34.6%;\n}\n.av-hotspot-image-container .av-image-hotspot.av-lk8z19cq-d0b2932e5dcb52e7b47ffe40b713cc3b{\ntop:41.3%;\nleft:26.7%;\n}\n<\/style>\n<div  class='av-hotspot-image-container av-lk8z1aun-88ae38136281b1fae4c0c0565097015f  avia-builder-el-4  el_after_av_hr  avia-builder-el-last  av-hotspot-numbered av-mobile-fallback-active  av-non-fullwidth-hotspot-image' ><div class='av-hotspot-container'><div class='av-hotspot-container-inner-cell'><div class='av-hotspot-container-inner-wrap'><div class='av-image-hotspot av-lk8yzx1l-7ede77efd588a6970eba8b4c37bc9b3b av-image-hotspot-1 ' data-avia-tooltip-position='left' data-avia-tooltip-alignment='top' data-avia-tooltip-class='av-tt-default-width av-tt-pos-left av-tt-align-top  av-mobile-fallback-active  main_color av-tt-hotspot' data-avia-tooltip='&lt;p&gt;Faserverst\u00e4rkungen&lt;\/p&gt;\n'><a href=https:\/\/www.mates.it\/de\/produkte\/faserverstarkungen\/kohlefaser\/unidirektionale-c\/  target=\"_blank\"  rel=\"noopener noreferrer\" class='av-image-hotspot_inner'>1<\/a><div class='av-image-hotspot-pulse'><\/div><\/div><div class='av-image-hotspot av-lk8z0jcd-cf7ef0cb5078ce8b0166aa7379bc41b9 av-image-hotspot-2 ' data-avia-tooltip-position='left' data-avia-tooltip-alignment='top' data-avia-tooltip-class='av-tt-default-width av-tt-pos-left av-tt-align-top  av-mobile-fallback-active  main_color av-tt-hotspot' data-avia-tooltip='&lt;p&gt;Harze \/ Klebstoffe&lt;\/p&gt;\n'><a href=https:\/\/www.mates.it\/de\/produkte\/harze-klebstoffe-chemikalien\/  target=\"_blank\"  rel=\"noopener noreferrer\" class='av-image-hotspot_inner'>2<\/a><div class='av-image-hotspot-pulse'><\/div><\/div><div class='av-image-hotspot av-lk8z0xtz-c1fd239349fe6b05a51dce2db3efbe67 av-image-hotspot-3 ' data-avia-tooltip-position='left' data-avia-tooltip-alignment='top' data-avia-tooltip-class='av-tt-default-width av-tt-pos-left av-tt-align-top  av-mobile-fallback-active  main_color av-tt-hotspot' data-avia-tooltip='&lt;p&gt;Befestigungselemente&lt;\/p&gt;\n'><a href=https:\/\/www.mates.it\/de\/produkte\/befestigungselemente\/  target=\"_blank\"  rel=\"noopener noreferrer\" class='av-image-hotspot_inner'>3<\/a><div class='av-image-hotspot-pulse'><\/div><\/div><div class='av-image-hotspot av-lk8z19cq-d0b2932e5dcb52e7b47ffe40b713cc3b av-image-hotspot-4 ' data-avia-tooltip-position='left' data-avia-tooltip-alignment='top' data-avia-tooltip-class='av-tt-default-width av-tt-pos-left av-tt-align-top  av-mobile-fallback-active  main_color av-tt-hotspot' data-avia-tooltip='&lt;p&gt;Hilfsmittel \/ Werkzeuge&lt;\/p&gt;\n'><a href=https:\/\/www.mates.it\/de\/produkte\/hilfsmittel-werkzeuge\/  target=\"_blank\"  rel=\"noopener noreferrer\" class='av-image-hotspot_inner'>4<\/a><div class='av-image-hotspot-pulse'><\/div><\/div><img decoding=\"async\" fetchpriority=\"high\" class=\"wp-image-0 avia-img-lazy-loading-not-0 avia_image\" src=\"https:\/\/www.mates.it\/wp-content\/uploads\/2016\/09\/Infrastrutture-Edile.jpg\" alt=\"\" title=\"\"><\/div><\/div><\/div><div class='av-hotspot-fallback-tooltip av-image-hotspot-1 '><div class=\"av-hotspot-fallback-tooltip-count\">1<div class=\"avia-arrow\"><\/div><\/div><div class=\"av-hotspot-fallback-tooltip-inner clearfix\"><p>\nFaserverst\u00e4rkungen<\/p>\n<\/div><\/div><div class='av-hotspot-fallback-tooltip av-image-hotspot-2 '><div class=\"av-hotspot-fallback-tooltip-count\">2<div class=\"avia-arrow\"><\/div><\/div><div class=\"av-hotspot-fallback-tooltip-inner clearfix\"><p>\nHarze \/ Klebstoffe<\/p>\n<\/div><\/div><div class='av-hotspot-fallback-tooltip av-image-hotspot-3 '><div class=\"av-hotspot-fallback-tooltip-count\">3<div class=\"avia-arrow\"><\/div><\/div><div class=\"av-hotspot-fallback-tooltip-inner clearfix\"><p>\nBefestigungselemente<\/p>\n<\/div><\/div><div class='av-hotspot-fallback-tooltip av-image-hotspot-4 '><div class=\"av-hotspot-fallback-tooltip-count\">4<div class=\"avia-arrow\"><\/div><\/div><div class=\"av-hotspot-fallback-tooltip-inner clearfix\"><p>\nHilfsmittel \/ Werkzeuge<\/p>\n<\/div><\/div><\/div><\/p><\/div>\n<div  class='flex_column av-av_one_full-7714eba142aeda1f8b5272a3c372b279 av_one_full  avia-builder-el-5  el_after_av_one_full  el_before_av_hr  first flex_column_div  column-top-margin'     ><div  class='av_promobox av-lk8z1nic-9df8587d33c380f80cae39105b476814 avia-button-yes  avia-builder-el-6  avia-builder-el-no-sibling '><div class='avia-promocontent'><p>\nKlicken Sie auf die Zahlen im Bild und vergleichen Sie die f\u00fcr Ihren Bereich am besten geeigneten Produkte oder klicken Sie auf die Schaltfl\u00e4che in dieser Registerkarte, um alle unsere Produkte zu sehen.<\/p>\n<\/div><div  class='avia-button-wrap av-lk8z1nic-f3b963a07b499a0cb75eaf7844b9d7fa-wrap avia-button-right '><a href='https:\/\/www.mates.it\/de\/produkte\/'  class='avia-button av-lk8z1nic-f3b963a07b499a0cb75eaf7844b9d7fa av-link-btn avia-icon_select-yes-left-icon avia-size-medium avia-position-right avia-color-theme-color'  target=\"_blank\"  rel=\"noopener noreferrer\"  aria-label=\"      Produkte\"><span class='avia_button_icon avia_button_icon_left avia-iconfont avia-font-entypo-fontello' data-av_icon='\ue85c' data-av_iconfont='entypo-fontello' ><\/span><span class='avia_iconbox_title' >      Produkte<\/span><\/a><\/div><\/div><\/div><div  class='hr av-av_hr-91d7ccd583a503147498e120fee2ff9b hr-default  avia-builder-el-7  el_after_av_one_full  avia-builder-el-last '><span class='hr-inner '><span class=\"hr-inner-style\"><\/span><\/span><\/div><\/p>\n","protected":false},"excerpt":{"rendered":"<p>Der Bedarf auf diesem Markt besteht darin, die richtigen Materialien zu finden, die Festigkeit, Leichtigkeit und die richtige Flexibilit\u00e4t bei gleichzeitiger Designfreiheit garantieren.<\/p>\n","protected":false},"author":1,"featured_media":7386,"parent":8868,"menu_order":6,"comment_status":"closed","ping_status":"closed","template":"","meta":{"footnotes":""},"class_list":["post-8883","page","type-page","status-publish","has-post-thumbnail","hentry"],"_links":{"self":[{"href":"https:\/\/www.mates.it\/de\/wp-json\/wp\/v2\/pages\/8883","targetHints":{"allow":["GET"]}}],"collection":[{"href":"https:\/\/www.mates.it\/de\/wp-json\/wp\/v2\/pages"}],"about":[{"href":"https:\/\/www.mates.it\/de\/wp-json\/wp\/v2\/types\/page"}],"author":[{"embeddable":true,"href":"https:\/\/www.mates.it\/de\/wp-json\/wp\/v2\/users\/1"}],"replies":[{"embeddable":true,"href":"https:\/\/www.mates.it\/de\/wp-json\/wp\/v2\/comments?post=8883"}],"version-history":[{"count":0,"href":"https:\/\/www.mates.it\/de\/wp-json\/wp\/v2\/pages\/8883\/revisions"}],"up":[{"embeddable":true,"href":"https:\/\/www.mates.it\/de\/wp-json\/wp\/v2\/pages\/8868"}],"wp:featuredmedia":[{"embeddable":true,"href":"https:\/\/www.mates.it\/de\/wp-json\/wp\/v2\/media\/7386"}],"wp:attachment":[{"href":"https:\/\/www.mates.it\/de\/wp-json\/wp\/v2\/media?parent=8883"}],"curies":[{"name":"wp","href":"https:\/\/api.w.org\/{rel}","templated":true}]}}