{"id":8885,"date":"2015-09-16T10:53:50","date_gmt":"2015-09-16T08:53:50","guid":{"rendered":"https:\/\/www.mates.it\/settori\/eolic-erneuerbare-energie\/"},"modified":"2023-07-19T04:02:21","modified_gmt":"2023-07-19T02:02:21","slug":"windkraft-erneuerbare-energien","status":"publish","type":"page","link":"https:\/\/www.mates.it\/de\/markte\/windkraft-erneuerbare-energien\/","title":{"rendered":"Windkraft \/ Erneuerbare Energien"},"content":{"rendered":"<div  class='flex_column av-av_one_full-7714eba142aeda1f8b5272a3c372b279 av_one_full  avia-builder-el-0  el_before_av_one_full  avia-builder-el-first  first flex_column_div  '     ><p>\n<style type=\"text\/css\" data-created_by=\"avia_inline_auto\" id=\"style-css-av-lk8y0ben-a4381a2899ff35103ceba1fd86f6f0e8\">\n#top .av-special-heading.av-lk8y0ben-a4381a2899ff35103ceba1fd86f6f0e8{\npadding-bottom:10px;\n}\nbody .av-special-heading.av-lk8y0ben-a4381a2899ff35103ceba1fd86f6f0e8 .av-special-heading-tag .heading-char{\nfont-size:25px;\n}\n.av-special-heading.av-lk8y0ben-a4381a2899ff35103ceba1fd86f6f0e8 .av-subheading{\nfont-size:15px;\n}\n<\/style>\n<div  class='av-special-heading av-lk8y0ben-a4381a2899ff35103ceba1fd86f6f0e8 av-special-heading-h1  avia-builder-el-1  el_before_av_textblock  avia-builder-el-first  custom-h1-title'><h1 class='av-special-heading-tag '  >Windkraft \/ Erneuerbare Energien<\/h1><div class=\"special-heading-border\"><div class=\"special-heading-inner-border\"><\/div><\/div><\/div><br \/>\n<section  class='av_textblock_section av-lk8y0qgc-94db2e83f32d9d6c925eecc1759d6e65 '  ><div class='avia_textblock' ><p>Einer der am schnellsten wachsenden Sektoren ist derzeit die Windkraft, was zum Teil auf die Intensivierung der Forschung zu neuen Formen erneuerbarer Energien zur\u00fcckzuf\u00fchren ist. Die Nachfrage auf diesem Markt betrifft vor allem den Bedarf an Materialien, die f\u00fcr den Bau von Windturbinenfl\u00fcgeln zur Energieerzeugung geeignet sind, aber zunehmend auch f\u00fcr weniger g\u00e4ngige Verfahren. Die Verwendung fortschrittlicher Verbundwerkstoffe f\u00fcr die Planung und den Bau der Anlagen ist unverzichtbar, da ihre Steifigkeit, Haltbarkeit und Leichtigkeit eine effiziente Struktur erm\u00f6glichen.<\/p>\n<p>Unser Unternehmen bietet eine breite Palette von Produkten und Baus\u00e4tzen an, die den Anforderungen eines sich st\u00e4ndig wandelnden Marktes gerecht werden: Gewebe, mehrachsige Materialien, Epoxidharze und Klebstoffe sowie andere Produkte, die den Produktionsprozess erleichtern. Ebenfalls erh\u00e4ltlich sind unidirektionale Produkte mit speziell f\u00fcr die Industrie entwickelten Merkmalen wie gleichm\u00e4\u00dfige Lastverteilung, Gewichtseind\u00e4mmung und hohe Faserbenetzbarkeit.<\/p>\n<\/div><\/section><br \/>\n<div  class='hr av-av_hr-91d7ccd583a503147498e120fee2ff9b hr-default  avia-builder-el-3  el_after_av_textblock  el_before_av_image_hotspot  avia-builder-el-last '><span class='hr-inner '><span class=\"hr-inner-style\"><\/span><\/span><\/div><br \/>\n\n<style type=\"text\/css\" data-created_by=\"avia_inline_auto\" id=\"style-css-sub-av-lk8y3pa9-9ee835a2046db7ce8594d36e7aa46b05\">\n.av-hotspot-image-container .av-image-hotspot.av-lk8y1kav-d39a237b09f07aef50672f5f8b248dac{\ntop:55.4%;\nleft:16.8%;\n}\n.av-hotspot-image-container .av-image-hotspot.av-lk8y21vz-24df714e293241484d30bacc021bb61a{\ntop:24.7%;\nleft:38.3%;\n}\n.av-hotspot-image-container .av-image-hotspot.av-lk8y2fqs-4d1568cfef6705203610c1e54badc190{\ntop:27.6%;\nleft:30.5%;\n}\n.av-hotspot-image-container .av-image-hotspot.av-lk8y2w3w-2b2c70a4cdca40e8f2869ba64a58bf84{\ntop:50%;\nleft:83.3%;\n}\n.av-hotspot-image-container .av-image-hotspot.av-lk8y38s8-5fbba7b8ee2dcfecaa5f367a5a54d8cc{\ntop:60.9%;\nleft:55.7%;\n}\n.av-hotspot-image-container .av-image-hotspot.av-lk8y3n7b-5e99c876140f7e76ca45c12de23d0d56{\ntop:66.4%;\nleft:25.1%;\n}\n<\/style>\n<div  class='av-hotspot-image-container av-lk8y3pa9-9ee835a2046db7ce8594d36e7aa46b05  avia-builder-el-4  el_after_av_hr  avia-builder-el-last  av-hotspot-numbered av-mobile-fallback-active  av-non-fullwidth-hotspot-image' ><div class='av-hotspot-container'><div class='av-hotspot-container-inner-cell'><div class='av-hotspot-container-inner-wrap'><div class='av-image-hotspot av-lk8y1kav-d39a237b09f07aef50672f5f8b248dac av-image-hotspot-1 ' data-avia-tooltip-position='left' data-avia-tooltip-alignment='top' data-avia-tooltip-class='av-tt-default-width av-tt-pos-left av-tt-align-top  av-mobile-fallback-active  main_color av-tt-hotspot' data-avia-tooltip='&lt;p&gt;Faserverst\u00e4rkungen&lt;\/p&gt;\n'><a href=https:\/\/www.mates.it\/de\/produkte\/faserverstarkungen\/glasfaser\/  target=\"_blank\"  rel=\"noopener noreferrer\" class='av-image-hotspot_inner'>1<\/a><div class='av-image-hotspot-pulse'><\/div><\/div><div class='av-image-hotspot av-lk8y21vz-24df714e293241484d30bacc021bb61a av-image-hotspot-2 ' data-avia-tooltip-position='left' data-avia-tooltip-alignment='top' data-avia-tooltip-class='av-tt-default-width av-tt-pos-left av-tt-align-top  av-mobile-fallback-active  main_color av-tt-hotspot' data-avia-tooltip='&lt;p&gt;Harze \/ Klebstoffe&lt;\/p&gt;\n'><a href=https:\/\/www.mates.it\/de\/produkte\/harze-klebstoffe-chemikalien\/  target=\"_blank\"  rel=\"noopener noreferrer\" class='av-image-hotspot_inner'>2<\/a><div class='av-image-hotspot-pulse'><\/div><\/div><div class='av-image-hotspot av-lk8y2fqs-4d1568cfef6705203610c1e54badc190 av-image-hotspot-3 ' data-avia-tooltip-position='left' data-avia-tooltip-alignment='top' data-avia-tooltip-class='av-tt-default-width av-tt-pos-left av-tt-align-top  av-mobile-fallback-active  main_color av-tt-hotspot' data-avia-tooltip='&lt;p&gt;Trennmittel&lt;\/p&gt;\n'><a href=https:\/\/www.mates.it\/de\/produkte\/trennmittel\/halb-permanent\/  target=\"_blank\"  rel=\"noopener noreferrer\" class='av-image-hotspot_inner'>3<\/a><div class='av-image-hotspot-pulse'><\/div><\/div><div class='av-image-hotspot av-lk8y2w3w-2b2c70a4cdca40e8f2869ba64a58bf84 av-image-hotspot-4 ' data-avia-tooltip-position='left' data-avia-tooltip-alignment='top' data-avia-tooltip-class='av-tt-default-width av-tt-pos-left av-tt-align-top  av-mobile-fallback-active  main_color av-tt-hotspot' data-avia-tooltip='&lt;p&gt;Sandwichmaterialien&lt;\/p&gt;\n'><a href=https:\/\/www.mates.it\/de\/produkte\/sandwichmaterialien\/schaume\/  target=\"_blank\"  rel=\"noopener noreferrer\" class='av-image-hotspot_inner'>4<\/a><div class='av-image-hotspot-pulse'><\/div><\/div><div class='av-image-hotspot av-lk8y38s8-5fbba7b8ee2dcfecaa5f367a5a54d8cc av-image-hotspot-5 ' data-avia-tooltip-position='left' data-avia-tooltip-alignment='top' data-avia-tooltip-class='av-tt-default-width av-tt-pos-left av-tt-align-top  av-mobile-fallback-active  main_color av-tt-hotspot' data-avia-tooltip='&lt;p&gt;Vakuumtechnik&lt;\/p&gt;\n'><a href=https:\/\/www.mates.it\/de\/produkte\/vakuumtechnik\/  target=\"_blank\"  rel=\"noopener noreferrer\" class='av-image-hotspot_inner'>5<\/a><div class='av-image-hotspot-pulse'><\/div><\/div><div class='av-image-hotspot av-lk8y3n7b-5e99c876140f7e76ca45c12de23d0d56 av-image-hotspot-6 ' data-avia-tooltip-position='left' data-avia-tooltip-alignment='top' data-avia-tooltip-class='av-tt-default-width av-tt-pos-left av-tt-align-top  av-mobile-fallback-active  main_color av-tt-hotspot' data-avia-tooltip='&lt;p&gt;Befestigungselemente&lt;\/p&gt;\n'><a href=https:\/\/www.mates.it\/de\/produkte\/befestigungselemente\/  target=\"_blank\"  rel=\"noopener noreferrer\" class='av-image-hotspot_inner'>6<\/a><div class='av-image-hotspot-pulse'><\/div><\/div><img decoding=\"async\" fetchpriority=\"high\" class=\"wp-image-0 avia-img-lazy-loading-not-0 avia_image\" src=\"https:\/\/www.mates.it\/wp-content\/uploads\/2016\/09\/Eolico-Energie-rinnovabili.jpg\" alt=\"\" title=\"\"><\/div><\/div><\/div><div class='av-hotspot-fallback-tooltip av-image-hotspot-1 '><div class=\"av-hotspot-fallback-tooltip-count\">1<div class=\"avia-arrow\"><\/div><\/div><div class=\"av-hotspot-fallback-tooltip-inner clearfix\"><p>\nFaserverst\u00e4rkungen<\/p>\n<\/div><\/div><div class='av-hotspot-fallback-tooltip av-image-hotspot-2 '><div class=\"av-hotspot-fallback-tooltip-count\">2<div class=\"avia-arrow\"><\/div><\/div><div class=\"av-hotspot-fallback-tooltip-inner clearfix\"><p>\nHarze \/ Klebstoffe<\/p>\n<\/div><\/div><div class='av-hotspot-fallback-tooltip av-image-hotspot-3 '><div class=\"av-hotspot-fallback-tooltip-count\">3<div class=\"avia-arrow\"><\/div><\/div><div class=\"av-hotspot-fallback-tooltip-inner clearfix\"><p>\nTrennmittel<\/p>\n<\/div><\/div><div class='av-hotspot-fallback-tooltip av-image-hotspot-4 '><div class=\"av-hotspot-fallback-tooltip-count\">4<div class=\"avia-arrow\"><\/div><\/div><div class=\"av-hotspot-fallback-tooltip-inner clearfix\"><p>\nSandwichmaterialien<\/p>\n<\/div><\/div><div class='av-hotspot-fallback-tooltip av-image-hotspot-5 '><div class=\"av-hotspot-fallback-tooltip-count\">5<div class=\"avia-arrow\"><\/div><\/div><div class=\"av-hotspot-fallback-tooltip-inner clearfix\"><p>\nVakuumtechnik<\/p>\n<\/div><\/div><div class='av-hotspot-fallback-tooltip av-image-hotspot-6 '><div class=\"av-hotspot-fallback-tooltip-count\">6<div class=\"avia-arrow\"><\/div><\/div><div class=\"av-hotspot-fallback-tooltip-inner clearfix\"><p>\nBefestigungselemente<\/p>\n<\/div><\/div><\/div><\/p><\/div>\n<div  class='flex_column av-av_one_full-7714eba142aeda1f8b5272a3c372b279 av_one_full  avia-builder-el-5  el_after_av_one_full  el_before_av_hr  first flex_column_div  column-top-margin'     ><div  class='av_promobox av-lk8y447e-23c5501dc3895e4b86441ef97873c861 avia-button-yes  avia-builder-el-6  avia-builder-el-no-sibling '><div class='avia-promocontent'><p>\nKlicken Sie auf die Zahlen im Bild und vergleichen Sie die f\u00fcr Ihren Bereich am besten geeigneten Produkte oder klicken Sie auf die Schaltfl\u00e4che in dieser Registerkarte, um alle unsere Produkte zu sehen.<\/p>\n<\/div><div  class='avia-button-wrap av-lk8y447e-46b943098204d27c9036b2b132a982fc-wrap avia-button-right '><a href='https:\/\/www.mates.it\/de\/produkte\/'  class='avia-button av-lk8y447e-46b943098204d27c9036b2b132a982fc av-link-btn avia-icon_select-yes-left-icon avia-size-medium avia-position-right avia-color-theme-color'  target=\"_blank\"  rel=\"noopener noreferrer\"  aria-label=\"      Produkte\"><span class='avia_button_icon avia_button_icon_left avia-iconfont avia-font-entypo-fontello' data-av_icon='\ue85c' data-av_iconfont='entypo-fontello' ><\/span><span class='avia_iconbox_title' >      Produkte<\/span><\/a><\/div><\/div><\/div><div  class='hr av-av_hr-91d7ccd583a503147498e120fee2ff9b hr-default  avia-builder-el-7  el_after_av_one_full  avia-builder-el-last '><span class='hr-inner '><span class=\"hr-inner-style\"><\/span><\/span><\/div><\/p>\n","protected":false},"excerpt":{"rendered":"<p>Einer der am schnellsten wachsenden Sektoren ist derzeit die Windkraft, was zum Teil auf die Intensivierung der Forschung zu neuen Formen erneuerbarer Energien zur\u00fcckzuf\u00fchren ist.<\/p>\n","protected":false},"author":1,"featured_media":7866,"parent":8868,"menu_order":5,"comment_status":"closed","ping_status":"closed","template":"","meta":{"footnotes":""},"class_list":["post-8885","page","type-page","status-publish","has-post-thumbnail","hentry"],"_links":{"self":[{"href":"https:\/\/www.mates.it\/de\/wp-json\/wp\/v2\/pages\/8885","targetHints":{"allow":["GET"]}}],"collection":[{"href":"https:\/\/www.mates.it\/de\/wp-json\/wp\/v2\/pages"}],"about":[{"href":"https:\/\/www.mates.it\/de\/wp-json\/wp\/v2\/types\/page"}],"author":[{"embeddable":true,"href":"https:\/\/www.mates.it\/de\/wp-json\/wp\/v2\/users\/1"}],"replies":[{"embeddable":true,"href":"https:\/\/www.mates.it\/de\/wp-json\/wp\/v2\/comments?post=8885"}],"version-history":[{"count":0,"href":"https:\/\/www.mates.it\/de\/wp-json\/wp\/v2\/pages\/8885\/revisions"}],"up":[{"embeddable":true,"href":"https:\/\/www.mates.it\/de\/wp-json\/wp\/v2\/pages\/8868"}],"wp:featuredmedia":[{"embeddable":true,"href":"https:\/\/www.mates.it\/de\/wp-json\/wp\/v2\/media\/7866"}],"wp:attachment":[{"href":"https:\/\/www.mates.it\/de\/wp-json\/wp\/v2\/media?parent=8885"}],"curies":[{"name":"wp","href":"https:\/\/api.w.org\/{rel}","templated":true}]}}