{"id":8887,"date":"2015-09-16T10:53:21","date_gmt":"2015-09-16T08:53:21","guid":{"rendered":"https:\/\/www.mates.it\/settori\/marine-d\/"},"modified":"2023-07-19T04:01:56","modified_gmt":"2023-07-19T02:01:56","slug":"schiffbau","status":"publish","type":"page","link":"https:\/\/www.mates.it\/de\/markte\/schiffbau\/","title":{"rendered":"Schiffbau"},"content":{"rendered":"<div  class='flex_column av-av_one_full-7714eba142aeda1f8b5272a3c372b279 av_one_full  avia-builder-el-0  el_before_av_one_full  avia-builder-el-first  first flex_column_div  '     ><p>\n<style type=\"text\/css\" data-created_by=\"avia_inline_auto\" id=\"style-css-av-lk8rh36a-5d9144287ace6ad80cbeab041885dfba\">\n#top .av-special-heading.av-lk8rh36a-5d9144287ace6ad80cbeab041885dfba{\npadding-bottom:10px;\n}\nbody .av-special-heading.av-lk8rh36a-5d9144287ace6ad80cbeab041885dfba .av-special-heading-tag .heading-char{\nfont-size:25px;\n}\n.av-special-heading.av-lk8rh36a-5d9144287ace6ad80cbeab041885dfba .av-subheading{\nfont-size:15px;\n}\n<\/style>\n<div  class='av-special-heading av-lk8rh36a-5d9144287ace6ad80cbeab041885dfba av-special-heading-h1  avia-builder-el-1  el_before_av_textblock  avia-builder-el-first  custom-h1-title'><h1 class='av-special-heading-tag '  >Schiffbau<\/h1><div class=\"special-heading-border\"><div class=\"special-heading-inner-border\"><\/div><\/div><\/div><br \/>\n<section  class='av_textblock_section av-lk8rhgyv-58ce50beb163b8020b85a2c57877770b '  ><div class='avia_textblock' ><p>Wie im Automobilsektor gibt es auch auf dem Schifffahrtsmarkt einen gro\u00dfen Kundenstamm, der nach der Art der Nutzung der Schiffe unterteilt ist. Er umfasst Boote f\u00fcr den Transport von G\u00fctern oder Personen sowie Privat- und Hochseeyachten, bei denen Gewichtsreduzierung und strukturelle St\u00e4rke zur Maximierung der Effizienz gefragt sind.<\/p>\n<p>Mates, seit \u00fcber 40 Jahren f\u00fchrend in der Branche, konzentriert sich darauf, die Marktanforderungen mit Produkten zu erf\u00fcllen, die alle Bed\u00fcrfnisse abdecken, wie z. B.: Vakuumbeutel f\u00fcr mittlere und niedrige Temperaturen, Epoxid-, Vinylester- und Polyester-Laminierharze und Trennfolien, die die Prozesse veranschaulichen. Methacrylat-Strukturklebstoffe f\u00fcr die Verklebung von Schiffsk\u00f6rper und Innenstrukturen, geschlossene Zellkerne wie PVC und das innovative PET. Dar\u00fcber hinaus liefern wir Prozesszubeh\u00f6r wie Kupplungen und Infusionsschl\u00e4uche, die f\u00fcr die Herstellung fortschrittlicher Verbundwerkstoffe entwickelt wurden. Die im Laufe der Zeit gesammelte Erfahrung erm\u00f6glicht es uns, eine breite Palette von Produkten zu verarbeiten, die f\u00fcr den nautischen Sektor empfohlen werden und eine maximale Verarbeitungseffizienz bei niedrigen Kosten garantieren.<\/p>\n<\/div><\/section><br \/>\n<div  class='hr av-av_hr-91d7ccd583a503147498e120fee2ff9b hr-default  avia-builder-el-3  el_after_av_textblock  el_before_av_image_hotspot  avia-builder-el-last '><span class='hr-inner '><span class=\"hr-inner-style\"><\/span><\/span><\/div><br \/>\n\n<style type=\"text\/css\" data-created_by=\"avia_inline_auto\" id=\"style-css-sub-av-lk8rki4g-26b660e4071d75e598fbe323b73fc2e3\">\n.av-hotspot-image-container .av-image-hotspot.av-lk8rhvsf-48067d721595ca3f8f438ac08eebc35f{\ntop:30.4%;\nleft:87.6%;\n}\n.av-hotspot-image-container .av-image-hotspot.av-lk8rij2v-a4343b3d76f9aacf007f0448b4737c4b{\ntop:19.2%;\nleft:62.5%;\n}\n.av-hotspot-image-container .av-image-hotspot.av-lk8rj1jm-8bcbec638ad93da4161dedb9bb87d5fc{\ntop:30.5%;\nleft:32.6%;\n}\n.av-hotspot-image-container .av-image-hotspot.av-lk8rjjd1-27e6a8cc7b4fd625e45a314e32e50a1c{\ntop:30.5%;\nleft:46.3%;\n}\n.av-hotspot-image-container .av-image-hotspot.av-lk8rjyt8-4ebd1fa59f1d5a396b43003eb409ed0f{\ntop:66.5%;\nleft:20.9%;\n}\n.av-hotspot-image-container .av-image-hotspot.av-lk8rkhed-97505f0ad6f8da7d83b2b8685b8db507{\ntop:72.1%;\nleft:54.2%;\n}\n<\/style>\n<div  class='av-hotspot-image-container av-lk8rki4g-26b660e4071d75e598fbe323b73fc2e3  avia-builder-el-4  el_after_av_hr  avia-builder-el-last  av-hotspot-numbered av-mobile-fallback-active  av-non-fullwidth-hotspot-image' ><div class='av-hotspot-container'><div class='av-hotspot-container-inner-cell'><div class='av-hotspot-container-inner-wrap'><div class='av-image-hotspot av-lk8rhvsf-48067d721595ca3f8f438ac08eebc35f av-image-hotspot-1 ' data-avia-tooltip-position='left' data-avia-tooltip-alignment='top' data-avia-tooltip-class='av-tt-default-width av-tt-pos-left av-tt-align-top  av-mobile-fallback-active  main_color av-tt-hotspot' data-avia-tooltip='&lt;p&gt;Faserverst\u00e4rkungen&lt;\/p&gt;\n'><a href=https:\/\/www.mates.it\/de\/produkte\/faserverstarkungen\/  target=\"_blank\"  rel=\"noopener noreferrer\" class='av-image-hotspot_inner'>1<\/a><div class='av-image-hotspot-pulse'><\/div><\/div><div class='av-image-hotspot av-lk8rij2v-a4343b3d76f9aacf007f0448b4737c4b av-image-hotspot-2 ' data-avia-tooltip-position='left' data-avia-tooltip-alignment='top' data-avia-tooltip-class='av-tt-default-width av-tt-pos-left av-tt-align-top  av-mobile-fallback-active  main_color av-tt-hotspot' data-avia-tooltip='&lt;p&gt;Harze \/ Klebstoffe&lt;\/p&gt;\n'><a href=https:\/\/www.mates.it\/de\/produkte\/harze-klebstoffe-chemikalien\/  target=\"_blank\"  rel=\"noopener noreferrer\" class='av-image-hotspot_inner'>2<\/a><div class='av-image-hotspot-pulse'><\/div><\/div><div class='av-image-hotspot av-lk8rj1jm-8bcbec638ad93da4161dedb9bb87d5fc av-image-hotspot-3 ' data-avia-tooltip-position='left' data-avia-tooltip-alignment='top' data-avia-tooltip-class='av-tt-default-width av-tt-pos-left av-tt-align-top  av-mobile-fallback-active  main_color av-tt-hotspot' data-avia-tooltip='&lt;p&gt;Trennmittel&lt;\/p&gt;\n'><a href=https:\/\/www.mates.it\/de\/produkte\/trennmittel\/halb-permanent\/trennmittel_s\/  target=\"_blank\"  rel=\"noopener noreferrer\" class='av-image-hotspot_inner'>3<\/a><div class='av-image-hotspot-pulse'><\/div><\/div><div class='av-image-hotspot av-lk8rjjd1-27e6a8cc7b4fd625e45a314e32e50a1c av-image-hotspot-4 ' data-avia-tooltip-position='left' data-avia-tooltip-alignment='top' data-avia-tooltip-class='av-tt-default-width av-tt-pos-left av-tt-align-top  av-mobile-fallback-active  main_color av-tt-hotspot' data-avia-tooltip='&lt;p&gt;Sandwichmaterialien&lt;\/p&gt;\n'><a href=https:\/\/www.mates.it\/de\/produkte\/sandwichmaterialien\/schaume\/  target=\"_blank\"  rel=\"noopener noreferrer\" class='av-image-hotspot_inner'>4<\/a><div class='av-image-hotspot-pulse'><\/div><\/div><div class='av-image-hotspot av-lk8rjyt8-4ebd1fa59f1d5a396b43003eb409ed0f av-image-hotspot-5 ' data-avia-tooltip-position='left' data-avia-tooltip-alignment='top' data-avia-tooltip-class='av-tt-default-width av-tt-pos-left av-tt-align-top  av-mobile-fallback-active  main_color av-tt-hotspot' data-avia-tooltip='&lt;p&gt;Vakuumtechnik&lt;\/p&gt;\n'><a href=https:\/\/www.mates.it\/de\/produkte\/vakuumtechnik\/  target=\"_blank\"  rel=\"noopener noreferrer\" class='av-image-hotspot_inner'>5<\/a><div class='av-image-hotspot-pulse'><\/div><\/div><div class='av-image-hotspot av-lk8rkhed-97505f0ad6f8da7d83b2b8685b8db507 av-image-hotspot-6 ' data-avia-tooltip-position='left' data-avia-tooltip-alignment='top' data-avia-tooltip-class='av-tt-default-width av-tt-pos-left av-tt-align-top  av-mobile-fallback-active  main_color av-tt-hotspot' data-avia-tooltip='&lt;p&gt;Hilfsmittel \/ Werkzeuge&lt;\/p&gt;\n'><a href=https:\/\/www.mates.it\/de\/produkte\/hilfsmittel-werkzeuge\/  target=\"_blank\"  rel=\"noopener noreferrer\" class='av-image-hotspot_inner'>6<\/a><div class='av-image-hotspot-pulse'><\/div><\/div><img decoding=\"async\" fetchpriority=\"high\" class=\"wp-image-0 avia-img-lazy-loading-not-0 avia_image\" src=\"https:\/\/www.mates.it\/wp-content\/uploads\/2016\/09\/Nautico.jpg\" alt=\"\" title=\"\"><\/div><\/div><\/div><div class='av-hotspot-fallback-tooltip av-image-hotspot-1 '><div class=\"av-hotspot-fallback-tooltip-count\">1<div class=\"avia-arrow\"><\/div><\/div><div class=\"av-hotspot-fallback-tooltip-inner clearfix\"><p>\nFaserverst\u00e4rkungen<\/p>\n<\/div><\/div><div class='av-hotspot-fallback-tooltip av-image-hotspot-2 '><div class=\"av-hotspot-fallback-tooltip-count\">2<div class=\"avia-arrow\"><\/div><\/div><div class=\"av-hotspot-fallback-tooltip-inner clearfix\"><p>\nHarze \/ Klebstoffe<\/p>\n<\/div><\/div><div class='av-hotspot-fallback-tooltip av-image-hotspot-3 '><div class=\"av-hotspot-fallback-tooltip-count\">3<div class=\"avia-arrow\"><\/div><\/div><div class=\"av-hotspot-fallback-tooltip-inner clearfix\"><p>\nTrennmittel<\/p>\n<\/div><\/div><div class='av-hotspot-fallback-tooltip av-image-hotspot-4 '><div class=\"av-hotspot-fallback-tooltip-count\">4<div class=\"avia-arrow\"><\/div><\/div><div class=\"av-hotspot-fallback-tooltip-inner clearfix\"><p>\nSandwichmaterialien<\/p>\n<\/div><\/div><div class='av-hotspot-fallback-tooltip av-image-hotspot-5 '><div class=\"av-hotspot-fallback-tooltip-count\">5<div class=\"avia-arrow\"><\/div><\/div><div class=\"av-hotspot-fallback-tooltip-inner clearfix\"><p>\nVakuumtechnik<\/p>\n<\/div><\/div><div class='av-hotspot-fallback-tooltip av-image-hotspot-6 '><div class=\"av-hotspot-fallback-tooltip-count\">6<div class=\"avia-arrow\"><\/div><\/div><div class=\"av-hotspot-fallback-tooltip-inner clearfix\"><p>\nHilfsmittel \/ Werkzeuge<\/p>\n<\/div><\/div><\/div><\/p><\/div>\n<div  class='flex_column av-av_one_full-7714eba142aeda1f8b5272a3c372b279 av_one_full  avia-builder-el-5  el_after_av_one_full  el_before_av_hr  first flex_column_div  column-top-margin'     ><div  class='av_promobox av-lk8rku8o-7e7c89cd1e4828e6eb1899d0a1bd36c7 avia-button-yes  avia-builder-el-6  avia-builder-el-no-sibling '><div class='avia-promocontent'><p>\nKlicken Sie auf die Nummern in der Abbildung und vergleichen Sie die f\u00fcr Ihren Bereich am besten geeigneten Produkte oder klicken Sie auf die Schaltfl\u00e4che in dieser Registerkarte, um alle unsere Produkte zu sehen.<\/p>\n<\/div><div  class='avia-button-wrap av-lk8rku8o-0f082c8e7929f433c73c69a4dbbbb32f-wrap avia-button-right '><a href='https:\/\/www.mates.it\/de\/produkte\/'  class='avia-button av-lk8rku8o-0f082c8e7929f433c73c69a4dbbbb32f av-link-btn avia-icon_select-yes-left-icon avia-size-medium avia-position-right avia-color-theme-color'  target=\"_blank\"  rel=\"noopener noreferrer\"  aria-label=\"      Produkte\"><span class='avia_button_icon avia_button_icon_left avia-iconfont avia-font-entypo-fontello' data-av_icon='\ue85c' data-av_iconfont='entypo-fontello' ><\/span><span class='avia_iconbox_title' >      Produkte<\/span><\/a><\/div><\/div><\/div><div  class='hr av-av_hr-91d7ccd583a503147498e120fee2ff9b hr-default  avia-builder-el-7  el_after_av_one_full  avia-builder-el-last '><span class='hr-inner '><span class=\"hr-inner-style\"><\/span><\/span><\/div><\/p>\n","protected":false},"excerpt":{"rendered":"<p>Die im Laufe der Zeit gesammelte Erfahrung erm\u00f6glicht es uns, eine breite Palette von Produkten zu verwalten, die f\u00fcr den Schifffahrtssektor empfohlen werden, und eine maximale Effizienz zu garantieren.<\/p>\n","protected":false},"author":1,"featured_media":7374,"parent":8868,"menu_order":3,"comment_status":"closed","ping_status":"closed","template":"","meta":{"footnotes":""},"class_list":["post-8887","page","type-page","status-publish","has-post-thumbnail","hentry"],"_links":{"self":[{"href":"https:\/\/www.mates.it\/de\/wp-json\/wp\/v2\/pages\/8887","targetHints":{"allow":["GET"]}}],"collection":[{"href":"https:\/\/www.mates.it\/de\/wp-json\/wp\/v2\/pages"}],"about":[{"href":"https:\/\/www.mates.it\/de\/wp-json\/wp\/v2\/types\/page"}],"author":[{"embeddable":true,"href":"https:\/\/www.mates.it\/de\/wp-json\/wp\/v2\/users\/1"}],"replies":[{"embeddable":true,"href":"https:\/\/www.mates.it\/de\/wp-json\/wp\/v2\/comments?post=8887"}],"version-history":[{"count":0,"href":"https:\/\/www.mates.it\/de\/wp-json\/wp\/v2\/pages\/8887\/revisions"}],"up":[{"embeddable":true,"href":"https:\/\/www.mates.it\/de\/wp-json\/wp\/v2\/pages\/8868"}],"wp:featuredmedia":[{"embeddable":true,"href":"https:\/\/www.mates.it\/de\/wp-json\/wp\/v2\/media\/7374"}],"wp:attachment":[{"href":"https:\/\/www.mates.it\/de\/wp-json\/wp\/v2\/media?parent=8887"}],"curies":[{"name":"wp","href":"https:\/\/api.w.org\/{rel}","templated":true}]}}