{"id":8889,"date":"2015-09-16T10:54:10","date_gmt":"2015-09-16T08:54:10","guid":{"rendered":"https:\/\/www.mates.it\/settori\/sport-freizeit\/"},"modified":"2023-07-19T04:02:41","modified_gmt":"2023-07-19T02:02:41","slug":"sport-freizeit","status":"publish","type":"page","link":"https:\/\/www.mates.it\/de\/markte\/sport-freizeit\/","title":{"rendered":"Sport \/ Freizeit"},"content":{"rendered":"<div  class='flex_column av-av_one_full-7714eba142aeda1f8b5272a3c372b279 av_one_full  avia-builder-el-0  el_before_av_one_full  avia-builder-el-first  first flex_column_div  '     ><p>\n<style type=\"text\/css\" data-created_by=\"avia_inline_auto\" id=\"style-css-av-lk9121cy-30932eb9148ba3bbc7d24e4d16e05348\">\n#top .av-special-heading.av-lk9121cy-30932eb9148ba3bbc7d24e4d16e05348{\npadding-bottom:10px;\n}\nbody .av-special-heading.av-lk9121cy-30932eb9148ba3bbc7d24e4d16e05348 .av-special-heading-tag .heading-char{\nfont-size:25px;\n}\n.av-special-heading.av-lk9121cy-30932eb9148ba3bbc7d24e4d16e05348 .av-subheading{\nfont-size:15px;\n}\n<\/style>\n<div  class='av-special-heading av-lk9121cy-30932eb9148ba3bbc7d24e4d16e05348 av-special-heading-h1  avia-builder-el-1  el_before_av_textblock  avia-builder-el-first  custom-h1-title'><h1 class='av-special-heading-tag '  >Sport \/ Freizeit<\/h1><div class=\"special-heading-border\"><div class=\"special-heading-inner-border\"><\/div><\/div><\/div><br \/>\n<section  class='av_textblock_section av-lk912ne7-dbc0d86b7e3ba4c0d66df61757f312ca '  ><div class='avia_textblock' ><p><span class=\"HwtZe\" lang=\"de\"><span class=\"jCAhz ChMk0b\"><span class=\"ryNqvb\">Dieser Sektor hat in den letzten Jahren begonnen, sich zu entwickeln, und umfasst immer mehr Sportarten, bei denen ein Bedarf an Leichtigkeit, Widerstandsf\u00e4higkeit und Flexibilit\u00e4t besteht, Eigenschaften fortschrittlicher Verbundmaterialien.<\/span><\/span> <span class=\"jCAhz ChMk0b\"><span class=\"ryNqvb\">Gleichzeitig umfasst der Sektor jedoch auch Luxusm\u00f6bel wie M\u00f6bel, St\u00fchle und Accessoires, die eine pr\u00e4zise und genaue Fertigung sowie einen hohen Steifigkeitsindex erfordern.<\/span><\/span> <\/span><\/p>\n<p><span class=\"HwtZe\" lang=\"de\"><span class=\"jCAhz ChMk0b\"><span class=\"ryNqvb\">Bei den von unserem Unternehmen angebotenen Produkten handelt es sich haupts\u00e4chlich um Prozesshilfsmittel wie Hochleistungstrennmittel, Harzfilme und Prepregs f\u00fcr OOA-Prozesse (Out of Autoclave).<\/span><\/span> <span class=\"jCAhz ChMk0b\"><span class=\"ryNqvb\">Sie erf\u00fcllen die Anforderungen des Marktes voll und ganz und garantieren auch bei extremen Temperaturen volle Effizienz und Funktionalit\u00e4t.<\/span><\/span> <span class=\"jCAhz ChMk0b\"><span class=\"ryNqvb\">Obwohl die Branche innovativ ist und sich st\u00e4ndig weiterentwickelt, ist das Feedback der Kunden aufgrund der F\u00e4higkeit, sich an spezifische Bed\u00fcrfnisse anzupassen, auch positiv.<\/span><\/span><\/span><\/p>\n<\/div><\/section><br \/>\n<div  class='hr av-av_hr-91d7ccd583a503147498e120fee2ff9b hr-default  avia-builder-el-3  el_after_av_textblock  el_before_av_image_hotspot  avia-builder-el-last '><span class='hr-inner '><span class=\"hr-inner-style\"><\/span><\/span><\/div><br \/>\n\n<style type=\"text\/css\" data-created_by=\"avia_inline_auto\" id=\"style-css-sub-av-lk914rk8-631e7308151c6128957e14874e63e4e9\">\n.av-hotspot-image-container .av-image-hotspot.av-lk913ed6-0d9e9cdb6c03f5213112fb78e29d2000{\ntop:61%;\nleft:79.1%;\n}\n.av-hotspot-image-container .av-image-hotspot.av-lk913oib-e2bad9d24eb992633578a92169cbac9e{\ntop:27.3%;\nleft:36.1%;\n}\n.av-hotspot-image-container .av-image-hotspot.av-lk913ys7-d4ae83c7a2cbbd14c4f66d86826b9bc2{\ntop:38.5%;\nleft:65.2%;\n}\n.av-hotspot-image-container .av-image-hotspot.av-lk91491v-41080e6d672f0fdc022f4d160f008475{\ntop:41.2%;\nleft:22.5%;\n}\n.av-hotspot-image-container .av-image-hotspot.av-lk914qbq-5e83e41b5e3ec77f6d7cbf09590bb32c{\ntop:35.7%;\nleft:48.4%;\n}\n<\/style>\n<div  class='av-hotspot-image-container av-lk914rk8-631e7308151c6128957e14874e63e4e9  avia-builder-el-4  el_after_av_hr  avia-builder-el-last  av-hotspot-numbered av-mobile-fallback-active  av-non-fullwidth-hotspot-image' ><div class='av-hotspot-container'><div class='av-hotspot-container-inner-cell'><div class='av-hotspot-container-inner-wrap'><div class='av-image-hotspot av-lk913ed6-0d9e9cdb6c03f5213112fb78e29d2000 av-image-hotspot-1 ' data-avia-tooltip-position='left' data-avia-tooltip-alignment='top' data-avia-tooltip-class='av-tt-default-width av-tt-pos-left av-tt-align-top  av-mobile-fallback-active  main_color av-tt-hotspot' data-avia-tooltip='&lt;p&gt;Faserverst\u00e4rkungen&lt;\/p&gt;\n'><a href=https:\/\/www.mates.it\/de\/produkte\/faserverstarkungen\/  target=\"_blank\"  rel=\"noopener noreferrer\" class='av-image-hotspot_inner'>1<\/a><div class='av-image-hotspot-pulse'><\/div><\/div><div class='av-image-hotspot av-lk913oib-e2bad9d24eb992633578a92169cbac9e av-image-hotspot-2 ' data-avia-tooltip-position='left' data-avia-tooltip-alignment='top' data-avia-tooltip-class='av-tt-default-width av-tt-pos-left av-tt-align-top  av-mobile-fallback-active  main_color av-tt-hotspot' data-avia-tooltip='&lt;p&gt;Vakuumtechnik&lt;\/p&gt;\n'><a href=https:\/\/www.mates.it\/de\/produkte\/vakuumtechnik\/  target=\"_blank\"  rel=\"noopener noreferrer\" class='av-image-hotspot_inner'>2<\/a><div class='av-image-hotspot-pulse'><\/div><\/div><div class='av-image-hotspot av-lk913ys7-d4ae83c7a2cbbd14c4f66d86826b9bc2 av-image-hotspot-3 ' data-avia-tooltip-position='left' data-avia-tooltip-alignment='top' data-avia-tooltip-class='av-tt-default-width av-tt-pos-left av-tt-align-top  av-mobile-fallback-active  main_color av-tt-hotspot' data-avia-tooltip='&lt;p&gt;Klebstoffe&lt;\/p&gt;\n'><a href=https:\/\/www.mates.it\/de\/produkte\/harze-klebstoffe-chemikalien\/klebstoffe\/  target=\"_blank\"  rel=\"noopener noreferrer\" class='av-image-hotspot_inner'>3<\/a><div class='av-image-hotspot-pulse'><\/div><\/div><div class='av-image-hotspot av-lk91491v-41080e6d672f0fdc022f4d160f008475 av-image-hotspot-4 ' data-avia-tooltip-position='left' data-avia-tooltip-alignment='top' data-avia-tooltip-class='av-tt-default-width av-tt-pos-left av-tt-align-top  av-mobile-fallback-active  main_color av-tt-hotspot' data-avia-tooltip='&lt;p&gt;Trennmittel&lt;\/p&gt;\n'><a href=https:\/\/www.mates.it\/de\/produkte\/trennmittel\/halb-permanent\/  target=\"_blank\"  rel=\"noopener noreferrer\" class='av-image-hotspot_inner'>4<\/a><div class='av-image-hotspot-pulse'><\/div><\/div><div class='av-image-hotspot av-lk914qbq-5e83e41b5e3ec77f6d7cbf09590bb32c av-image-hotspot-5 ' data-avia-tooltip-position='left' data-avia-tooltip-alignment='top' data-avia-tooltip-class='av-tt-default-width av-tt-pos-left av-tt-align-top  av-mobile-fallback-active  main_color av-tt-hotspot' data-avia-tooltip='&lt;p&gt;Befestigungselemente&lt;\/p&gt;\n'><a href=https:\/\/www.mates.it\/de\/produkte\/befestigungselemente\/  target=\"_blank\"  rel=\"noopener noreferrer\" class='av-image-hotspot_inner'>5<\/a><div class='av-image-hotspot-pulse'><\/div><\/div><img decoding=\"async\" fetchpriority=\"high\" class=\"wp-image-0 avia-img-lazy-loading-not-0 avia_image\" src=\"https:\/\/www.mates.it\/wp-content\/uploads\/2016\/09\/Sport-Tempo-libero.jpg\" alt=\"\" title=\"\"><\/div><\/div><\/div><div class='av-hotspot-fallback-tooltip av-image-hotspot-1 '><div class=\"av-hotspot-fallback-tooltip-count\">1<div class=\"avia-arrow\"><\/div><\/div><div class=\"av-hotspot-fallback-tooltip-inner clearfix\"><p>\nFaserverst\u00e4rkungen<\/p>\n<\/div><\/div><div class='av-hotspot-fallback-tooltip av-image-hotspot-2 '><div class=\"av-hotspot-fallback-tooltip-count\">2<div class=\"avia-arrow\"><\/div><\/div><div class=\"av-hotspot-fallback-tooltip-inner clearfix\"><p>\nVakuumtechnik<\/p>\n<\/div><\/div><div class='av-hotspot-fallback-tooltip av-image-hotspot-3 '><div class=\"av-hotspot-fallback-tooltip-count\">3<div class=\"avia-arrow\"><\/div><\/div><div class=\"av-hotspot-fallback-tooltip-inner clearfix\"><p>\nKlebstoffe<\/p>\n<\/div><\/div><div class='av-hotspot-fallback-tooltip av-image-hotspot-4 '><div class=\"av-hotspot-fallback-tooltip-count\">4<div class=\"avia-arrow\"><\/div><\/div><div class=\"av-hotspot-fallback-tooltip-inner clearfix\"><p>\nTrennmittel<\/p>\n<\/div><\/div><div class='av-hotspot-fallback-tooltip av-image-hotspot-5 '><div class=\"av-hotspot-fallback-tooltip-count\">5<div class=\"avia-arrow\"><\/div><\/div><div class=\"av-hotspot-fallback-tooltip-inner clearfix\"><p>\nBefestigungselemente<\/p>\n<\/div><\/div><\/div><\/p><\/div>\n<div  class='flex_column av-av_one_full-7714eba142aeda1f8b5272a3c372b279 av_one_full  avia-builder-el-5  el_after_av_one_full  el_before_av_hr  first flex_column_div  column-top-margin'     ><div  class='av_promobox av-lk91585x-33f60d30617ef80d80ce350be3c3085b avia-button-yes  avia-builder-el-6  avia-builder-el-no-sibling '><div class='avia-promocontent'><p>\nKlicken Sie auf die Zahlen im Bild und vergleichen Sie die f\u00fcr Ihren Bereich am besten geeigneten Produkte oder klicken Sie auf die Schaltfl\u00e4che in dieser Registerkarte, um alle unsere Produkte zu sehen.<\/p>\n<\/div><div  class='avia-button-wrap av-lk91585x-0a3532d0cf16614b8e1c1d987f6b7f40-wrap avia-button-right '><a href='https:\/\/www.mates.it\/de\/produkte\/'  class='avia-button av-lk91585x-0a3532d0cf16614b8e1c1d987f6b7f40 av-link-btn avia-icon_select-yes-left-icon avia-size-medium avia-position-right avia-color-theme-color'  target=\"_blank\"  rel=\"noopener noreferrer\"  aria-label=\"      Produkte\"><span class='avia_button_icon avia_button_icon_left avia-iconfont avia-font-entypo-fontello' data-av_icon='\ue85c' data-av_iconfont='entypo-fontello' ><\/span><span class='avia_iconbox_title' >      Produkte<\/span><\/a><\/div><\/div><\/div><div  class='hr av-av_hr-91d7ccd583a503147498e120fee2ff9b hr-default  avia-builder-el-7  el_after_av_one_full  avia-builder-el-last '><span class='hr-inner '><span class=\"hr-inner-style\"><\/span><\/span><\/div><\/p>\n","protected":false},"excerpt":{"rendered":"<p>Im Sport besteht ein zunehmender Bedarf an Leichtigkeit, Widerstandsf\u00e4higkeit und Flexibilit\u00e4t, Eigenschaften fortschrittlicher Verbundwerkstoffe.<\/p>\n","protected":false},"author":1,"featured_media":7390,"parent":8868,"menu_order":8,"comment_status":"open","ping_status":"open","template":"","meta":{"footnotes":""},"class_list":["post-8889","page","type-page","status-publish","has-post-thumbnail","hentry"],"_links":{"self":[{"href":"https:\/\/www.mates.it\/de\/wp-json\/wp\/v2\/pages\/8889","targetHints":{"allow":["GET"]}}],"collection":[{"href":"https:\/\/www.mates.it\/de\/wp-json\/wp\/v2\/pages"}],"about":[{"href":"https:\/\/www.mates.it\/de\/wp-json\/wp\/v2\/types\/page"}],"author":[{"embeddable":true,"href":"https:\/\/www.mates.it\/de\/wp-json\/wp\/v2\/users\/1"}],"replies":[{"embeddable":true,"href":"https:\/\/www.mates.it\/de\/wp-json\/wp\/v2\/comments?post=8889"}],"version-history":[{"count":0,"href":"https:\/\/www.mates.it\/de\/wp-json\/wp\/v2\/pages\/8889\/revisions"}],"up":[{"embeddable":true,"href":"https:\/\/www.mates.it\/de\/wp-json\/wp\/v2\/pages\/8868"}],"wp:featuredmedia":[{"embeddable":true,"href":"https:\/\/www.mates.it\/de\/wp-json\/wp\/v2\/media\/7390"}],"wp:attachment":[{"href":"https:\/\/www.mates.it\/de\/wp-json\/wp\/v2\/media?parent=8889"}],"curies":[{"name":"wp","href":"https:\/\/api.w.org\/{rel}","templated":true}]}}