{"id":8891,"date":"2015-09-16T10:56:31","date_gmt":"2015-09-16T08:56:31","guid":{"rendered":"https:\/\/www.mates.it\/processi\/vakuuminfusion-rfi\/"},"modified":"2023-10-14T14:54:36","modified_gmt":"2023-10-14T12:54:36","slug":"vakuuminfusion-rfi","status":"publish","type":"page","link":"https:\/\/www.mates.it\/de\/prozesse\/vakuuminfusion-rfi\/","title":{"rendered":"Vakuuminfusion \/ RFI"},"content":{"rendered":"<\/p>\n<div  class='flex_column av-av_one_full-7714eba142aeda1f8b5272a3c372b279 av_one_full  avia-builder-el-0  el_before_av_one_full  avia-builder-el-first  first flex_column_div  '     ><p>\n<style type=\"text\/css\" data-created_by=\"avia_inline_auto\" id=\"style-css-av-lkbpupyc-ada009419d6e0c99e41b821f3561595e\">\n#top .av-special-heading.av-lkbpupyc-ada009419d6e0c99e41b821f3561595e{\npadding-bottom:10px;\n}\nbody .av-special-heading.av-lkbpupyc-ada009419d6e0c99e41b821f3561595e .av-special-heading-tag .heading-char{\nfont-size:25px;\n}\n.av-special-heading.av-lkbpupyc-ada009419d6e0c99e41b821f3561595e .av-subheading{\nfont-size:15px;\n}\n<\/style>\n<div  class='av-special-heading av-lkbpupyc-ada009419d6e0c99e41b821f3561595e av-special-heading-h1  avia-builder-el-1  el_before_av_textblock  avia-builder-el-first  custom-h1-title'><h1 class='av-special-heading-tag '  >Vakuuminfusion \/ RFI<\/h1><div class=\"special-heading-border\"><div class=\"special-heading-inner-border\"><\/div><\/div><\/div><br \/>\n<section  class='av_textblock_section av-lkbpul10-ee4b00f28dd90b01bc7fb528a1605aaa '  ><div class='avia_textblock' ><p>Das Vakuuminfusionsverfahren (VIP) ist ein Produktionsverfahren, das zunehmend eingesetzt wird, um die \u00e4sthetische Qualit\u00e4t von Verbundstoffteilen zu verbessern und die Arbeitskosten zu senken. Bei diesem Verfahren wird mit Hilfe einer Vakuumpumpe ein Vakuum erzeugt, durch das das katalysierte Harz gepresst und alle Gewebeschichten impr\u00e4gniert werden. Die Geschwindigkeit, mit der die Schichten impr\u00e4gniert werden k\u00f6nnen, h\u00e4ngt von der Viskosit\u00e4t des Harzsystems, der Durchl\u00e4ssigkeit der Gewebeschichten und dem Druckgradienten ab, der das infundierte Harz vorantreibt. Dieses Verfahren erfordert die Verwendung von Folienvakuumbeuteln oder alternativ Silikonvakuumbeuteln, die f\u00fcr mehrere Formen wiederverwendet werden k\u00f6nnen. Die Harzfilminfusion (RFI) unterscheidet sich im Verfahren von der herk\u00f6mmlichen Harzinfusion. Es handelt sich um ein Verarbeitungssystem, bei dem ein Harzfilm auf das Gewebe gelegt wird und dank des von der Pumpe erzeugten Vakuums und einer bestimmten Temperatur alle Gewebeschichten gleichm\u00e4\u00dfig durchdringt. Die Vorteile des RFI-Systems gegen\u00fcber dem herk\u00f6mmlichen Verfahren sind Kosteneinsparungen, eine schnellere und effizientere Produktion und eine gr\u00f6\u00dfere Genauigkeit bei der Herstellung des Endprodukts.<\/p>\n<\/div><\/section><br \/>\n<div  class='hr av-av_hr-91d7ccd583a503147498e120fee2ff9b hr-default  avia-builder-el-3  el_after_av_textblock  el_before_av_image_hotspot  avia-builder-el-last '><span class='hr-inner '><span class=\"hr-inner-style\"><\/span><\/span><\/div><br \/>\n\n<style type=\"text\/css\" data-created_by=\"avia_inline_auto\" id=\"style-css-sub-av-lkbpw4li-907a8ca793b97a2dbbe878dca520fe97\">\n.av-hotspot-image-container .av-image-hotspot.av-lkbpzivl-cfdf774ed3b9804dc297868043cf3f6a{\ntop:45.3%;\nleft:66.7%;\n}\n.av-hotspot-image-container .av-image-hotspot.av-lkbpzu97-58aaf9bffc35e2649546d0cbae1fccd9{\ntop:67.8%;\nleft:31.6%;\n}\n.av-hotspot-image-container .av-image-hotspot.av-lkbq06nw-5e577741966879e73ce6b50cec0581d1{\ntop:80.1%;\nleft:56%;\n}\n.av-hotspot-image-container .av-image-hotspot.av-lkbq0ijb-56773314dac536f4baf2a06baa4ab96b{\ntop:65.6%;\nleft:73%;\n}\n.av-hotspot-image-container .av-image-hotspot.av-lkbq19th-6450705bf8eb4d89648fa0ae6eb83d27{\ntop:40.2%;\nleft:42.2%;\n}\n.av-hotspot-image-container .av-image-hotspot.av-lkbq1l7z-fb107123416c4a57622ad04a349f79d8{\ntop:81.9%;\nleft:92.6%;\n}\n<\/style>\n<div  class='av-hotspot-image-container av-lkbpw4li-907a8ca793b97a2dbbe878dca520fe97  avia-builder-el-4  el_after_av_hr  avia-builder-el-last  av-hotspot-numbered av-mobile-fallback-active  av-non-fullwidth-hotspot-image' ><div class='av-hotspot-container'><div class='av-hotspot-container-inner-cell'><div class='av-hotspot-container-inner-wrap'><div class='av-image-hotspot av-lkbpzivl-cfdf774ed3b9804dc297868043cf3f6a av-image-hotspot-1 ' data-avia-tooltip-position='left' data-avia-tooltip-alignment='top' data-avia-tooltip-class='av-tt-default-width av-tt-pos-left av-tt-align-top  av-mobile-fallback-active  main_color av-tt-hotspot' data-avia-tooltip='&lt;p&gt;Vakuumbeutel&lt;\/p&gt;\n'><a href=https:\/\/www.mates.it\/de\/produkte\/vakuumtechnik\/vakuumbeutel\/  target=\"_blank\"  rel=\"noopener noreferrer\" class='av-image-hotspot_inner'>1<\/a><div class='av-image-hotspot-pulse'><\/div><\/div><div class='av-image-hotspot av-lkbpzu97-58aaf9bffc35e2649546d0cbae1fccd9 av-image-hotspot-2 ' data-avia-tooltip-position='left' data-avia-tooltip-alignment='top' data-avia-tooltip-class='av-tt-default-width av-tt-pos-left av-tt-align-top  av-mobile-fallback-active  main_color av-tt-hotspot' data-avia-tooltip='&lt;p&gt;Faserverst\u00e4rkungen&lt;\/p&gt;\n'><a href=https:\/\/www.mates.it\/de\/produkte\/faserverstarkungen\/  target=\"_blank\"  rel=\"noopener noreferrer\" class='av-image-hotspot_inner'>2<\/a><div class='av-image-hotspot-pulse'><\/div><\/div><div class='av-image-hotspot av-lkbq06nw-5e577741966879e73ce6b50cec0581d1 av-image-hotspot-3 ' data-avia-tooltip-position='left' data-avia-tooltip-alignment='top' data-avia-tooltip-class='av-tt-default-width av-tt-pos-left av-tt-align-top  av-mobile-fallback-active  main_color av-tt-hotspot' data-avia-tooltip='&lt;p&gt;Harze&lt;\/p&gt;\n'><a href=https:\/\/www.mates.it\/de\/produkte\/harze-klebstoffe-chemikalien\/harze\/  target=\"_blank\"  rel=\"noopener noreferrer\" class='av-image-hotspot_inner'>3<\/a><div class='av-image-hotspot-pulse'><\/div><\/div><div class='av-image-hotspot av-lkbq0ijb-56773314dac536f4baf2a06baa4ab96b av-image-hotspot-4 ' data-avia-tooltip-position='left' data-avia-tooltip-alignment='top' data-avia-tooltip-class='av-tt-default-width av-tt-pos-left av-tt-align-top  av-mobile-fallback-active  main_color av-tt-hotspot' data-avia-tooltip='&lt;p&gt;Fliesshilfen&lt;\/p&gt;\n'><a href=https:\/\/www.mates.it\/de\/produkte\/vakuumtechnik\/fliesshilfen\/  target=\"_blank\"  rel=\"noopener noreferrer\" class='av-image-hotspot_inner'>4<\/a><div class='av-image-hotspot-pulse'><\/div><\/div><div class='av-image-hotspot av-lkbq19th-6450705bf8eb4d89648fa0ae6eb83d27 av-image-hotspot-5 ' data-avia-tooltip-position='left' data-avia-tooltip-alignment='top' data-avia-tooltip-class='av-tt-default-width av-tt-pos-left av-tt-align-top  av-mobile-fallback-active  main_color av-tt-hotspot' data-avia-tooltip='&lt;p&gt;Schl\u00e4uche&lt;\/p&gt;\n'><a href=https:\/\/www.mates.it\/de\/produkte\/hilfsmittel-werkzeuge\/rohre-fittings-verbindungen\/schlauche\/  target=\"_blank\"  rel=\"noopener noreferrer\" class='av-image-hotspot_inner'>5<\/a><div class='av-image-hotspot-pulse'><\/div><\/div><div class='av-image-hotspot av-lkbq1l7z-fb107123416c4a57622ad04a349f79d8 av-image-hotspot-6 ' data-avia-tooltip-position='left' data-avia-tooltip-alignment='top' data-avia-tooltip-class='av-tt-default-width av-tt-pos-left av-tt-align-top  av-mobile-fallback-active  main_color av-tt-hotspot' data-avia-tooltip='&lt;p&gt;Klebeb\u00e4nder&lt;\/p&gt;\n'><a href=https:\/\/www.mates.it\/de\/produkte\/vakuumtechnik\/klebebander-dichtungsbander\/  target=\"_blank\"  rel=\"noopener noreferrer\" class='av-image-hotspot_inner'>6<\/a><div class='av-image-hotspot-pulse'><\/div><\/div><img decoding=\"async\" fetchpriority=\"high\" class=\"wp-image-0 avia-img-lazy-loading-not-0 avia_image\" src=\"https:\/\/www.mates.it\/wp-content\/uploads\/2016\/09\/Infusione-classica-I-RFI.jpg\" alt=\"\" title=\"\"><\/div><\/div><\/div><div class='av-hotspot-fallback-tooltip av-image-hotspot-1 '><div class=\"av-hotspot-fallback-tooltip-count\">1<div class=\"avia-arrow\"><\/div><\/div><div class=\"av-hotspot-fallback-tooltip-inner clearfix\"><p>\nVakuumbeutel<\/p>\n<\/div><\/div><div class='av-hotspot-fallback-tooltip av-image-hotspot-2 '><div class=\"av-hotspot-fallback-tooltip-count\">2<div class=\"avia-arrow\"><\/div><\/div><div class=\"av-hotspot-fallback-tooltip-inner clearfix\"><p>\nFaserverst\u00e4rkungen<\/p>\n<\/div><\/div><div class='av-hotspot-fallback-tooltip av-image-hotspot-3 '><div class=\"av-hotspot-fallback-tooltip-count\">3<div class=\"avia-arrow\"><\/div><\/div><div class=\"av-hotspot-fallback-tooltip-inner clearfix\"><p>\nHarze<\/p>\n<\/div><\/div><div class='av-hotspot-fallback-tooltip av-image-hotspot-4 '><div class=\"av-hotspot-fallback-tooltip-count\">4<div class=\"avia-arrow\"><\/div><\/div><div class=\"av-hotspot-fallback-tooltip-inner clearfix\"><p>\nFliesshilfen<\/p>\n<\/div><\/div><div class='av-hotspot-fallback-tooltip av-image-hotspot-5 '><div class=\"av-hotspot-fallback-tooltip-count\">5<div class=\"avia-arrow\"><\/div><\/div><div class=\"av-hotspot-fallback-tooltip-inner clearfix\"><p>\nSchl\u00e4uche<\/p>\n<\/div><\/div><div class='av-hotspot-fallback-tooltip av-image-hotspot-6 '><div class=\"av-hotspot-fallback-tooltip-count\">6<div class=\"avia-arrow\"><\/div><\/div><div class=\"av-hotspot-fallback-tooltip-inner clearfix\"><p>\nKlebeb\u00e4nder<\/p>\n<\/div><\/div><\/div><\/p><\/div><div  class='flex_column av-av_one_full-7714eba142aeda1f8b5272a3c372b279 av_one_full  avia-builder-el-5  el_after_av_one_full  el_before_av_hr  first flex_column_div  column-top-margin'     ><div  class='av_promobox av-lkbq3q90-27b25245d5f3385fef8b51792d79dbf5 avia-button-yes  avia-builder-el-6  avia-builder-el-no-sibling '><div class='avia-promocontent'><p>\nKlicken Sie auf die Nummern in der Abbildung und vergleichen Sie die f\u00fcr Ihren Bereich am besten geeigneten Produkte oder klicken Sie auf die Schaltfl\u00e4che in dieser<\/p>\n<\/div><div  class='avia-button-wrap av-lkbq3q90-13d7554082caf254b1d69d6b4e6db4d0-wrap avia-button-right '><a href='https:\/\/www.mates.it\/de\/produkte\/'  class='avia-button av-lkbq3q90-13d7554082caf254b1d69d6b4e6db4d0 av-link-btn avia-icon_select-yes-left-icon avia-size-medium avia-position-right avia-color-theme-color'  target=\"_blank\"  rel=\"noopener noreferrer\"  aria-label=\"      Produkte\"><span class='avia_button_icon avia_button_icon_left avia-iconfont avia-font-entypo-fontello' data-av_icon='\ue85c' data-av_iconfont='entypo-fontello' ><\/span><span class='avia_iconbox_title' >      Produkte<\/span><\/a><\/div><\/div><\/div><div  class='hr av-av_hr-91d7ccd583a503147498e120fee2ff9b hr-default  avia-builder-el-7  el_after_av_one_full  avia-builder-el-last '><span class='hr-inner '><span class=\"hr-inner-style\"><\/span><\/span><\/div><\/p>\n","protected":false},"excerpt":{"rendered":"<p>Das Vakuuminfusionsverfahren (VIP) ist ein Produktionsverfahren, das zunehmend eingesetzt wird, um die \u00e4sthetische Qualit\u00e4t von Verbundstoffteilen zu verbessern und die Arbeitskosten zu senken.<\/p>\n","protected":false},"author":1,"featured_media":7406,"parent":8870,"menu_order":3,"comment_status":"open","ping_status":"open","template":"","meta":{"footnotes":""},"class_list":["post-8891","page","type-page","status-publish","has-post-thumbnail","hentry"],"_links":{"self":[{"href":"https:\/\/www.mates.it\/de\/wp-json\/wp\/v2\/pages\/8891","targetHints":{"allow":["GET"]}}],"collection":[{"href":"https:\/\/www.mates.it\/de\/wp-json\/wp\/v2\/pages"}],"about":[{"href":"https:\/\/www.mates.it\/de\/wp-json\/wp\/v2\/types\/page"}],"author":[{"embeddable":true,"href":"https:\/\/www.mates.it\/de\/wp-json\/wp\/v2\/users\/1"}],"replies":[{"embeddable":true,"href":"https:\/\/www.mates.it\/de\/wp-json\/wp\/v2\/comments?post=8891"}],"version-history":[{"count":0,"href":"https:\/\/www.mates.it\/de\/wp-json\/wp\/v2\/pages\/8891\/revisions"}],"up":[{"embeddable":true,"href":"https:\/\/www.mates.it\/de\/wp-json\/wp\/v2\/pages\/8870"}],"wp:featuredmedia":[{"embeddable":true,"href":"https:\/\/www.mates.it\/de\/wp-json\/wp\/v2\/media\/7406"}],"wp:attachment":[{"href":"https:\/\/www.mates.it\/de\/wp-json\/wp\/v2\/media?parent=8891"}],"curies":[{"name":"wp","href":"https:\/\/api.w.org\/{rel}","templated":true}]}}