{"id":8899,"date":"2015-09-16T10:56:46","date_gmt":"2015-09-16T08:56:46","guid":{"rendered":"https:\/\/www.mates.it\/processi\/kompressionsformen\/"},"modified":"2023-07-24T21:24:29","modified_gmt":"2023-07-24T19:24:29","slug":"formpressen","status":"publish","type":"page","link":"https:\/\/www.mates.it\/de\/prozesse\/formpressen\/","title":{"rendered":"Formpressen"},"content":{"rendered":"<div  class='flex_column av-av_one_full-7714eba142aeda1f8b5272a3c372b279 av_one_full  avia-builder-el-0  el_before_av_one_full  avia-builder-el-first  first flex_column_div  '     ><p>\n<style type=\"text\/css\" data-created_by=\"avia_inline_auto\" id=\"style-css-av-lkh94e15-09da9f7c34648e988e35092c8b5290d1\">\n#top .av-special-heading.av-lkh94e15-09da9f7c34648e988e35092c8b5290d1{\npadding-bottom:10px;\n}\nbody .av-special-heading.av-lkh94e15-09da9f7c34648e988e35092c8b5290d1 .av-special-heading-tag .heading-char{\nfont-size:25px;\n}\n.av-special-heading.av-lkh94e15-09da9f7c34648e988e35092c8b5290d1 .av-subheading{\nfont-size:15px;\n}\n<\/style>\n<div  class='av-special-heading av-lkh94e15-09da9f7c34648e988e35092c8b5290d1 av-special-heading-h1  avia-builder-el-1  el_before_av_textblock  avia-builder-el-first  custom-h1-title'><h1 class='av-special-heading-tag '  >Formpressen<\/h1><div class=\"special-heading-border\"><div class=\"special-heading-inner-border\"><\/div><\/div><\/div><br \/>\n<section  class='av_textblock_section av-lkh947mn-e0c6c7dca40fbd6899c613534df8a14c '  ><div class='avia_textblock' ><p>Obwohl das Formpressen in einer Presse eine der traditionellsten Verarbeitungsmethoden in der Industrie f\u00fcr hochentwickelte Verbundwerkstoffe ist, ist es bei vielen Unternehmen f\u00fcr die Gro\u00dfserienproduktion immer noch sehr beliebt. Bei diesem Verfahren wird die mechanische Kraft einer industriellen Presse genutzt, um den Vorformling in die gew\u00fcnschte Form zu pressen. Der Vorformling wird auf den unteren Teil der Form (fester Teil) gelegt, der obere Teil wird dann \u00fcberlappt und die Form wird geschlossen. Die Presse bringt die notwendige mechanische Kraft auf, um die Form, in der sich der Vorformling befindet, vollst\u00e4ndig zu f\u00fcllen. Im unteren Teil der Form befindet sich eine Entl\u00fcftungs\u00f6ffnung, durch die das \u00fcbersch\u00fcssige Harz entweichen kann. Wenn das Harz ausgeh\u00e4rtet ist, befindet sich ein fertiges Bauteil in der Form, das weiterverarbeitet werden kann. Beim Formpressen entstehen Bauteile mit wichtigen mechanischen Werten und maximaler Wiederholbarkeit des Prozesses.<\/p>\n<\/div><\/section><br \/>\n<div  class='hr av-av_hr-91d7ccd583a503147498e120fee2ff9b hr-default  avia-builder-el-3  el_after_av_textblock  el_before_av_image_hotspot  avia-builder-el-last '><span class='hr-inner '><span class=\"hr-inner-style\"><\/span><\/span><\/div><br \/>\n\n<style type=\"text\/css\" data-created_by=\"avia_inline_auto\" id=\"style-css-sub-av-lkh9ar76-b99da7203bb927c4c39a315c2e962895\">\n.av-hotspot-image-container .av-image-hotspot.av-lkh955ra-4965b9964628ff00a36148fca331d3a7{\ntop:62.1%;\nleft:46.2%;\n}\n.av-hotspot-image-container .av-image-hotspot.av-lkh95e1z-46675c0e60fe5b95ddf9abb3c0288b6f{\ntop:68.8%;\nleft:21.3%;\n}\n.av-hotspot-image-container .av-image-hotspot.av-lkh95sac-d3d85c24c4aba3ed26d1276b07e86983{\ntop:39.5%;\nleft:35.9%;\n}\n.av-hotspot-image-container .av-image-hotspot.av-lkh9a7mh-adfe47703a53871ca27324a61fa37b0c{\ntop:57.6%;\nleft:81.3%;\n}\n.av-hotspot-image-container .av-image-hotspot.av-lkh9aoj0-1cbad8d65fe1527f802d91e243cc7be7{\ntop:31.9%;\nleft:60.2%;\n}\n<\/style>\n<div  class='av-hotspot-image-container av-lkh9ar76-b99da7203bb927c4c39a315c2e962895  avia-builder-el-4  el_after_av_hr  avia-builder-el-last  av-hotspot-numbered av-mobile-fallback-active  av-non-fullwidth-hotspot-image' ><div class='av-hotspot-container'><div class='av-hotspot-container-inner-cell'><div class='av-hotspot-container-inner-wrap'><div class='av-image-hotspot av-lkh955ra-4965b9964628ff00a36148fca331d3a7 av-image-hotspot-1 ' data-avia-tooltip-position='left' data-avia-tooltip-alignment='top' data-avia-tooltip-class='av-tt-default-width av-tt-pos-left av-tt-align-top  av-mobile-fallback-active  main_color av-tt-hotspot' data-avia-tooltip='&lt;p&gt;Faserverst\u00e4rkungen&lt;\/p&gt;\n'><a href=https:\/\/www.mates.it\/de\/produkte\/faserverstarkungen\/  target=\"_blank\"  rel=\"noopener noreferrer\" class='av-image-hotspot_inner'>1<\/a><div class='av-image-hotspot-pulse'><\/div><\/div><div class='av-image-hotspot av-lkh95e1z-46675c0e60fe5b95ddf9abb3c0288b6f av-image-hotspot-2 ' data-avia-tooltip-position='left' data-avia-tooltip-alignment='top' data-avia-tooltip-class='av-tt-default-width av-tt-pos-left av-tt-align-top  av-mobile-fallback-active  main_color av-tt-hotspot' data-avia-tooltip='&lt;p&gt;Trennfolien&lt;\/p&gt;\n'><a href=https:\/\/www.mates.it\/de\/produkte\/vakuumtechnik\/trennfolien\/  target=\"_blank\"  rel=\"noopener noreferrer\" class='av-image-hotspot_inner'>2<\/a><div class='av-image-hotspot-pulse'><\/div><\/div><div class='av-image-hotspot av-lkh95sac-d3d85c24c4aba3ed26d1276b07e86983 av-image-hotspot-3 ' data-avia-tooltip-position='left' data-avia-tooltip-alignment='top' data-avia-tooltip-class='av-tt-default-width av-tt-pos-left av-tt-align-top  av-mobile-fallback-active  main_color av-tt-hotspot' data-avia-tooltip='&lt;p&gt;Befestigungselemente&lt;\/p&gt;\n'><a href=https:\/\/www.mates.it\/de\/produkte\/befestigungselemente\/  target=\"_blank\"  rel=\"noopener noreferrer\" class='av-image-hotspot_inner'>3<\/a><div class='av-image-hotspot-pulse'><\/div><\/div><div class='av-image-hotspot av-lkh9a7mh-adfe47703a53871ca27324a61fa37b0c av-image-hotspot-4 ' data-avia-tooltip-position='left' data-avia-tooltip-alignment='top' data-avia-tooltip-class='av-tt-default-width av-tt-pos-left av-tt-align-top  av-mobile-fallback-active  main_color av-tt-hotspot' data-avia-tooltip='&lt;p&gt;Trennmittel&lt;\/p&gt;\n'><a href=https:\/\/www.mates.it\/de\/produkte\/trennmittel\/  target=\"_blank\"  rel=\"noopener noreferrer\" class='av-image-hotspot_inner'>4<\/a><div class='av-image-hotspot-pulse'><\/div><\/div><div class='av-image-hotspot av-lkh9aoj0-1cbad8d65fe1527f802d91e243cc7be7 av-image-hotspot-5 ' data-avia-tooltip-position='left' data-avia-tooltip-alignment='top' data-avia-tooltip-class='av-tt-default-width av-tt-pos-left av-tt-align-top  av-mobile-fallback-active  main_color av-tt-hotspot' data-avia-tooltip='&lt;p&gt;Sandwichmaterialien&lt;\/p&gt;\n'><a href=https:\/\/www.mates.it\/de\/produkte\/sandwichmaterialien\/  target=\"_blank\"  rel=\"noopener noreferrer\" class='av-image-hotspot_inner'>5<\/a><div class='av-image-hotspot-pulse'><\/div><\/div><img decoding=\"async\" fetchpriority=\"high\" class=\"wp-image-0 avia-img-lazy-loading-not-0 avia_image\" src=\"https:\/\/www.mates.it\/wp-content\/uploads\/2016\/09\/Compression-Molding.jpg\" alt=\"\" title=\"\"><\/div><\/div><\/div><div class='av-hotspot-fallback-tooltip av-image-hotspot-1 '><div class=\"av-hotspot-fallback-tooltip-count\">1<div class=\"avia-arrow\"><\/div><\/div><div class=\"av-hotspot-fallback-tooltip-inner clearfix\"><p>\nFaserverst\u00e4rkungen<\/p>\n<\/div><\/div><div class='av-hotspot-fallback-tooltip av-image-hotspot-2 '><div class=\"av-hotspot-fallback-tooltip-count\">2<div class=\"avia-arrow\"><\/div><\/div><div class=\"av-hotspot-fallback-tooltip-inner clearfix\"><p>\nTrennfolien<\/p>\n<\/div><\/div><div class='av-hotspot-fallback-tooltip av-image-hotspot-3 '><div class=\"av-hotspot-fallback-tooltip-count\">3<div class=\"avia-arrow\"><\/div><\/div><div class=\"av-hotspot-fallback-tooltip-inner clearfix\"><p>\nBefestigungselemente<\/p>\n<\/div><\/div><div class='av-hotspot-fallback-tooltip av-image-hotspot-4 '><div class=\"av-hotspot-fallback-tooltip-count\">4<div class=\"avia-arrow\"><\/div><\/div><div class=\"av-hotspot-fallback-tooltip-inner clearfix\"><p>\nTrennmittel<\/p>\n<\/div><\/div><div class='av-hotspot-fallback-tooltip av-image-hotspot-5 '><div class=\"av-hotspot-fallback-tooltip-count\">5<div class=\"avia-arrow\"><\/div><\/div><div class=\"av-hotspot-fallback-tooltip-inner clearfix\"><p>\nSandwichmaterialien<\/p>\n<\/div><\/div><\/div><\/p><\/div><div  class='flex_column av-av_one_full-7714eba142aeda1f8b5272a3c372b279 av_one_full  avia-builder-el-5  el_after_av_one_full  el_before_av_hr  first flex_column_div  column-top-margin'     ><div  class='av_promobox av-lkh9b4ve-16ede0d8b8ec599e74a8214601c52853 avia-button-yes  avia-builder-el-6  avia-builder-el-no-sibling '><div class='avia-promocontent'><p>\nKlicken Sie auf die Zahlen im Bild und vergleichen Sie die f\u00fcr Ihren Bereich am besten geeigneten Produkte oder klicken Sie auf die Schaltfl\u00e4che in dieser Registerkarte, um alle unsere Produkte zu sehen.<\/p>\n<\/div><div  class='avia-button-wrap av-lkh9b4ve-4f82ef733bacb0b914be04a1fe90f19e-wrap avia-button-right '><a href='https:\/\/www.mates.it\/de\/produkte\/'  class='avia-button av-lkh9b4ve-4f82ef733bacb0b914be04a1fe90f19e av-link-btn avia-icon_select-yes-left-icon avia-size-medium avia-position-right avia-color-theme-color'  target=\"_blank\"  rel=\"noopener noreferrer\"  aria-label=\"      Produkte\"><span class='avia_button_icon avia_button_icon_left avia-iconfont avia-font-entypo-fontello' data-av_icon='\ue85c' data-av_iconfont='entypo-fontello' ><\/span><span class='avia_iconbox_title' >      Produkte<\/span><\/a><\/div><\/div><\/div><div  class='hr av-av_hr-91d7ccd583a503147498e120fee2ff9b hr-default  avia-builder-el-7  el_after_av_one_full  avia-builder-el-last '><span class='hr-inner '><span class=\"hr-inner-style\"><\/span><\/span><\/div><\/p>\n","protected":false},"excerpt":{"rendered":"<p>Beim Formpressen wird die von einer industriellen Presse ausge\u00fcbte mechanische Kraft zur Herstellung von Verbundwerkstoffteilen genutzt.<\/p>\n","protected":false},"author":1,"featured_media":7414,"parent":8870,"menu_order":5,"comment_status":"open","ping_status":"open","template":"","meta":{"footnotes":""},"class_list":["post-8899","page","type-page","status-publish","has-post-thumbnail","hentry"],"_links":{"self":[{"href":"https:\/\/www.mates.it\/de\/wp-json\/wp\/v2\/pages\/8899","targetHints":{"allow":["GET"]}}],"collection":[{"href":"https:\/\/www.mates.it\/de\/wp-json\/wp\/v2\/pages"}],"about":[{"href":"https:\/\/www.mates.it\/de\/wp-json\/wp\/v2\/types\/page"}],"author":[{"embeddable":true,"href":"https:\/\/www.mates.it\/de\/wp-json\/wp\/v2\/users\/1"}],"replies":[{"embeddable":true,"href":"https:\/\/www.mates.it\/de\/wp-json\/wp\/v2\/comments?post=8899"}],"version-history":[{"count":0,"href":"https:\/\/www.mates.it\/de\/wp-json\/wp\/v2\/pages\/8899\/revisions"}],"up":[{"embeddable":true,"href":"https:\/\/www.mates.it\/de\/wp-json\/wp\/v2\/pages\/8870"}],"wp:featuredmedia":[{"embeddable":true,"href":"https:\/\/www.mates.it\/de\/wp-json\/wp\/v2\/media\/7414"}],"wp:attachment":[{"href":"https:\/\/www.mates.it\/de\/wp-json\/wp\/v2\/media?parent=8899"}],"curies":[{"name":"wp","href":"https:\/\/api.w.org\/{rel}","templated":true}]}}