{"id":8909,"date":"2015-09-16T10:57:24","date_gmt":"2015-09-16T08:57:24","guid":{"rendered":"https:\/\/www.mates.it\/processi\/wickelverfahren\/"},"modified":"2023-07-25T21:00:43","modified_gmt":"2023-07-25T19:00:43","slug":"wickelverfahren","status":"publish","type":"page","link":"https:\/\/www.mates.it\/de\/prozesse\/wickelverfahren\/","title":{"rendered":"Wickelverfahren"},"content":{"rendered":"<div  class='flex_column av-av_one_full-7714eba142aeda1f8b5272a3c372b279 av_one_full  avia-builder-el-0  el_before_av_one_full  avia-builder-el-first  first flex_column_div  '     ><p>\n<style type=\"text\/css\" data-created_by=\"avia_inline_auto\" id=\"style-css-av-lkinszrq-1fdbdace334dea037dcc9d64b8957562\">\n#top .av-special-heading.av-lkinszrq-1fdbdace334dea037dcc9d64b8957562{\npadding-bottom:10px;\n}\nbody .av-special-heading.av-lkinszrq-1fdbdace334dea037dcc9d64b8957562 .av-special-heading-tag .heading-char{\nfont-size:25px;\n}\n.av-special-heading.av-lkinszrq-1fdbdace334dea037dcc9d64b8957562 .av-subheading{\nfont-size:15px;\n}\n<\/style>\n<div  class='av-special-heading av-lkinszrq-1fdbdace334dea037dcc9d64b8957562 av-special-heading-h1  avia-builder-el-1  el_before_av_textblock  avia-builder-el-first  custom-h1-title'><h1 class='av-special-heading-tag '  >Wickelverfahren<\/h1><div class=\"special-heading-border\"><div class=\"special-heading-inner-border\"><\/div><\/div><\/div><br \/>\n<section  class='av_textblock_section av-lkintovn-25a18e5be0ec3eb3dc373868347dad68 '  ><div class='avia_textblock' ><p>Das Wickelverfahren wird haupts\u00e4chlich zur Herstellung von hohlen Verbundwerkstoffprodukten mit kreisf\u00f6rmigem Querschnitt verwendet. Beim Filament Winding wird eine Vorform verwendet, um die Verst\u00e4rkungsfasern, die mit der Matrix impr\u00e4gniert sind, gewickelt werden. Es gibt zwei Arten der Anwendung dieses Verfahrens: nass oder trocken. Bei der Nassmethode nimmt die Faser das niedrigviskose Harz auf, indem sie durch einen Impr\u00e4gnier- und Quetschbeh\u00e4lter l\u00e4uft, w\u00e4hrend bei der Trockenmethode vorimpr\u00e4gnierte Filamente verwendet werden. Sobald die Matrix ausgeh\u00e4rtet ist, wird der Innendorn (die Form) entfernt und das Bauteil hergestellt. Je nach Verwendungszweck des Endprodukts k\u00f6nnen in diesem Produktionsprozess verschiedene Harzarten verwendet werden. Das Ergebnis des Verfahrens ist ein Teil, das kosteng\u00fcnstig hergestellt wird, aber eine hohe strukturelle Festigkeit aufweist.<\/p>\n<\/div><\/section><br \/>\n<div  class='hr av-av_hr-91d7ccd583a503147498e120fee2ff9b hr-default  avia-builder-el-3  el_after_av_textblock  el_before_av_image_hotspot  avia-builder-el-last '><span class='hr-inner '><span class=\"hr-inner-style\"><\/span><\/span><\/div><br \/>\n\n<style type=\"text\/css\" data-created_by=\"avia_inline_auto\" id=\"style-css-sub-av-lkinv58u-6200724a037110163362797c560866ae\">\n.av-hotspot-image-container .av-image-hotspot.av-lkinu8tp-577530b6098befc9c24fe988780a3d7b{\ntop:34.6%;\nleft:52.7%;\n}\n.av-hotspot-image-container .av-image-hotspot.av-lkinukap-e6c7524205b7280c549e05387f5182a0{\ntop:65.9%;\nleft:41.7%;\n}\n.av-hotspot-image-container .av-image-hotspot.av-lkinuvxb-6bab4f148a425b5880f78d71b5601bed{\ntop:66.1%;\nleft:69.3%;\n}\n.av-hotspot-image-container .av-image-hotspot.av-lkinv4gn-c11cfb9a29bb9ae133cb4a778d0b1703{\ntop:31.8%;\nleft:27.7%;\n}\n<\/style>\n<div  class='av-hotspot-image-container av-lkinv58u-6200724a037110163362797c560866ae  avia-builder-el-4  el_after_av_hr  avia-builder-el-last  av-hotspot-numbered av-mobile-fallback-active  av-non-fullwidth-hotspot-image' ><div class='av-hotspot-container'><div class='av-hotspot-container-inner-cell'><div class='av-hotspot-container-inner-wrap'><div class='av-image-hotspot av-lkinu8tp-577530b6098befc9c24fe988780a3d7b av-image-hotspot-1 ' data-avia-tooltip-position='left' data-avia-tooltip-alignment='top' data-avia-tooltip-class='av-tt-default-width av-tt-pos-left av-tt-align-top  av-mobile-fallback-active  main_color av-tt-hotspot' data-avia-tooltip='&lt;p&gt;Harze&lt;\/p&gt;\n'><a href=https:\/\/www.mates.it\/de\/produkte\/harze-klebstoffe-chemikalien\/harze\/  target=\"_blank\"  rel=\"noopener noreferrer\" class='av-image-hotspot_inner'>1<\/a><div class='av-image-hotspot-pulse'><\/div><\/div><div class='av-image-hotspot av-lkinukap-e6c7524205b7280c549e05387f5182a0 av-image-hotspot-2 ' data-avia-tooltip-position='left' data-avia-tooltip-alignment='top' data-avia-tooltip-class='av-tt-default-width av-tt-pos-left av-tt-align-top  av-mobile-fallback-active  main_color av-tt-hotspot' data-avia-tooltip='&lt;p&gt;Trennmittel&lt;\/p&gt;\n'><a href=https:\/\/www.mates.it\/de\/produkte\/trennmittel\/  target=\"_blank\"  rel=\"noopener noreferrer\" class='av-image-hotspot_inner'>2<\/a><div class='av-image-hotspot-pulse'><\/div><\/div><div class='av-image-hotspot av-lkinuvxb-6bab4f148a425b5880f78d71b5601bed av-image-hotspot-3 ' data-avia-tooltip-position='left' data-avia-tooltip-alignment='top' data-avia-tooltip-class='av-tt-default-width av-tt-pos-left av-tt-align-top  av-mobile-fallback-active  main_color av-tt-hotspot' data-avia-tooltip='&lt;p&gt;Trennfolien&lt;\/p&gt;\n'><a href=https:\/\/www.mates.it\/de\/produkte\/vakuumtechnik\/trennfolien\/  target=\"_blank\"  rel=\"noopener noreferrer\" class='av-image-hotspot_inner'>3<\/a><div class='av-image-hotspot-pulse'><\/div><\/div><div class='av-image-hotspot av-lkinv4gn-c11cfb9a29bb9ae133cb4a778d0b1703 av-image-hotspot-4 ' data-avia-tooltip-position='left' data-avia-tooltip-alignment='top' data-avia-tooltip-class='av-tt-default-width av-tt-pos-left av-tt-align-top  av-mobile-fallback-active  main_color av-tt-hotspot' data-avia-tooltip='&lt;p&gt;Stoffe peelply&lt;\/p&gt;\n'><a href=https:\/\/www.mates.it\/de\/produkte\/vakuumtechnik\/stoffe-peelply\/  target=\"_blank\"  rel=\"noopener noreferrer\" class='av-image-hotspot_inner'>4<\/a><div class='av-image-hotspot-pulse'><\/div><\/div><img decoding=\"async\" fetchpriority=\"high\" class=\"wp-image-0 avia-img-lazy-loading-not-0 avia_image\" src=\"https:\/\/www.mates.it\/wp-content\/uploads\/2016\/09\/Filament-winding.jpg\" alt=\"\" title=\"\"><\/div><\/div><\/div><div class='av-hotspot-fallback-tooltip av-image-hotspot-1 '><div class=\"av-hotspot-fallback-tooltip-count\">1<div class=\"avia-arrow\"><\/div><\/div><div class=\"av-hotspot-fallback-tooltip-inner clearfix\"><p>\nHarze<\/p>\n<\/div><\/div><div class='av-hotspot-fallback-tooltip av-image-hotspot-2 '><div class=\"av-hotspot-fallback-tooltip-count\">2<div class=\"avia-arrow\"><\/div><\/div><div class=\"av-hotspot-fallback-tooltip-inner clearfix\"><p>\nTrennmittel<\/p>\n<\/div><\/div><div class='av-hotspot-fallback-tooltip av-image-hotspot-3 '><div class=\"av-hotspot-fallback-tooltip-count\">3<div class=\"avia-arrow\"><\/div><\/div><div class=\"av-hotspot-fallback-tooltip-inner clearfix\"><p>\nTrennfolien<\/p>\n<\/div><\/div><div class='av-hotspot-fallback-tooltip av-image-hotspot-4 '><div class=\"av-hotspot-fallback-tooltip-count\">4<div class=\"avia-arrow\"><\/div><\/div><div class=\"av-hotspot-fallback-tooltip-inner clearfix\"><p>\nStoffe peelply<\/p>\n<\/div><\/div><\/div><\/p><\/div><div  class='flex_column av-av_one_full-7714eba142aeda1f8b5272a3c372b279 av_one_full  avia-builder-el-5  el_after_av_one_full  el_before_av_hr  first flex_column_div  column-top-margin'     ><div  class='av_promobox av-lkinwodw-9b64b1d72b040e1255354754d036fa9d avia-button-yes  avia-builder-el-6  avia-builder-el-no-sibling '><div class='avia-promocontent'><p>\nKlicken Sie auf die Zahlen im Bild und vergleichen Sie die f\u00fcr Ihren Bereich am besten geeigneten Produkte oder klicken Sie auf die Schaltfl\u00e4che in dieser Registerkarte, um alle unsere Produkte zu sehen.<\/p>\n<\/div><div  class='avia-button-wrap av-lkinwodw-db3cba4d76ed08ab2d5c2d258ee70a3a-wrap avia-button-right '><a href='https:\/\/www.mates.it\/de\/produkte\/'  class='avia-button av-lkinwodw-db3cba4d76ed08ab2d5c2d258ee70a3a av-link-btn avia-icon_select-yes-left-icon avia-size-medium avia-position-right avia-color-theme-color'  target=\"_blank\"  rel=\"noopener noreferrer\"  aria-label=\"      Produkte\"><span class='avia_button_icon avia_button_icon_left avia-iconfont avia-font-entypo-fontello' data-av_icon='\ue85c' data-av_iconfont='entypo-fontello' ><\/span><span class='avia_iconbox_title' >      Produkte<\/span><\/a><\/div><\/div><\/div><div  class='hr av-av_hr-91d7ccd583a503147498e120fee2ff9b hr-default  avia-builder-el-7  el_after_av_one_full  avia-builder-el-last '><span class='hr-inner '><span class=\"hr-inner-style\"><\/span><\/span><\/div><\/p>\n","protected":false},"excerpt":{"rendered":"<p>Das Wickelverfahren erfolgt im Endlosverfahren und wird haupts\u00e4chlich zur Herstellung von hohlen Verbundwerkstoffprodukten mit kreisf\u00f6rmigem Querschnitt verwendet.<\/p>\n","protected":false},"author":1,"featured_media":7434,"parent":8870,"menu_order":10,"comment_status":"open","ping_status":"open","template":"","meta":{"footnotes":""},"class_list":["post-8909","page","type-page","status-publish","has-post-thumbnail","hentry"],"_links":{"self":[{"href":"https:\/\/www.mates.it\/de\/wp-json\/wp\/v2\/pages\/8909","targetHints":{"allow":["GET"]}}],"collection":[{"href":"https:\/\/www.mates.it\/de\/wp-json\/wp\/v2\/pages"}],"about":[{"href":"https:\/\/www.mates.it\/de\/wp-json\/wp\/v2\/types\/page"}],"author":[{"embeddable":true,"href":"https:\/\/www.mates.it\/de\/wp-json\/wp\/v2\/users\/1"}],"replies":[{"embeddable":true,"href":"https:\/\/www.mates.it\/de\/wp-json\/wp\/v2\/comments?post=8909"}],"version-history":[{"count":0,"href":"https:\/\/www.mates.it\/de\/wp-json\/wp\/v2\/pages\/8909\/revisions"}],"up":[{"embeddable":true,"href":"https:\/\/www.mates.it\/de\/wp-json\/wp\/v2\/pages\/8870"}],"wp:featuredmedia":[{"embeddable":true,"href":"https:\/\/www.mates.it\/de\/wp-json\/wp\/v2\/media\/7434"}],"wp:attachment":[{"href":"https:\/\/www.mates.it\/de\/wp-json\/wp\/v2\/media?parent=8909"}],"curies":[{"name":"wp","href":"https:\/\/api.w.org\/{rel}","templated":true}]}}