{"id":8911,"date":"2015-09-16T11:00:29","date_gmt":"2015-09-16T09:00:29","guid":{"rendered":"https:\/\/www.mates.it\/supporto\/servizi-offerti\/garantien-zertifizierungen\/"},"modified":"2026-03-08T18:45:26","modified_gmt":"2026-03-08T17:45:26","slug":"zertifizierungen","status":"publish","type":"page","link":"https:\/\/www.mates.it\/de\/uber-uns\/unternehmen\/zertifizierungen\/","title":{"rendered":"Zertifizierungen"},"content":{"rendered":"<div  class='flex_column av-av_one_full-7714eba142aeda1f8b5272a3c372b279 av_one_full  avia-builder-el-0  el_before_av_one_fourth  avia-builder-el-first  first flex_column_div  '     ><p>\n<style type=\"text\/css\" data-created_by=\"avia_inline_auto\" id=\"style-css-av-mmhvinsg-77b277f7d5d2b1b90eccc8c7e54b1af3\">\n#top .av-special-heading.av-mmhvinsg-77b277f7d5d2b1b90eccc8c7e54b1af3{\npadding-bottom:10px;\n}\nbody .av-special-heading.av-mmhvinsg-77b277f7d5d2b1b90eccc8c7e54b1af3 .av-special-heading-tag .heading-char{\nfont-size:25px;\n}\n.av-special-heading.av-mmhvinsg-77b277f7d5d2b1b90eccc8c7e54b1af3 .av-subheading{\nfont-size:15px;\n}\n<\/style>\n<div  class='av-special-heading av-mmhvinsg-77b277f7d5d2b1b90eccc8c7e54b1af3 av-special-heading-h1  avia-builder-el-1  el_before_av_textblock  avia-builder-el-first  custom-h1-title'><h1 class='av-special-heading-tag '  >Zertifizierungen<\/h1><div class=\"special-heading-border\"><div class=\"special-heading-inner-border\"><\/div><\/div><\/div><br \/>\n<section  class='av_textblock_section av-mmhvij7r-0ccc8a635c29ab9a3e97e2cad21d327b '  ><div class='avia_textblock' ><p>Die Qualit\u00e4t und R\u00fcckverfolgbarkeit der Materialien sind grundlegende Elemente, um die Zuverl\u00e4ssigkeit und Leistungsf\u00e4higkeit der Produktionsprozesse unserer Kunden zu gew\u00e4hrleisten. Aus diesem Grund hat Mates ein strukturiertes Qualit\u00e4tsmanagementsystem eingef\u00fchrt, das auf kontinuierliche Verbesserung ausgerichtet ist und im Dokument zur <a href=\"https:\/\/www.mates.it\/wp-content\/uploads\/POL.001.pdf\" target=\"_blank\" rel=\"noopener\">Qualit\u00e4tspolitik<\/a> klar beschrieben wird.<\/p>\n<p>Das Unternehmen ist nach ISO 9001 und EN 9120 zertifiziert, internationalen Normen, die die Konformit\u00e4t unserer Prozesse mit strengen Anforderungen an das Qualit\u00e4tsmanagement, die Kontrolle der Lieferkette und die R\u00fcckverfolgbarkeit der Materialien bescheinigen. Diese Zertifizierungen sind eine Garantie f\u00fcr Zuverl\u00e4ssigkeit, Transparenz und Betriebskontinuit\u00e4t entlang der gesamten Lieferkette.<\/p>\n<p>Um hohe Qualit\u00e4tsstandards aufrechtzuerhalten, verfolgen wir eine besonders strenge Lieferantenauswahlpolitik und bevorzugen Partner mit anerkannten Zertifizierungen und etablierten Qualit\u00e4tssystemen. Dieser Ansatz gew\u00e4hrleistet ein hohes Ma\u00df an Kontrolle und Zuverl\u00e4ssigkeit w\u00e4hrend des gesamten Beschaffungsprozesses.<br \/>\nJede eingehende Materialcharge wird \u00fcberpr\u00fcft, um die Einhaltung der technischen Spezifikationen sicherzustellen und eine optimale Leistung in den verschiedenen Anwendungsprozessen zu gew\u00e4hrleisten.<\/p>\n<p>Dank dieses integrierten Qualit\u00e4tsansatzes bietet Mates seinen Kunden ein zuverl\u00e4ssiges, transparentes und r\u00fcckverfolgbares System mit dem Ziel, die Entwicklung effizienter und innovativer Produktionsprozesse zu unterst\u00fctzen.<\/p>\n<\/div><\/section><\/p><\/div>\n<div  class='flex_column av-av_one_fourth-937dcf081e8fa05e70dc94033b37c90d av_one_fourth  avia-builder-el-3  el_after_av_one_full  el_before_av_one_fourth  first flex_column_div  column-top-margin'     ><style type=\"text\/css\" data-created_by=\"avia_inline_auto\" id=\"style-css-av-av_image-73585a4fe679877a7a4bacbdb0e04077\">\n.avia-image-container.av-av_image-73585a4fe679877a7a4bacbdb0e04077 img.avia_image{\nbox-shadow:none;\n}\n.avia-image-container.av-av_image-73585a4fe679877a7a4bacbdb0e04077 .av-image-caption-overlay-center{\ncolor:#ffffff;\n}\n<\/style>\n<div  class='avia-image-container av-av_image-73585a4fe679877a7a4bacbdb0e04077 av-styling- av-img-linked avia_animated_image av-animated-when-visible-95 pop-up avia-align-center  avia-builder-el-4  avia-builder-el-no-sibling '  ><div class=\"avia-image-container-inner\"><div class=\"avia-image-overlay-wrap\"><a href=\"https:\/\/www.mates.it\/wp-content\/uploads\/C770891.pdf\" class='avia_image '  target=\"_blank\"  rel=\"noopener noreferrer\" aria-label='mates_ISO_9001_AS_EN_9120_COL'><img decoding=\"async\" fetchpriority=\"high\" class=\"wp-image-21206 avia-img-lazy-loading-not-21206 avia_image \" src=\"https:\/\/www.mates.it\/wp-content\/uploads\/mates_ISO_9001_AS_EN_9120_COL-80x80.png\" alt=\"\" title=\"mates_ISO_9001_AS_EN_9120_COL\" height=\"80\" width=\"80\" srcset=\"https:\/\/www.mates.it\/wp-content\/uploads\/mates_ISO_9001_AS_EN_9120_COL-80x80.png 80w, https:\/\/www.mates.it\/wp-content\/uploads\/mates_ISO_9001_AS_EN_9120_COL-36x36.png 36w, https:\/\/www.mates.it\/wp-content\/uploads\/mates_ISO_9001_AS_EN_9120_COL-180x180.png 180w\" sizes=\"(max-width: 80px) 100vw, 80px\"><\/a><\/div><\/div><\/div><\/div>\n<div  class='flex_column av-av_one_fourth-81ffae5c045da499b4cdf64520897184 av_one_fourth  avia-builder-el-5  el_after_av_one_fourth  el_before_av_one_half  flex_column_div  column-top-margin'     ><section  class='av_textblock_section av-av_textblock-dbcbeb4b25deb31cf0be2b02b39d10f0 '  ><div class='avia_textblock' ><p class=\"p1\">EN 9120:2018<br \/>\nISO 9001:2015<\/p>\n<\/div><\/section><\/div>\n<div  class='flex_column av-av_one_half-81ffae5c045da499b4cdf64520897184 av_one_half  avia-builder-el-7  el_after_av_one_fourth  el_before_av_hr  flex_column_div  column-top-margin'     ><section  class='av_textblock_section av-mmhvjpzd-32ecf7dd062698386e0a0c641aaf2e9a '  ><div class='avia_textblock' ><p class=\"p1\">Vermarktung von Rohstoffen und Verbrauchsmaterialien f\u00fcr die Herstellung von fortschrittlichen Verbundwerkstoffen.<\/p>\n<\/div><\/section><\/div>\n<div  class='hr av-av_hr-91d7ccd583a503147498e120fee2ff9b hr-default  avia-builder-el-9  el_after_av_one_half  el_before_av_buttonrow '><span class='hr-inner '><span class=\"hr-inner-style\"><\/span><\/span><\/div>\n<div  class='avia-buttonrow-wrap av-mmi1lz6w-dc14d1333be32df509084203c93de251 avia-buttonrow-center  avia-builder-el-10  el_after_av_hr  el_before_av_hr '>\n\n<style type=\"text\/css\" data-created_by=\"avia_inline_auto\" id=\"style-css-av-mmi1ly2m-f2dfacad49753833cac76caa7b19d029\">\n#top #wrap_all .avia-button.av-mmi1ly2m-f2dfacad49753833cac76caa7b19d029{\nmargin-bottom:5px;\nmargin-right:3px;\nmargin-left:3px;\n}\n<\/style>\n<a href=\"https:\/\/www.hexcel.com\/about-us\/#site-certifications\" class=\"avia-button av-mmi1ly2m-f2dfacad49753833cac76caa7b19d029 avia-icon_select-yes-left-icon avia-size-small avia-color-theme-color\" target=\"_blank\" rel=\"noopener noreferrer\" aria-label=\"Hexcel\"><span class='avia_button_icon avia_button_icon_left avia-iconfont avia-font-entypo-fontello' data-av_icon='\ue85d' data-av_iconfont='entypo-fontello' ><\/span><span class='avia_iconbox_title' >Hexcel<\/span><\/a>\n\n<style type=\"text\/css\" data-created_by=\"avia_inline_auto\" id=\"style-css-av-av_buttonrow_item-34456f13b096c637b73dddd25f7d3ecc\">\n#top #wrap_all .avia-button.av-av_buttonrow_item-34456f13b096c637b73dddd25f7d3ecc{\nmargin-bottom:5px;\nmargin-right:3px;\nmargin-left:3px;\n}\n<\/style>\n<a href=\"https:\/\/bighead.co.uk\/the-techub\/\" class=\"avia-button av-av_buttonrow_item-34456f13b096c637b73dddd25f7d3ecc avia-icon_select-yes-left-icon avia-size-small avia-color-theme-color\" target=\"_blank\" rel=\"noopener noreferrer\" aria-label=\"BigHead\"><span class='avia_button_icon avia_button_icon_left avia-iconfont avia-font-entypo-fontello' data-av_icon='\ue85d' data-av_iconfont='entypo-fontello' ><\/span><span class='avia_iconbox_title' >BigHead<\/span><\/a>\n\n<style type=\"text\/css\" data-created_by=\"avia_inline_auto\" id=\"style-css-av-av_buttonrow_item-2a8cfbcb32df68a576ea4e1556934ab4\">\n#top #wrap_all .avia-button.av-av_buttonrow_item-2a8cfbcb32df68a576ea4e1556934ab4{\nmargin-bottom:5px;\nmargin-right:3px;\nmargin-left:3px;\n}\n<\/style>\n<a href=\"https:\/\/chemtrend.com\/company\/certifications\/\" class=\"avia-button av-av_buttonrow_item-2a8cfbcb32df68a576ea4e1556934ab4 avia-icon_select-yes-left-icon avia-size-small avia-color-theme-color\" target=\"_blank\" rel=\"noopener noreferrer\" aria-label=\"Chem-Trend\"><span class='avia_button_icon avia_button_icon_left avia-iconfont avia-font-entypo-fontello' data-av_icon='\ue85d' data-av_iconfont='entypo-fontello' ><\/span><span class='avia_iconbox_title' >Chem-Trend<\/span><\/a>\n\n<style type=\"text\/css\" data-created_by=\"avia_inline_auto\" id=\"style-css-av-av_buttonrow_item-f54dc47ffc4dba1ad4ade3735963ff29\">\n#top #wrap_all .avia-button.av-av_buttonrow_item-f54dc47ffc4dba1ad4ade3735963ff29{\nmargin-bottom:5px;\nmargin-right:3px;\nmargin-left:3px;\n}\n<\/style>\n<a href=\"https:\/\/www.5m.cz\/en\/about-company\/quality\" class=\"avia-button av-av_buttonrow_item-f54dc47ffc4dba1ad4ade3735963ff29 avia-icon_select-yes-left-icon avia-size-small avia-color-theme-color\" target=\"_blank\" rel=\"noopener noreferrer\" aria-label=\"5M\"><span class='avia_button_icon avia_button_icon_left avia-iconfont avia-font-entypo-fontello' data-av_icon='\ue85d' data-av_iconfont='entypo-fontello' ><\/span><span class='avia_iconbox_title' >5M<\/span><\/a>\n\n<style type=\"text\/css\" data-created_by=\"avia_inline_auto\" id=\"style-css-av-av_buttonrow_item-7e5327b98b7b3f1409d49cc7517b7a12\">\n#top #wrap_all .avia-button.av-av_buttonrow_item-7e5327b98b7b3f1409d49cc7517b7a12{\nmargin-bottom:5px;\nmargin-right:3px;\nmargin-left:3px;\n}\n<\/style>\n<a href=\"https:\/\/www.armacell.us\/solutions-center\/document-downloads\/certificates\/\" class=\"avia-button av-av_buttonrow_item-7e5327b98b7b3f1409d49cc7517b7a12 avia-icon_select-yes-left-icon avia-size-small avia-color-theme-color\" target=\"_blank\" rel=\"noopener noreferrer\" aria-label=\"Armacell\"><span class='avia_button_icon avia_button_icon_left avia-iconfont avia-font-entypo-fontello' data-av_icon='\ue85d' data-av_iconfont='entypo-fontello' ><\/span><span class='avia_iconbox_title' >Armacell<\/span><\/a>\n\n<style type=\"text\/css\" data-created_by=\"avia_inline_auto\" id=\"style-css-av-av_buttonrow_item-b04ca757ca835208f2ea3bae2c3ee557\">\n#top #wrap_all .avia-button.av-av_buttonrow_item-b04ca757ca835208f2ea3bae2c3ee557{\nmargin-bottom:5px;\nmargin-right:3px;\nmargin-left:3px;\n}\n<\/style>\n<a href=\"https:\/\/www.elantas.com\/europe\/about-us\/quality-health-environment-safety.html\" class=\"avia-button av-av_buttonrow_item-b04ca757ca835208f2ea3bae2c3ee557 avia-icon_select-yes-left-icon avia-size-small avia-color-theme-color\" target=\"_blank\" rel=\"noopener noreferrer\" aria-label=\"Elantas\"><span class='avia_button_icon avia_button_icon_left avia-iconfont avia-font-entypo-fontello' data-av_icon='\ue85d' data-av_iconfont='entypo-fontello' ><\/span><span class='avia_iconbox_title' >Elantas<\/span><\/a>\n\n<style type=\"text\/css\" data-created_by=\"avia_inline_auto\" id=\"style-css-av-av_buttonrow_item-1e415d1b56381738411a876dbf51a4e4\">\n#top #wrap_all .avia-button.av-av_buttonrow_item-1e415d1b56381738411a876dbf51a4e4{\nmargin-bottom:5px;\nmargin-right:3px;\nmargin-left:3px;\n}\n<\/style>\n<a href=\"https:\/\/www.3mitalia.it\/3M\/it_IT\/azienda-it\/\" class=\"avia-button av-av_buttonrow_item-1e415d1b56381738411a876dbf51a4e4 avia-icon_select-yes-left-icon avia-size-small avia-color-theme-color\" target=\"_blank\" rel=\"noopener noreferrer\" aria-label=\"3M\"><span class='avia_button_icon avia_button_icon_left avia-iconfont avia-font-entypo-fontello' data-av_icon='\ue85d' data-av_iconfont='entypo-fontello' ><\/span><span class='avia_iconbox_title' >3M<\/span><\/a>\n\n<style type=\"text\/css\" data-created_by=\"avia_inline_auto\" id=\"style-css-av-av_buttonrow_item-e316f762ca166187c6ed2dd3513cdec2\">\n#top #wrap_all .avia-button.av-av_buttonrow_item-e316f762ca166187c6ed2dd3513cdec2{\nmargin-bottom:5px;\nmargin-right:3px;\nmargin-left:3px;\n}\n<\/style>\n<a href=\"https:\/\/www.schuetz.net\/en\/downloads\/brochures\/\" class=\"avia-button av-av_buttonrow_item-e316f762ca166187c6ed2dd3513cdec2 avia-icon_select-yes-left-icon avia-size-small avia-color-theme-color\" target=\"_blank\" rel=\"noopener noreferrer\" aria-label=\"Schutz\"><span class='avia_button_icon avia_button_icon_left avia-iconfont avia-font-entypo-fontello' data-av_icon='\ue85d' data-av_iconfont='entypo-fontello' ><\/span><span class='avia_iconbox_title' >Schutz<\/span><\/a>\n<\/div>\n<div  class='hr av-av_hr-91d7ccd583a503147498e120fee2ff9b hr-default  avia-builder-el-11  el_after_av_buttonrow  el_before_av_one_full '><span class='hr-inner '><span class=\"hr-inner-style\"><\/span><\/span><\/div>\n<div  class='flex_column av-av_one_full-7714eba142aeda1f8b5272a3c372b279 av_one_full  avia-builder-el-12  el_after_av_hr  avia-builder-el-last  first flex_column_div  '     ><style type=\"text\/css\" data-created_by=\"avia_inline_auto\" id=\"style-css-av-av_image-ff8c1a56dd2fc53fafd3806795429256\">\n.avia-image-container.av-av_image-ff8c1a56dd2fc53fafd3806795429256 img.avia_image{\nbox-shadow:none;\n}\n.avia-image-container.av-av_image-ff8c1a56dd2fc53fafd3806795429256 .av-image-caption-overlay-center{\ncolor:#ffffff;\n}\n<\/style>\n<div  class='avia-image-container av-av_image-ff8c1a56dd2fc53fafd3806795429256 av-styling- avia-align-center  avia-builder-el-13  avia-builder-el-no-sibling '  ><div class=\"avia-image-container-inner\"><div class=\"avia-image-overlay-wrap\"><img decoding=\"async\" fetchpriority=\"high\" class='wp-image-17538 avia-img-lazy-loading-not-17538 avia_image ' src=\"https:\/\/www.mates.it\/wp-content\/uploads\/supporto_certificazioni.png\" alt='supporto_certificazioni' title='supporto_certificazioni'  height=\"190\" width=\"1000\" srcset=\"https:\/\/www.mates.it\/wp-content\/uploads\/supporto_certificazioni.png 1000w, https:\/\/www.mates.it\/wp-content\/uploads\/supporto_certificazioni-300x57.png 300w, https:\/\/www.mates.it\/wp-content\/uploads\/supporto_certificazioni-768x146.png 768w, https:\/\/www.mates.it\/wp-content\/uploads\/supporto_certificazioni-705x134.png 705w\" sizes=\"(max-width: 1000px) 100vw, 1000px\" \/><\/div><\/div><\/div><\/div>\n","protected":false},"excerpt":{"rendered":"<p>Diese Errungenschaften im Laufe der Jahre spiegeln unser st\u00e4ndiges Engagement f\u00fcr Innovation und das vorrangige Ziel wider, h\u00f6chste Qualit\u00e4t und Zufriedenheit f\u00fcr unsere Kunden zu gew\u00e4hrleisten.<\/p>\n","protected":false},"author":1,"featured_media":17538,"parent":9059,"menu_order":3,"comment_status":"closed","ping_status":"closed","template":"","meta":{"footnotes":""},"class_list":["post-8911","page","type-page","status-publish","has-post-thumbnail","hentry"],"_links":{"self":[{"href":"https:\/\/www.mates.it\/de\/wp-json\/wp\/v2\/pages\/8911","targetHints":{"allow":["GET"]}}],"collection":[{"href":"https:\/\/www.mates.it\/de\/wp-json\/wp\/v2\/pages"}],"about":[{"href":"https:\/\/www.mates.it\/de\/wp-json\/wp\/v2\/types\/page"}],"author":[{"embeddable":true,"href":"https:\/\/www.mates.it\/de\/wp-json\/wp\/v2\/users\/1"}],"replies":[{"embeddable":true,"href":"https:\/\/www.mates.it\/de\/wp-json\/wp\/v2\/comments?post=8911"}],"version-history":[{"count":4,"href":"https:\/\/www.mates.it\/de\/wp-json\/wp\/v2\/pages\/8911\/revisions"}],"predecessor-version":[{"id":21253,"href":"https:\/\/www.mates.it\/de\/wp-json\/wp\/v2\/pages\/8911\/revisions\/21253"}],"up":[{"embeddable":true,"href":"https:\/\/www.mates.it\/de\/wp-json\/wp\/v2\/pages\/9059"}],"wp:featuredmedia":[{"embeddable":true,"href":"https:\/\/www.mates.it\/de\/wp-json\/wp\/v2\/media\/17538"}],"wp:attachment":[{"href":"https:\/\/www.mates.it\/de\/wp-json\/wp\/v2\/media?parent=8911"}],"curies":[{"name":"wp","href":"https:\/\/api.w.org\/{rel}","templated":true}]}}