{"id":8913,"date":"2015-09-16T12:00:54","date_gmt":"2015-09-16T10:00:54","guid":{"rendered":"https:\/\/www.mates.it\/supporto\/servizi-offerti\/design-de\/"},"modified":"2023-09-02T00:04:18","modified_gmt":"2023-09-01T22:04:18","slug":"technik","status":"publish","type":"page","link":"https:\/\/www.mates.it\/de\/uber-uns\/angebotene-dienstleistungen\/technik\/","title":{"rendered":"Technik"},"content":{"rendered":"<div  class='flex_column av-av_one_full-7714eba142aeda1f8b5272a3c372b279 av_one_full  avia-builder-el-0  el_before_av_hr  avia-builder-el-first  first flex_column_div  '     ><p>\n<style type=\"text\/css\" data-created_by=\"avia_inline_auto\" id=\"style-css-av-lm1573rg-3b19f95136cc41231e91942c1bf64f09\">\n#top .av-special-heading.av-lm1573rg-3b19f95136cc41231e91942c1bf64f09{\npadding-bottom:10px;\n}\nbody .av-special-heading.av-lm1573rg-3b19f95136cc41231e91942c1bf64f09 .av-special-heading-tag .heading-char{\nfont-size:25px;\n}\n.av-special-heading.av-lm1573rg-3b19f95136cc41231e91942c1bf64f09 .av-subheading{\nfont-size:15px;\n}\n<\/style>\n<div  class='av-special-heading av-lm1573rg-3b19f95136cc41231e91942c1bf64f09 av-special-heading-h1  avia-builder-el-1  el_before_av_textblock  avia-builder-el-first  custom-h1-title'><h1 class='av-special-heading-tag '  >Technik<\/h1><div class=\"special-heading-border\"><div class=\"special-heading-inner-border\"><\/div><\/div><\/div><br \/>\n<section  class='av_textblock_section av-lm156z97-0da3ce5ba579ec5d15746e90dd1af07c '  ><div class='avia_textblock' ><p>Mates bietet nicht nur eingehende technische Unterst\u00fctzung f\u00fcr unsere Produkte und Verfahren, sondern unterst\u00fctzt seine Kunden auch in der Entwicklungsphase. Seit \u00fcber 40 Jahren arbeiten wir erfolgreich mit den f\u00fchrenden Konstruktionsb\u00fcros der Branche zusammen und erzielen Ergebnisse, die die Erwartungen \u00fcbertreffen.<\/p>\n<p>Die St\u00e4rke dieser Dienstleistung liegt in der Synergie zwischen Mates, das dank seiner gro\u00dfen Erfahrung die optimalen Produkte f\u00fcr die jeweilige Aufgabe anbietet, und den Architekten, die ihr Fachwissen einbringen, um die von den Kunden vorgelegten spezifischen Projekte zu perfektionieren. Diese Partnerschaft f\u00fchrt zu L\u00f6sungen, die technisches Know-How mit kreativem Einfallsreichtum verbinden und ein Endergebnis von hoher Qualit\u00e4t und Funktionalit\u00e4t garantieren.<\/p>\n<p>Diese Zusammenarbeit hat es uns erm\u00f6glicht, ma\u00dfgeschneiderte L\u00f6sungen von herausragender Qualit\u00e4t in der Designlandschaft anzubieten. Es war schon immer unser Bestreben, unseren Kunden nicht nur qualitativ hochwertige Produkte zu bieten, sondern auch eine kompetente technische Beratung w\u00e4hrend des gesamten Produktionszyklus des fertigen Bauteils.<\/p>\n<\/div><\/section><\/p><\/div><div  class='hr av-av_hr-91d7ccd583a503147498e120fee2ff9b hr-default  avia-builder-el-3  el_after_av_one_full  el_before_av_one_full '><span class='hr-inner '><span class=\"hr-inner-style\"><\/span><\/span><\/div><\/p>\n<div  class='flex_column av-av_one_full-7714eba142aeda1f8b5272a3c372b279 av_one_full  avia-builder-el-4  el_after_av_hr  avia-builder-el-last  first flex_column_div  '     ><style type=\"text\/css\" data-created_by=\"avia_inline_auto\" id=\"style-css-av-av_image-d1376c04eacc4ed101f72407a819ebd0\">\n.avia-image-container.av-av_image-d1376c04eacc4ed101f72407a819ebd0 img.avia_image{\nbox-shadow:none;\n}\n.avia-image-container.av-av_image-d1376c04eacc4ed101f72407a819ebd0 .av-image-caption-overlay-center{\ncolor:#ffffff;\n}\n<\/style>\n<div  class='avia-image-container av-av_image-d1376c04eacc4ed101f72407a819ebd0 av-styling- avia-align-center  avia-builder-el-5  avia-builder-el-no-sibling '  ><div class=\"avia-image-container-inner\"><div class=\"avia-image-overlay-wrap\"><img decoding=\"async\" fetchpriority=\"high\" class='wp-image-17548 avia-img-lazy-loading-not-17548 avia_image ' src=\"https:\/\/www.mates.it\/wp-content\/uploads\/supporto_progettazione.png\" alt='supporto_progettazione' title='supporto_progettazione'  height=\"190\" width=\"1000\" srcset=\"https:\/\/www.mates.it\/wp-content\/uploads\/supporto_progettazione.png 1000w, https:\/\/www.mates.it\/wp-content\/uploads\/supporto_progettazione-300x57.png 300w, https:\/\/www.mates.it\/wp-content\/uploads\/supporto_progettazione-768x146.png 768w, https:\/\/www.mates.it\/wp-content\/uploads\/supporto_progettazione-705x134.png 705w\" sizes=\"(max-width: 1000px) 100vw, 1000px\" \/><\/div><\/div><\/div><\/div>\n","protected":false},"excerpt":{"rendered":"<p>Wir haben uns schon immer verpflichtet, unseren Kunden nicht nur qualitativ hochwertige Produkte anzubieten, sondern auch eine fachkundige technische Beratung w\u00e4hrend des gesamten Zyklus der Realisierung des fertigen Bauteils.<\/p>\n","protected":false},"author":1,"featured_media":17548,"parent":8872,"menu_order":4,"comment_status":"open","ping_status":"open","template":"","meta":{"footnotes":""},"class_list":["post-8913","page","type-page","status-publish","has-post-thumbnail","hentry"],"_links":{"self":[{"href":"https:\/\/www.mates.it\/de\/wp-json\/wp\/v2\/pages\/8913","targetHints":{"allow":["GET"]}}],"collection":[{"href":"https:\/\/www.mates.it\/de\/wp-json\/wp\/v2\/pages"}],"about":[{"href":"https:\/\/www.mates.it\/de\/wp-json\/wp\/v2\/types\/page"}],"author":[{"embeddable":true,"href":"https:\/\/www.mates.it\/de\/wp-json\/wp\/v2\/users\/1"}],"replies":[{"embeddable":true,"href":"https:\/\/www.mates.it\/de\/wp-json\/wp\/v2\/comments?post=8913"}],"version-history":[{"count":0,"href":"https:\/\/www.mates.it\/de\/wp-json\/wp\/v2\/pages\/8913\/revisions"}],"up":[{"embeddable":true,"href":"https:\/\/www.mates.it\/de\/wp-json\/wp\/v2\/pages\/8872"}],"wp:featuredmedia":[{"embeddable":true,"href":"https:\/\/www.mates.it\/de\/wp-json\/wp\/v2\/media\/17548"}],"wp:attachment":[{"href":"https:\/\/www.mates.it\/de\/wp-json\/wp\/v2\/media?parent=8913"}],"curies":[{"name":"wp","href":"https:\/\/api.w.org\/{rel}","templated":true}]}}