{"id":8917,"date":"2015-09-16T12:01:01","date_gmt":"2015-09-16T10:01:01","guid":{"rendered":"https:\/\/www.mates.it\/supporto\/servizi-offerti\/prozesse-anpassungen\/"},"modified":"2023-09-02T00:08:27","modified_gmt":"2023-09-01T22:08:27","slug":"anpassungen","status":"publish","type":"page","link":"https:\/\/www.mates.it\/de\/uber-uns\/angebotene-dienstleistungen\/anpassungen\/","title":{"rendered":"Anpassungen"},"content":{"rendered":"<div  class='flex_column av-av_one_full-7714eba142aeda1f8b5272a3c372b279 av_one_full  avia-builder-el-0  el_before_av_hr  avia-builder-el-first  first flex_column_div  '     ><p>\n<style type=\"text\/css\" data-created_by=\"avia_inline_auto\" id=\"style-css-av-lm15c42d-95ee9cbc6d0f5215c7a0638f6700c880\">\n#top .av-special-heading.av-lm15c42d-95ee9cbc6d0f5215c7a0638f6700c880{\npadding-bottom:10px;\n}\nbody .av-special-heading.av-lm15c42d-95ee9cbc6d0f5215c7a0638f6700c880 .av-special-heading-tag .heading-char{\nfont-size:25px;\n}\n.av-special-heading.av-lm15c42d-95ee9cbc6d0f5215c7a0638f6700c880 .av-subheading{\nfont-size:15px;\n}\n<\/style>\n<div  class='av-special-heading av-lm15c42d-95ee9cbc6d0f5215c7a0638f6700c880 av-special-heading-h1  avia-builder-el-1  el_before_av_textblock  avia-builder-el-first  custom-h1-title'><h1 class='av-special-heading-tag '  >Anpassungen<\/h1><div class=\"special-heading-border\"><div class=\"special-heading-inner-border\"><\/div><\/div><\/div><br \/>\n<section  class='av_textblock_section av-lm15cbwa-c25d20fb609ae69e2ebe01bb2d220bcc '  ><div class='avia_textblock' ><p>Unser Unternehmen ist in der Lage, sowohl beim Start eines neuen Projekts als auch bei der Optimierung eines bereits begonnenen Prozesses spezifische Unterst\u00fctzung anzubieten. Dieser Service garantiert eine st\u00e4ndige Unterst\u00fctzung per Telefon und durch Besuche vor Ort durch interne oder externe Mitarbeiter, die auf den Prozess spezialisiert und in der Lage sind, ma\u00dfgeschneiderte L\u00f6sungen f\u00fcr die wichtigsten Probleme zu finden. Die erste Phase besteht aus einer ersten Analyse und Definition der zu erreichenden Ziele. Darauf folgt die Wahl des am besten geeigneten Verfahrens oder die Verfeinerung des bereits bestehenden, wobei durch Optimierung und Anpassung der Materialien eine Zeit- und Kostenreduzierung angestrebt wird.<\/p>\n<p>Kernmaterialien (Nomex\u00ae oder PET\u00ae) k\u00f6nnen auf spezifische, vom Kunden gew\u00fcnschte Dicken zugeschnitten werden, oder es k\u00f6nnen vorgefertigte Kits f\u00fcr spezifische Ziele angefordert werden. Harze und Gelcoats k\u00f6nnen zus\u00e4tzlich zu den im Katalog aufgef\u00fchrten Farben in Sonderfarben (RAL) geliefert werden. Wir sind auch in der Lage, kundenspezifische Kits zu erstellen, die aus dem Zuschnitt von Produkten von der Rolle abgeleitet werden (Kitting-Service), um die Arbeitszeit und die Kosten zu reduzieren, Abfall zu vermeiden und so die Prozessqualit\u00e4t zu optimieren.<br \/>\nSpezielle Kundenw\u00fcnsche k\u00f6nnen auch durch Personalisierung erf\u00fcllt werden, wie z. B. private Etiketten, Produkte ohne Etiketten oder mit Etiketten mit dem Logo des Kunden.<\/p>\n<\/div><\/section><\/p><\/div><div  class='hr av-av_hr-91d7ccd583a503147498e120fee2ff9b hr-default  avia-builder-el-3  el_after_av_one_full  el_before_av_one_full '><span class='hr-inner '><span class=\"hr-inner-style\"><\/span><\/span><\/div><\/p>\n<div  class='flex_column av-av_one_full-7714eba142aeda1f8b5272a3c372b279 av_one_full  avia-builder-el-4  el_after_av_hr  avia-builder-el-last  first flex_column_div  '     ><style type=\"text\/css\" data-created_by=\"avia_inline_auto\" id=\"style-css-av-av_image-04fdeae094984dce2b1bffe8bd263019\">\n.avia-image-container.av-av_image-04fdeae094984dce2b1bffe8bd263019 img.avia_image{\nbox-shadow:none;\n}\n.avia-image-container.av-av_image-04fdeae094984dce2b1bffe8bd263019 .av-image-caption-overlay-center{\ncolor:#ffffff;\n}\n<\/style>\n<div  class='avia-image-container av-av_image-04fdeae094984dce2b1bffe8bd263019 av-styling- avia-align-center  avia-builder-el-5  avia-builder-el-no-sibling '  ><div class=\"avia-image-container-inner\"><div class=\"avia-image-overlay-wrap\"><img decoding=\"async\" fetchpriority=\"high\" class='wp-image-17543 avia-img-lazy-loading-not-17543 avia_image ' src=\"https:\/\/www.mates.it\/wp-content\/uploads\/supporto_personalizzazioni.svg.png\" alt='supporto_personalizzazioni.svg' title='supporto_personalizzazioni.svg'  height=\"190\" width=\"1000\" srcset=\"https:\/\/www.mates.it\/wp-content\/uploads\/supporto_personalizzazioni.svg.png 1000w, https:\/\/www.mates.it\/wp-content\/uploads\/supporto_personalizzazioni.svg-300x57.png 300w, https:\/\/www.mates.it\/wp-content\/uploads\/supporto_personalizzazioni.svg-768x146.png 768w, https:\/\/www.mates.it\/wp-content\/uploads\/supporto_personalizzazioni.svg-705x134.png 705w\" sizes=\"(max-width: 1000px) 100vw, 1000px\" \/><\/div><\/div><\/div><\/div>\n","protected":false},"excerpt":{"rendered":"<p>Unser Unternehmen ist in der Lage, sowohl beim Start eines neuen Projekts als auch bei der Optimierung eines bereits begonnenen Prozesses und bei der Suche nach ma\u00dfgeschneiderten L\u00f6sungen f\u00fcr gr\u00f6\u00dfere Probleme spezifische Unterst\u00fctzung zu bieten.<\/p>\n","protected":false},"author":1,"featured_media":17543,"parent":8872,"menu_order":5,"comment_status":"open","ping_status":"closed","template":"","meta":{"footnotes":""},"class_list":["post-8917","page","type-page","status-publish","has-post-thumbnail","hentry"],"_links":{"self":[{"href":"https:\/\/www.mates.it\/de\/wp-json\/wp\/v2\/pages\/8917","targetHints":{"allow":["GET"]}}],"collection":[{"href":"https:\/\/www.mates.it\/de\/wp-json\/wp\/v2\/pages"}],"about":[{"href":"https:\/\/www.mates.it\/de\/wp-json\/wp\/v2\/types\/page"}],"author":[{"embeddable":true,"href":"https:\/\/www.mates.it\/de\/wp-json\/wp\/v2\/users\/1"}],"replies":[{"embeddable":true,"href":"https:\/\/www.mates.it\/de\/wp-json\/wp\/v2\/comments?post=8917"}],"version-history":[{"count":0,"href":"https:\/\/www.mates.it\/de\/wp-json\/wp\/v2\/pages\/8917\/revisions"}],"up":[{"embeddable":true,"href":"https:\/\/www.mates.it\/de\/wp-json\/wp\/v2\/pages\/8872"}],"wp:featuredmedia":[{"embeddable":true,"href":"https:\/\/www.mates.it\/de\/wp-json\/wp\/v2\/media\/17543"}],"wp:attachment":[{"href":"https:\/\/www.mates.it\/de\/wp-json\/wp\/v2\/media?parent=8917"}],"curies":[{"name":"wp","href":"https:\/\/api.w.org\/{rel}","templated":true}]}}