{"id":8919,"date":"2015-09-16T12:01:14","date_gmt":"2015-09-16T10:01:14","guid":{"rendered":"https:\/\/www.mates.it\/supporto\/servizi-offerti\/verkaufsunterstutzung\/"},"modified":"2023-09-01T23:54:54","modified_gmt":"2023-09-01T21:54:54","slug":"unterstutzung","status":"publish","type":"page","link":"https:\/\/www.mates.it\/de\/uber-uns\/angebotene-dienstleistungen\/unterstutzung\/","title":{"rendered":"Unterst\u00fctzung"},"content":{"rendered":"<div  class='flex_column av-av_one_full-7714eba142aeda1f8b5272a3c372b279 av_one_full  avia-builder-el-0  el_before_av_hr  avia-builder-el-first  first flex_column_div  '     ><p>\n<style type=\"text\/css\" data-created_by=\"avia_inline_auto\" id=\"style-css-av-lm14uvlx-49e4d09ff86fcba93b5fcd6acd5838f4\">\n#top .av-special-heading.av-lm14uvlx-49e4d09ff86fcba93b5fcd6acd5838f4{\npadding-bottom:10px;\n}\nbody .av-special-heading.av-lm14uvlx-49e4d09ff86fcba93b5fcd6acd5838f4 .av-special-heading-tag .heading-char{\nfont-size:25px;\n}\n.av-special-heading.av-lm14uvlx-49e4d09ff86fcba93b5fcd6acd5838f4 .av-subheading{\nfont-size:15px;\n}\n<\/style>\n<div  class='av-special-heading av-lm14uvlx-49e4d09ff86fcba93b5fcd6acd5838f4 av-special-heading-h1  avia-builder-el-1  el_before_av_textblock  avia-builder-el-first  custom-h1-title'><h1 class='av-special-heading-tag '  >Unterst\u00fctzung<\/h1><div class=\"special-heading-border\"><div class=\"special-heading-inner-border\"><\/div><\/div><\/div><br \/>\n<section  class='av_textblock_section av-lm14uqnr-9a2d0c90c3111ba9ed89424f5f8ea5da '  ><div class='avia_textblock' ><p>Die erste Kontaktaufnahme mit Mates erfolgt in der Regel durch einen technischen Verkaufsleiter, sobald er von einem interessierten potenziellen Kunden kontaktiert wird. Ausgehend von einer telefonischen Analyse kann der Vertriebsmitarbeiter dann die ersten Zweifel kl\u00e4ren, auch dank einer gemeinsamen Bewertung, um die am besten geeigneten Produkte zur Erreichung der gesetzten Ziele zu identifizieren. In einigen F\u00e4llen ist es ratsam, einen ersten Besuch beim Kunden zu planen, um die tats\u00e4chliche Situation zu verstehen, die ben\u00f6tigten Mengen abzusch\u00e4tzen und Tests mit Produktmustern durchzuf\u00fchren. Dank eines etablierten Netzes von Vertretern und Beratern, die auf nationaler und internationaler Ebene verteilt sind, garantiert Mates eine optimale Unterst\u00fctzung, die die Erwartungen des Kunden \u00fcbertrifft.<\/p>\n<p>Sobald diese erste Phase abgeschlossen ist, kann mit der Ausarbeitung eines ma\u00dfgeschneiderten Angebots f\u00fcr den Kunden begonnen werden. Sobald der Auftrag best\u00e4tigt ist, bereitet die Logistikabteilung die Ware vor, gefolgt von der Versand- und Lieferphase an den Kunden.<\/p>\n<p>Nach dem ersten Kauf bitten wir den Kunden immer um eine R\u00fcckmeldung, damit wir den Grad der Zufriedenheit beurteilen k\u00f6nnen. Ein regelm\u00e4\u00dfiges Monitoring ist unerl\u00e4sslich, um die erzielten Ergebnisse zu analysieren und eine kontinuierliche Verbesserung der Qualit\u00e4t unserer Produkte zu erreichen.<\/p>\n<\/div><\/section><\/p><\/div><div  class='hr av-av_hr-91d7ccd583a503147498e120fee2ff9b hr-default  avia-builder-el-3  el_after_av_one_full  el_before_av_one_full '><span class='hr-inner '><span class=\"hr-inner-style\"><\/span><\/span><\/div><\/p>\n<div  class='flex_column av-av_one_full-7714eba142aeda1f8b5272a3c372b279 av_one_full  avia-builder-el-4  el_after_av_hr  avia-builder-el-last  first flex_column_div  '     ><style type=\"text\/css\" data-created_by=\"avia_inline_auto\" id=\"style-css-av-av_image-684f1094eeeec39004aafa71fa70976f\">\n.avia-image-container.av-av_image-684f1094eeeec39004aafa71fa70976f img.avia_image{\nbox-shadow:none;\n}\n.avia-image-container.av-av_image-684f1094eeeec39004aafa71fa70976f .av-image-caption-overlay-center{\ncolor:#ffffff;\n}\n<\/style>\n<div  class='avia-image-container av-av_image-684f1094eeeec39004aafa71fa70976f av-styling- avia-align-center  avia-builder-el-5  avia-builder-el-no-sibling '  ><div class=\"avia-image-container-inner\"><div class=\"avia-image-overlay-wrap\"><img decoding=\"async\" fetchpriority=\"high\" class='wp-image-17553 avia-img-lazy-loading-not-17553 avia_image ' src=\"https:\/\/www.mates.it\/wp-content\/uploads\/supporto_servizi.jpg\" alt='supporto_servizi' title='supporto_servizi'  height=\"190\" width=\"1000\" srcset=\"https:\/\/www.mates.it\/wp-content\/uploads\/supporto_servizi.jpg 1000w, https:\/\/www.mates.it\/wp-content\/uploads\/supporto_servizi-300x57.jpg 300w, https:\/\/www.mates.it\/wp-content\/uploads\/supporto_servizi-768x146.jpg 768w, https:\/\/www.mates.it\/wp-content\/uploads\/supporto_servizi-705x134.jpg 705w\" sizes=\"(max-width: 1000px) 100vw, 1000px\" \/><\/div><\/div><\/div><\/div>\n","protected":false},"excerpt":{"rendered":"<p>Mit einem etablierten Netzwerk von Agenten und Beratern, die national und international verteilt sind, garantiert Mates eine optimale Unterst\u00fctzung, die die Erwartungen der Kunden \u00fcbertrifft.<\/p>\n","protected":false},"author":1,"featured_media":17553,"parent":8872,"menu_order":1,"comment_status":"open","ping_status":"open","template":"","meta":{"footnotes":""},"class_list":["post-8919","page","type-page","status-publish","has-post-thumbnail","hentry"],"_links":{"self":[{"href":"https:\/\/www.mates.it\/de\/wp-json\/wp\/v2\/pages\/8919","targetHints":{"allow":["GET"]}}],"collection":[{"href":"https:\/\/www.mates.it\/de\/wp-json\/wp\/v2\/pages"}],"about":[{"href":"https:\/\/www.mates.it\/de\/wp-json\/wp\/v2\/types\/page"}],"author":[{"embeddable":true,"href":"https:\/\/www.mates.it\/de\/wp-json\/wp\/v2\/users\/1"}],"replies":[{"embeddable":true,"href":"https:\/\/www.mates.it\/de\/wp-json\/wp\/v2\/comments?post=8919"}],"version-history":[{"count":0,"href":"https:\/\/www.mates.it\/de\/wp-json\/wp\/v2\/pages\/8919\/revisions"}],"up":[{"embeddable":true,"href":"https:\/\/www.mates.it\/de\/wp-json\/wp\/v2\/pages\/8872"}],"wp:featuredmedia":[{"embeddable":true,"href":"https:\/\/www.mates.it\/de\/wp-json\/wp\/v2\/media\/17553"}],"wp:attachment":[{"href":"https:\/\/www.mates.it\/de\/wp-json\/wp\/v2\/media?parent=8919"}],"curies":[{"name":"wp","href":"https:\/\/api.w.org\/{rel}","templated":true}]}}