{"id":8921,"date":"2015-09-16T14:34:26","date_gmt":"2015-09-16T12:34:26","guid":{"rendered":"https:\/\/www.mates.it\/prodotti\/tessuti-rinforzi\/hybridfasern\/"},"modified":"2023-06-25T04:01:11","modified_gmt":"2023-06-25T02:01:11","slug":"hybridfasern","status":"publish","type":"page","link":"https:\/\/www.mates.it\/de\/produkte\/faserverstarkungen\/hybridfasern\/","title":{"rendered":"Hybridfasern"},"content":{"rendered":"\n<style type=\"text\/css\" data-created_by=\"avia_inline_auto\" id=\"style-css-av-ljas9xgv-2d3345ce4958bfb93b006a56a5a13209\">\n.avia-image-container.av-ljas9xgv-2d3345ce4958bfb93b006a56a5a13209 img.avia_image{\nbox-shadow:none;\n}\n.avia-image-container.av-ljas9xgv-2d3345ce4958bfb93b006a56a5a13209 .av-image-caption-overlay-center{\ncolor:#ffffff;\n}\n<\/style>\n<div  class='avia-image-container av-ljas9xgv-2d3345ce4958bfb93b006a56a5a13209 av-styling- avia-align-center  avia-builder-el-0  el_before_av_hr  avia-builder-el-first '  ><div class=\"avia-image-container-inner\"><div class=\"avia-image-overlay-wrap\"><img decoding=\"async\" fetchpriority=\"high\" class=\"wp-image-7238 avia-img-lazy-loading-not-7238 avia_image \" src=\"https:\/\/www.mates.it\/wp-content\/uploads\/2016\/05\/Fibre-ibride.jpg\" alt=\"\" title=\"Fibre ibride\" height=\"190\" width=\"1000\" srcset=\"https:\/\/www.mates.it\/wp-content\/uploads\/2016\/05\/Fibre-ibride.jpg 1000w, https:\/\/www.mates.it\/wp-content\/uploads\/2016\/05\/Fibre-ibride-300x57.jpg 300w, https:\/\/www.mates.it\/wp-content\/uploads\/2016\/05\/Fibre-ibride-768x146.jpg 768w\" sizes=\"(max-width: 1000px) 100vw, 1000px\"><\/div><\/div><\/div>\n<div  class='hr av-av_hr-91d7ccd583a503147498e120fee2ff9b hr-default  avia-builder-el-1  el_after_av_image  el_before_av_three_fifth '><span class='hr-inner '><span class=\"hr-inner-style\"><\/span><\/span><\/div>\n<div  class='flex_column av-av_three_fifth-7714eba142aeda1f8b5272a3c372b279 av_three_fifth  avia-builder-el-2  el_after_av_hr  el_before_av_two_fifth  first flex_column_div  '     ><p>\n<style type=\"text\/css\" data-created_by=\"avia_inline_auto\" id=\"style-css-av-ljas9m93-d1b314960430e83e24e43de231887227\">\n#top .av-special-heading.av-ljas9m93-d1b314960430e83e24e43de231887227{\npadding-bottom:10px;\n}\nbody .av-special-heading.av-ljas9m93-d1b314960430e83e24e43de231887227 .av-special-heading-tag .heading-char{\nfont-size:25px;\n}\n.av-special-heading.av-ljas9m93-d1b314960430e83e24e43de231887227 .av-subheading{\nfont-size:15px;\n}\n<\/style>\n<div  class='av-special-heading av-ljas9m93-d1b314960430e83e24e43de231887227 av-special-heading-h1  avia-builder-el-3  el_before_av_textblock  avia-builder-el-first  custom-h1-title'><h1 class='av-special-heading-tag '  >Hybridfasern<\/h1><div class=\"special-heading-border\"><div class=\"special-heading-inner-border\"><\/div><\/div><\/div><br \/>\n<section  class='av_textblock_section av-ljas86u5-bd6c1a049b1e4f54ea8e1185044f9f23 '  ><div class='avia_textblock' ><p>Wir verf\u00fcgen \u00fcber eine breite Palette an ausgewogenen Hybridgeweben, die sich in Gewicht, Zusammensetzung und Schusstyp unterscheiden. Die Hybridgewebe (Karbon\/Aramid, Glas\/Aramid, Glas\/Kohle, Polyester\/Aramid usw.) sind in der Lage, die mechanischen Eigenschaften der verschiedenen Fasertypen, aus denen sie zusammengesetzt sind, beizubehalten und gleichzeitig das Risiko der Delaminierung auszuschalten, das bei der direkten Laminierung dieser Gewebe in der Formaufspannung auftreten k\u00f6nnte. Diese Gewebe werden von unserer technischen Abteilung sorgf\u00e4ltig ausgew\u00e4hlt und vor ihrer Markteinf\u00fchrung gr\u00fcndlich mechanisch und praktisch getestet (direkte Produktion von Bauteilen im Haus oder Tests bei einigen unserer Kunden).<\/p>\n<\/div><\/section><\/p><\/div><div  class='flex_column av-av_two_fifth-f1c518e9ff58e869f80c8f093487abc9 av_two_fifth  avia-builder-el-5  el_after_av_three_fifth  el_before_av_hr  flex_column_div  '     ><style type=\"text\/css\" data-created_by=\"avia_inline_auto\" id=\"style-css-av-ljas9ig7-66fe27550af8d85cfdf22fa8ade79a0f\">\n#top .togglecontainer.av-ljas9ig7-66fe27550af8d85cfdf22fa8ade79a0f h4.toggler{\nfont-size:14px;\n}\n#top .togglecontainer.av-ljas9ig7-66fe27550af8d85cfdf22fa8ade79a0f h4.toggler.activeTitle{\ncolor:#ffffff;\nborder-color:#ffffff;\nbackground-color:#2682d3;\n}\n<\/style>\n<div  class='togglecontainer av-ljas9ig7-66fe27550af8d85cfdf22fa8ade79a0f  avia-builder-el-6  avia-builder-el-no-sibling  accordion_product toggle_close_all hasCurrentStyle' >\n<section class='av_toggle_section av-ljas9ew1-d8e338fdc718c8d3ae6c6dd27e50786e' ><div role=\"tablist\" class=\"single_toggle\" data-tags=\"{Alle} \"  ><h4 id='toggle-toggle-id-1' data-fake-id='#toggle-id-1' class='toggler  activeTitle av-title-above '  role='tab' tabindex='0' aria-controls='toggle-id-1' data-slide-speed=\"200\" data-title=\"Vorteile\" data-title-open=\"\" data-aria_collapsed=\"Click to expand: Vorteile\" data-aria_expanded=\"Click to collapse: Vorteile\">Vorteile<span class=\"toggle_icon\"><span class=\"vert_icon\"><\/span><span class=\"hor_icon\"><\/span><\/span><\/h4><div id='toggle-id-1' aria-labelledby='toggle-toggle-id-1' role='region' class='toggle_wrap  active_tc av-title-above' style='display:block;' ><div class='toggle_content invers-color ' ><ul class=\"customlist1\">\n<li>Molte combinazioni<\/li>\n<li>Caratteristiche integrabili<\/li>\n<li>Basso rischio di delaminazione<\/li>\n<li>Allungamento ridotto<\/li>\n<\/ul>\n<\/div><\/div><\/div><\/section>\n<section class='av_toggle_section av-ljas9hhs-d605cf763575b435e0fa1f762c28797c' ><div role=\"tablist\" class=\"single_toggle\" data-tags=\"{Alle} \"  ><h4 id='toggle-toggle-id-2' data-fake-id='#toggle-id-2' class='toggler  av-title-above '  role='tab' tabindex='0' aria-controls='toggle-id-2' data-slide-speed=\"200\" data-title=\"Typen\" data-title-open=\"\" data-aria_collapsed=\"Click to expand: Typen\" data-aria_expanded=\"Click to collapse: Typen\">Typen<span class=\"toggle_icon\"><span class=\"vert_icon\"><\/span><span class=\"hor_icon\"><\/span><\/span><\/h4><div id='toggle-id-2' aria-labelledby='toggle-toggle-id-2' role='region' class='toggle_wrap  av-title-above'  ><div class='toggle_content invers-color ' ><li class=\"page_item page-item-8997\"><a href=\"https:\/\/www.mates.it\/de\/produkte\/faserverstarkungen\/hybridfasern\/gewebe-i\/\">Gewebe<\/a><\/li>\n<li class=\"page_item page-item-8998\"><a href=\"https:\/\/www.mates.it\/de\/produkte\/faserverstarkungen\/hybridfasern\/multiaxial-i\/\">Multiaxial<\/a><\/li>\n<li class=\"page_item page-item-8996\"><a href=\"https:\/\/www.mates.it\/de\/produkte\/faserverstarkungen\/hybridfasern\/prepregsd-i\/\">Prepregs<\/a><\/li>\n\n<\/div><\/div><\/div><\/section>\n<\/div><\/div><div  class='hr av-av_hr-91d7ccd583a503147498e120fee2ff9b hr-default  avia-builder-el-7  el_after_av_two_fifth  avia-builder-el-last '><span class='hr-inner '><span class=\"hr-inner-style\"><\/span><\/span><\/div><\/p>\n","protected":false},"excerpt":{"rendered":"<p>Die Hybridgewebe behalten die mechanischen Eigenschaften der verschiedenen Fasertypen, aus denen sie hergestellt werden, bei und eliminieren gleichzeitig das Risiko der Delamination.<\/p>\n","protected":false},"author":1,"featured_media":7238,"parent":8850,"menu_order":4,"comment_status":"open","ping_status":"open","template":"","meta":{"footnotes":""},"class_list":["post-8921","page","type-page","status-publish","has-post-thumbnail","hentry"],"_links":{"self":[{"href":"https:\/\/www.mates.it\/de\/wp-json\/wp\/v2\/pages\/8921","targetHints":{"allow":["GET"]}}],"collection":[{"href":"https:\/\/www.mates.it\/de\/wp-json\/wp\/v2\/pages"}],"about":[{"href":"https:\/\/www.mates.it\/de\/wp-json\/wp\/v2\/types\/page"}],"author":[{"embeddable":true,"href":"https:\/\/www.mates.it\/de\/wp-json\/wp\/v2\/users\/1"}],"replies":[{"embeddable":true,"href":"https:\/\/www.mates.it\/de\/wp-json\/wp\/v2\/comments?post=8921"}],"version-history":[{"count":0,"href":"https:\/\/www.mates.it\/de\/wp-json\/wp\/v2\/pages\/8921\/revisions"}],"up":[{"embeddable":true,"href":"https:\/\/www.mates.it\/de\/wp-json\/wp\/v2\/pages\/8850"}],"wp:featuredmedia":[{"embeddable":true,"href":"https:\/\/www.mates.it\/de\/wp-json\/wp\/v2\/media\/7238"}],"wp:attachment":[{"href":"https:\/\/www.mates.it\/de\/wp-json\/wp\/v2\/media?parent=8921"}],"curies":[{"name":"wp","href":"https:\/\/api.w.org\/{rel}","templated":true}]}}