{"id":8923,"date":"2015-09-16T14:34:36","date_gmt":"2015-09-16T12:34:36","guid":{"rendered":"https:\/\/www.mates.it\/prodotti\/tessuti-rinforzi\/hilfs-gewebe\/"},"modified":"2023-06-25T17:00:48","modified_gmt":"2023-06-25T15:00:48","slug":"hilfs-gewebe","status":"publish","type":"page","link":"https:\/\/www.mates.it\/de\/produkte\/faserverstarkungen\/hilfs-gewebe\/","title":{"rendered":"Hilfs \u2013 Gewebe"},"content":{"rendered":"\n<style type=\"text\/css\" data-created_by=\"avia_inline_auto\" id=\"style-css-av-ljbk3hd1-c6759ddbd63107d09e28b16b32d07faa\">\n.avia-image-container.av-ljbk3hd1-c6759ddbd63107d09e28b16b32d07faa img.avia_image{\nbox-shadow:none;\n}\n.avia-image-container.av-ljbk3hd1-c6759ddbd63107d09e28b16b32d07faa .av-image-caption-overlay-center{\ncolor:#ffffff;\n}\n<\/style>\n<div  class='avia-image-container av-ljbk3hd1-c6759ddbd63107d09e28b16b32d07faa av-styling- avia-align-center  avia-builder-el-0  el_before_av_hr  avia-builder-el-first '  ><div class=\"avia-image-container-inner\"><div class=\"avia-image-overlay-wrap\"><img decoding=\"async\" fetchpriority=\"high\" class=\"wp-image-7234 avia-img-lazy-loading-not-7234 avia_image \" src=\"https:\/\/www.mates.it\/wp-content\/uploads\/2016\/05\/Ausiliari-Tessuti.jpg\" alt=\"\" title=\"Ausiliari - Tessuti\" height=\"190\" width=\"1000\" srcset=\"https:\/\/www.mates.it\/wp-content\/uploads\/2016\/05\/Ausiliari-Tessuti.jpg 1000w, https:\/\/www.mates.it\/wp-content\/uploads\/2016\/05\/Ausiliari-Tessuti-300x57.jpg 300w, https:\/\/www.mates.it\/wp-content\/uploads\/2016\/05\/Ausiliari-Tessuti-768x146.jpg 768w\" sizes=\"(max-width: 1000px) 100vw, 1000px\"><\/div><\/div><\/div>\n<div  class='hr av-av_hr-91d7ccd583a503147498e120fee2ff9b hr-default  avia-builder-el-1  el_after_av_image  el_before_av_three_fifth '><span class='hr-inner '><span class=\"hr-inner-style\"><\/span><\/span><\/div>\n<div  class='flex_column av-av_three_fifth-7714eba142aeda1f8b5272a3c372b279 av_three_fifth  avia-builder-el-2  el_after_av_hr  el_before_av_two_fifth  first flex_column_div  '     ><p>\n<style type=\"text\/css\" data-created_by=\"avia_inline_auto\" id=\"style-css-av-ljbk3mhu-671be5e57e349c25d08b4d776b5a948a\">\n#top .av-special-heading.av-ljbk3mhu-671be5e57e349c25d08b4d776b5a948a{\npadding-bottom:10px;\n}\nbody .av-special-heading.av-ljbk3mhu-671be5e57e349c25d08b4d776b5a948a .av-special-heading-tag .heading-char{\nfont-size:25px;\n}\n.av-special-heading.av-ljbk3mhu-671be5e57e349c25d08b4d776b5a948a .av-subheading{\nfont-size:15px;\n}\n<\/style>\n<div  class='av-special-heading av-ljbk3mhu-671be5e57e349c25d08b4d776b5a948a av-special-heading-h1  avia-builder-el-3  el_before_av_textblock  avia-builder-el-first  custom-h1-title'><h1 class='av-special-heading-tag '  >Hilfs \u2013 Gewebe<\/h1><div class=\"special-heading-border\"><div class=\"special-heading-inner-border\"><\/div><\/div><\/div><br \/>\n<section  class='av_textblock_section av-ljbk3597-68f59f373c2fd2f175201d3bbfda203a '  ><div class='avia_textblock' ><p>Um ein optimales Endergebnis zu erzielen, ist es notwendig, mit spezifischen Hilfsmitteln und Ausr\u00fcstungen zu arbeiten, die f\u00fcr die auszuf\u00fchrende Arbeit richtig und geeignet sind. Wir haben uns stets bem\u00fcht, eine Reihe von Artikeln und Ausr\u00fcstungen auf den Markt zu bringen, die sorgf\u00e4ltig nach Qualit\u00e4t, Zuverl\u00e4ssigkeit und innerem Wert des Produkts ausgew\u00e4hlt wurden. Ein hervorragendes Endergebnis h\u00e4ngt auch von der Verwendung der richtigen Werkzeuge f\u00fcr die Arbeit ab. Alle Produkte dieser Kategorie werden in unserem Labor regelm\u00e4\u00dfig und kontinuierlich stichprobenartig gepr\u00fcft, um sicherzustellen, dass sie die vom Hersteller garantierten technischen Eigenschaften erf\u00fcllen. Nur so k\u00f6nnen wir unser derzeitiges Zuverl\u00e4ssigkeitsniveau aufrechterhalten, was dem Endverbraucher zugute kommt.<\/p>\n<\/div><\/section><\/p><\/div><div  class='flex_column av-av_two_fifth-f1c518e9ff58e869f80c8f093487abc9 av_two_fifth  avia-builder-el-5  el_after_av_three_fifth  el_before_av_hr  flex_column_div  '     ><style type=\"text\/css\" data-created_by=\"avia_inline_auto\" id=\"style-css-av-ljbk4ivw-95a384885c00cfcddb051e019798fa6b\">\n#top .togglecontainer.av-ljbk4ivw-95a384885c00cfcddb051e019798fa6b h4.toggler{\nfont-size:14px;\n}\n#top .togglecontainer.av-ljbk4ivw-95a384885c00cfcddb051e019798fa6b h4.toggler.activeTitle{\ncolor:#ffffff;\nborder-color:#ffffff;\nbackground-color:#2682d3;\n}\n<\/style>\n<div  class='togglecontainer av-ljbk4ivw-95a384885c00cfcddb051e019798fa6b  avia-builder-el-6  avia-builder-el-no-sibling  accordion_product toggle_close_all hasCurrentStyle' >\n<section class='av_toggle_section av-ljbk41s5-767ea9714a679e6c83d7a0a0ff289d73' ><div role=\"tablist\" class=\"single_toggle\" data-tags=\"{Alle} \"  ><h4 id='toggle-toggle-id-1' data-fake-id='#toggle-id-1' class='toggler  activeTitle av-title-above '  role='tab' tabindex='0' aria-controls='toggle-id-1' data-slide-speed=\"200\" data-title=\"Vorteile\" data-title-open=\"\" data-aria_collapsed=\"Click to expand: Vorteile\" data-aria_expanded=\"Click to collapse: Vorteile\">Vorteile<span class=\"toggle_icon\"><span class=\"vert_icon\"><\/span><span class=\"hor_icon\"><\/span><\/span><\/h4><div id='toggle-id-1' aria-labelledby='toggle-toggle-id-1' role='region' class='toggle_wrap  active_tc av-title-above' style='display:block;' ><div class='toggle_content invers-color ' ><ul>\n<li>Spezifisch f\u00fcr jedes Verfahren<\/li>\n<li>Regelm\u00e4\u00dfige Stichprobenkontrollen<\/li>\n<li>Hohe Zuverl\u00e4ssigkeit<\/li>\n<li>Garantierte Qualit\u00e4t<\/li>\n<\/ul>\n<\/div><\/div><\/div><\/section>\n<section class='av_toggle_section av-ljbk4hst-4293a9b858c8dd63470edb8264de87a0' ><div role=\"tablist\" class=\"single_toggle\" data-tags=\"{Alle} \"  ><h4 id='toggle-toggle-id-2' data-fake-id='#toggle-id-2' class='toggler  av-title-above '  role='tab' tabindex='0' aria-controls='toggle-id-2' data-slide-speed=\"200\" data-title=\"Typen\" data-title-open=\"\" data-aria_collapsed=\"Click to expand: Typen\" data-aria_expanded=\"Click to collapse: Typen\">Typen<span class=\"toggle_icon\"><span class=\"vert_icon\"><\/span><span class=\"hor_icon\"><\/span><\/span><\/h4><div id='toggle-id-2' aria-labelledby='toggle-toggle-id-2' role='region' class='toggle_wrap  av-title-above'  ><div class='toggle_content invers-color ' ><ul>\n<li><a href=\"https:\/\/fileserver.mates.it\/Prodotti\/1_Rinforzi\/Brochure\/Ausiliari_Tessuti_Forbici%20manuali.pdf\" target=\"_blank\" rel=\"noopener\">Forbici manuali<\/a><\/li>\n<li>Cutter elettrici<\/li>\n<\/ul>\n<\/div><\/div><\/div><\/section>\n<\/div><\/div><div  class='hr av-av_hr-91d7ccd583a503147498e120fee2ff9b hr-default  avia-builder-el-7  el_after_av_two_fifth  avia-builder-el-last '><span class='hr-inner '><span class=\"hr-inner-style\"><\/span><\/span><\/div><\/p>\n","protected":false},"excerpt":{"rendered":"<p>Um ein optimales Endergebnis zu erzielen, ist es notwendig, mit spezifischen Hilfsmitteln und Ausr\u00fcstungen zu arbeiten, die f\u00fcr die auszuf\u00fchrende Arbeit richtig und geeignet sind.<\/p>\n","protected":false},"author":1,"featured_media":7234,"parent":8850,"menu_order":6,"comment_status":"open","ping_status":"open","template":"","meta":{"footnotes":""},"class_list":["post-8923","page","type-page","status-publish","has-post-thumbnail","hentry"],"_links":{"self":[{"href":"https:\/\/www.mates.it\/de\/wp-json\/wp\/v2\/pages\/8923","targetHints":{"allow":["GET"]}}],"collection":[{"href":"https:\/\/www.mates.it\/de\/wp-json\/wp\/v2\/pages"}],"about":[{"href":"https:\/\/www.mates.it\/de\/wp-json\/wp\/v2\/types\/page"}],"author":[{"embeddable":true,"href":"https:\/\/www.mates.it\/de\/wp-json\/wp\/v2\/users\/1"}],"replies":[{"embeddable":true,"href":"https:\/\/www.mates.it\/de\/wp-json\/wp\/v2\/comments?post=8923"}],"version-history":[{"count":0,"href":"https:\/\/www.mates.it\/de\/wp-json\/wp\/v2\/pages\/8923\/revisions"}],"up":[{"embeddable":true,"href":"https:\/\/www.mates.it\/de\/wp-json\/wp\/v2\/pages\/8850"}],"wp:featuredmedia":[{"embeddable":true,"href":"https:\/\/www.mates.it\/de\/wp-json\/wp\/v2\/media\/7234"}],"wp:attachment":[{"href":"https:\/\/www.mates.it\/de\/wp-json\/wp\/v2\/media?parent=8923"}],"curies":[{"name":"wp","href":"https:\/\/api.w.org\/{rel}","templated":true}]}}