{"id":8925,"date":"2015-09-16T14:34:11","date_gmt":"2015-09-16T12:34:11","guid":{"rendered":"https:\/\/www.mates.it\/prodotti\/tessuti-rinforzi\/aramidfaser\/"},"modified":"2023-12-15T20:56:38","modified_gmt":"2023-12-15T19:56:38","slug":"aramidfaser","status":"publish","type":"page","link":"https:\/\/www.mates.it\/de\/produkte\/faserverstarkungen\/aramidfaser\/","title":{"rendered":"Aramidfaser"},"content":{"rendered":"\n<style type=\"text\/css\" data-created_by=\"avia_inline_auto\" id=\"style-css-av-ljapl6or-2f1d3db7895a03577b19e26d00cf28fa\">\n.avia-image-container.av-ljapl6or-2f1d3db7895a03577b19e26d00cf28fa img.avia_image{\nbox-shadow:none;\n}\n.avia-image-container.av-ljapl6or-2f1d3db7895a03577b19e26d00cf28fa .av-image-caption-overlay-center{\ncolor:#ffffff;\n}\n<\/style>\n<div  class='avia-image-container av-ljapl6or-2f1d3db7895a03577b19e26d00cf28fa av-styling- avia-align-center  avia-builder-el-0  el_before_av_hr  avia-builder-el-first '  ><div class=\"avia-image-container-inner\"><div class=\"avia-image-overlay-wrap\"><img decoding=\"async\" fetchpriority=\"high\" class='wp-image-7214 avia-img-lazy-loading-not-7214 avia_image ' src=\"https:\/\/www.mates.it\/wp-content\/uploads\/2016\/05\/Fibra-aramidica.jpg\" alt='Fibra aramidica' title='Fibra aramidica'  height=\"190\" width=\"1000\" srcset=\"https:\/\/www.mates.it\/wp-content\/uploads\/2016\/05\/Fibra-aramidica.jpg 1000w, https:\/\/www.mates.it\/wp-content\/uploads\/2016\/05\/Fibra-aramidica-300x57.jpg 300w, https:\/\/www.mates.it\/wp-content\/uploads\/2016\/05\/Fibra-aramidica-768x146.jpg 768w\" sizes=\"(max-width: 1000px) 100vw, 1000px\" \/><\/div><\/div><\/div>\n<div  class='hr av-av_hr-91d7ccd583a503147498e120fee2ff9b hr-default  avia-builder-el-1  el_after_av_image  el_before_av_three_fifth '><span class='hr-inner '><span class=\"hr-inner-style\"><\/span><\/span><\/div>\n<div  class='flex_column av-av_three_fifth-7714eba142aeda1f8b5272a3c372b279 av_three_fifth  avia-builder-el-2  el_after_av_hr  el_before_av_two_fifth  first flex_column_div  '     ><p>\n<style type=\"text\/css\" data-created_by=\"avia_inline_auto\" id=\"style-css-av-ljapkqs7-e38bf2603c819b3d1412a9bdc764af9d\">\n#top .av-special-heading.av-ljapkqs7-e38bf2603c819b3d1412a9bdc764af9d{\npadding-bottom:10px;\n}\nbody .av-special-heading.av-ljapkqs7-e38bf2603c819b3d1412a9bdc764af9d .av-special-heading-tag .heading-char{\nfont-size:25px;\n}\n.av-special-heading.av-ljapkqs7-e38bf2603c819b3d1412a9bdc764af9d .av-subheading{\nfont-size:15px;\n}\n<\/style>\n<div  class='av-special-heading av-ljapkqs7-e38bf2603c819b3d1412a9bdc764af9d av-special-heading-h1  avia-builder-el-3  el_before_av_textblock  avia-builder-el-first  custom-h1-title'><h1 class='av-special-heading-tag '  >Aramidfaser<\/h1><div class=\"special-heading-border\"><div class=\"special-heading-inner-border\"><\/div><\/div><\/div><br \/>\n<section  class='av_textblock_section av-ljapiezm-ddb85ae49ecb104b850cf3da4af9a3d9 '  ><div class='avia_textblock' ><p>Aramidfasern, zu denen auch Kevlar\u00ae geh\u00f6rt, sind eine spezielle Gruppe synthetischer Fasern, die aufgrund ihrer chemischen Eigenschaften besonders stark und extrem widerstandsf\u00e4hig gegen Hitze und Reibung sind. Sie werden in gro\u00dfem Umfang bei der Herstellung fortschrittlicher Verbundwerkstoffe in einfach verst\u00e4rkten Strukturen oder in Kombination mit anderen Fasern, wie z. B. Kohlenstofffasern, verwendet. Aramidfasern verf\u00fcgen \u00fcber einzigartige Eigenschaften wie Hitze-\/Flammenbest\u00e4ndigkeit, Durchsto\u00dffestigkeit und Abriebfestigkeit, werden aber auch verwendet, um ein Bersten bei einem Aufprall zu verhindern.<\/p>\n<\/div><\/section><\/p><\/div><div  class='flex_column av-av_two_fifth-f1c518e9ff58e869f80c8f093487abc9 av_two_fifth  avia-builder-el-5  el_after_av_three_fifth  el_before_av_hr  flex_column_div  '     ><style type=\"text\/css\" data-created_by=\"avia_inline_auto\" id=\"style-css-av-ljapjcab-73a72eed22bda883892e7346e2f10ccb\">\n#top .togglecontainer.av-ljapjcab-73a72eed22bda883892e7346e2f10ccb h4.toggler{\nfont-size:14px;\n}\n#top .togglecontainer.av-ljapjcab-73a72eed22bda883892e7346e2f10ccb h4.toggler.activeTitle{\ncolor:#ffffff;\nborder-color:#ffffff;\nbackground-color:#2682d3;\n}\n<\/style>\n<div  class='togglecontainer av-ljapjcab-73a72eed22bda883892e7346e2f10ccb  avia-builder-el-6  avia-builder-el-no-sibling  accordion_product toggle_close_all hasCurrentStyle' >\n<section class='av_toggle_section av-ljapj96q-1d437943564a244533c5f79735212526' ><div role=\"tablist\" class=\"single_toggle\" data-tags=\"{Alle} \"  ><h4 id='toggle-toggle-id-1' data-fake-id='#toggle-id-1' class='toggler  activeTitle av-title-above '  role='tab' tabindex='0' aria-controls='toggle-id-1' data-slide-speed=\"200\" data-title=\"Vorteile\" data-title-open=\"\" data-aria_collapsed=\"Click to expand: Vorteile\" data-aria_expanded=\"Click to collapse: Vorteile\">Vorteile<span class=\"toggle_icon\"><span class=\"vert_icon\"><\/span><span class=\"hor_icon\"><\/span><\/span><\/h4><div id='toggle-id-1' aria-labelledby='toggle-toggle-id-1' role='region' class='toggle_wrap  active_tc av-title-above' style='display:block;' ><div class='toggle_content invers-color ' ><ul>\n<li>Hitze-\/Flammenbest\u00e4ndigkeit<\/li>\n<li>Eind\u00e4mmung von Br\u00fcchen<\/li>\n<li>Thermische Isolierung<\/li>\n<li>Durchstichhemmung<\/li>\n<li>Abriebfestigkeit<\/li>\n<\/ul>\n<\/div><\/div><\/div><\/section>\n<section class='av_toggle_section av-ljapjpuq-db270b45daa87e8ea290e4fa64a17d39' ><div role=\"tablist\" class=\"single_toggle\" data-tags=\"{Alle} \"  ><h4 id='toggle-toggle-id-2' data-fake-id='#toggle-id-2' class='toggler  av-title-above '  role='tab' tabindex='0' aria-controls='toggle-id-2' data-slide-speed=\"200\" data-title=\"Typen\" data-title-open=\"\" data-aria_collapsed=\"Click to expand: Typen\" data-aria_expanded=\"Click to collapse: Typen\">Typen<span class=\"toggle_icon\"><span class=\"vert_icon\"><\/span><span class=\"hor_icon\"><\/span><\/span><\/h4><div id='toggle-id-2' aria-labelledby='toggle-toggle-id-2' role='region' class='toggle_wrap  av-title-above'  ><div class='toggle_content invers-color ' ><li class=\"page_item page-item-8992\"><a href=\"https:\/\/www.mates.it\/de\/produkte\/faserverstarkungen\/aramidfaser\/gewebe-a\/\">Gewebe<\/a><\/li>\n<li class=\"page_item page-item-8993\"><a href=\"https:\/\/www.mates.it\/de\/produkte\/faserverstarkungen\/aramidfaser\/unidirektional-multiaxialen-a\/\">Unidirektional \/ Multiaxialen<\/a><\/li>\n<li class=\"page_item page-item-9088\"><a href=\"https:\/\/www.mates.it\/de\/produkte\/faserverstarkungen\/aramidfaser\/bander-schlauche-a\/\">B\u00e4nder \/ Schl\u00e4uche<\/a><\/li>\n<li class=\"page_item page-item-8995\"><a href=\"https:\/\/www.mates.it\/de\/produkte\/faserverstarkungen\/aramidfaser\/prepregsd-a\/\">Prepregs<\/a><\/li>\n\n<\/div><\/div><\/div><\/section>\n<\/div><\/div><div  class='hr av-av_hr-91d7ccd583a503147498e120fee2ff9b hr-default  avia-builder-el-7  el_after_av_two_fifth  avia-builder-el-last '><span class='hr-inner '><span class=\"hr-inner-style\"><\/span><\/span><\/div><\/p>\n","protected":false},"excerpt":{"rendered":"<p>Aramidfasern, zu denen auch Kevlar\u00ae geh\u00f6rt, sind eine spezielle Gruppe synthetischer Fasern, die aufgrund ihrer chemischen Eigenschaften besonders stark und extrem widerstandsf\u00e4hig gegen Hitze und Reibung sind.<\/p>\n","protected":false},"author":1,"featured_media":7214,"parent":8850,"menu_order":3,"comment_status":"open","ping_status":"open","template":"","meta":{"footnotes":""},"class_list":["post-8925","page","type-page","status-publish","has-post-thumbnail","hentry"],"_links":{"self":[{"href":"https:\/\/www.mates.it\/de\/wp-json\/wp\/v2\/pages\/8925","targetHints":{"allow":["GET"]}}],"collection":[{"href":"https:\/\/www.mates.it\/de\/wp-json\/wp\/v2\/pages"}],"about":[{"href":"https:\/\/www.mates.it\/de\/wp-json\/wp\/v2\/types\/page"}],"author":[{"embeddable":true,"href":"https:\/\/www.mates.it\/de\/wp-json\/wp\/v2\/users\/1"}],"replies":[{"embeddable":true,"href":"https:\/\/www.mates.it\/de\/wp-json\/wp\/v2\/comments?post=8925"}],"version-history":[{"count":0,"href":"https:\/\/www.mates.it\/de\/wp-json\/wp\/v2\/pages\/8925\/revisions"}],"up":[{"embeddable":true,"href":"https:\/\/www.mates.it\/de\/wp-json\/wp\/v2\/pages\/8850"}],"wp:featuredmedia":[{"embeddable":true,"href":"https:\/\/www.mates.it\/de\/wp-json\/wp\/v2\/media\/7214"}],"wp:attachment":[{"href":"https:\/\/www.mates.it\/de\/wp-json\/wp\/v2\/media?parent=8925"}],"curies":[{"name":"wp","href":"https:\/\/api.w.org\/{rel}","templated":true}]}}