{"id":8927,"date":"2015-09-16T14:33:59","date_gmt":"2015-09-16T12:33:59","guid":{"rendered":"https:\/\/www.mates.it\/prodotti\/tessuti-rinforzi\/andere-fasern\/"},"modified":"2023-12-15T21:06:11","modified_gmt":"2023-12-15T20:06:11","slug":"andere-fasern","status":"publish","type":"page","link":"https:\/\/www.mates.it\/de\/produkte\/faserverstarkungen\/andere-fasern\/","title":{"rendered":"Andere fasern"},"content":{"rendered":"\n<style type=\"text\/css\" data-created_by=\"avia_inline_auto\" id=\"style-css-av-ljbjn6gv-193e8dc770c7d97a74e643f51c1f0c80\">\n.avia-image-container.av-ljbjn6gv-193e8dc770c7d97a74e643f51c1f0c80 img.avia_image{\nbox-shadow:none;\n}\n.avia-image-container.av-ljbjn6gv-193e8dc770c7d97a74e643f51c1f0c80 .av-image-caption-overlay-center{\ncolor:#ffffff;\n}\n<\/style>\n<div  class='avia-image-container av-ljbjn6gv-193e8dc770c7d97a74e643f51c1f0c80 av-styling- avia-align-center  avia-builder-el-0  el_before_av_hr  avia-builder-el-first '  ><div class=\"avia-image-container-inner\"><div class=\"avia-image-overlay-wrap\"><img decoding=\"async\" fetchpriority=\"high\" class=\"wp-image-7226 avia-img-lazy-loading-not-7226 avia_image \" src=\"https:\/\/www.mates.it\/wp-content\/uploads\/2016\/05\/Fibra-poliestere.jpg\" alt=\"\" title=\"Fibra poliestere\" height=\"190\" width=\"1000\" srcset=\"https:\/\/www.mates.it\/wp-content\/uploads\/2016\/05\/Fibra-poliestere.jpg 1000w, https:\/\/www.mates.it\/wp-content\/uploads\/2016\/05\/Fibra-poliestere-300x57.jpg 300w, https:\/\/www.mates.it\/wp-content\/uploads\/2016\/05\/Fibra-poliestere-768x146.jpg 768w\" sizes=\"(max-width: 1000px) 100vw, 1000px\"><\/div><\/div><\/div>\n<div  class='hr av-av_hr-91d7ccd583a503147498e120fee2ff9b hr-default  avia-builder-el-1  el_after_av_image  el_before_av_three_fifth '><span class='hr-inner '><span class=\"hr-inner-style\"><\/span><\/span><\/div>\n<div  class='flex_column av-av_three_fifth-7714eba142aeda1f8b5272a3c372b279 av_three_fifth  avia-builder-el-2  el_after_av_hr  el_before_av_two_fifth  first flex_column_div  '     ><p>\n<style type=\"text\/css\" data-created_by=\"avia_inline_auto\" id=\"style-css-av-ljbjo665-d4140f3db50242df9367cdc9f6252f5e\">\n#top .av-special-heading.av-ljbjo665-d4140f3db50242df9367cdc9f6252f5e{\npadding-bottom:10px;\n}\nbody .av-special-heading.av-ljbjo665-d4140f3db50242df9367cdc9f6252f5e .av-special-heading-tag .heading-char{\nfont-size:25px;\n}\n.av-special-heading.av-ljbjo665-d4140f3db50242df9367cdc9f6252f5e .av-subheading{\nfont-size:15px;\n}\n<\/style>\n<div  class='av-special-heading av-ljbjo665-d4140f3db50242df9367cdc9f6252f5e av-special-heading-h1  avia-builder-el-3  el_before_av_textblock  avia-builder-el-first  custom-h1-title'><h1 class='av-special-heading-tag '  >Andere fasern<\/h1><div class=\"special-heading-border\"><div class=\"special-heading-inner-border\"><\/div><\/div><\/div><br \/>\n<section  class='av_textblock_section av-ljbjmt3v-9d4edde5799841be0504fc93c8c9b245 '  ><div class='avia_textblock' ><p>Zus\u00e4tzlich zu den vielen Fasertypen im Katalog k\u00f6nnen wir auf Anfrage eine breite Palette verschiedener Fasern f\u00fcr jeden spezifischen Verwendungszweck liefern. Dazu geh\u00f6ren Polyester-, Quarz-, Bor-, Basalt-, Hanf- und Leinenfasern. Sie sind in der Lage, bestimmte Prozesse abzudecken, bei denen die Verwendung klassischer technischer Fasern nicht das gleiche Endergebnis bringen w\u00fcrde. Diese Fasern unterscheiden sich folglich voneinander durch spezifische technische Eigenschaften, die f\u00fcr jedes einzelne Produkt spezifisch sind und sie f\u00fcr die Realisierung jedes einzelnen Projekts n\u00fctzlich machen. Auf diese Weise bietet Mates eine Reihe von qualitativ hochwertigen Produkten an, die darauf abzielen, jeden einzelnen Kundenwunsch zu erf\u00fcllen.<\/p>\n<\/div><\/section><\/p><\/div><div  class='flex_column av-av_two_fifth-f1c518e9ff58e869f80c8f093487abc9 av_two_fifth  avia-builder-el-5  el_after_av_three_fifth  el_before_av_hr  flex_column_div  '     ><style type=\"text\/css\" data-created_by=\"avia_inline_auto\" id=\"style-css-av-ljbjo1cp-958a2bd1ec9e4bb80bd58d6c626ce49f\">\n#top .togglecontainer.av-ljbjo1cp-958a2bd1ec9e4bb80bd58d6c626ce49f h4.toggler{\nfont-size:14px;\n}\n#top .togglecontainer.av-ljbjo1cp-958a2bd1ec9e4bb80bd58d6c626ce49f h4.toggler.activeTitle{\ncolor:#ffffff;\nborder-color:#ffffff;\nbackground-color:#2682d3;\n}\n<\/style>\n<div  class='togglecontainer av-ljbjo1cp-958a2bd1ec9e4bb80bd58d6c626ce49f  avia-builder-el-6  avia-builder-el-no-sibling  accordion_product toggle_close_all hasCurrentStyle' >\n<section class='av_toggle_section av-ljbjnlpe-c38c1bf46d0d63f36ee1038da8940d99' ><div role=\"tablist\" class=\"single_toggle\" data-tags=\"{Alle} \"  ><h4 id='toggle-toggle-id-1' data-fake-id='#toggle-id-1' class='toggler  activeTitle av-title-above '  role='tab' tabindex='0' aria-controls='toggle-id-1' data-slide-speed=\"200\" data-title=\"Vorteile\" data-title-open=\"\" data-aria_collapsed=\"Click to expand: Vorteile\" data-aria_expanded=\"Click to collapse: Vorteile\">Vorteile<span class=\"toggle_icon\"><span class=\"vert_icon\"><\/span><span class=\"hor_icon\"><\/span><\/span><\/h4><div id='toggle-id-1' aria-labelledby='toggle-toggle-id-1' role='region' class='toggle_wrap  active_tc av-title-above' style='display:block;' ><div class='toggle_content invers-color ' ><ul>\n<li>Spezifische Anwendung f\u00fcr jeden Bedarf<\/li>\n<li>Hoher Qualit\u00e4tsstandard<\/li>\n<li>Einsetzbar f\u00fcr jeden Prozess<\/li>\n<\/ul>\n<\/div><\/div><\/div><\/section>\n<section class='av_toggle_section av-ljbjo0c6-65d97784015cb5a762c9e802500107d5' ><div role=\"tablist\" class=\"single_toggle\" data-tags=\"{Alle} \"  ><h4 id='toggle-toggle-id-2' data-fake-id='#toggle-id-2' class='toggler  av-title-above '  role='tab' tabindex='0' aria-controls='toggle-id-2' data-slide-speed=\"200\" data-title=\"Typen\" data-title-open=\"\" data-aria_collapsed=\"Click to expand: Typen\" data-aria_expanded=\"Click to collapse: Typen\">Typen<span class=\"toggle_icon\"><span class=\"vert_icon\"><\/span><span class=\"hor_icon\"><\/span><\/span><\/h4><div id='toggle-id-2' aria-labelledby='toggle-toggle-id-2' role='region' class='toggle_wrap  av-title-above'  ><div class='toggle_content invers-color ' ><ul>\n<li>Polyester<\/li>\n<li>Quarz<\/li>\n<li>Basalt\/Bor<\/li>\n<li>Hanf \/ Leinen<\/li>\n<\/ul>\n<\/div><\/div><\/div><\/section>\n<\/div><\/div><div  class='hr av-av_hr-91d7ccd583a503147498e120fee2ff9b hr-default  avia-builder-el-7  el_after_av_two_fifth  avia-builder-el-last '><span class='hr-inner '><span class=\"hr-inner-style\"><\/span><\/span><\/div><\/p>\n","protected":false},"excerpt":{"rendered":"<p>Zus\u00e4tzlich zu den vielen Fasertypen des Katalogs k\u00f6nnen wir auf Anfrage eine breite Palette von verschiedenen Fasern f\u00fcr jeden spezifischen Gebrauch liefern.<\/p>\n","protected":false},"author":1,"featured_media":7226,"parent":8850,"menu_order":5,"comment_status":"open","ping_status":"open","template":"","meta":{"footnotes":""},"class_list":["post-8927","page","type-page","status-publish","has-post-thumbnail","hentry"],"_links":{"self":[{"href":"https:\/\/www.mates.it\/de\/wp-json\/wp\/v2\/pages\/8927","targetHints":{"allow":["GET"]}}],"collection":[{"href":"https:\/\/www.mates.it\/de\/wp-json\/wp\/v2\/pages"}],"about":[{"href":"https:\/\/www.mates.it\/de\/wp-json\/wp\/v2\/types\/page"}],"author":[{"embeddable":true,"href":"https:\/\/www.mates.it\/de\/wp-json\/wp\/v2\/users\/1"}],"replies":[{"embeddable":true,"href":"https:\/\/www.mates.it\/de\/wp-json\/wp\/v2\/comments?post=8927"}],"version-history":[{"count":0,"href":"https:\/\/www.mates.it\/de\/wp-json\/wp\/v2\/pages\/8927\/revisions"}],"up":[{"embeddable":true,"href":"https:\/\/www.mates.it\/de\/wp-json\/wp\/v2\/pages\/8850"}],"wp:featuredmedia":[{"embeddable":true,"href":"https:\/\/www.mates.it\/de\/wp-json\/wp\/v2\/media\/7226"}],"wp:attachment":[{"href":"https:\/\/www.mates.it\/de\/wp-json\/wp\/v2\/media?parent=8927"}],"curies":[{"name":"wp","href":"https:\/\/api.w.org\/{rel}","templated":true}]}}