{"id":8931,"date":"2015-09-16T16:06:10","date_gmt":"2015-09-16T14:06:10","guid":{"rendered":"https:\/\/www.mates.it\/prodotti\/resine-adesivi-chimici\/chemikalien-inerten\/"},"modified":"2023-06-26T14:33:56","modified_gmt":"2023-06-26T12:33:56","slug":"chemikalien-inerten","status":"publish","type":"page","link":"https:\/\/www.mates.it\/de\/produkte\/harze-klebstoffe-chemikalien\/chemikalien-inerten\/","title":{"rendered":"Chemikalien \/ Inerten"},"content":{"rendered":"\n<style type=\"text\/css\" data-created_by=\"avia_inline_auto\" id=\"style-css-av-av_image-cbfaeb10626410b430ca16c6722e4480\">\n.avia-image-container.av-av_image-cbfaeb10626410b430ca16c6722e4480 img.avia_image{\nbox-shadow:none;\n}\n.avia-image-container.av-av_image-cbfaeb10626410b430ca16c6722e4480 .av-image-caption-overlay-center{\ncolor:#ffffff;\n}\n<\/style>\n<div  class='avia-image-container av-av_image-cbfaeb10626410b430ca16c6722e4480 av-styling- avia-align-center  avia-builder-el-0  el_before_av_hr  avia-builder-el-first '  ><div class=\"avia-image-container-inner\"><div class=\"avia-image-overlay-wrap\"><img decoding=\"async\" fetchpriority=\"high\" class=\"wp-image- avia-img-lazy-loading-not- avia_image \" src=\"https:\/\/www.mates.it\/wp-content\/uploads\/2016\/06\/Chimici.jpg\" alt=\"\" title=\"\"><\/div><\/div><\/div>\n<div  class='hr av-av_hr-91d7ccd583a503147498e120fee2ff9b hr-default  avia-builder-el-1  el_after_av_image  el_before_av_three_fifth '><span class='hr-inner '><span class=\"hr-inner-style\"><\/span><\/span><\/div>\n<div  class='flex_column av-av_three_fifth-7714eba142aeda1f8b5272a3c372b279 av_three_fifth  avia-builder-el-2  el_after_av_hr  el_before_av_two_fifth  first flex_column_div  '     ><p>\n<style type=\"text\/css\" data-created_by=\"avia_inline_auto\" id=\"style-css-av-ljcubk4e-2c956f7ad89f7010613b4cad308438f5\">\n#top .av-special-heading.av-ljcubk4e-2c956f7ad89f7010613b4cad308438f5{\npadding-bottom:10px;\n}\nbody .av-special-heading.av-ljcubk4e-2c956f7ad89f7010613b4cad308438f5 .av-special-heading-tag .heading-char{\nfont-size:25px;\n}\n.av-special-heading.av-ljcubk4e-2c956f7ad89f7010613b4cad308438f5 .av-subheading{\nfont-size:15px;\n}\n<\/style>\n<div  class='av-special-heading av-ljcubk4e-2c956f7ad89f7010613b4cad308438f5 av-special-heading-h1  avia-builder-el-3  el_before_av_textblock  avia-builder-el-first  custom-h1-title'><h1 class='av-special-heading-tag '  >Chemikalien \/ Inerten<\/h1><div class=\"special-heading-border\"><div class=\"special-heading-inner-border\"><\/div><\/div><\/div><br \/>\n<section  class='av_textblock_section av-ljcuaarb-b2c0b51b63d15a848e9e504d11a74903 '  ><div class='avia_textblock' ><p>Unser Unternehmen arbeitet seit jeher mit den besten Fachbetrieben zusammen, die es uns erm\u00f6glichen, Qualit\u00e4t und Kompetenz f\u00fcr jeden einzelnen Anwendungsbereich anzubieten. Wir sind in der Lage, eine breite Palette inerter F\u00fcllstoffe und chemischer Produkte anzubieten, die vor der Vermarktung verschiedenen Kontrollen unterzogen werden. Zu den Produkten im Katalog z\u00e4hlen die f\u00fcr jeden Prozess geeigneten L\u00f6sungsmittel und Verd\u00fcnner sowie Verdickungsmittel und Beschleuniger. Ihre Verwendung betrifft haupts\u00e4chlich die \u00c4nderung des physikalischen\/chemischen Zustands einer Fl\u00fcssigkeit sowie die Reinigung von Formen, um eine optimale Arbeitsoberfl\u00e4che zu erhalten, die frei von Stoffen ist, die die Verarbeitung beeintr\u00e4chtigen k\u00f6nnten. Dar\u00fcber hinaus k\u00f6nnen sie in einigen Arbeitsprozessen verwendet werden, bei denen Harze verwendet werden, mit der Absicht, diese zu verd\u00fcnnen, um ihre Auftragungs- und Absorptionszeiten zu erleichtern.<\/p>\n<\/div><\/section><\/p><\/div><div  class='flex_column av-av_two_fifth-f1c518e9ff58e869f80c8f093487abc9 av_two_fifth  avia-builder-el-5  el_after_av_three_fifth  el_before_av_hr  flex_column_div  '     ><style type=\"text\/css\" data-created_by=\"avia_inline_auto\" id=\"style-css-av-ljcubf7j-181df7639312c28f424dd3d0e8b3a52e\">\n#top .togglecontainer.av-ljcubf7j-181df7639312c28f424dd3d0e8b3a52e h4.toggler{\nfont-size:14px;\n}\n#top .togglecontainer.av-ljcubf7j-181df7639312c28f424dd3d0e8b3a52e h4.toggler.activeTitle{\ncolor:#ffffff;\nborder-color:#ffffff;\nbackground-color:#2682d3;\n}\n<\/style>\n<div  class='togglecontainer av-ljcubf7j-181df7639312c28f424dd3d0e8b3a52e  avia-builder-el-6  avia-builder-el-no-sibling  accordion_product toggle_close_all hasCurrentStyle' >\n<section class='av_toggle_section av-ljcuba8u-45fbdf2e2074562ce4f2d743482d384f' ><div role=\"tablist\" class=\"single_toggle\" data-tags=\"{Alle} \"  ><h4 id='toggle-toggle-id-1' data-fake-id='#toggle-id-1' class='toggler  activeTitle av-title-above '  role='tab' tabindex='0' aria-controls='toggle-id-1' data-slide-speed=\"200\" data-title=\"Vorteile\" data-title-open=\"\" data-aria_collapsed=\"Click to expand: Vorteile\" data-aria_expanded=\"Click to collapse: Vorteile\">Vorteile<span class=\"toggle_icon\"><span class=\"vert_icon\"><\/span><span class=\"hor_icon\"><\/span><\/span><\/h4><div id='toggle-id-1' aria-labelledby='toggle-toggle-id-1' role='region' class='toggle_wrap  active_tc av-title-above' style='display:block;' ><div class='toggle_content invers-color ' ><ul class=\"customlist1\">\n<li>Isotherme Spitzenabsenkung<\/li>\n<li>Prozentuale Harzreduzierung<\/li>\n<li>Erh\u00f6hte Dimensionsstabilit\u00e4t<\/li>\n<li>Chemische\/physikalische Variation<\/li>\n<\/ul>\n<\/div><\/div><\/div><\/section>\n<section class='av_toggle_section av-ljcubdjn-d2ff26f82d854d848240268303ec7704' ><div role=\"tablist\" class=\"single_toggle\" data-tags=\"{Alle} \"  ><h4 id='toggle-toggle-id-2' data-fake-id='#toggle-id-2' class='toggler  av-title-above '  role='tab' tabindex='0' aria-controls='toggle-id-2' data-slide-speed=\"200\" data-title=\"Typen\" data-title-open=\"\" data-aria_collapsed=\"Click to expand: Typen\" data-aria_expanded=\"Click to collapse: Typen\">Typen<span class=\"toggle_icon\"><span class=\"vert_icon\"><\/span><span class=\"hor_icon\"><\/span><\/span><\/h4><div id='toggle-id-2' aria-labelledby='toggle-toggle-id-2' role='region' class='toggle_wrap  av-title-above'  ><div class='toggle_content invers-color ' ><li class=\"page_item page-item-9012\"><a href=\"https:\/\/www.mates.it\/de\/produkte\/harze-klebstoffe-chemikalien\/chemikalien-inerten\/fillers-d\/\">Fillers<\/a><\/li>\n<li class=\"page_item page-item-9013\"><a href=\"https:\/\/www.mates.it\/de\/produkte\/harze-klebstoffe-chemikalien\/chemikalien-inerten\/additive-d\/\">Additive<\/a><\/li>\n<li class=\"page_item page-item-9011\"><a href=\"https:\/\/www.mates.it\/de\/produkte\/harze-klebstoffe-chemikalien\/chemikalien-inerten\/losungsmittel-verdunnungsmittel-d\/\">L\u00f6sungsmittel \/ Verd\u00fcnnungsmittel<\/a><\/li>\n\n<\/div><\/div><\/div><\/section>\n<\/div><\/div><div  class='hr av-av_hr-91d7ccd583a503147498e120fee2ff9b hr-default  avia-builder-el-7  el_after_av_two_fifth  avia-builder-el-last '><span class='hr-inner '><span class=\"hr-inner-style\"><\/span><\/span><\/div><\/p>\n","protected":false},"excerpt":{"rendered":"<p>Wir sind in der Lage, eine breite Palette inerter F\u00fcllstoffe und chemischer Produkte anzubieten, darunter L\u00f6sungsmittel und Verd\u00fcnner, die f\u00fcr jeden Prozess n\u00fctzlich sind, sowie Verdickungsmittel und Beschleuniger.<\/p>\n","protected":false},"author":1,"featured_media":7246,"parent":8852,"menu_order":4,"comment_status":"open","ping_status":"open","template":"","meta":{"footnotes":""},"class_list":["post-8931","page","type-page","status-publish","has-post-thumbnail","hentry"],"_links":{"self":[{"href":"https:\/\/www.mates.it\/de\/wp-json\/wp\/v2\/pages\/8931","targetHints":{"allow":["GET"]}}],"collection":[{"href":"https:\/\/www.mates.it\/de\/wp-json\/wp\/v2\/pages"}],"about":[{"href":"https:\/\/www.mates.it\/de\/wp-json\/wp\/v2\/types\/page"}],"author":[{"embeddable":true,"href":"https:\/\/www.mates.it\/de\/wp-json\/wp\/v2\/users\/1"}],"replies":[{"embeddable":true,"href":"https:\/\/www.mates.it\/de\/wp-json\/wp\/v2\/comments?post=8931"}],"version-history":[{"count":0,"href":"https:\/\/www.mates.it\/de\/wp-json\/wp\/v2\/pages\/8931\/revisions"}],"up":[{"embeddable":true,"href":"https:\/\/www.mates.it\/de\/wp-json\/wp\/v2\/pages\/8852"}],"wp:featuredmedia":[{"embeddable":true,"href":"https:\/\/www.mates.it\/de\/wp-json\/wp\/v2\/media\/7246"}],"wp:attachment":[{"href":"https:\/\/www.mates.it\/de\/wp-json\/wp\/v2\/media?parent=8931"}],"curies":[{"name":"wp","href":"https:\/\/api.w.org\/{rel}","templated":true}]}}