{"id":8933,"date":"2015-09-16T16:06:04","date_gmt":"2015-09-16T14:06:04","guid":{"rendered":"https:\/\/www.mates.it\/prodotti\/resine-adesivi-chimici\/klebstoffe\/"},"modified":"2023-06-25T19:07:49","modified_gmt":"2023-06-25T17:07:49","slug":"klebstoffe","status":"publish","type":"page","link":"https:\/\/www.mates.it\/de\/produkte\/harze-klebstoffe-chemikalien\/klebstoffe\/","title":{"rendered":"Klebstoffe"},"content":{"rendered":"\n<style type=\"text\/css\" data-created_by=\"avia_inline_auto\" id=\"style-css-av-av_image-fddddf96a8e00bd36741689c1f1c5dfc\">\n.avia-image-container.av-av_image-fddddf96a8e00bd36741689c1f1c5dfc img.avia_image{\nbox-shadow:none;\n}\n.avia-image-container.av-av_image-fddddf96a8e00bd36741689c1f1c5dfc .av-image-caption-overlay-center{\ncolor:#ffffff;\n}\n<\/style>\n<div  class='avia-image-container av-av_image-fddddf96a8e00bd36741689c1f1c5dfc av-styling- avia-align-center  avia-builder-el-0  el_before_av_hr  avia-builder-el-first '  ><div class=\"avia-image-container-inner\"><div class=\"avia-image-overlay-wrap\"><img decoding=\"async\" fetchpriority=\"high\" class=\"wp-image- avia-img-lazy-loading-not- avia_image \" src=\"https:\/\/www.mates.it\/wp-content\/uploads\/2016\/06\/Adesivi-collanti.jpg\" alt=\"\" title=\"\"><\/div><\/div><\/div>\n<div  class='hr av-av_hr-91d7ccd583a503147498e120fee2ff9b hr-default  avia-builder-el-1  el_after_av_image  el_before_av_three_fifth '><span class='hr-inner '><span class=\"hr-inner-style\"><\/span><\/span><\/div>\n<div  class='flex_column av-av_three_fifth-7714eba142aeda1f8b5272a3c372b279 av_three_fifth  avia-builder-el-2  el_after_av_hr  el_before_av_two_fifth  first flex_column_div  '     ><p>\n<style type=\"text\/css\" data-created_by=\"avia_inline_auto\" id=\"style-css-av-ljbonxfn-54b5ea52d56fb0d5a1a1e7e5c8b6d8c9\">\n#top .av-special-heading.av-ljbonxfn-54b5ea52d56fb0d5a1a1e7e5c8b6d8c9{\npadding-bottom:10px;\n}\nbody .av-special-heading.av-ljbonxfn-54b5ea52d56fb0d5a1a1e7e5c8b6d8c9 .av-special-heading-tag .heading-char{\nfont-size:25px;\n}\n.av-special-heading.av-ljbonxfn-54b5ea52d56fb0d5a1a1e7e5c8b6d8c9 .av-subheading{\nfont-size:15px;\n}\n<\/style>\n<div  class='av-special-heading av-ljbonxfn-54b5ea52d56fb0d5a1a1e7e5c8b6d8c9 av-special-heading-h1  avia-builder-el-3  el_before_av_textblock  avia-builder-el-first  custom-h1-title'><h1 class='av-special-heading-tag '  >Klebstoffe<\/h1><div class=\"special-heading-border\"><div class=\"special-heading-inner-border\"><\/div><\/div><\/div><br \/>\n<section  class='av_textblock_section av-ljbomz88-4f289dfaabab6da54c812f533af2b305 '  ><div class='avia_textblock' ><p>Die Palette der Klebstoffe reicht von klassischen Epoxidklebern und F\u00fcllstoffen bis hin zu innovativen Strukturklebstoffen auf Methacrylatbasis (MMA). Strukturklebstoffe sind in der Lage, gro\u00dfen mechanischen Belastungen standzuhalten und ersetzen herk\u00f6mmliche Verbindungsmethoden mit erheblichen technologischen Vorteilen. Sie erm\u00f6glichen eine gleichm\u00e4\u00dfige Verteilung der Spannungen an den Verbindungsstellen und eine gr\u00f6\u00dfere Widerstandsf\u00e4higkeit gegen Vibrationen, da sie eine hohe Elastizit\u00e4t aufweisen.<br \/>\nSpr\u00fchklebstoffe werden in der Regel f\u00fcr die Vorpositionierung von Geweben in einer Form, aber auch f\u00fcr die Fixierung von Konsumg\u00fctern in geschlossenen Formen verwendet.<br \/>\nWir k\u00f6nnen auch eine Reihe von Klebeb\u00e4ndern liefern, die f\u00fcr die meisten industriellen Prozesse ideal sind (Abdecken, Markieren von Metall- und Kunststoffteilen, Umrisse von Stoffen). Sie eignen sich auch f\u00fcr die Befestigung von Konsumg\u00fctern mit einem garantierten Einsatzbereich von 60\u00b0C bis 200\u00b0C.<\/p>\n<\/div><\/section><\/p><\/div><div  class='flex_column av-av_two_fifth-f1c518e9ff58e869f80c8f093487abc9 av_two_fifth  avia-builder-el-5  el_after_av_three_fifth  el_before_av_hr  flex_column_div  '     ><style type=\"text\/css\" data-created_by=\"avia_inline_auto\" id=\"style-css-av-ljbons8x-c60a11e2755dfaa70252fc1a1f8ad4ac\">\n#top .togglecontainer.av-ljbons8x-c60a11e2755dfaa70252fc1a1f8ad4ac h4.toggler{\nfont-size:14px;\n}\n#top .togglecontainer.av-ljbons8x-c60a11e2755dfaa70252fc1a1f8ad4ac h4.toggler.activeTitle{\ncolor:#ffffff;\nborder-color:#ffffff;\nbackground-color:#2682d3;\n}\n<\/style>\n<div  class='togglecontainer av-ljbons8x-c60a11e2755dfaa70252fc1a1f8ad4ac  avia-builder-el-6  avia-builder-el-no-sibling  accordion_product toggle_close_all hasCurrentStyle' >\n<section class='av_toggle_section av-ljbonoq1-2b02a8277e45a7cd2c2af31565e7059a' ><div role=\"tablist\" class=\"single_toggle\" data-tags=\"{Alle} \"  ><h4 id='toggle-toggle-id-1' data-fake-id='#toggle-id-1' class='toggler  activeTitle av-title-above '  role='tab' tabindex='0' aria-controls='toggle-id-1' data-slide-speed=\"200\" data-title=\"Vorteile\" data-title-open=\"\" data-aria_collapsed=\"Click to expand: Vorteile\" data-aria_expanded=\"Click to collapse: Vorteile\">Vorteile<span class=\"toggle_icon\"><span class=\"vert_icon\"><\/span><span class=\"hor_icon\"><\/span><\/span><\/h4><div id='toggle-id-1' aria-labelledby='toggle-toggle-id-1' role='region' class='toggle_wrap  active_tc av-title-above' style='display:block;' ><div class='toggle_content invers-color ' ><ul>\n<li>Gro\u00dfe Vielseitigkeit<\/li>\n<li>Beschleunigung des Produktionsprozesses<\/li>\n<li>Spezifische Anwendungen<\/li>\n<li>Temperaturbest\u00e4ndigkeit<\/li>\n<li>Maximaler struktureller Zusammenhalt<\/li>\n<\/ul>\n<\/div><\/div><\/div><\/section>\n<section class='av_toggle_section av-ljbonrdq-70788b453ae6ba17fa7cd4fa5f217d96' ><div role=\"tablist\" class=\"single_toggle\" data-tags=\"{Alle} \"  ><h4 id='toggle-toggle-id-2' data-fake-id='#toggle-id-2' class='toggler  av-title-above '  role='tab' tabindex='0' aria-controls='toggle-id-2' data-slide-speed=\"200\" data-title=\"Typen\" data-title-open=\"\" data-aria_collapsed=\"Click to expand: Typen\" data-aria_expanded=\"Click to collapse: Typen\">Typen<span class=\"toggle_icon\"><span class=\"vert_icon\"><\/span><span class=\"hor_icon\"><\/span><\/span><\/h4><div id='toggle-id-2' aria-labelledby='toggle-toggle-id-2' role='region' class='toggle_wrap  av-title-above'  ><div class='toggle_content invers-color ' ><li class=\"page_item page-item-9045\"><a href=\"https:\/\/www.mates.it\/de\/produkte\/harze-klebstoffe-chemikalien\/klebstoffe\/methacrylate\/\">Methacrylate<\/a><\/li>\n<li class=\"page_item page-item-9089\"><a href=\"https:\/\/www.mates.it\/de\/produkte\/harze-klebstoffe-chemikalien\/klebstoffe\/epoxy-de\/\">Epoxy<\/a><\/li>\n<li class=\"page_item page-item-9090\"><a href=\"https:\/\/www.mates.it\/de\/produkte\/harze-klebstoffe-chemikalien\/klebstoffe\/polyurethan\/\">Polyurethan<\/a><\/li>\n<li class=\"page_item page-item-9005\"><a href=\"https:\/\/www.mates.it\/de\/produkte\/harze-klebstoffe-chemikalien\/klebstoffe\/spruhen-tackifiers\/\">Spr\u00fchen<\/a><\/li>\n<li class=\"page_item page-item-9007\"><a href=\"https:\/\/www.mates.it\/de\/produkte\/harze-klebstoffe-chemikalien\/klebstoffe\/hilfs-klebstoffe\/\">Hilfs &#8211; Klebstoffe<\/a><\/li>\n\n<\/div><\/div><\/div><\/section>\n<\/div><\/div><div  class='hr av-av_hr-91d7ccd583a503147498e120fee2ff9b hr-default  avia-builder-el-7  el_after_av_two_fifth  avia-builder-el-last '><span class='hr-inner '><span class=\"hr-inner-style\"><\/span><\/span><\/div><\/p>\n","protected":false},"excerpt":{"rendered":"<p>Die Palette der Klebstoffe reicht von klassischen Epoxidklebern und F\u00fcllstoffen bis zu innovativen Strukturklebstoffen auf Methacrylatbasis (MMA). Strukturklebstoffe sind in der Lage, gro\u00dfen mechanischen Belastungen standzuhalten.<\/p>\n","protected":false},"author":1,"featured_media":7242,"parent":8852,"menu_order":2,"comment_status":"open","ping_status":"open","template":"","meta":{"footnotes":""},"class_list":["post-8933","page","type-page","status-publish","has-post-thumbnail","hentry"],"_links":{"self":[{"href":"https:\/\/www.mates.it\/de\/wp-json\/wp\/v2\/pages\/8933","targetHints":{"allow":["GET"]}}],"collection":[{"href":"https:\/\/www.mates.it\/de\/wp-json\/wp\/v2\/pages"}],"about":[{"href":"https:\/\/www.mates.it\/de\/wp-json\/wp\/v2\/types\/page"}],"author":[{"embeddable":true,"href":"https:\/\/www.mates.it\/de\/wp-json\/wp\/v2\/users\/1"}],"replies":[{"embeddable":true,"href":"https:\/\/www.mates.it\/de\/wp-json\/wp\/v2\/comments?post=8933"}],"version-history":[{"count":0,"href":"https:\/\/www.mates.it\/de\/wp-json\/wp\/v2\/pages\/8933\/revisions"}],"up":[{"embeddable":true,"href":"https:\/\/www.mates.it\/de\/wp-json\/wp\/v2\/pages\/8852"}],"wp:featuredmedia":[{"embeddable":true,"href":"https:\/\/www.mates.it\/de\/wp-json\/wp\/v2\/media\/7242"}],"wp:attachment":[{"href":"https:\/\/www.mates.it\/de\/wp-json\/wp\/v2\/media?parent=8933"}],"curies":[{"name":"wp","href":"https:\/\/api.w.org\/{rel}","templated":true}]}}