{"id":8935,"date":"2015-09-16T16:06:03","date_gmt":"2015-09-16T14:06:03","guid":{"rendered":"https:\/\/www.mates.it\/prodotti\/resine-adesivi-chimici\/harze\/"},"modified":"2023-06-25T17:35:24","modified_gmt":"2023-06-25T15:35:24","slug":"harze","status":"publish","type":"page","link":"https:\/\/www.mates.it\/de\/produkte\/harze-klebstoffe-chemikalien\/harze\/","title":{"rendered":"Harze"},"content":{"rendered":"\n<style type=\"text\/css\" data-created_by=\"avia_inline_auto\" id=\"style-css-av-ljblc54s-b99d9f01a7453aabb48db1de7d37df17\">\n.avia-image-container.av-ljblc54s-b99d9f01a7453aabb48db1de7d37df17 img.avia_image{\nbox-shadow:none;\n}\n.avia-image-container.av-ljblc54s-b99d9f01a7453aabb48db1de7d37df17 .av-image-caption-overlay-center{\ncolor:#ffffff;\n}\n<\/style>\n<div  class='avia-image-container av-ljblc54s-b99d9f01a7453aabb48db1de7d37df17 av-styling- avia-align-center  avia-builder-el-0  el_before_av_hr  avia-builder-el-first '  ><div class=\"avia-image-container-inner\"><div class=\"avia-image-overlay-wrap\"><img decoding=\"async\" fetchpriority=\"high\" class=\"wp-image-7342 avia-img-lazy-loading-not-7342 avia_image \" src=\"https:\/\/www.mates.it\/wp-content\/uploads\/2016\/06\/Impregnazione.jpg\" alt=\"\" title=\"Impregnazione\" height=\"190\" width=\"1000\" srcset=\"https:\/\/www.mates.it\/wp-content\/uploads\/2016\/06\/Impregnazione.jpg 1000w, https:\/\/www.mates.it\/wp-content\/uploads\/2016\/06\/Impregnazione-300x57.jpg 300w, https:\/\/www.mates.it\/wp-content\/uploads\/2016\/06\/Impregnazione-768x146.jpg 768w\" sizes=\"(max-width: 1000px) 100vw, 1000px\"><\/div><\/div><\/div>\n<div  class='hr av-av_hr-91d7ccd583a503147498e120fee2ff9b hr-default  avia-builder-el-1  el_after_av_image  el_before_av_three_fifth '><span class='hr-inner '><span class=\"hr-inner-style\"><\/span><\/span><\/div>\n<div  class='flex_column av-av_three_fifth-7714eba142aeda1f8b5272a3c372b279 av_three_fifth  avia-builder-el-2  el_after_av_hr  el_before_av_two_fifth  first flex_column_div  '     ><p>\n<style type=\"text\/css\" data-created_by=\"avia_inline_auto\" id=\"style-css-av-ljblchab-38c36f8b06ba79d6ffc549c508790aa7\">\n#top .av-special-heading.av-ljblchab-38c36f8b06ba79d6ffc549c508790aa7{\npadding-bottom:10px;\n}\nbody .av-special-heading.av-ljblchab-38c36f8b06ba79d6ffc549c508790aa7 .av-special-heading-tag .heading-char{\nfont-size:25px;\n}\n.av-special-heading.av-ljblchab-38c36f8b06ba79d6ffc549c508790aa7 .av-subheading{\nfont-size:15px;\n}\n<\/style>\n<div  class='av-special-heading av-ljblchab-38c36f8b06ba79d6ffc549c508790aa7 av-special-heading-h1  avia-builder-el-3  el_before_av_textblock  avia-builder-el-first  custom-h1-title'><h1 class='av-special-heading-tag '  >Harze<\/h1><div class=\"special-heading-border\"><div class=\"special-heading-inner-border\"><\/div><\/div><\/div><br \/>\n<section  class='av_textblock_section av-ljblc94l-57a70bae5fa71b6ddebae6584b82cf4b '  ><div class='avia_textblock' ><p>Eine breite Palette von Harzen, die auf einem sich st\u00e4ndig weiterentwickelnden Markt mit immer h\u00f6heren Qualit\u00e4tsstandards ausgew\u00e4hlt werden. Die Harze werden f\u00fcr die manuelle Impr\u00e4gnierung von Verst\u00e4rkungsfasern, f\u00fcr die Infusion\/Injektion, zum F\u00fcllen oder zum Gie\u00dfen verwendet. Sie werden als Matrizen bei der Herstellung von Modellen, Formen und Artefakten verwendet, wobei sich die verschiedenen Typen durch Merkmale wie mechanische und thermische Eigenschaften, Schrumpfungsindizes, chemische Stabilit\u00e4t und Leichtigkeit unterscheiden. Es gibt verschiedene Arten von Harzen auf dem Markt, wie z. B. Epoxidharze, Harze auf Polyester- oder Vinylesterbasis, Phenolharze sowie Harze, die aus Kreuzungen zwischen den genannten Harzen entstehen.<\/p>\n<\/div><\/section><\/p><\/div><div  class='flex_column av-av_two_fifth-f1c518e9ff58e869f80c8f093487abc9 av_two_fifth  avia-builder-el-5  el_after_av_three_fifth  el_before_av_hr  flex_column_div  '     ><style type=\"text\/css\" data-created_by=\"avia_inline_auto\" id=\"style-css-av-ljbld25s-53b66550d57dbcb4d3b0a34a532054fc\">\n#top .togglecontainer.av-ljbld25s-53b66550d57dbcb4d3b0a34a532054fc h4.toggler{\nfont-size:14px;\n}\n#top .togglecontainer.av-ljbld25s-53b66550d57dbcb4d3b0a34a532054fc h4.toggler.activeTitle{\ncolor:#ffffff;\nborder-color:#ffffff;\nbackground-color:#2682d3;\n}\n<\/style>\n<div  class='togglecontainer av-ljbld25s-53b66550d57dbcb4d3b0a34a532054fc  avia-builder-el-6  avia-builder-el-no-sibling  accordion_product toggle_close_all hasCurrentStyle' >\n<section class='av_toggle_section av-ljblcw8s-f72687c8d56904bbece8734114175799' ><div role=\"tablist\" class=\"single_toggle\" data-tags=\"{Alle} \"  ><h4 id='toggle-toggle-id-1' data-fake-id='#toggle-id-1' class='toggler  activeTitle av-title-above '  role='tab' tabindex='0' aria-controls='toggle-id-1' data-slide-speed=\"200\" data-title=\"Vorteile\" data-title-open=\"\" data-aria_collapsed=\"Click to expand: Vorteile\" data-aria_expanded=\"Click to collapse: Vorteile\">Vorteile<span class=\"toggle_icon\"><span class=\"vert_icon\"><\/span><span class=\"hor_icon\"><\/span><\/span><\/h4><div id='toggle-id-1' aria-labelledby='toggle-toggle-id-1' role='region' class='toggle_wrap  active_tc av-title-above' style='display:block;' ><div class='toggle_content invers-color ' ><ul>\n<li>Keine Zersetzung<\/li>\n<li>Unterschiedliche Eigenschaften<\/li>\n<li>Breites Einsatzspektrum<\/li>\n<li>Chemische Stabilit\u00e4t<\/li>\n<li>Strukturelle Integrit\u00e4t<\/li>\n<\/ul>\n<\/div><\/div><\/div><\/section>\n<section class='av_toggle_section av-ljbld10d-63a5398ff4ceff6d170188c9f6d7b228' ><div role=\"tablist\" class=\"single_toggle\" data-tags=\"{Alle} \"  ><h4 id='toggle-toggle-id-2' data-fake-id='#toggle-id-2' class='toggler  av-title-above '  role='tab' tabindex='0' aria-controls='toggle-id-2' data-slide-speed=\"200\" data-title=\"Typen\" data-title-open=\"\" data-aria_collapsed=\"Click to expand: Typen\" data-aria_expanded=\"Click to collapse: Typen\">Typen<span class=\"toggle_icon\"><span class=\"vert_icon\"><\/span><span class=\"hor_icon\"><\/span><\/span><\/h4><div id='toggle-id-2' aria-labelledby='toggle-toggle-id-2' role='region' class='toggle_wrap  av-title-above'  ><div class='toggle_content invers-color ' ><li class=\"page_item page-item-9000\"><a href=\"https:\/\/www.mates.it\/de\/produkte\/harze-klebstoffe-chemikalien\/harze\/epoxy-d-r\/\">Epoxidharz<\/a><\/li>\n<li class=\"page_item page-item-9001\"><a href=\"https:\/\/www.mates.it\/de\/produkte\/harze-klebstoffe-chemikalien\/harze\/polyester-d-r\/\">Polyester<\/a><\/li>\n<li class=\"page_item page-item-9002\"><a href=\"https:\/\/www.mates.it\/de\/produkte\/harze-klebstoffe-chemikalien\/harze\/vinylester-d-r\/\">Vinylester<\/a><\/li>\n<li class=\"page_item page-item-9003\"><a href=\"https:\/\/www.mates.it\/de\/produkte\/harze-klebstoffe-chemikalien\/harze\/phenolic-d-r\/\">Phenolic<\/a><\/li>\n\n<\/div><\/div><\/div><\/section>\n<\/div><\/div><div  class='hr av-av_hr-91d7ccd583a503147498e120fee2ff9b hr-default  avia-builder-el-7  el_after_av_two_fifth  avia-builder-el-last '><span class='hr-inner '><span class=\"hr-inner-style\"><\/span><\/span><\/div><\/p>\n","protected":false},"excerpt":{"rendered":"<p>Auf einem sich st\u00e4ndig weiterentwickelnden Markt mit immer h\u00f6heren Qualit\u00e4tsstandards wird eine breite Palette von Harzen ausgew\u00e4hlt. Die Harze werden f\u00fcr die Impr\u00e4gnierung von Verst\u00e4rkungsfasern verwendet.<\/p>\n","protected":false},"author":1,"featured_media":7342,"parent":8852,"menu_order":1,"comment_status":"open","ping_status":"open","template":"","meta":{"footnotes":""},"class_list":["post-8935","page","type-page","status-publish","has-post-thumbnail","hentry"],"_links":{"self":[{"href":"https:\/\/www.mates.it\/de\/wp-json\/wp\/v2\/pages\/8935","targetHints":{"allow":["GET"]}}],"collection":[{"href":"https:\/\/www.mates.it\/de\/wp-json\/wp\/v2\/pages"}],"about":[{"href":"https:\/\/www.mates.it\/de\/wp-json\/wp\/v2\/types\/page"}],"author":[{"embeddable":true,"href":"https:\/\/www.mates.it\/de\/wp-json\/wp\/v2\/users\/1"}],"replies":[{"embeddable":true,"href":"https:\/\/www.mates.it\/de\/wp-json\/wp\/v2\/comments?post=8935"}],"version-history":[{"count":0,"href":"https:\/\/www.mates.it\/de\/wp-json\/wp\/v2\/pages\/8935\/revisions"}],"up":[{"embeddable":true,"href":"https:\/\/www.mates.it\/de\/wp-json\/wp\/v2\/pages\/8852"}],"wp:featuredmedia":[{"embeddable":true,"href":"https:\/\/www.mates.it\/de\/wp-json\/wp\/v2\/media\/7342"}],"wp:attachment":[{"href":"https:\/\/www.mates.it\/de\/wp-json\/wp\/v2\/media?parent=8935"}],"curies":[{"name":"wp","href":"https:\/\/api.w.org\/{rel}","templated":true}]}}