{"id":8937,"date":"2015-09-16T16:06:05","date_gmt":"2015-09-16T14:06:05","guid":{"rendered":"https:\/\/www.mates.it\/prodotti\/resine-adesivi-chimici\/gelcoat-fonds-d\/"},"modified":"2023-06-25T22:01:14","modified_gmt":"2023-06-25T20:01:14","slug":"gelcoat-fonds-d","status":"publish","type":"page","link":"https:\/\/www.mates.it\/de\/produkte\/harze-klebstoffe-chemikalien\/gelcoat-fonds-d\/","title":{"rendered":"Gelcoat \/ Fonds"},"content":{"rendered":"\n<style type=\"text\/css\" data-created_by=\"avia_inline_auto\" id=\"style-css-av-av_image-1af478f7449f4a5fcaf781c89060d3cd\">\n.avia-image-container.av-av_image-1af478f7449f4a5fcaf781c89060d3cd img.avia_image{\nbox-shadow:none;\n}\n.avia-image-container.av-av_image-1af478f7449f4a5fcaf781c89060d3cd .av-image-caption-overlay-center{\ncolor:#ffffff;\n}\n<\/style>\n<div  class='avia-image-container av-av_image-1af478f7449f4a5fcaf781c89060d3cd av-styling- avia-align-center  avia-builder-el-0  el_before_av_hr  avia-builder-el-first '  ><div class=\"avia-image-container-inner\"><div class=\"avia-image-overlay-wrap\"><img decoding=\"async\" fetchpriority=\"high\" class=\"wp-image- avia-img-lazy-loading-not- avia_image \" src=\"https:\/\/www.mates.it\/wp-content\/uploads\/2016\/06\/Gel-coat.jpg\" alt=\"\" title=\"\"><\/div><\/div><\/div>\n<div  class='hr av-av_hr-91d7ccd583a503147498e120fee2ff9b hr-default  avia-builder-el-1  el_after_av_image  el_before_av_three_fifth '><span class='hr-inner '><span class=\"hr-inner-style\"><\/span><\/span><\/div>\n<div  class='flex_column av-av_three_fifth-7714eba142aeda1f8b5272a3c372b279 av_three_fifth  avia-builder-el-2  el_after_av_hr  el_before_av_two_fifth  first flex_column_div  '     ><p>\n<style type=\"text\/css\" data-created_by=\"avia_inline_auto\" id=\"style-css-av-ljbuup84-2bdfdeb056971042992bf36a02b36fb6\">\n#top .av-special-heading.av-ljbuup84-2bdfdeb056971042992bf36a02b36fb6{\npadding-bottom:10px;\n}\nbody .av-special-heading.av-ljbuup84-2bdfdeb056971042992bf36a02b36fb6 .av-special-heading-tag .heading-char{\nfont-size:25px;\n}\n.av-special-heading.av-ljbuup84-2bdfdeb056971042992bf36a02b36fb6 .av-subheading{\nfont-size:15px;\n}\n<\/style>\n<div  class='av-special-heading av-ljbuup84-2bdfdeb056971042992bf36a02b36fb6 av-special-heading-h1  avia-builder-el-3  el_before_av_textblock  avia-builder-el-first  custom-h1-title'><h1 class='av-special-heading-tag '  >Gelcoat \/ Fonds<\/h1><div class=\"special-heading-border\"><div class=\"special-heading-inner-border\"><\/div><\/div><\/div><br \/>\n<section  class='av_textblock_section av-ljbutx06-a7860f278ddb170755f134b87f60fdda '  ><div class='avia_textblock' ><p>Gelcoats und Grundierungen bestehen aus einem Harz, das ihre Basis bildet, inerten F\u00fcllstoffen und Pigmenten, die ihnen Farbe und Konsistenz verleihen, sowie einem Mittel, das ihnen die notwendige Thixotropie verleiht; diese Haupteigenschaft erm\u00f6glicht es, sie in dicken Schichten, auch vertikal, aufzutragen. Es handelt sich durchweg um Zweikomponentenprodukte, die mit dem Pinsel oder im Spritzverfahren in einer St\u00e4rke von 0,5 bis 1 mm aufgetragen werden. Die Gelcoats f\u00fcr die Formgebung werden auf das zu reproduzierende Modell aufgetragen, vorher mit Trennmitteln behandelt und dann mit der Schichtung der Form fortgesetzt, um eine perfekte und dauerhafte innere Oberfl\u00e4che zu erhalten; die Gelcoats f\u00fcr die Formgebung (zum Schutz der Oberfl\u00e4che von Verbundwerkstoffteilen) werden dagegen direkt in die Form aufgetragen, ebenfalls mit Trennwachsen behandelt und bilden die Oberfl\u00e4che getreu ab.<\/p>\n<\/div><\/section><\/p><\/div><div  class='flex_column av-av_two_fifth-f1c518e9ff58e869f80c8f093487abc9 av_two_fifth  avia-builder-el-5  el_after_av_three_fifth  el_before_av_hr  flex_column_div  '     ><style type=\"text\/css\" data-created_by=\"avia_inline_auto\" id=\"style-css-av-ljbuuis5-d305902edcc1d4e836e5f9a5dbf0bcb8\">\n#top .togglecontainer.av-ljbuuis5-d305902edcc1d4e836e5f9a5dbf0bcb8 h4.toggler{\nfont-size:14px;\n}\n#top .togglecontainer.av-ljbuuis5-d305902edcc1d4e836e5f9a5dbf0bcb8 h4.toggler.activeTitle{\ncolor:#ffffff;\nborder-color:#ffffff;\nbackground-color:#2682d3;\n}\n<\/style>\n<div  class='togglecontainer av-ljbuuis5-d305902edcc1d4e836e5f9a5dbf0bcb8  avia-builder-el-6  avia-builder-el-no-sibling  accordion_product toggle_close_all hasCurrentStyle' >\n<section class='av_toggle_section av-ljbuufi9-37fb636f8b214fa0b8ceacfb3c553578' ><div role=\"tablist\" class=\"single_toggle\" data-tags=\"{Alle} \"  ><h4 id='toggle-toggle-id-1' data-fake-id='#toggle-id-1' class='toggler  activeTitle av-title-above '  role='tab' tabindex='0' aria-controls='toggle-id-1' data-slide-speed=\"200\" data-title=\"Vorteile\" data-title-open=\"\" data-aria_collapsed=\"Click to expand: Vorteile\" data-aria_expanded=\"Click to collapse: Vorteile\">Vorteile<span class=\"toggle_icon\"><span class=\"vert_icon\"><\/span><span class=\"hor_icon\"><\/span><\/span><\/h4><div id='toggle-id-1' aria-labelledby='toggle-toggle-id-1' role='region' class='toggle_wrap  active_tc av-title-above' style='display:block;' ><div class='toggle_content invers-color ' ><ul class=\"customlist1\">\n<li>Langfristige Best\u00e4ndigkeit<\/li>\n<li>Hohe Oberfl\u00e4chenh\u00e4rte<\/li>\n<li>Keine Zersetzung<\/li>\n<li>Maximaler Schutz<\/li>\n<li>Hohe Thixotropie<\/li>\n<\/ul>\n<\/div><\/div><\/div><\/section>\n<section class='av_toggle_section av-ljbuuhmf-ee90fe4deae690e3b793f9574921cd3b' ><div role=\"tablist\" class=\"single_toggle\" data-tags=\"{Alle} \"  ><h4 id='toggle-toggle-id-2' data-fake-id='#toggle-id-2' class='toggler  av-title-above '  role='tab' tabindex='0' aria-controls='toggle-id-2' data-slide-speed=\"200\" data-title=\"Typen\" data-title-open=\"\" data-aria_collapsed=\"Click to expand: Typen\" data-aria_expanded=\"Click to collapse: Typen\">Typen<span class=\"toggle_icon\"><span class=\"vert_icon\"><\/span><span class=\"hor_icon\"><\/span><\/span><\/h4><div id='toggle-id-2' aria-labelledby='toggle-toggle-id-2' role='region' class='toggle_wrap  av-title-above'  ><div class='toggle_content invers-color ' ><li class=\"page_item page-item-9008\"><a href=\"https:\/\/www.mates.it\/de\/produkte\/harze-klebstoffe-chemikalien\/gelcoat-fonds-d\/epoxy-d-g\/\">Epoxy<\/a><\/li>\n<li class=\"page_item page-item-9009\"><a href=\"https:\/\/www.mates.it\/de\/produkte\/harze-klebstoffe-chemikalien\/gelcoat-fonds-d\/polyester-d-g\/\">Polyester<\/a><\/li>\n<li class=\"page_item page-item-9010\"><a href=\"https:\/\/www.mates.it\/de\/produkte\/harze-klebstoffe-chemikalien\/gelcoat-fonds-d\/vinylester-d-g\/\">Vinylester<\/a><\/li>\n\n<\/div><\/div><\/div><\/section>\n<\/div><\/div><div  class='hr av-av_hr-91d7ccd583a503147498e120fee2ff9b hr-default  avia-builder-el-7  el_after_av_two_fifth  avia-builder-el-last '><span class='hr-inner '><span class=\"hr-inner-style\"><\/span><\/span><\/div><\/p>\n","protected":false},"excerpt":{"rendered":"<p>Gelcoats und Primer bestehen aus einem Harz, das die Basis bildet, inerten F\u00fcllstoffen und Pigmenten, die Farbe und Konsistenz verleihen, sowie einem Mittel, das die notwendige Thixotropie gew\u00e4hrleistet.<\/p>\n","protected":false},"author":1,"featured_media":7250,"parent":8852,"menu_order":3,"comment_status":"open","ping_status":"open","template":"","meta":{"footnotes":""},"class_list":["post-8937","page","type-page","status-publish","has-post-thumbnail","hentry"],"_links":{"self":[{"href":"https:\/\/www.mates.it\/de\/wp-json\/wp\/v2\/pages\/8937","targetHints":{"allow":["GET"]}}],"collection":[{"href":"https:\/\/www.mates.it\/de\/wp-json\/wp\/v2\/pages"}],"about":[{"href":"https:\/\/www.mates.it\/de\/wp-json\/wp\/v2\/types\/page"}],"author":[{"embeddable":true,"href":"https:\/\/www.mates.it\/de\/wp-json\/wp\/v2\/users\/1"}],"replies":[{"embeddable":true,"href":"https:\/\/www.mates.it\/de\/wp-json\/wp\/v2\/comments?post=8937"}],"version-history":[{"count":0,"href":"https:\/\/www.mates.it\/de\/wp-json\/wp\/v2\/pages\/8937\/revisions"}],"up":[{"embeddable":true,"href":"https:\/\/www.mates.it\/de\/wp-json\/wp\/v2\/pages\/8852"}],"wp:featuredmedia":[{"embeddable":true,"href":"https:\/\/www.mates.it\/de\/wp-json\/wp\/v2\/media\/7250"}],"wp:attachment":[{"href":"https:\/\/www.mates.it\/de\/wp-json\/wp\/v2\/media?parent=8937"}],"curies":[{"name":"wp","href":"https:\/\/api.w.org\/{rel}","templated":true}]}}