{"id":8939,"date":"2015-09-16T15:09:04","date_gmt":"2015-09-16T13:09:04","guid":{"rendered":"https:\/\/www.mates.it\/prodotti\/agenti-distaccanti\/filmbildung\/"},"modified":"2023-06-28T15:37:57","modified_gmt":"2023-06-28T13:37:57","slug":"filmbildung","status":"publish","type":"page","link":"https:\/\/www.mates.it\/de\/produkte\/trennmittel\/filmbildung\/","title":{"rendered":"Filmbildung"},"content":{"rendered":"<\/p>\n\n<style type=\"text\/css\" data-created_by=\"avia_inline_auto\" id=\"style-css-av-av_image-39cccd45b3e050e94152b0f9d7ea2186\">\n.avia-image-container.av-av_image-39cccd45b3e050e94152b0f9d7ea2186 img.avia_image{\nbox-shadow:none;\n}\n.avia-image-container.av-av_image-39cccd45b3e050e94152b0f9d7ea2186 .av-image-caption-overlay-center{\ncolor:#ffffff;\n}\n<\/style>\n<div  class='avia-image-container av-av_image-39cccd45b3e050e94152b0f9d7ea2186 av-styling- avia-align-center  avia-builder-el-0  el_before_av_hr  avia-builder-el-first '  ><div class=\"avia-image-container-inner\"><div class=\"avia-image-overlay-wrap\"><img decoding=\"async\" fetchpriority=\"high\" class=\"wp-image- avia-img-lazy-loading-not- avia_image \" src=\"https:\/\/www.mates.it\/wp-content\/uploads\/2016\/06\/Filmogeni.jpg\" alt=\"\" title=\"\"><\/div><\/div><\/div>\n<div  class='hr av-av_hr-91d7ccd583a503147498e120fee2ff9b hr-default  avia-builder-el-1  el_after_av_image  el_before_av_three_fifth '><span class='hr-inner '><span class=\"hr-inner-style\"><\/span><\/span><\/div>\n<div  class='flex_column av-av_three_fifth-7714eba142aeda1f8b5272a3c372b279 av_three_fifth  avia-builder-el-2  el_after_av_hr  el_before_av_two_fifth  first flex_column_div  '     ><p>\n<style type=\"text\/css\" data-created_by=\"avia_inline_auto\" id=\"style-css-av-ljd61v98-15feba1a9c28c984b63470700a394a7c\">\n#top .av-special-heading.av-ljd61v98-15feba1a9c28c984b63470700a394a7c{\npadding-bottom:10px;\n}\nbody .av-special-heading.av-ljd61v98-15feba1a9c28c984b63470700a394a7c .av-special-heading-tag .heading-char{\nfont-size:25px;\n}\n.av-special-heading.av-ljd61v98-15feba1a9c28c984b63470700a394a7c .av-subheading{\nfont-size:15px;\n}\n<\/style>\n<div  class='av-special-heading av-ljd61v98-15feba1a9c28c984b63470700a394a7c av-special-heading-h1  avia-builder-el-3  el_before_av_textblock  avia-builder-el-first  custom-h1-title'><h1 class='av-special-heading-tag '  >Filmbildung<\/h1><div class=\"special-heading-border\"><div class=\"special-heading-inner-border\"><\/div><\/div><\/div><br \/>\n<section  class='av_textblock_section av-ljd611k2-6324ab9394e405cdab65f529ce77ef04 '  ><div class='avia_textblock' ><p>Die filmbildenden Trennmittel bilden auf der behandelten Oberfl\u00e4che einen Kunststofffilm, der auch auf Formen ohne hervorragende Veredelung eine perfekte Abl\u00f6sung erm\u00f6glicht. Dank dieser wichtigen Eigenschaft ist es m\u00f6glich, filmbildende Trennmittel auch auf por\u00f6sen Formen und auf allen Oberfl\u00e4chen zu verwenden, auf denen andere Trennmittel beim Entformen Probleme bereiten k\u00f6nnten. Die richtige Anwendung und Trocknung ist von grundlegender Bedeutung, um eine Kontamination der Produktoberfl\u00e4che mit Trennmittelspuren zu vermeiden. Wenn Sie Zweifel \u00fcber das beste Trennmittel f\u00fcr Ihr Projekt haben, kontaktieren Sie uns bitte.<\/p>\n<\/div><\/section><\/p><\/div><div  class='flex_column av-av_two_fifth-f1c518e9ff58e869f80c8f093487abc9 av_two_fifth  avia-builder-el-5  el_after_av_three_fifth  el_before_av_hr  flex_column_div  '     ><style type=\"text\/css\" data-created_by=\"avia_inline_auto\" id=\"style-css-av-ljd62ffl-b76a643447a6809cd1c404b9b8d43910\">\n#top .togglecontainer.av-ljd62ffl-b76a643447a6809cd1c404b9b8d43910 h4.toggler{\nfont-size:14px;\n}\n#top .togglecontainer.av-ljd62ffl-b76a643447a6809cd1c404b9b8d43910 h4.toggler.activeTitle{\ncolor:#ffffff;\nborder-color:#ffffff;\nbackground-color:#2682d3;\n}\n<\/style>\n<div  class='togglecontainer av-ljd62ffl-b76a643447a6809cd1c404b9b8d43910  avia-builder-el-6  avia-builder-el-no-sibling  accordion_product toggle_close_all hasCurrentStyle' >\n<section class='av_toggle_section av-ljd62brb-2ce325211a667f74946106ab9297fc51' ><div role=\"tablist\" class=\"single_toggle\" data-tags=\"{Alle} \"  ><h4 id='toggle-toggle-id-1' data-fake-id='#toggle-id-1' class='toggler  activeTitle av-title-above '  role='tab' tabindex='0' aria-controls='toggle-id-1' data-slide-speed=\"200\" data-title=\"Vorteile\" data-title-open=\"\" data-aria_collapsed=\"Click to expand: Vorteile\" data-aria_expanded=\"Click to collapse: Vorteile\">Vorteile<span class=\"toggle_icon\"><span class=\"vert_icon\"><\/span><span class=\"hor_icon\"><\/span><\/span><\/h4><div id='toggle-id-1' aria-labelledby='toggle-toggle-id-1' role='region' class='toggle_wrap  active_tc av-title-above' style='display:block;' ><div class='toggle_content invers-color ' ><ul class=\"customlist1\">\n<li>Anwendbar auf verschiedenen Substraten<\/li>\n<li>Sch\u00fctzt die Oberfl\u00e4che<\/li>\n<li>Hervorragende Oberfl\u00e4cheng\u00fcte<\/li>\n<li>Diskrete Trennleistung<\/li>\n<li>Prozessvielseitigkeit<\/li>\n<\/ul>\n<\/div><\/div><\/div><\/section>\n<section class='av_toggle_section av-ljd62ed6-04c1e80f5db52ab077cb38d17cc84c30' ><div role=\"tablist\" class=\"single_toggle\" data-tags=\"{Alle} \"  ><h4 id='toggle-toggle-id-2' data-fake-id='#toggle-id-2' class='toggler  av-title-above '  role='tab' tabindex='0' aria-controls='toggle-id-2' data-slide-speed=\"200\" data-title=\"Typen\" data-title-open=\"\" data-aria_collapsed=\"Click to expand: Typen\" data-aria_expanded=\"Click to collapse: Typen\">Typen<span class=\"toggle_icon\"><span class=\"vert_icon\"><\/span><span class=\"hor_icon\"><\/span><\/span><\/h4><div id='toggle-id-2' aria-labelledby='toggle-toggle-id-2' role='region' class='toggle_wrap  av-title-above'  ><div class='toggle_content invers-color ' ><ul class=\"customlist2\">\n<li><a href=\"https:\/\/fileserver.mates.it\/Prodotti\/3_Distaccanti\/TDS\/Finish%20Kare\/FK_PV6_TDS.pdf\" target=\"_blank\" rel=\"noopener\">FK &#8211; PV6<\/a><\/li>\n<li><a href=\"https:\/\/fileserver.mates.it\/Prodotti\/3_Distaccanti\/TDS\/Mates\/PVA_DS.pdf\" target=\"_blank\" rel=\"noopener\">Mates \u00ae PVA<\/a><\/li>\n<\/ul>\n<\/div><\/div><\/div><\/section>\n<\/div><\/div><div  class='hr av-av_hr-91d7ccd583a503147498e120fee2ff9b hr-default  avia-builder-el-7  el_after_av_two_fifth  avia-builder-el-last '><span class='hr-inner '><span class=\"hr-inner-style\"><\/span><\/span><\/div><\/p>\n","protected":false},"excerpt":{"rendered":"<p>Die filmbildenden Trennmittel bilden auf der behandelten Oberfl\u00e4che einen Kunststofffilm, der auch auf Formen ohne hervorragende Veredelung eine perfekte Abl\u00f6sung erm\u00f6glicht.<\/p>\n","protected":false},"author":1,"featured_media":7266,"parent":8854,"menu_order":2,"comment_status":"open","ping_status":"open","template":"","meta":{"footnotes":""},"class_list":["post-8939","page","type-page","status-publish","has-post-thumbnail","hentry"],"_links":{"self":[{"href":"https:\/\/www.mates.it\/de\/wp-json\/wp\/v2\/pages\/8939","targetHints":{"allow":["GET"]}}],"collection":[{"href":"https:\/\/www.mates.it\/de\/wp-json\/wp\/v2\/pages"}],"about":[{"href":"https:\/\/www.mates.it\/de\/wp-json\/wp\/v2\/types\/page"}],"author":[{"embeddable":true,"href":"https:\/\/www.mates.it\/de\/wp-json\/wp\/v2\/users\/1"}],"replies":[{"embeddable":true,"href":"https:\/\/www.mates.it\/de\/wp-json\/wp\/v2\/comments?post=8939"}],"version-history":[{"count":0,"href":"https:\/\/www.mates.it\/de\/wp-json\/wp\/v2\/pages\/8939\/revisions"}],"up":[{"embeddable":true,"href":"https:\/\/www.mates.it\/de\/wp-json\/wp\/v2\/pages\/8854"}],"wp:featuredmedia":[{"embeddable":true,"href":"https:\/\/www.mates.it\/de\/wp-json\/wp\/v2\/media\/7266"}],"wp:attachment":[{"href":"https:\/\/www.mates.it\/de\/wp-json\/wp\/v2\/media?parent=8939"}],"curies":[{"name":"wp","href":"https:\/\/api.w.org\/{rel}","templated":true}]}}