{"id":8941,"date":"2015-09-16T15:08:59","date_gmt":"2015-09-16T13:08:59","guid":{"rendered":"https:\/\/www.mates.it\/prodotti\/agenti-distaccanti\/halb-permanent\/"},"modified":"2024-10-14T15:47:29","modified_gmt":"2024-10-14T13:47:29","slug":"halb-permanent","status":"publish","type":"page","link":"https:\/\/www.mates.it\/de\/produkte\/trennmittel\/halb-permanent\/","title":{"rendered":"Halbpermanent"},"content":{"rendered":"\n<style type=\"text\/css\" data-created_by=\"avia_inline_auto\" id=\"style-css-av-cj4z3x-34e6c0ee4433cddb3efcb2a9fb83a498\">\n.avia-image-container.av-cj4z3x-34e6c0ee4433cddb3efcb2a9fb83a498 img.avia_image{\nbox-shadow:none;\n}\n.avia-image-container.av-cj4z3x-34e6c0ee4433cddb3efcb2a9fb83a498 .av-image-caption-overlay-center{\ncolor:#ffffff;\n}\n<\/style>\n<div  class='avia-image-container av-cj4z3x-34e6c0ee4433cddb3efcb2a9fb83a498 av-styling- avia-align-center  avia-builder-el-0  el_before_av_hr  avia-builder-el-first '  ><div class=\"avia-image-container-inner\"><div class=\"avia-image-overlay-wrap\"><img decoding=\"async\" fetchpriority=\"high\" class=\"wp-image- avia-img-lazy-loading-not- avia_image \" src=\"https:\/\/www.mates.it\/wp-content\/uploads\/2016\/06\/Semipermanenti.jpg\" alt=\"\" title=\"\"><\/div><\/div><\/div>\n<div  class='hr av-b0lo3h-fbc113b7f915a317931781e3d0809880 hr-default  avia-builder-el-1  el_after_av_image  el_before_av_three_fifth '><span class='hr-inner '><span class=\"hr-inner-style\"><\/span><\/span><\/div>\n<div  class='flex_column av-9e0egd-4d68f9d5bc6e6315a88349a95d275f5b av_three_fifth  avia-builder-el-2  el_after_av_hr  el_before_av_two_fifth  first flex_column_div  '     ><p>\n<style type=\"text\/css\" data-created_by=\"avia_inline_auto\" id=\"style-css-av-ljd7ia0r-f0e118558362aff30474a8181dd1ab68\">\n#top .av-special-heading.av-ljd7ia0r-f0e118558362aff30474a8181dd1ab68{\npadding-bottom:10px;\n}\nbody .av-special-heading.av-ljd7ia0r-f0e118558362aff30474a8181dd1ab68 .av-special-heading-tag .heading-char{\nfont-size:25px;\n}\n.av-special-heading.av-ljd7ia0r-f0e118558362aff30474a8181dd1ab68 .av-subheading{\nfont-size:15px;\n}\n<\/style>\n<div  class='av-special-heading av-ljd7ia0r-f0e118558362aff30474a8181dd1ab68 av-special-heading-h1  avia-builder-el-3  el_before_av_textblock  avia-builder-el-first  custom-h1-title'><h1 class='av-special-heading-tag '  >Halbpermanent<\/h1><div class=\"special-heading-border\"><div class=\"special-heading-inner-border\"><\/div><\/div><\/div><br \/>\n<section  class='av_textblock_section av-ljd7fpyb-98644102961c36ad45527b6b9a6e5194 '  ><div class='avia_textblock' ><p>Oberfl\u00e4chenbehandlungen f\u00fcr Formen und Modelle auf Wasser- oder L\u00f6sungsmittelbasis, speziell entwickelt als Schutz bei der Herstellung von Verbundwerkstoffen vor chemischen und physikalischen Sch\u00e4den, die durch die Bindungsneigung w\u00e4hrend der Stanzphasen verursacht werden. Immer auf Lager eine breite Palette von l\u00f6semittel- und wasserbasierten Trennmitteln mit vielen semi-permanenten Optionen: Produkte, die reichlich M\u00f6glichkeiten bieten, die richtige L\u00f6sung f\u00fcr die h\u00e4rtesten Herausforderungen beim Formen von fortschrittlichen Verbundwerkstoffen zu finden. Wir haben auch Chem-Trend \u00ae Reiniger f\u00fcr l\u00f6semittelhaltige und wasserbasierte Formen, die entwickelt wurden, um Formen und Modelle in optimalem Zustand zu halten. Im Bereich der Verbundwerkstoffe ist dies eine der Schl\u00fcsselkomponenten f\u00fcr maximale Betriebseffizienz.<\/p>\n<\/div><\/section><\/p><\/div>\n<div  class='flex_column av-7em3l9-f1f2811232b0e9e223c58d653f6f046b av_two_fifth  avia-builder-el-5  el_after_av_three_fifth  el_before_av_hr  flex_column_div  '     ><style type=\"text\/css\" data-created_by=\"avia_inline_auto\" id=\"style-css-av-ljd7iuhy-bc35ba924dec43974809b4c11e8d23c1\">\n#top .togglecontainer.av-ljd7iuhy-bc35ba924dec43974809b4c11e8d23c1 h4.toggler{\nfont-size:14px;\n}\n#top .togglecontainer.av-ljd7iuhy-bc35ba924dec43974809b4c11e8d23c1 h4.toggler.activeTitle{\ncolor:#ffffff;\nborder-color:#ffffff;\nbackground-color:#2682d3;\n}\n<\/style>\n<div  class='togglecontainer av-ljd7iuhy-bc35ba924dec43974809b4c11e8d23c1  avia-builder-el-6  avia-builder-el-no-sibling  accordion_product toggle_close_all hasCurrentStyle' >\n<section class='av_toggle_section av-ljd7itkq-e9d7f1d08499e1215a5459570598eb02' ><div role=\"tablist\" class=\"single_toggle\" data-tags=\"{Alle} \"  ><h4 id='toggle-toggle-id-1' data-fake-id='#toggle-id-1' class='toggler  activeTitle av-title-above '  role='tab' tabindex='0' aria-controls='toggle-id-1' data-slide-speed=\"200\" data-title=\"Vorteile\" data-title-open=\"\" data-aria_collapsed=\"Click to expand: Vorteile\" data-aria_expanded=\"Click to collapse: Vorteile\">Vorteile<span class=\"toggle_icon\"><span class=\"vert_icon\"><\/span><span class=\"hor_icon\"><\/span><\/span><\/h4><div id='toggle-id-1' aria-labelledby='toggle-toggle-id-1' role='region' class='toggle_wrap  active_tc av-title-above' style='display:block;' ><div class='toggle_content invers-color ' ><ul class=\"customlist1\">\n<li>Prozesswiederholbarkeit<\/li>\n<li>Hoher Qualit\u00e4tsstandard<\/li>\n<li>Steigerung der Produktionsgeschwindigkeit<\/li>\n<li>Erleichterte Freilassung<\/li>\n<li>Mehrfach entformen<\/li>\n<\/ul>\n<\/div><\/div><\/div><\/section>\n<section class='av_toggle_section av-ljd7iz0p-eefcf7ca4aa029e0f33c6e5b04423b8a' ><div role=\"tablist\" class=\"single_toggle\" data-tags=\"{Alle} \"  ><h4 id='toggle-toggle-id-2' data-fake-id='#toggle-id-2' class='toggler  av-title-above '  role='tab' tabindex='0' aria-controls='toggle-id-2' data-slide-speed=\"200\" data-title=\"Typen\" data-title-open=\"\" data-aria_collapsed=\"Click to expand: Typen\" data-aria_expanded=\"Click to collapse: Typen\">Typen<span class=\"toggle_icon\"><span class=\"vert_icon\"><\/span><span class=\"hor_icon\"><\/span><\/span><\/h4><div id='toggle-id-2' aria-labelledby='toggle-toggle-id-2' role='region' class='toggle_wrap  av-title-above'  ><div class='toggle_content invers-color ' ><li class=\"page_item page-item-9016\"><a href=\"https:\/\/www.mates.it\/de\/produkte\/trennmittel\/halb-permanent\/formenreiniger\/\">Formenreiniger<\/a><\/li>\n<li class=\"page_item page-item-9014\"><a href=\"https:\/\/www.mates.it\/de\/produkte\/trennmittel\/halb-permanent\/versiegelungen-primer\/\">Versiegelungen \/ Primer<\/a><\/li>\n<li class=\"page_item page-item-9015\"><a href=\"https:\/\/www.mates.it\/de\/produkte\/trennmittel\/halb-permanent\/trennmittel_s\/\">Trennmittel<\/a><\/li>\n\n<\/div><\/div><\/div><\/section>\n<\/div><\/div>\n<div  class='hr av-60ktwt-bdc31ff07d2500fb4cb4e43d1ee4fd9f hr-default  avia-builder-el-7  el_after_av_two_fifth  el_before_av_one_full '><span class='hr-inner '><span class=\"hr-inner-style\"><\/span><\/span><\/div>\n<div  class='flex_column av-dvlal-1c4fe9ef2376b9878a987e51dc5d8544 av_one_full  avia-builder-el-8  el_after_av_hr  avia-builder-el-last  first flex_column_div  '     ><p><div  class='avia-button-wrap av-1zehrh-833d0ca71df6dd1aeac402eb451568d6-wrap avia-button-left  avia-builder-el-9  el_before_av_button  avia-builder-el-first '><a href=\"https:\/\/fileserver.mates.it\/Prodotti\/3_Distaccanti\/Brochure\/Chemtrend\/CT-Comp.%20-%20IT%20-%20V04%20-%2002.17%20-%20web.pdf\" class=\"avia-button av-1zehrh-833d0ca71df6dd1aeac402eb451568d6 av-link-btn avia-icon_select-yes-left-icon avia-size-small avia-position-left avia-color-theme-color\" target=\"_blank\" rel=\"noopener noreferrer\" aria-label=\" Chem-Trend \u00ae Brochure\"><span class='avia_button_icon avia_button_icon_left avia-iconfont avia-font-entypo-fontello' data-av_icon='\ue82d' data-av_iconfont='entypo-fontello' ><\/span><span class='avia_iconbox_title' > Chem-Trend \u00ae Brochure<\/span><\/a><\/div><br \/>\n<div  class='avia-button-wrap av-m292jm3e-853e5531afe715024b428ec20e41d4a5-wrap avia-button-left  avia-builder-el-10  el_after_av_button  avia-builder-el-last '><a href=\"https:\/\/fileserver.mates.it\/Prodotti\/3_Distaccanti\/Brochure\/Chemtrend\/EN-Zyvax_Aerospace-co-EU_2024-09-17-v06.pdf\" class=\"avia-button av-m292jm3e-853e5531afe715024b428ec20e41d4a5 av-link-btn avia-icon_select-yes-left-icon avia-size-small avia-position-left avia-color-theme-color\" target=\"_blank\" rel=\"noopener noreferrer\" aria-label=\"Zyvax Aerospace \u00ae Brochure\"><span class='avia_button_icon avia_button_icon_left avia-iconfont avia-font-entypo-fontello' data-av_icon='\ue82d' data-av_iconfont='entypo-fontello' ><\/span><span class='avia_iconbox_title' >Zyvax Aerospace \u00ae Brochure<\/span><\/a><\/div><\/p><\/div>\n","protected":false},"excerpt":{"rendered":"<p>Oberfl\u00e4chenbehandlungen von Formen und Modellen auf Wasser- oder L\u00f6sungsmittelbasis, speziell zum Schutz w\u00e4hrend des Produktionsprozesses von Verbundwerkstoffen.<\/p>\n","protected":false},"author":1,"featured_media":7270,"parent":8854,"menu_order":3,"comment_status":"open","ping_status":"open","template":"","meta":{"footnotes":""},"class_list":["post-8941","page","type-page","status-publish","has-post-thumbnail","hentry"],"_links":{"self":[{"href":"https:\/\/www.mates.it\/de\/wp-json\/wp\/v2\/pages\/8941","targetHints":{"allow":["GET"]}}],"collection":[{"href":"https:\/\/www.mates.it\/de\/wp-json\/wp\/v2\/pages"}],"about":[{"href":"https:\/\/www.mates.it\/de\/wp-json\/wp\/v2\/types\/page"}],"author":[{"embeddable":true,"href":"https:\/\/www.mates.it\/de\/wp-json\/wp\/v2\/users\/1"}],"replies":[{"embeddable":true,"href":"https:\/\/www.mates.it\/de\/wp-json\/wp\/v2\/comments?post=8941"}],"version-history":[{"count":0,"href":"https:\/\/www.mates.it\/de\/wp-json\/wp\/v2\/pages\/8941\/revisions"}],"up":[{"embeddable":true,"href":"https:\/\/www.mates.it\/de\/wp-json\/wp\/v2\/pages\/8854"}],"wp:featuredmedia":[{"embeddable":true,"href":"https:\/\/www.mates.it\/de\/wp-json\/wp\/v2\/media\/7270"}],"wp:attachment":[{"href":"https:\/\/www.mates.it\/de\/wp-json\/wp\/v2\/media?parent=8941"}],"curies":[{"name":"wp","href":"https:\/\/api.w.org\/{rel}","templated":true}]}}