{"id":8943,"date":"2015-09-16T15:09:02","date_gmt":"2015-09-16T13:09:02","guid":{"rendered":"https:\/\/www.mates.it\/prodotti\/agenti-distaccanti\/wachs-loslassen\/"},"modified":"2023-06-28T15:38:05","modified_gmt":"2023-06-28T13:38:05","slug":"trennwachs","status":"publish","type":"page","link":"https:\/\/www.mates.it\/de\/produkte\/trennmittel\/trennwachs\/","title":{"rendered":"Trennwachs"},"content":{"rendered":"<\/p>\n\n<style type=\"text\/css\" data-created_by=\"avia_inline_auto\" id=\"style-css-av-av_image-e6932a7e4b069491e907fafcbf01b561\">\n.avia-image-container.av-av_image-e6932a7e4b069491e907fafcbf01b561 img.avia_image{\nbox-shadow:none;\n}\n.avia-image-container.av-av_image-e6932a7e4b069491e907fafcbf01b561 .av-image-caption-overlay-center{\ncolor:#ffffff;\n}\n<\/style>\n<div  class='avia-image-container av-av_image-e6932a7e4b069491e907fafcbf01b561 av-styling- avia-align-center  avia-builder-el-0  el_before_av_hr  avia-builder-el-first '  ><div class=\"avia-image-container-inner\"><div class=\"avia-image-overlay-wrap\"><img decoding=\"async\" fetchpriority=\"high\" class=\"wp-image- avia-img-lazy-loading-not- avia_image \" src=\"https:\/\/www.mates.it\/wp-content\/uploads\/2016\/06\/Cerosi.jpg\" alt=\"\" title=\"\"><\/div><\/div><\/div>\n<div  class='hr av-av_hr-91d7ccd583a503147498e120fee2ff9b hr-default  avia-builder-el-1  el_after_av_image  el_before_av_three_fifth '><span class='hr-inner '><span class=\"hr-inner-style\"><\/span><\/span><\/div>\n<div  class='flex_column av-av_three_fifth-7714eba142aeda1f8b5272a3c372b279 av_three_fifth  avia-builder-el-2  el_after_av_hr  el_before_av_two_fifth  first flex_column_div  '     ><p>\n<style type=\"text\/css\" data-created_by=\"avia_inline_auto\" id=\"style-css-av-ljd1kc9v-693c71d580ee7ca488cefa33e3778ac5\">\n#top .av-special-heading.av-ljd1kc9v-693c71d580ee7ca488cefa33e3778ac5{\npadding-bottom:10px;\n}\nbody .av-special-heading.av-ljd1kc9v-693c71d580ee7ca488cefa33e3778ac5 .av-special-heading-tag .heading-char{\nfont-size:25px;\n}\n.av-special-heading.av-ljd1kc9v-693c71d580ee7ca488cefa33e3778ac5 .av-subheading{\nfont-size:15px;\n}\n<\/style>\n<div  class='av-special-heading av-ljd1kc9v-693c71d580ee7ca488cefa33e3778ac5 av-special-heading-h1  avia-builder-el-3  el_before_av_textblock  avia-builder-el-first  custom-h1-title'><h1 class='av-special-heading-tag '  >Trennwachs<\/h1><div class=\"special-heading-border\"><div class=\"special-heading-inner-border\"><\/div><\/div><\/div><br \/>\n<section  class='av_textblock_section av-ljd1784v-4ee6461cd74e363c7332ad8f7e274d53 '  ><div class='avia_textblock' ><p>Trennmittel auf Wachsbasis hinterlassen eine Wachsschicht auf der Oberfl\u00e4che und garantieren so eine sichere Abl\u00f6sung auch auf unvollkommenen und rauen Oberfl\u00e4chen; Ideal f\u00fcr mittelgro\u00dfe bis kleine Formen mit detaillierten und komplexen Formen, mit Anwendungsmethoden, die auf dem Aufwischen\/Einwirkenlassen oder dem klassischen Aufwischen\/Abwischen (auftragen und dehnen) basieren. Auch bei dieser Art von Trennmitteln ist die korrekte Anwendung und Trocknung von grundlegender Bedeutung, um eine Kontamination der Produktoberfl\u00e4che mit Spuren von Trennmittel zu vermeiden. Pastentrennmittel auf Wachsbasis erm\u00f6glichen bei richtiger Anwendung eine hervorragende Oberfl\u00e4chenbeschaffenheit, insbesondere bei Laminierungen in gl\u00e4nzenden Formen. Die Herstellung der Form ist recht aufw\u00e4ndig und langwierig, aber durch das Endergebnis gerechtfertigt.<\/p>\n<\/div><\/section><\/p><\/div><div  class='flex_column av-av_two_fifth-f1c518e9ff58e869f80c8f093487abc9 av_two_fifth  avia-builder-el-5  el_after_av_three_fifth  el_before_av_hr  flex_column_div  '     ><style type=\"text\/css\" data-created_by=\"avia_inline_auto\" id=\"style-css-av-ljd1kz8h-95e3329c7d531d27779e31eabdc10592\">\n#top .togglecontainer.av-ljd1kz8h-95e3329c7d531d27779e31eabdc10592 h4.toggler{\nfont-size:14px;\n}\n#top .togglecontainer.av-ljd1kz8h-95e3329c7d531d27779e31eabdc10592 h4.toggler.activeTitle{\ncolor:#ffffff;\nborder-color:#ffffff;\nbackground-color:#2682d3;\n}\n<\/style>\n<div  class='togglecontainer av-ljd1kz8h-95e3329c7d531d27779e31eabdc10592  avia-builder-el-6  avia-builder-el-no-sibling  accordion_product toggle_close_all hasCurrentStyle' >\n<section class='av_toggle_section av-ljd1kuso-a336b620dbd65eab49d6a1921b6a3a32' ><div role=\"tablist\" class=\"single_toggle\" data-tags=\"{Alle} \"  ><h4 id='toggle-toggle-id-1' data-fake-id='#toggle-id-1' class='toggler  activeTitle av-title-above '  role='tab' tabindex='0' aria-controls='toggle-id-1' data-slide-speed=\"200\" data-title=\"Fl\u00fcssige Wachse\" data-title-open=\"\" data-aria_collapsed=\"Click to expand: Fl\u00fcssige Wachse\" data-aria_expanded=\"Click to collapse: Fl\u00fcssige Wachse\">Fl\u00fcssige Wachse<span class=\"toggle_icon\"><span class=\"vert_icon\"><\/span><span class=\"hor_icon\"><\/span><\/span><\/h4><div id='toggle-id-1' aria-labelledby='toggle-toggle-id-1' role='region' class='toggle_wrap  active_tc av-title-above' style='display:block;' ><div class='toggle_content invers-color ' ><ul class=\"customlist1\">\n<li><a href=\"https:\/\/fileserver.mates.it\/Prodotti\/3_Distaccanti\/TDS\/Chemtrend\/Cere%20sacrificali\/chemlease_5128_TDS.pdf\" target=\"_blank\" rel=\"noopener\">Chemlease \u00ae 5128<\/a><\/li>\n<li><a href=\"https:\/\/fileserver.mates.it\/Prodotti\/3_Distaccanti\/TDS\/Mates\/SX20_DS.pdf\" target=\"_blank\" rel=\"noopener\">Mates \u00ae SX20<\/a><\/li>\n<\/ul>\n<\/div><\/div><\/div><\/section>\n<section class='av_toggle_section av-ljd1kxp8-3e1fe5cdc595b1e0ca1691da9aa63f2c' ><div role=\"tablist\" class=\"single_toggle\" data-tags=\"{Alle} \"  ><h4 id='toggle-toggle-id-2' data-fake-id='#toggle-id-2' class='toggler  av-title-above '  role='tab' tabindex='0' aria-controls='toggle-id-2' data-slide-speed=\"200\" data-title=\"Feste Wachse\" data-title-open=\"\" data-aria_collapsed=\"Click to expand: Feste Wachse\" data-aria_expanded=\"Click to collapse: Feste Wachse\">Feste Wachse<span class=\"toggle_icon\"><span class=\"vert_icon\"><\/span><span class=\"hor_icon\"><\/span><\/span><\/h4><div id='toggle-id-2' aria-labelledby='toggle-toggle-id-2' role='region' class='toggle_wrap  av-title-above'  ><div class='toggle_content invers-color ' ><ul class=\"customlist2\">\n<li><a href=\"https:\/\/fileserver.mates.it\/Prodotti\/3_Distaccanti\/TDS\/Finish%20Kare\/FK_1000P_TDS.pdf\" target=\"_blank\" rel=\"noopener\">FK &#8211; 1000P<\/a><\/li>\n<li><a href=\"https:\/\/fileserver.mates.it\/Prodotti\/3_Distaccanti\/TDS\/TR\/TR_104_TSD_EN.pdf\" target=\"_blank\" rel=\"noopener\">TR &#8211; 104<\/a><\/li>\n<\/ul>\n<\/div><\/div><\/div><\/section>\n<\/div><\/div><div  class='hr av-av_hr-91d7ccd583a503147498e120fee2ff9b hr-default  avia-builder-el-7  el_after_av_two_fifth  avia-builder-el-last '><span class='hr-inner '><span class=\"hr-inner-style\"><\/span><\/span><\/div><\/p>\n","protected":false},"excerpt":{"rendered":"<p>Trennmittel auf Wachsbasis hinterlassen eine Wachsschicht auf der Oberfl\u00e4che und garantieren so eine sichere Abl\u00f6sung auch auf unvollkommenen und rauen Oberfl\u00e4chen, ideal f\u00fcr mittelgro\u00dfe bis kleine Formen.<\/p>\n","protected":false},"author":1,"featured_media":7262,"parent":8854,"menu_order":1,"comment_status":"open","ping_status":"open","template":"","meta":{"footnotes":""},"class_list":["post-8943","page","type-page","status-publish","has-post-thumbnail","hentry"],"_links":{"self":[{"href":"https:\/\/www.mates.it\/de\/wp-json\/wp\/v2\/pages\/8943","targetHints":{"allow":["GET"]}}],"collection":[{"href":"https:\/\/www.mates.it\/de\/wp-json\/wp\/v2\/pages"}],"about":[{"href":"https:\/\/www.mates.it\/de\/wp-json\/wp\/v2\/types\/page"}],"author":[{"embeddable":true,"href":"https:\/\/www.mates.it\/de\/wp-json\/wp\/v2\/users\/1"}],"replies":[{"embeddable":true,"href":"https:\/\/www.mates.it\/de\/wp-json\/wp\/v2\/comments?post=8943"}],"version-history":[{"count":0,"href":"https:\/\/www.mates.it\/de\/wp-json\/wp\/v2\/pages\/8943\/revisions"}],"up":[{"embeddable":true,"href":"https:\/\/www.mates.it\/de\/wp-json\/wp\/v2\/pages\/8854"}],"wp:featuredmedia":[{"embeddable":true,"href":"https:\/\/www.mates.it\/de\/wp-json\/wp\/v2\/media\/7262"}],"wp:attachment":[{"href":"https:\/\/www.mates.it\/de\/wp-json\/wp\/v2\/media?parent=8943"}],"curies":[{"name":"wp","href":"https:\/\/api.w.org\/{rel}","templated":true}]}}