{"id":8945,"date":"2015-09-16T15:10:25","date_gmt":"2015-09-16T13:10:25","guid":{"rendered":"https:\/\/www.mates.it\/prodotti\/materiali-anima-core\/honeycombs-d\/"},"modified":"2023-10-14T14:51:16","modified_gmt":"2023-10-14T12:51:16","slug":"alveolaren","status":"publish","type":"page","link":"https:\/\/www.mates.it\/de\/produkte\/sandwichmaterialien\/alveolaren\/","title":{"rendered":"Alveol\u00e4ren"},"content":{"rendered":"<\/p>\n\n<style type=\"text\/css\" data-created_by=\"avia_inline_auto\" id=\"style-css-av-av_image-387fa1fbb507ab1618b939502d2e5a9e\">\n.avia-image-container.av-av_image-387fa1fbb507ab1618b939502d2e5a9e img.avia_image{\nbox-shadow:none;\n}\n.avia-image-container.av-av_image-387fa1fbb507ab1618b939502d2e5a9e .av-image-caption-overlay-center{\ncolor:#ffffff;\n}\n<\/style>\n<div  class='avia-image-container av-av_image-387fa1fbb507ab1618b939502d2e5a9e av-styling- avia-align-center  avia-builder-el-0  el_before_av_hr  avia-builder-el-first '  ><div class=\"avia-image-container-inner\"><div class=\"avia-image-overlay-wrap\"><img decoding=\"async\" fetchpriority=\"high\" class=\"wp-image- avia-img-lazy-loading-not- avia_image \" src=\"https:\/\/www.mates.it\/wp-content\/uploads\/2016\/06\/Cellula-aperta.jpg\" alt=\"\" title=\"\"><\/div><\/div><\/div>\n<div  class='hr av-av_hr-91d7ccd583a503147498e120fee2ff9b hr-default  avia-builder-el-1  el_after_av_image  el_before_av_three_fifth '><span class='hr-inner '><span class=\"hr-inner-style\"><\/span><\/span><\/div>\n<div  class='flex_column av-av_three_fifth-7714eba142aeda1f8b5272a3c372b279 av_three_fifth  avia-builder-el-2  el_after_av_hr  el_before_av_two_fifth  first flex_column_div  '     ><p>\n<style type=\"text\/css\" data-created_by=\"avia_inline_auto\" id=\"style-css-av-ljdca4kd-a1557a417c1d488cae0492a393f5d65d\">\n#top .av-special-heading.av-ljdca4kd-a1557a417c1d488cae0492a393f5d65d{\npadding-bottom:10px;\n}\nbody .av-special-heading.av-ljdca4kd-a1557a417c1d488cae0492a393f5d65d .av-special-heading-tag .heading-char{\nfont-size:25px;\n}\n.av-special-heading.av-ljdca4kd-a1557a417c1d488cae0492a393f5d65d .av-subheading{\nfont-size:15px;\n}\n<\/style>\n<div  class='av-special-heading av-ljdca4kd-a1557a417c1d488cae0492a393f5d65d av-special-heading-h1  avia-builder-el-3  el_before_av_textblock  avia-builder-el-first  custom-h1-title'><h1 class='av-special-heading-tag '  >Alveol\u00e4ren<\/h1><div class=\"special-heading-border\"><div class=\"special-heading-inner-border\"><\/div><\/div><\/div><br \/>\n<section  class='av_textblock_section av-ljdc9man-e24d6829a289829b144e865da5675106 '  ><div class='avia_textblock' ><p>Die Alveolarstrukturkerne, auch Wabenkerne genannt, werden \u00fcblicherweise als Innenstruktur bei der Herstellung von Verbundprodukten verwendet, bei denen die maximale Eind\u00e4mmung des Endgewichts von grundlegender Bedeutung ist. Sie eignen sich besonders f\u00fcr Sandwichkonstruktionen in verschiedenen Branchen wie der Schifffahrt, der Windenergie, der Luft- und Raumfahrt, der Automobilindustrie, zur Herstellung von Ger\u00e4ten und Werkzeugen f\u00fcr die Freizeit und in vielen anderen Bereichen. Dieser Kerntyp besteht aus einer verformbaren Struktur mit geringem spezifischem Gewicht, hoher Druckfestigkeit und Drapierbarkeit, die direkt proportional zur Dicke ist. Ein solcher Kern kann zwischen zwei vorgefertigten Laminaten verklebt werden, in Ausnahmef\u00e4llen aber auch nachtr\u00e4glich an das Laminat positioniert werden.<\/p>\n<\/div><\/section><\/p><\/div><div  class='flex_column av-av_two_fifth-f1c518e9ff58e869f80c8f093487abc9 av_two_fifth  avia-builder-el-5  el_after_av_three_fifth  el_before_av_hr  flex_column_div  '     ><style type=\"text\/css\" data-created_by=\"avia_inline_auto\" id=\"style-css-av-ljdcarqd-ecfe1bbce5baed7d982e80712fae0452\">\n#top .togglecontainer.av-ljdcarqd-ecfe1bbce5baed7d982e80712fae0452 h4.toggler{\nfont-size:14px;\n}\n#top .togglecontainer.av-ljdcarqd-ecfe1bbce5baed7d982e80712fae0452 h4.toggler.activeTitle{\ncolor:#ffffff;\nborder-color:#ffffff;\nbackground-color:#2682d3;\n}\n<\/style>\n<div  class='togglecontainer av-ljdcarqd-ecfe1bbce5baed7d982e80712fae0452  avia-builder-el-6  avia-builder-el-no-sibling  accordion_product toggle_close_all hasCurrentStyle' >\n<section class='av_toggle_section av-ljdcaon9-4740998609d4892e7bde06c0ed210e92' ><div role=\"tablist\" class=\"single_toggle\" data-tags=\"{Alle} \"  ><h4 id='toggle-toggle-id-1' data-fake-id='#toggle-id-1' class='toggler  activeTitle av-title-above '  role='tab' tabindex='0' aria-controls='toggle-id-1' data-slide-speed=\"200\" data-title=\"Vorteile\" data-title-open=\"\" data-aria_collapsed=\"Click to expand: Vorteile\" data-aria_expanded=\"Click to collapse: Vorteile\">Vorteile<span class=\"toggle_icon\"><span class=\"vert_icon\"><\/span><span class=\"hor_icon\"><\/span><\/span><\/h4><div id='toggle-id-1' aria-labelledby='toggle-toggle-id-1' role='region' class='toggle_wrap  active_tc av-title-above' style='display:block;' ><div class='toggle_content invers-color ' ><ul class=\"customlist1\">\n<li>Sehr hohe Druckfestigkeit<\/li>\n<li>Geringes spezifisches Gewicht<\/li>\n<li>Verformbare Struktur<\/li>\n<li>Drapierbarkeit<\/li>\n<\/ul>\n<\/div><\/div><\/div><\/section>\n<section class='av_toggle_section av-ljdcaqul-fc0176870610810699a12096fe54ed50' ><div role=\"tablist\" class=\"single_toggle\" data-tags=\"{Alle} \"  ><h4 id='toggle-toggle-id-2' data-fake-id='#toggle-id-2' class='toggler  av-title-above '  role='tab' tabindex='0' aria-controls='toggle-id-2' data-slide-speed=\"200\" data-title=\"Typen\" data-title-open=\"\" data-aria_collapsed=\"Click to expand: Typen\" data-aria_expanded=\"Click to collapse: Typen\">Typen<span class=\"toggle_icon\"><span class=\"vert_icon\"><\/span><span class=\"hor_icon\"><\/span><\/span><\/h4><div id='toggle-id-2' aria-labelledby='toggle-toggle-id-2' role='region' class='toggle_wrap  av-title-above'  ><div class='toggle_content invers-color ' ><li class=\"page_item page-item-9017\"><a href=\"https:\/\/www.mates.it\/de\/produkte\/sandwichmaterialien\/alveolaren\/aramid-d\/\">Aramid<\/a><\/li>\n<li class=\"page_item page-item-9018\"><a href=\"https:\/\/www.mates.it\/de\/produkte\/sandwichmaterialien\/alveolaren\/aluminium-d\/\">Aluminium<\/a><\/li>\n\n<\/div><\/div><\/div><\/section>\n<\/div><\/div><div  class='hr av-av_hr-91d7ccd583a503147498e120fee2ff9b hr-default  avia-builder-el-7  el_after_av_two_fifth  avia-builder-el-last '><span class='hr-inner '><span class=\"hr-inner-style\"><\/span><\/span><\/div><\/p>\n","protected":false},"excerpt":{"rendered":"<p>Die alveol\u00e4ren Strukturkerne werden \u00fcblicherweise als innere Struktur bei der Konstruktion von Verbundprodukten verwendet, bei denen die maximale Eind\u00e4mmung des Endgewichts ein Faktor von grundlegender Bedeutung ist.<\/p>\n","protected":false},"author":1,"featured_media":7274,"parent":8856,"menu_order":2,"comment_status":"open","ping_status":"open","template":"","meta":{"footnotes":""},"class_list":["post-8945","page","type-page","status-publish","has-post-thumbnail","hentry"],"_links":{"self":[{"href":"https:\/\/www.mates.it\/de\/wp-json\/wp\/v2\/pages\/8945","targetHints":{"allow":["GET"]}}],"collection":[{"href":"https:\/\/www.mates.it\/de\/wp-json\/wp\/v2\/pages"}],"about":[{"href":"https:\/\/www.mates.it\/de\/wp-json\/wp\/v2\/types\/page"}],"author":[{"embeddable":true,"href":"https:\/\/www.mates.it\/de\/wp-json\/wp\/v2\/users\/1"}],"replies":[{"embeddable":true,"href":"https:\/\/www.mates.it\/de\/wp-json\/wp\/v2\/comments?post=8945"}],"version-history":[{"count":0,"href":"https:\/\/www.mates.it\/de\/wp-json\/wp\/v2\/pages\/8945\/revisions"}],"up":[{"embeddable":true,"href":"https:\/\/www.mates.it\/de\/wp-json\/wp\/v2\/pages\/8856"}],"wp:featuredmedia":[{"embeddable":true,"href":"https:\/\/www.mates.it\/de\/wp-json\/wp\/v2\/media\/7274"}],"wp:attachment":[{"href":"https:\/\/www.mates.it\/de\/wp-json\/wp\/v2\/media?parent=8945"}],"curies":[{"name":"wp","href":"https:\/\/api.w.org\/{rel}","templated":true}]}}