{"id":8949,"date":"2015-09-16T15:10:30","date_gmt":"2015-09-16T13:10:30","guid":{"rendered":"https:\/\/www.mates.it\/prodotti\/materiali-anima-core\/needled-d\/"},"modified":"2023-06-28T16:22:55","modified_gmt":"2023-06-28T14:22:55","slug":"genadelt","status":"publish","type":"page","link":"https:\/\/www.mates.it\/de\/produkte\/sandwichmaterialien\/genadelt\/","title":{"rendered":"Genadelt"},"content":{"rendered":"\n<style type=\"text\/css\" data-created_by=\"avia_inline_auto\" id=\"style-css-av-av_image-ad84e5dd7a37549b077c717aba31ff0d\">\n.avia-image-container.av-av_image-ad84e5dd7a37549b077c717aba31ff0d img.avia_image{\nbox-shadow:none;\n}\n.avia-image-container.av-av_image-ad84e5dd7a37549b077c717aba31ff0d .av-image-caption-overlay-center{\ncolor:#ffffff;\n}\n<\/style>\n<div  class='avia-image-container av-av_image-ad84e5dd7a37549b077c717aba31ff0d av-styling- avia-align-center  avia-builder-el-0  el_before_av_hr  avia-builder-el-first '  ><div class=\"avia-image-container-inner\"><div class=\"avia-image-overlay-wrap\"><img decoding=\"async\" fetchpriority=\"high\" class=\"wp-image- avia-img-lazy-loading-not- avia_image \" src=\"https:\/\/www.mates.it\/wp-content\/uploads\/2016\/06\/Coremat.jpg\" alt=\"\" title=\"\"><\/div><\/div><\/div>\n<div  class='hr av-av_hr-91d7ccd583a503147498e120fee2ff9b hr-default  avia-builder-el-1  el_after_av_image  el_before_av_three_fifth '><span class='hr-inner '><span class=\"hr-inner-style\"><\/span><\/span><\/div>\n<div  class='flex_column av-av_three_fifth-7714eba142aeda1f8b5272a3c372b279 av_three_fifth  avia-builder-el-2  el_after_av_hr  el_before_av_two_fifth  first flex_column_div  '     ><p>\n<style type=\"text\/css\" data-created_by=\"avia_inline_auto\" id=\"style-css-av-ljegusw8-64b7cd1ab6f4d60fc4298311922aeca1\">\n#top .av-special-heading.av-ljegusw8-64b7cd1ab6f4d60fc4298311922aeca1{\npadding-bottom:10px;\n}\nbody .av-special-heading.av-ljegusw8-64b7cd1ab6f4d60fc4298311922aeca1 .av-special-heading-tag .heading-char{\nfont-size:25px;\n}\n.av-special-heading.av-ljegusw8-64b7cd1ab6f4d60fc4298311922aeca1 .av-subheading{\nfont-size:15px;\n}\n<\/style>\n<div  class='av-special-heading av-ljegusw8-64b7cd1ab6f4d60fc4298311922aeca1 av-special-heading-h1  avia-builder-el-3  el_before_av_textblock  avia-builder-el-first  custom-h1-title'><h1 class='av-special-heading-tag '  >Genadelt<\/h1><div class=\"special-heading-border\"><div class=\"special-heading-inner-border\"><\/div><\/div><\/div><br \/>\n<section  class='av_textblock_section av-ljegt98s-0d14cebecf42aff21d09812a378c75b0 '  ><div class='avia_textblock' ><p>Weiche, genadelte Strukturkerne werden in der Regel als Innenstruktur in Verbundwerkstoffen mit kleinen Abmessungen oder komplexen Formen verwendet, die mit starren Platten nicht reproduziert werden k\u00f6nnen. Im Gegensatz zu anderen Typen sind diese internen Verst\u00e4rkungen in der Lage, einen Teil des bei der Laminierung entstehenden Harzes zu absorbieren, wodurch die Bildung einer einzigen Struktur gew\u00e4hrleistet wird, die vollst\u00e4ndig in die Fasern und Verst\u00e4rkungsgewebe integriert und mit ihnen verbunden ist, ohne dass das Gewicht des Laminats wesentlich erh\u00f6ht wird. Dank dieser Eigenschaft ist es m\u00f6glich, sehr leichte Produkte mit sehr hohen mechanischen Anforderungen herzustellen.<\/p>\n<\/div><\/section><\/p><\/div>\n<div  class='flex_column av-av_two_fifth-f1c518e9ff58e869f80c8f093487abc9 av_two_fifth  avia-builder-el-5  el_after_av_three_fifth  el_before_av_hr  flex_column_div  '     ><style type=\"text\/css\" data-created_by=\"avia_inline_auto\" id=\"style-css-av-ljft3foc-c87284ef44fb3ebf1eba525bd2d0d6e6\">\n#top .togglecontainer.av-ljft3foc-c87284ef44fb3ebf1eba525bd2d0d6e6 h4.toggler{\nfont-size:14px;\n}\n#top .togglecontainer.av-ljft3foc-c87284ef44fb3ebf1eba525bd2d0d6e6 h4.toggler.activeTitle{\ncolor:#ffffff;\nborder-color:#ffffff;\nbackground-color:#2682d3;\n}\n<\/style>\n<div  class='togglecontainer av-ljft3foc-c87284ef44fb3ebf1eba525bd2d0d6e6  avia-builder-el-6  avia-builder-el-no-sibling  accordion_product toggle_close_all hasCurrentStyle' >\n<section class='av_toggle_section av-ljft3bcg-8c983162fadf2499dc883df2e67f3401' ><div role=\"tablist\" class=\"single_toggle\" data-tags=\"{Alle} \"  ><h4 id='toggle-toggle-id-1' data-fake-id='#toggle-id-1' class='toggler  activeTitle av-title-above '  role='tab' tabindex='0' aria-controls='toggle-id-1' data-slide-speed=\"200\" data-title=\"Vorteile\" data-title-open=\"\" data-aria_collapsed=\"Click to expand: Vorteile\" data-aria_expanded=\"Click to collapse: Vorteile\">Vorteile<span class=\"toggle_icon\"><span class=\"vert_icon\"><\/span><span class=\"hor_icon\"><\/span><\/span><\/h4><div id='toggle-id-1' aria-labelledby='toggle-toggle-id-1' role='region' class='toggle_wrap  active_tc av-title-above' style='display:block;' ><div class='toggle_content invers-color ' ><ul class=\"customlist1\">\n<li>Kostenreduzierung<\/li>\n<li>Prozessoptimierung<\/li>\n<li>Einzigartige Ergebnisse in der Kategorie<\/li>\n<li>Variable chemische Natur<\/li>\n<li>Kombinierte Struktur<\/li>\n<\/ul>\n<\/div><\/div><\/div><\/section>\n<section class='av_toggle_section av-ljft3f2x-a04a3e7f69c887a34978259350d1d2ca' ><div role=\"tablist\" class=\"single_toggle\" data-tags=\"{Alle} \"  ><h4 id='toggle-toggle-id-2' data-fake-id='#toggle-id-2' class='toggler  av-title-above '  role='tab' tabindex='0' aria-controls='toggle-id-2' data-slide-speed=\"200\" data-title=\"Typen\" data-title-open=\"\" data-aria_collapsed=\"Click to expand: Typen\" data-aria_expanded=\"Click to collapse: Typen\">Typen<span class=\"toggle_icon\"><span class=\"vert_icon\"><\/span><span class=\"hor_icon\"><\/span><\/span><\/h4><div id='toggle-id-2' aria-labelledby='toggle-toggle-id-2' role='region' class='toggle_wrap  av-title-above'  ><div class='toggle_content invers-color ' ><ul class=\"customlist2\">\n<li><a href=\"https:\/\/fileserver.mates.it\/Prodotti\/4_Anime\/TDS\/Mates\/Policore\/PCK160_DS.pdf\" target=\"_blank\" rel=\"noopener noreferrer\">PK 160<\/a><\/li>\n<li><a href=\"https:\/\/fileserver.mates.it\/Prodotti\/4_Anime\/TDS\/Mates\/Policore\/PPP170_DS.pdf\" target=\"_blank\" rel=\"noopener noreferrer\">PP 170<\/a><\/li>\n<li><a href=\"https:\/\/fileserver.mates.it\/Prodotti\/4_Anime\/TDS\/Mates\/Policore\/PCC190_DS.pdf\" target=\"_blank\" rel=\"noopener noreferrer\">CC 190<\/a><\/li>\n<\/ul>\n<\/div><\/div><\/div><\/section>\n<\/div><\/div><div  class='hr av-av_hr-91d7ccd583a503147498e120fee2ff9b hr-default  avia-builder-el-7  el_after_av_two_fifth  avia-builder-el-last '><span class='hr-inner '><span class=\"hr-inner-style\"><\/span><\/span><\/div><\/p>\n","protected":false},"excerpt":{"rendered":"<p>Weiche genadelte Strukturkerne werden in der Regel als Innenstruktur bei der Herstellung von Verbundwerkstoffprodukten mit kleinen Abmessungen oder komplexen Formen verwendet.<\/p>\n","protected":false},"author":1,"featured_media":7282,"parent":8856,"menu_order":4,"comment_status":"open","ping_status":"open","template":"","meta":{"footnotes":""},"class_list":["post-8949","page","type-page","status-publish","has-post-thumbnail","hentry"],"_links":{"self":[{"href":"https:\/\/www.mates.it\/de\/wp-json\/wp\/v2\/pages\/8949","targetHints":{"allow":["GET"]}}],"collection":[{"href":"https:\/\/www.mates.it\/de\/wp-json\/wp\/v2\/pages"}],"about":[{"href":"https:\/\/www.mates.it\/de\/wp-json\/wp\/v2\/types\/page"}],"author":[{"embeddable":true,"href":"https:\/\/www.mates.it\/de\/wp-json\/wp\/v2\/users\/1"}],"replies":[{"embeddable":true,"href":"https:\/\/www.mates.it\/de\/wp-json\/wp\/v2\/comments?post=8949"}],"version-history":[{"count":0,"href":"https:\/\/www.mates.it\/de\/wp-json\/wp\/v2\/pages\/8949\/revisions"}],"up":[{"embeddable":true,"href":"https:\/\/www.mates.it\/de\/wp-json\/wp\/v2\/pages\/8856"}],"wp:featuredmedia":[{"embeddable":true,"href":"https:\/\/www.mates.it\/de\/wp-json\/wp\/v2\/media\/7282"}],"wp:attachment":[{"href":"https:\/\/www.mates.it\/de\/wp-json\/wp\/v2\/media?parent=8949"}],"curies":[{"name":"wp","href":"https:\/\/api.w.org\/{rel}","templated":true}]}}