{"id":8953,"date":"2015-09-16T16:25:42","date_gmt":"2015-09-16T14:25:42","guid":{"rendered":"https:\/\/www.mates.it\/prodotti\/ausiliari-di-processo\/trennfolien\/"},"modified":"2023-06-27T23:44:49","modified_gmt":"2023-06-27T21:44:49","slug":"trennfolien","status":"publish","type":"page","link":"https:\/\/www.mates.it\/de\/produkte\/vakuumtechnik\/trennfolien\/","title":{"rendered":"Trennfolien"},"content":{"rendered":"\n<style type=\"text\/css\" data-created_by=\"avia_inline_auto\" id=\"style-css-av-av_image-1a45b964980813f364ca404029828d53\">\n.avia-image-container.av-av_image-1a45b964980813f364ca404029828d53 img.avia_image{\nbox-shadow:none;\n}\n.avia-image-container.av-av_image-1a45b964980813f364ca404029828d53 .av-image-caption-overlay-center{\ncolor:#ffffff;\n}\n<\/style>\n<div  class='avia-image-container av-av_image-1a45b964980813f364ca404029828d53 av-styling- avia-align-center  avia-builder-el-0  el_before_av_hr  avia-builder-el-first '  ><div class=\"avia-image-container-inner\"><div class=\"avia-image-overlay-wrap\"><img decoding=\"async\" fetchpriority=\"high\" class=\"wp-image- avia-img-lazy-loading-not- avia_image \" src=\"https:\/\/www.mates.it\/wp-content\/uploads\/2016\/06\/Film-distaccanti.jpg\" alt=\"\" title=\"\"><\/div><\/div><\/div>\n<div  class='hr av-av_hr-91d7ccd583a503147498e120fee2ff9b hr-default  avia-builder-el-1  el_after_av_image  el_before_av_three_fifth '><span class='hr-inner '><span class=\"hr-inner-style\"><\/span><\/span><\/div>\n<div  class='flex_column av-av_three_fifth-7714eba142aeda1f8b5272a3c372b279 av_three_fifth  avia-builder-el-2  el_after_av_hr  el_before_av_two_fifth  first flex_column_div  '     ><p>\n<style type=\"text\/css\" data-created_by=\"avia_inline_auto\" id=\"style-css-av-ljeteoin-600a936c967624169835ed029c025a89\">\n#top .av-special-heading.av-ljeteoin-600a936c967624169835ed029c025a89{\npadding-bottom:10px;\n}\nbody .av-special-heading.av-ljeteoin-600a936c967624169835ed029c025a89 .av-special-heading-tag .heading-char{\nfont-size:25px;\n}\n.av-special-heading.av-ljeteoin-600a936c967624169835ed029c025a89 .av-subheading{\nfont-size:15px;\n}\n<\/style>\n<div  class='av-special-heading av-ljeteoin-600a936c967624169835ed029c025a89 av-special-heading-h1  avia-builder-el-3  el_before_av_textblock  avia-builder-el-first  custom-h1-title'><h1 class='av-special-heading-tag '  >Trennfolien<\/h1><div class=\"special-heading-border\"><div class=\"special-heading-inner-border\"><\/div><\/div><\/div><br \/>\n<section  class='av_textblock_section av-ljetegc4-167e70cb54ed58089bac37c36aaee696 '  ><div class='avia_textblock' ><p>Gro\u00dfe Auswahl an Folien aus vorbehandelten Materialien, die sich daher f\u00fcr die Harzabl\u00f6sung eignen und speziell f\u00fcr die Verarbeitung bei niedrigen, mittleren oder hohen Temperaturen geeignet sind. Zur Verwendung als Trennmittel zwischen der Form und der ersten Schicht, bei nicht allzu komplexen Formen aufgrund ihrer schlechten Drapierbarkeit und als Trennfolie zwischen dem Peelply-Gewebe und dem Bel\u00fcftungsfilz, um letzteres bequem abl\u00f6sen zu k\u00f6nnen (wir empfehlen). P3 perforierte Folien) bei Vakuumlaminierungen und zwischen Abrei\u00dfschicht und Luftausbreitungsmedium (wir empfehlen P1-Bohrungen) bei Infusionslaminierung. Auch hervorragend geeignet f\u00fcr die Herstellung von Platten und Flachlaminaten im Sandwich-Stil. Maximaler Komfort bei der Verwendung zwischen Laminat und Gegenform \u2013 nur nicht perforierte Artikel \u2013 um eine dauerhafte Verbindung der beiden Teile zu vermeiden.<\/p>\n<\/div><\/section><\/p><\/div><div  class='flex_column av-av_two_fifth-f1c518e9ff58e869f80c8f093487abc9 av_two_fifth  avia-builder-el-5  el_after_av_three_fifth  el_before_av_hr  flex_column_div  '     ><style type=\"text\/css\" data-created_by=\"avia_inline_auto\" id=\"style-css-av-ljetffd6-b68d69b09d97a8cf0e878da8ca33daf4\">\n#top .togglecontainer.av-ljetffd6-b68d69b09d97a8cf0e878da8ca33daf4 h4.toggler{\nfont-size:14px;\n}\n#top .togglecontainer.av-ljetffd6-b68d69b09d97a8cf0e878da8ca33daf4 h4.toggler.activeTitle{\ncolor:#ffffff;\nborder-color:#ffffff;\nbackground-color:#2682d3;\n}\n<\/style>\n<div  class='togglecontainer av-ljetffd6-b68d69b09d97a8cf0e878da8ca33daf4  avia-builder-el-6  avia-builder-el-no-sibling  accordion_product toggle_close_all hasCurrentStyle' >\n<section class='av_toggle_section av-ljetfbrt-305e6bccb9bf4fcd3b1b934c09604eca' ><div role=\"tablist\" class=\"single_toggle\" data-tags=\"{Alle} \"  ><h4 id='toggle-toggle-id-1' data-fake-id='#toggle-id-1' class='toggler  activeTitle av-title-above '  role='tab' tabindex='0' aria-controls='toggle-id-1' data-slide-speed=\"200\" data-title=\"Vorteile\" data-title-open=\"\" data-aria_collapsed=\"Click to expand: Vorteile\" data-aria_expanded=\"Click to collapse: Vorteile\">Vorteile<span class=\"toggle_icon\"><span class=\"vert_icon\"><\/span><span class=\"hor_icon\"><\/span><\/span><\/h4><div id='toggle-id-1' aria-labelledby='toggle-toggle-id-1' role='region' class='toggle_wrap  active_tc av-title-above' style='display:block;' ><div class='toggle_content invers-color ' ><ul class=\"customlist1\">\n<li>F\u00fcr jede Temperatur geeignet<\/li>\n<li>Verschiedene Rollenh\u00f6hen<\/li>\n<li>Geben Sie den Verwendungszweck an<\/li>\n<li>Wiederverwendbar (PTFE)<\/li>\n<li>Reduzierung der Produktionszeiten<\/li>\n<\/ul>\n<\/div><\/div><\/div><\/section>\n<section class='av_toggle_section av-ljetfeen-f2a65d0d9b80da47be22a8f504fddf6e' ><div role=\"tablist\" class=\"single_toggle\" data-tags=\"{Alle} \"  ><h4 id='toggle-toggle-id-2' data-fake-id='#toggle-id-2' class='toggler  av-title-above '  role='tab' tabindex='0' aria-controls='toggle-id-2' data-slide-speed=\"200\" data-title=\"Typen\" data-title-open=\"\" data-aria_collapsed=\"Click to expand: Typen\" data-aria_expanded=\"Click to collapse: Typen\">Typen<span class=\"toggle_icon\"><span class=\"vert_icon\"><\/span><span class=\"hor_icon\"><\/span><\/span><\/h4><div id='toggle-id-2' aria-labelledby='toggle-toggle-id-2' role='region' class='toggle_wrap  av-title-above'  ><div class='toggle_content invers-color ' ><li class=\"page_item page-item-9027\"><a href=\"https:\/\/www.mates.it\/de\/produkte\/vakuumtechnik\/trennfolien\/mehrschicht\/\">Mehrschicht<\/a><\/li>\n<li class=\"page_item page-item-9028\"><a href=\"https:\/\/www.mates.it\/de\/produkte\/vakuumtechnik\/trennfolien\/fluoriert\/\">Fluoriert<\/a><\/li>\n<li class=\"page_item page-item-9029\"><a href=\"https:\/\/www.mates.it\/de\/produkte\/vakuumtechnik\/trennfolien\/selbstklebeband\/\">Selbstklebeband<\/a><\/li>\n\n<\/div><\/div><\/div><\/section>\n<\/div><\/div><div  class='hr av-av_hr-91d7ccd583a503147498e120fee2ff9b hr-default  avia-builder-el-7  el_after_av_two_fifth  avia-builder-el-last '><span class='hr-inner '><span class=\"hr-inner-style\"><\/span><\/span><\/div><\/p>\n","protected":false},"excerpt":{"rendered":"<p>Gro\u00dfe Auswahl an Folien aus vorbehandelten Materialien, daher geeignet f\u00fcr die Harzabl\u00f6sung, speziell f\u00fcr die Verarbeitung bei niedrigen, mittleren oder hohen Temperaturen, maximale Zuverl\u00e4ssigkeit.<\/p>\n","protected":false},"author":1,"featured_media":7306,"parent":8858,"menu_order":2,"comment_status":"open","ping_status":"open","template":"","meta":{"footnotes":""},"class_list":["post-8953","page","type-page","status-publish","has-post-thumbnail","hentry"],"_links":{"self":[{"href":"https:\/\/www.mates.it\/de\/wp-json\/wp\/v2\/pages\/8953","targetHints":{"allow":["GET"]}}],"collection":[{"href":"https:\/\/www.mates.it\/de\/wp-json\/wp\/v2\/pages"}],"about":[{"href":"https:\/\/www.mates.it\/de\/wp-json\/wp\/v2\/types\/page"}],"author":[{"embeddable":true,"href":"https:\/\/www.mates.it\/de\/wp-json\/wp\/v2\/users\/1"}],"replies":[{"embeddable":true,"href":"https:\/\/www.mates.it\/de\/wp-json\/wp\/v2\/comments?post=8953"}],"version-history":[{"count":0,"href":"https:\/\/www.mates.it\/de\/wp-json\/wp\/v2\/pages\/8953\/revisions"}],"up":[{"embeddable":true,"href":"https:\/\/www.mates.it\/de\/wp-json\/wp\/v2\/pages\/8858"}],"wp:featuredmedia":[{"embeddable":true,"href":"https:\/\/www.mates.it\/de\/wp-json\/wp\/v2\/media\/7306"}],"wp:attachment":[{"href":"https:\/\/www.mates.it\/de\/wp-json\/wp\/v2\/media?parent=8953"}],"curies":[{"name":"wp","href":"https:\/\/api.w.org\/{rel}","templated":true}]}}