{"id":8955,"date":"2015-09-16T16:25:42","date_gmt":"2015-09-16T14:25:42","guid":{"rendered":"https:\/\/www.mates.it\/prodotti\/ausiliari-di-processo\/flieshilfsmittel\/"},"modified":"2023-06-28T19:22:57","modified_gmt":"2023-06-28T17:22:57","slug":"fliesshilfen","status":"publish","type":"page","link":"https:\/\/www.mates.it\/de\/produkte\/vakuumtechnik\/fliesshilfen\/","title":{"rendered":"Fliesshilfen"},"content":{"rendered":"\n<style type=\"text\/css\" data-created_by=\"avia_inline_auto\" id=\"style-css-av-av_image-7863488916e89dc5907529a926597fb1\">\n.avia-image-container.av-av_image-7863488916e89dc5907529a926597fb1 img.avia_image{\nbox-shadow:none;\n}\n.avia-image-container.av-av_image-7863488916e89dc5907529a926597fb1 .av-image-caption-overlay-center{\ncolor:#ffffff;\n}\n<\/style>\n<div  class='avia-image-container av-av_image-7863488916e89dc5907529a926597fb1 av-styling- avia-align-center  avia-builder-el-0  el_before_av_hr  avia-builder-el-first '  ><div class=\"avia-image-container-inner\"><div class=\"avia-image-overlay-wrap\"><img decoding=\"async\" fetchpriority=\"high\" class=\"wp-image- avia-img-lazy-loading-not- avia_image \" src=\"https:\/\/www.mates.it\/wp-content\/uploads\/2016\/06\/Mezzi-di-flusso.jpg\" alt=\"\" title=\"\"><\/div><\/div><\/div>\n<div  class='hr av-av_hr-91d7ccd583a503147498e120fee2ff9b hr-default  avia-builder-el-1  el_after_av_image  el_before_av_three_fifth '><span class='hr-inner '><span class=\"hr-inner-style\"><\/span><\/span><\/div>\n<div  class='flex_column av-av_three_fifth-7714eba142aeda1f8b5272a3c372b279 av_three_fifth  avia-builder-el-2  el_after_av_hr  el_before_av_two_fifth  first flex_column_div  '     ><p>\n<style type=\"text\/css\" data-created_by=\"avia_inline_auto\" id=\"style-css-av-ljfzh9h9-a54453c410e622a0e11d844ab50c13b3\">\n#top .av-special-heading.av-ljfzh9h9-a54453c410e622a0e11d844ab50c13b3{\npadding-bottom:10px;\n}\nbody .av-special-heading.av-ljfzh9h9-a54453c410e622a0e11d844ab50c13b3 .av-special-heading-tag .heading-char{\nfont-size:25px;\n}\n.av-special-heading.av-ljfzh9h9-a54453c410e622a0e11d844ab50c13b3 .av-subheading{\nfont-size:15px;\n}\n<\/style>\n<div  class='av-special-heading av-ljfzh9h9-a54453c410e622a0e11d844ab50c13b3 av-special-heading-h1  avia-builder-el-3  el_before_av_textblock  avia-builder-el-first  custom-h1-title'><h1 class='av-special-heading-tag '  >Fliesshilfen<\/h1><div class=\"special-heading-border\"><div class=\"special-heading-inner-border\"><\/div><\/div><\/div><br \/>\n<section  class='av_textblock_section av-ljfzhx33-8e2122e657112f7be9efcf6cd953fa04 '  ><div class='avia_textblock' ><p>Eine Auswahl spezifischer Produkte f\u00fcr die Ausbreitung von Fl\u00fcssigkeiten mit variabler Viskosit\u00e4t in geschlossenen Formen hilft bei der korrekten Impr\u00e4gnierung der Stoffe, \u00fcblicherweise Laminat genannt, in Prozessen wie Infusion oder in Prozessen namens VARTM (Vacuum Assisted Resin Transfer Moulding). Es ist nicht immer notwendig, diese Produktklasse auf der gesamten Oberfl\u00e4che des Produkts zu verwenden. Sie k\u00f6nnen tats\u00e4chlich gezielt positioniert werden, um den Harzfluss in bestimmten Bereichen der Form zu erh\u00f6hen und so die Flie\u00dfgeschwindigkeit zu erh\u00f6hen. Wir haben die besten Flie\u00dfmedien auf dem Markt ausgew\u00e4hlt, die eine Erh\u00f6hung der Flie\u00dfgeschwindigkeit gew\u00e4hrleisten k\u00f6nnen und auch in Verbindung mit unseren perforierten Folien erh\u00e4ltlich sind. Daher gebrauchsfertige Pakete, die eine Geschwindigkeitssteigerung bei der Herstellung eines Verbundprodukts gew\u00e4hrleisten.<\/p>\n<\/div><\/section><\/p><\/div><div  class='flex_column av-av_two_fifth-f1c518e9ff58e869f80c8f093487abc9 av_two_fifth  avia-builder-el-5  el_after_av_three_fifth  el_before_av_hr  flex_column_div  '     ><style type=\"text\/css\" data-created_by=\"avia_inline_auto\" id=\"style-css-av-ljfzisyc-3507ed8b138417b409cdf503e2f048bc\">\n#top .togglecontainer.av-ljfzisyc-3507ed8b138417b409cdf503e2f048bc h4.toggler{\nfont-size:14px;\n}\n#top .togglecontainer.av-ljfzisyc-3507ed8b138417b409cdf503e2f048bc h4.toggler.activeTitle{\ncolor:#ffffff;\nborder-color:#ffffff;\nbackground-color:#2682d3;\n}\n<\/style>\n<div  class='togglecontainer av-ljfzisyc-3507ed8b138417b409cdf503e2f048bc  avia-builder-el-6  avia-builder-el-no-sibling  accordion_product toggle_close_all hasCurrentStyle' >\n<section class='av_toggle_section av-ljfzimvw-b6053721f5d188e0a6dc544fcf8c70ed' ><div role=\"tablist\" class=\"single_toggle\" data-tags=\"{Alle} \"  ><h4 id='toggle-toggle-id-1' data-fake-id='#toggle-id-1' class='toggler  activeTitle av-title-above '  role='tab' tabindex='0' aria-controls='toggle-id-1' data-slide-speed=\"200\" data-title=\"Vorteile\" data-title-open=\"\" data-aria_collapsed=\"Click to expand: Vorteile\" data-aria_expanded=\"Click to collapse: Vorteile\">Vorteile<span class=\"toggle_icon\"><span class=\"vert_icon\"><\/span><span class=\"hor_icon\"><\/span><\/span><\/h4><div id='toggle-id-1' aria-labelledby='toggle-toggle-id-1' role='region' class='toggle_wrap  active_tc av-title-above' style='display:block;' ><div class='toggle_content invers-color ' ><ul class=\"customlist1\">\n<li>Unterschiedliche Streamgeschwindigkeiten<\/li>\n<li>Erh\u00e4ltlich in mehreren L\u00f6sungen<\/li>\n<li>Prozessspezifit\u00e4t<\/li>\n<li>Geringer Harzabfall<\/li>\n<\/ul>\n<\/div><\/div><\/div><\/section>\n<section class='av_toggle_section av-ljfziq9i-a96ad617b44ef661b8e4d876a8bb66da' ><div role=\"tablist\" class=\"single_toggle\" data-tags=\"{Alle} \"  ><h4 id='toggle-toggle-id-2' data-fake-id='#toggle-id-2' class='toggler  av-title-above '  role='tab' tabindex='0' aria-controls='toggle-id-2' data-slide-speed=\"200\" data-title=\"Typen\" data-title-open=\"\" data-aria_collapsed=\"Click to expand: Typen\" data-aria_expanded=\"Click to collapse: Typen\">Typen<span class=\"toggle_icon\"><span class=\"vert_icon\"><\/span><span class=\"hor_icon\"><\/span><\/span><\/h4><div id='toggle-id-2' aria-labelledby='toggle-toggle-id-2' role='region' class='toggle_wrap  av-title-above'  ><div class='toggle_content invers-color ' ><li class=\"page_item page-item-9032\"><a href=\"https:\/\/www.mates.it\/de\/produkte\/vakuumtechnik\/fliesshilfen\/entluftungsnetz\/\">Entl\u00fcftungsnetz<\/a><\/li>\n<li class=\"page_item page-item-9033\"><a href=\"https:\/\/www.mates.it\/de\/produkte\/vakuumtechnik\/fliesshilfen\/flow-zopfe\/\">Flow Z\u00f6pfe<\/a><\/li>\n<li class=\"page_item page-item-21147\"><a href=\"https:\/\/www.mates.it\/de\/produkte\/vakuumtechnik\/fliesshilfen\/kanaele-barrieren\/\">Kan\u00e4le \/ Barrieren<\/a><\/li>\n<li class=\"page_item page-item-9034\"><a href=\"https:\/\/www.mates.it\/de\/produkte\/vakuumtechnik\/fliesshilfen\/spiralschlauche\/\">Spiralschl\u00e4uche<\/a><\/li>\n\n<\/div><\/div><\/div><\/section>\n<\/div><\/div><div  class='hr av-av_hr-91d7ccd583a503147498e120fee2ff9b hr-default  avia-builder-el-7  el_after_av_two_fifth  avia-builder-el-last '><span class='hr-inner '><span class=\"hr-inner-style\"><\/span><\/span><\/div><\/p>\n","protected":false},"excerpt":{"rendered":"<p>Auswahl spezifischer Produkte f\u00fcr die Ausbreitung von Fl\u00fcssigkeiten mit variabler Viskosit\u00e4t in geschlossenen Formen, um eine korrekte und vollst\u00e4ndige Impr\u00e4gnierung des Laminats zu erreichen.<\/p>\n","protected":false},"author":1,"featured_media":7314,"parent":8858,"menu_order":5,"comment_status":"open","ping_status":"open","template":"","meta":{"footnotes":""},"class_list":["post-8955","page","type-page","status-publish","has-post-thumbnail","hentry"],"_links":{"self":[{"href":"https:\/\/www.mates.it\/de\/wp-json\/wp\/v2\/pages\/8955","targetHints":{"allow":["GET"]}}],"collection":[{"href":"https:\/\/www.mates.it\/de\/wp-json\/wp\/v2\/pages"}],"about":[{"href":"https:\/\/www.mates.it\/de\/wp-json\/wp\/v2\/types\/page"}],"author":[{"embeddable":true,"href":"https:\/\/www.mates.it\/de\/wp-json\/wp\/v2\/users\/1"}],"replies":[{"embeddable":true,"href":"https:\/\/www.mates.it\/de\/wp-json\/wp\/v2\/comments?post=8955"}],"version-history":[{"count":0,"href":"https:\/\/www.mates.it\/de\/wp-json\/wp\/v2\/pages\/8955\/revisions"}],"up":[{"embeddable":true,"href":"https:\/\/www.mates.it\/de\/wp-json\/wp\/v2\/pages\/8858"}],"wp:featuredmedia":[{"embeddable":true,"href":"https:\/\/www.mates.it\/de\/wp-json\/wp\/v2\/media\/7314"}],"wp:attachment":[{"href":"https:\/\/www.mates.it\/de\/wp-json\/wp\/v2\/media?parent=8955"}],"curies":[{"name":"wp","href":"https:\/\/api.w.org\/{rel}","templated":true}]}}