{"id":8959,"date":"2015-09-16T16:25:56","date_gmt":"2015-09-16T14:25:56","guid":{"rendered":"https:\/\/www.mates.it\/prodotti\/ausiliari-di-processo\/vakuumbeutel\/"},"modified":"2023-06-27T18:31:50","modified_gmt":"2023-06-27T16:31:50","slug":"vakuumbeutel","status":"publish","type":"page","link":"https:\/\/www.mates.it\/de\/produkte\/vakuumtechnik\/vakuumbeutel\/","title":{"rendered":"Vakuumbeutel"},"content":{"rendered":"\n<style type=\"text\/css\" data-created_by=\"avia_inline_auto\" id=\"style-css-av-av_image-763bd0cd1036852d56ffc4080f9b2a3d\">\n.avia-image-container.av-av_image-763bd0cd1036852d56ffc4080f9b2a3d img.avia_image{\nbox-shadow:none;\n}\n.avia-image-container.av-av_image-763bd0cd1036852d56ffc4080f9b2a3d .av-image-caption-overlay-center{\ncolor:#ffffff;\n}\n<\/style>\n<div  class='avia-image-container av-av_image-763bd0cd1036852d56ffc4080f9b2a3d av-styling- avia-align-center  avia-builder-el-0  el_before_av_hr  avia-builder-el-first '  ><div class=\"avia-image-container-inner\"><div class=\"avia-image-overlay-wrap\"><img decoding=\"async\" fetchpriority=\"high\" class=\"wp-image- avia-img-lazy-loading-not- avia_image \" src=\"https:\/\/www.mates.it\/wp-content\/uploads\/2016\/06\/Sacchi-da-vuoto.jpg\" alt=\"\" title=\"\"><\/div><\/div><\/div>\n<div  class='hr av-av_hr-91d7ccd583a503147498e120fee2ff9b hr-default  avia-builder-el-1  el_after_av_image  el_before_av_three_fifth '><span class='hr-inner '><span class=\"hr-inner-style\"><\/span><\/span><\/div>\n<div  class='flex_column av-av_three_fifth-7714eba142aeda1f8b5272a3c372b279 av_three_fifth  avia-builder-el-2  el_after_av_hr  el_before_av_two_fifth  first flex_column_div  '     ><p>\n<style type=\"text\/css\" data-created_by=\"avia_inline_auto\" id=\"style-css-av-ljei9ca8-36e2d34eae51b11a8d0217bd1b96b517\">\n#top .av-special-heading.av-ljei9ca8-36e2d34eae51b11a8d0217bd1b96b517{\npadding-bottom:10px;\n}\nbody .av-special-heading.av-ljei9ca8-36e2d34eae51b11a8d0217bd1b96b517 .av-special-heading-tag .heading-char{\nfont-size:25px;\n}\n.av-special-heading.av-ljei9ca8-36e2d34eae51b11a8d0217bd1b96b517 .av-subheading{\nfont-size:15px;\n}\n<\/style>\n<div  class='av-special-heading av-ljei9ca8-36e2d34eae51b11a8d0217bd1b96b517 av-special-heading-h1  avia-builder-el-3  el_before_av_textblock  avia-builder-el-first  custom-h1-title'><h1 class='av-special-heading-tag '  >Vakuumbeutel<\/h1><div class=\"special-heading-border\"><div class=\"special-heading-inner-border\"><\/div><\/div><\/div><br \/>\n<section  class='av_textblock_section av-ljei2z16-e76fa08daf5ecf87a804a8bf6e94e354 '  ><div class='avia_textblock' ><p>Die Vakuumkaschierung ist sehr wichtig f\u00fcr die Herstellung von Komponenten mit hoher mechanischer Leistung, hoher Zugfestigkeit und einem \u00e4sthetischen Effekt, der mit manueller Kaschierung nur schwer zu erreichen ist. Vakuumbeutel k\u00f6nnen in mehrere Makrokategorien unterteilt werden: einfache flache oder einfach gefaltete Folien, Mehrfachfolien, Schlauchfolien und wiederverwendbare Folien. Die drei erstgenannten m\u00fcssen auf vier Seiten an der Form befestigt werden, die vierte auf zwei, w\u00e4hrend die wiederverwendbaren Folien keine Versiegelung ben\u00f6tigen, was die Produktionszeit erheblich verk\u00fcrzt. Alle Vakuumbeutel zeichnen sich durch eine gewisse Elastizit\u00e4t aus, die je nach dem f\u00fcr die Herstellung verwendeten Material variieren kann. Wir haben uns entschieden, eine Reihe von Vakuumbeuteln auszuw\u00e4hlen, deren technische Eigenschaften und Abmessungen von Produkt zu Produkt variieren, damit der Endverbraucher eine gute Verarbeitungstechnik mit geringem Luftverlust und Materialabfall erzielen kann, die hervorragende mechanische und \u00e4sthetische Ergebnisse garantiert.<\/p>\n<\/div><\/section><\/p><\/div><div  class='flex_column av-av_two_fifth-f1c518e9ff58e869f80c8f093487abc9 av_two_fifth  avia-builder-el-5  el_after_av_three_fifth  el_before_av_hr  flex_column_div  '     ><style type=\"text\/css\" data-created_by=\"avia_inline_auto\" id=\"style-css-av-ljei3mlq-723cee299761f773d6ffd7b2635af5a7\">\n#top .togglecontainer.av-ljei3mlq-723cee299761f773d6ffd7b2635af5a7 h4.toggler{\nfont-size:14px;\n}\n#top .togglecontainer.av-ljei3mlq-723cee299761f773d6ffd7b2635af5a7 h4.toggler.activeTitle{\ncolor:#ffffff;\nborder-color:#ffffff;\nbackground-color:#2682d3;\n}\n<\/style>\n<div  class='togglecontainer av-ljei3mlq-723cee299761f773d6ffd7b2635af5a7  avia-builder-el-6  avia-builder-el-no-sibling  accordion_product toggle_close_all hasCurrentStyle' >\n<section class='av_toggle_section av-ljei3ji7-270cb10cbc7ba8abbed79fe2529d09b1' ><div role=\"tablist\" class=\"single_toggle\" data-tags=\"{Alle} \"  ><h4 id='toggle-toggle-id-1' data-fake-id='#toggle-id-1' class='toggler  activeTitle av-title-above '  role='tab' tabindex='0' aria-controls='toggle-id-1' data-slide-speed=\"200\" data-title=\"Vorteile\" data-title-open=\"\" data-aria_collapsed=\"Click to expand: Vorteile\" data-aria_expanded=\"Click to collapse: Vorteile\">Vorteile<span class=\"toggle_icon\"><span class=\"vert_icon\"><\/span><span class=\"hor_icon\"><\/span><\/span><\/h4><div id='toggle-id-1' aria-labelledby='toggle-toggle-id-1' role='region' class='toggle_wrap  active_tc av-title-above' style='display:block;' ><div class='toggle_content invers-color ' ><ul class=\"customlist1\">\n<li>Unterschiedliche Dimensionen<\/li>\n<li>Verringerung des Verschnitts<\/li>\n<li>Spezifische Verwendung<\/li>\n<li>Konformit\u00e4tsbescheinigungen<\/li>\n<li>Verk\u00fcrzung der Produktionszeit<\/li>\n<\/ul>\n<\/div><\/div><\/div><\/section>\n<section class='av_toggle_section av-ljei3m6w-997b81486e46b8bd0c8582c0f12335db' ><div role=\"tablist\" class=\"single_toggle\" data-tags=\"{Alle} \"  ><h4 id='toggle-toggle-id-2' data-fake-id='#toggle-id-2' class='toggler  av-title-above '  role='tab' tabindex='0' aria-controls='toggle-id-2' data-slide-speed=\"200\" data-title=\"Typen\" data-title-open=\"\" data-aria_collapsed=\"Click to expand: Typen\" data-aria_expanded=\"Click to collapse: Typen\">Typen<span class=\"toggle_icon\"><span class=\"vert_icon\"><\/span><span class=\"hor_icon\"><\/span><\/span><\/h4><div id='toggle-id-2' aria-labelledby='toggle-toggle-id-2' role='region' class='toggle_wrap  av-title-above'  ><div class='toggle_content invers-color ' ><li class=\"page_item page-item-9025\"><a href=\"https:\/\/www.mates.it\/de\/produkte\/vakuumtechnik\/vakuumbeutel\/schlauchformig\/\">Schlauchf\u00f6rmig<\/a><\/li>\n<li class=\"page_item page-item-9024\"><a href=\"https:\/\/www.mates.it\/de\/produkte\/vakuumtechnik\/vakuumbeutel\/mehrfach-gefaltet\/\">Mehrfach gefaltet<\/a><\/li>\n<li class=\"page_item page-item-9023\"><a href=\"https:\/\/www.mates.it\/de\/produkte\/vakuumtechnik\/vakuumbeutel\/flach-einfach-gefaltet\/\">Flach \/ Einfach gefaltet<\/a><\/li>\n<li class=\"page_item page-item-9026\"><a href=\"https:\/\/www.mates.it\/de\/produkte\/vakuumtechnik\/vakuumbeutel\/silikone\/\">Silikone<\/a><\/li>\n\n<\/div><\/div><\/div><\/section>\n<\/div><\/div><\/p>\n<div  class='hr av-av_hr-91d7ccd583a503147498e120fee2ff9b hr-default  avia-builder-el-7  el_after_av_two_fifth  avia-builder-el-last '><span class='hr-inner '><span class=\"hr-inner-style\"><\/span><\/span><\/div>\n","protected":false},"excerpt":{"rendered":"<p>Die Vakuumformung von Laminat ist sehr wichtig f\u00fcr die Herstellung von Bauteilen mit hoher mechanischer Leistung, hoher Zugfestigkeit und bester \u00e4sthetischer Wirkung.<\/p>\n","protected":false},"author":1,"featured_media":7298,"parent":8858,"menu_order":1,"comment_status":"open","ping_status":"open","template":"","meta":{"footnotes":""},"class_list":["post-8959","page","type-page","status-publish","has-post-thumbnail","hentry"],"_links":{"self":[{"href":"https:\/\/www.mates.it\/de\/wp-json\/wp\/v2\/pages\/8959","targetHints":{"allow":["GET"]}}],"collection":[{"href":"https:\/\/www.mates.it\/de\/wp-json\/wp\/v2\/pages"}],"about":[{"href":"https:\/\/www.mates.it\/de\/wp-json\/wp\/v2\/types\/page"}],"author":[{"embeddable":true,"href":"https:\/\/www.mates.it\/de\/wp-json\/wp\/v2\/users\/1"}],"replies":[{"embeddable":true,"href":"https:\/\/www.mates.it\/de\/wp-json\/wp\/v2\/comments?post=8959"}],"version-history":[{"count":0,"href":"https:\/\/www.mates.it\/de\/wp-json\/wp\/v2\/pages\/8959\/revisions"}],"up":[{"embeddable":true,"href":"https:\/\/www.mates.it\/de\/wp-json\/wp\/v2\/pages\/8858"}],"wp:featuredmedia":[{"embeddable":true,"href":"https:\/\/www.mates.it\/de\/wp-json\/wp\/v2\/media\/7298"}],"wp:attachment":[{"href":"https:\/\/www.mates.it\/de\/wp-json\/wp\/v2\/media?parent=8959"}],"curies":[{"name":"wp","href":"https:\/\/api.w.org\/{rel}","templated":true}]}}