{"id":8961,"date":"2015-09-16T16:26:03","date_gmt":"2015-09-16T14:26:03","guid":{"rendered":"https:\/\/www.mates.it\/prodotti\/ausiliari-di-processo\/dichtstoffe-bander\/"},"modified":"2023-06-28T21:06:07","modified_gmt":"2023-06-28T19:06:07","slug":"klebebander-dichtungsbander","status":"publish","type":"page","link":"https:\/\/www.mates.it\/de\/produkte\/vakuumtechnik\/klebebander-dichtungsbander\/","title":{"rendered":"Klebeb\u00e4nder \/ Dichtungsb\u00e4nder"},"content":{"rendered":"\n<style type=\"text\/css\" data-created_by=\"avia_inline_auto\" id=\"style-css-av-av_image-1e64fb3026b7a9ee8b4e4845728c8027\">\n.avia-image-container.av-av_image-1e64fb3026b7a9ee8b4e4845728c8027 img.avia_image{\nbox-shadow:none;\n}\n.avia-image-container.av-av_image-1e64fb3026b7a9ee8b4e4845728c8027 .av-image-caption-overlay-center{\ncolor:#ffffff;\n}\n<\/style>\n<div  class='avia-image-container av-av_image-1e64fb3026b7a9ee8b4e4845728c8027 av-styling- avia-align-center  avia-builder-el-0  el_before_av_hr  avia-builder-el-first '  ><div class=\"avia-image-container-inner\"><div class=\"avia-image-overlay-wrap\"><img decoding=\"async\" fetchpriority=\"high\" class=\"wp-image- avia-img-lazy-loading-not- avia_image \" src=\"https:\/\/www.mates.it\/wp-content\/uploads\/2016\/06\/Sigillanti-Nastri.jpg\" alt=\"\" title=\"\"><\/div><\/div><\/div>\n<div  class='hr av-av_hr-91d7ccd583a503147498e120fee2ff9b hr-default  avia-builder-el-1  el_after_av_image  el_before_av_three_fifth '><span class='hr-inner '><span class=\"hr-inner-style\"><\/span><\/span><\/div>\n<div  class='flex_column av-av_three_fifth-7714eba142aeda1f8b5272a3c372b279 av_three_fifth  avia-builder-el-2  el_after_av_hr  el_before_av_two_fifth  first flex_column_div  '     ><p>\n<style type=\"text\/css\" data-created_by=\"avia_inline_auto\" id=\"style-css-av-ljg35b7n-76c6c6d191f00c0b96a0a8165b353811\">\n#top .av-special-heading.av-ljg35b7n-76c6c6d191f00c0b96a0a8165b353811{\npadding-bottom:10px;\n}\nbody .av-special-heading.av-ljg35b7n-76c6c6d191f00c0b96a0a8165b353811 .av-special-heading-tag .heading-char{\nfont-size:25px;\n}\n.av-special-heading.av-ljg35b7n-76c6c6d191f00c0b96a0a8165b353811 .av-subheading{\nfont-size:15px;\n}\n<\/style>\n<div  class='av-special-heading av-ljg35b7n-76c6c6d191f00c0b96a0a8165b353811 av-special-heading-h1  avia-builder-el-3  el_before_av_textblock  avia-builder-el-first  custom-h1-title'><h1 class='av-special-heading-tag '  >Klebeb\u00e4nder \/ Dichtungsb\u00e4nder<\/h1><div class=\"special-heading-border\"><div class=\"special-heading-inner-border\"><\/div><\/div><\/div><br \/>\n<section  class='av_textblock_section av-ljg36tin-c0eef6b6420a9876a322d421ffbd21f2 '  ><div class='avia_textblock' ><p>Um Komponenten mit hohem technologischen Inhalt herzustellen, ist es notwendig, spezifische Produkte zu verwenden, die zyklisch getestet werden, um maximale Zuverl\u00e4ssigkeit zu gew\u00e4hrleisten. Bei Luftlecks aus dem Vakuumbeutel besteht nicht nur die Gefahr, dass mechanisch instabile Laminate entstehen, sondern auch die Gefahr, dass der gesamte Produktionsprozess von vorne beginnen muss, was zu erheblichen Kostensteigerungen f\u00fchrt mal. Aus diesem Grund haben wir uns entschieden, unseren Kunden eine Reihe \u00e4u\u00dferst zuverl\u00e4ssiger Butyl-Dichtungsb\u00e4nder anzubieten, die eine gro\u00dfe Bandbreite an Preisen und Einsatztemperaturen abdecken k\u00f6nnen. Den gleichen Grunds\u00e4tzen folgend haben wir unter den verschiedenen bereits auf dem Markt befindlichen Artikeln auch eine Reihe ein- und doppelseitiger Klebeb\u00e4nder ausgew\u00e4hlt, die f\u00fcr die Hauptverarbeitung von Verbundmaterialien unverzichtbar sind.<\/p>\n<\/div><\/section><\/p><\/div><div  class='flex_column av-av_two_fifth-f1c518e9ff58e869f80c8f093487abc9 av_two_fifth  avia-builder-el-5  el_after_av_three_fifth  el_before_av_hr  flex_column_div  '     ><style type=\"text\/css\" data-created_by=\"avia_inline_auto\" id=\"style-css-av-ljg37e8w-ea296e4f85736b4fd0eb03c12b4e5610\">\n#top .togglecontainer.av-ljg37e8w-ea296e4f85736b4fd0eb03c12b4e5610 h4.toggler{\nfont-size:14px;\n}\n#top .togglecontainer.av-ljg37e8w-ea296e4f85736b4fd0eb03c12b4e5610 h4.toggler.activeTitle{\ncolor:#ffffff;\nborder-color:#ffffff;\nbackground-color:#2682d3;\n}\n<\/style>\n<div  class='togglecontainer av-ljg37e8w-ea296e4f85736b4fd0eb03c12b4e5610  avia-builder-el-6  avia-builder-el-no-sibling  accordion_product toggle_close_all hasCurrentStyle' >\n<section class='av_toggle_section av-ljg379ir-ecc3e90585c4d772e461616f35dc4d6f' ><div role=\"tablist\" class=\"single_toggle\" data-tags=\"{Alle} \"  ><h4 id='toggle-toggle-id-1' data-fake-id='#toggle-id-1' class='toggler  activeTitle av-title-above '  role='tab' tabindex='0' aria-controls='toggle-id-1' data-slide-speed=\"200\" data-title=\"Vorteile\" data-title-open=\"\" data-aria_collapsed=\"Click to expand: Vorteile\" data-aria_expanded=\"Click to collapse: Vorteile\">Vorteile<span class=\"toggle_icon\"><span class=\"vert_icon\"><\/span><span class=\"hor_icon\"><\/span><\/span><\/h4><div id='toggle-id-1' aria-labelledby='toggle-toggle-id-1' role='region' class='toggle_wrap  active_tc av-title-above' style='display:block;' ><div class='toggle_content invers-color ' ><ul class=\"customlist1\">\n<li>Hohe Qualit\u00e4tsstandards<\/li>\n<li>Erh\u00e4ltlich in mehreren Gr\u00f6\u00dfen<\/li>\n<li>Spezifisch f\u00fcr jeden Prozess<\/li>\n<li>Unterschiedliche Haftkraft<\/li>\n<\/ul>\n<\/div><\/div><\/div><\/section>\n<section class='av_toggle_section av-ljg37d86-987013d94c28e6ee9ba563ec6859cab1' ><div role=\"tablist\" class=\"single_toggle\" data-tags=\"{Alle} \"  ><h4 id='toggle-toggle-id-2' data-fake-id='#toggle-id-2' class='toggler  av-title-above '  role='tab' tabindex='0' aria-controls='toggle-id-2' data-slide-speed=\"200\" data-title=\"Typen\" data-title-open=\"\" data-aria_collapsed=\"Click to expand: Typen\" data-aria_expanded=\"Click to collapse: Typen\">Typen<span class=\"toggle_icon\"><span class=\"vert_icon\"><\/span><span class=\"hor_icon\"><\/span><\/span><\/h4><div id='toggle-id-2' aria-labelledby='toggle-toggle-id-2' role='region' class='toggle_wrap  av-title-above'  ><div class='toggle_content invers-color ' ><li class=\"page_item page-item-9035\"><a href=\"https:\/\/www.mates.it\/de\/produkte\/vakuumtechnik\/klebebander-dichtungsbander\/vakuumdichtbander\/\">Vakuumdichtb\u00e4nder<\/a><\/li>\n<li class=\"page_item page-item-9037\"><a href=\"https:\/\/www.mates.it\/de\/produkte\/vakuumtechnik\/klebebander-dichtungsbander\/klebebander\/\">Klebeb\u00e4nder<\/a><\/li>\n\n<\/div><\/div><\/div><\/section>\n<\/div><\/div><div  class='hr av-av_hr-91d7ccd583a503147498e120fee2ff9b hr-default  avia-builder-el-7  el_after_av_two_fifth  avia-builder-el-last '><span class='hr-inner '><span class=\"hr-inner-style\"><\/span><\/span><\/div><\/p>\n","protected":false},"excerpt":{"rendered":"<p>Um Produkte mit einem hohen technologischen Gehalt zu schaffen, haben wir eine Reihe von Butyl-Dichtungsb\u00e4ndern ausgew\u00e4hlt, die zyklisch getestet werden, um maximale Zuverl\u00e4ssigkeit zu gew\u00e4hrleisten.<\/p>\n","protected":false},"author":1,"featured_media":7302,"parent":8858,"menu_order":6,"comment_status":"open","ping_status":"open","template":"","meta":{"footnotes":""},"class_list":["post-8961","page","type-page","status-publish","has-post-thumbnail","hentry"],"_links":{"self":[{"href":"https:\/\/www.mates.it\/de\/wp-json\/wp\/v2\/pages\/8961","targetHints":{"allow":["GET"]}}],"collection":[{"href":"https:\/\/www.mates.it\/de\/wp-json\/wp\/v2\/pages"}],"about":[{"href":"https:\/\/www.mates.it\/de\/wp-json\/wp\/v2\/types\/page"}],"author":[{"embeddable":true,"href":"https:\/\/www.mates.it\/de\/wp-json\/wp\/v2\/users\/1"}],"replies":[{"embeddable":true,"href":"https:\/\/www.mates.it\/de\/wp-json\/wp\/v2\/comments?post=8961"}],"version-history":[{"count":0,"href":"https:\/\/www.mates.it\/de\/wp-json\/wp\/v2\/pages\/8961\/revisions"}],"up":[{"embeddable":true,"href":"https:\/\/www.mates.it\/de\/wp-json\/wp\/v2\/pages\/8858"}],"wp:featuredmedia":[{"embeddable":true,"href":"https:\/\/www.mates.it\/de\/wp-json\/wp\/v2\/media\/7302"}],"wp:attachment":[{"href":"https:\/\/www.mates.it\/de\/wp-json\/wp\/v2\/media?parent=8961"}],"curies":[{"name":"wp","href":"https:\/\/api.w.org\/{rel}","templated":true}]}}