{"id":8965,"date":"2015-09-16T16:26:15","date_gmt":"2015-09-16T14:26:15","guid":{"rendered":"https:\/\/www.mates.it\/prodotti\/inserti-di-fissaggio\/poppit-twindisk-d\/"},"modified":"2024-07-09T11:59:25","modified_gmt":"2024-07-09T09:59:25","slug":"poppit-twindisk-d","status":"publish","type":"page","link":"https:\/\/www.mates.it\/de\/produkte\/befestigungselemente\/poppit-twindisk-d\/","title":{"rendered":"TwinDisk\u00ae"},"content":{"rendered":"\n<style type=\"text\/css\" data-created_by=\"avia_inline_auto\" id=\"style-css-av-av_image-466cd224b3c4afce783fc28170a20cca\">\n.avia-image-container.av-av_image-466cd224b3c4afce783fc28170a20cca img.avia_image{\nbox-shadow:none;\n}\n.avia-image-container.av-av_image-466cd224b3c4afce783fc28170a20cca .av-image-caption-overlay-center{\ncolor:#ffffff;\n}\n<\/style>\n<div  class='avia-image-container av-av_image-466cd224b3c4afce783fc28170a20cca av-styling- avia-align-center  avia-builder-el-0  el_before_av_hr  avia-builder-el-first '  ><div class=\"avia-image-container-inner\"><div class=\"avia-image-overlay-wrap\"><img decoding=\"async\" fetchpriority=\"high\" class=\"wp-image- avia-img-lazy-loading-not- avia_image \" src=\"https:\/\/www.mates.it\/wp-content\/uploads\/2016\/06\/Poppit-TwinDisk.jpg\" alt=\"\" title=\"\"><\/div><\/div><\/div>\n<div  class='hr av-av_hr-91d7ccd583a503147498e120fee2ff9b hr-default  avia-builder-el-1  el_after_av_image  el_before_av_three_fifth '><span class='hr-inner '><span class=\"hr-inner-style\"><\/span><\/span><\/div>\n<div  class='flex_column av-av_three_fifth-7714eba142aeda1f8b5272a3c372b279 av_three_fifth  avia-builder-el-2  el_after_av_hr  el_before_av_two_fifth  first flex_column_div  '     ><p>\n<style type=\"text\/css\" data-created_by=\"avia_inline_auto\" id=\"style-css-av-ljhiztff-7e5fa9b2fccc6bee81b8a0317c4fc18a\">\n#top .av-special-heading.av-ljhiztff-7e5fa9b2fccc6bee81b8a0317c4fc18a{\npadding-bottom:10px;\n}\nbody .av-special-heading.av-ljhiztff-7e5fa9b2fccc6bee81b8a0317c4fc18a .av-special-heading-tag .heading-char{\nfont-size:25px;\n}\n.av-special-heading.av-ljhiztff-7e5fa9b2fccc6bee81b8a0317c4fc18a .av-subheading{\nfont-size:15px;\n}\n<\/style>\n<div  class='av-special-heading av-ljhiztff-7e5fa9b2fccc6bee81b8a0317c4fc18a av-special-heading-h1  avia-builder-el-3  el_before_av_textblock  avia-builder-el-first  custom-h1-title'><h1 class='av-special-heading-tag '  >TwinDisk\u00ae<\/h1><div class=\"special-heading-border\"><div class=\"special-heading-inner-border\"><\/div><\/div><\/div><br \/>\n<section  class='av_textblock_section av-ljhizohu-e76ca0113f85801f64007553ef6ec9c9 '  ><div class='avia_textblock' ><p>TwinDisk\u00ae sind spezielle Verbindungselemente f\u00fcr Verbundplatten mit Sandwichstruktur, die aus zwei Scheiben bestehen, die an beiden Enden eines Edelstahlkragens mit Innengewinde angeschwei\u00dft sind. Sie werden installiert, indem ein Loch durch die Oberseite der Platte gebohrt wird, das breit genug ist, um die untere Scheibe mit einem Durchmesser von 30 mm und die speziell angepasste obere Scheibe mit 40 mm aufzunehmen. Dies erm\u00f6glicht eine maximale Haftung auf beiden Verbundwerkstoffh\u00e4uten und sorgt f\u00fcr eine bessere Haftung auf der Oberfl\u00e4che sowie eine gleichm\u00e4\u00dfigere Verteilung der aufgebrachten Scher- und Zuglasten.<\/p>\n<\/div><\/section><\/p><\/div><div  class='flex_column av-av_two_fifth-f1c518e9ff58e869f80c8f093487abc9 av_two_fifth  avia-builder-el-5  el_after_av_three_fifth  el_before_av_hr  flex_column_div  '     ><style type=\"text\/css\" data-created_by=\"avia_inline_auto\" id=\"style-css-av-ljhj0j5n-a21e329f0e5e48f875b22f3046c6399f\">\n#top .togglecontainer.av-ljhj0j5n-a21e329f0e5e48f875b22f3046c6399f h4.toggler{\nfont-size:14px;\n}\n#top .togglecontainer.av-ljhj0j5n-a21e329f0e5e48f875b22f3046c6399f h4.toggler.activeTitle{\ncolor:#ffffff;\nborder-color:#ffffff;\nbackground-color:#2682d3;\n}\n<\/style>\n<div  class='togglecontainer av-ljhj0j5n-a21e329f0e5e48f875b22f3046c6399f  avia-builder-el-6  avia-builder-el-no-sibling  accordion_product toggle_close_all hasCurrentStyle' >\n<section class='av_toggle_section av-ljhj0dsb-4d5adf996325518bcd46a09be309f8fc' ><div role=\"tablist\" class=\"single_toggle\" data-tags=\"{Alle} \"  ><h4 id='toggle-toggle-id-1' data-fake-id='#toggle-id-1' class='toggler  activeTitle av-title-above '  role='tab' tabindex='0' aria-controls='toggle-id-1' data-slide-speed=\"200\" data-title=\"Vorteile\" data-title-open=\"\" data-aria_collapsed=\"Click to expand: Vorteile\" data-aria_expanded=\"Click to collapse: Vorteile\">Vorteile<span class=\"toggle_icon\"><span class=\"vert_icon\"><\/span><span class=\"hor_icon\"><\/span><\/span><\/h4><div id='toggle-id-1' aria-labelledby='toggle-toggle-id-1' role='region' class='toggle_wrap  active_tc av-title-above' style='display:block;' ><div class='toggle_content invers-color ' ><ul class=\"customlist1\">\n<li>Unbegrenzte Kombinationsm\u00f6glichkeiten<\/li>\n<li>Kann in jeden Prozess integriert werden<\/li>\n<li>H\u00f6chste Belastungswerte<\/li>\n<li>Reduzierte Arbeitsstunden<\/li>\n<\/ul>\n<\/div><\/div><\/div><\/section>\n<section class='av_toggle_section av-ljhj0ijb-f3ea0925de6dba8bb75706435f8a7f29' ><div role=\"tablist\" class=\"single_toggle\" data-tags=\"{Alle} \"  ><h4 id='toggle-toggle-id-2' data-fake-id='#toggle-id-2' class='toggler  av-title-above '  role='tab' tabindex='0' aria-controls='toggle-id-2' data-slide-speed=\"200\" data-title=\"Typen\" data-title-open=\"\" data-aria_collapsed=\"Click to expand: Typen\" data-aria_expanded=\"Click to collapse: Typen\">Typen<span class=\"toggle_icon\"><span class=\"vert_icon\"><\/span><span class=\"hor_icon\"><\/span><\/span><\/h4><div id='toggle-id-2' aria-labelledby='toggle-toggle-id-2' role='region' class='toggle_wrap  av-title-above'  ><div class='toggle_content invers-color ' ><ul class=\"customlist2\">\n<li><a href=\"https:\/\/fileserver.mates.it\/Prodotti\/6_Inserti\/Brochure\/Prodotti\/Twindisk.pdf\" target=\"_blank\" rel=\"noopener\">TwinDisk\u00ae<\/a><\/li>\n<\/ul>\n<\/div><\/div><\/div><\/section>\n<\/div><\/div><div  class='hr av-av_hr-91d7ccd583a503147498e120fee2ff9b hr-default  avia-builder-el-7  el_after_av_two_fifth  avia-builder-el-last '><span class='hr-inner '><span class=\"hr-inner-style\"><\/span><\/span><\/div><\/p>\n","protected":false},"excerpt":{"rendered":"<p>Die TwinDisks\u00ae, die speziell f\u00fcr die Befestigung von Verbundplatten mit Wabenstruktur entwickelt wurden, bestehen aus zwei Scheiben, die an beiden Enden eines Edelstahlkragens angeschwei\u00dft sind.<\/p>\n","protected":false},"author":1,"featured_media":7338,"parent":8864,"menu_order":4,"comment_status":"open","ping_status":"open","template":"","meta":{"footnotes":""},"class_list":["post-8965","page","type-page","status-publish","has-post-thumbnail","hentry"],"_links":{"self":[{"href":"https:\/\/www.mates.it\/de\/wp-json\/wp\/v2\/pages\/8965","targetHints":{"allow":["GET"]}}],"collection":[{"href":"https:\/\/www.mates.it\/de\/wp-json\/wp\/v2\/pages"}],"about":[{"href":"https:\/\/www.mates.it\/de\/wp-json\/wp\/v2\/types\/page"}],"author":[{"embeddable":true,"href":"https:\/\/www.mates.it\/de\/wp-json\/wp\/v2\/users\/1"}],"replies":[{"embeddable":true,"href":"https:\/\/www.mates.it\/de\/wp-json\/wp\/v2\/comments?post=8965"}],"version-history":[{"count":0,"href":"https:\/\/www.mates.it\/de\/wp-json\/wp\/v2\/pages\/8965\/revisions"}],"up":[{"embeddable":true,"href":"https:\/\/www.mates.it\/de\/wp-json\/wp\/v2\/pages\/8864"}],"wp:featuredmedia":[{"embeddable":true,"href":"https:\/\/www.mates.it\/de\/wp-json\/wp\/v2\/media\/7338"}],"wp:attachment":[{"href":"https:\/\/www.mates.it\/de\/wp-json\/wp\/v2\/media?parent=8965"}],"curies":[{"name":"wp","href":"https:\/\/api.w.org\/{rel}","templated":true}]}}