{"id":8967,"date":"2015-09-16T16:26:14","date_gmt":"2015-09-16T14:26:14","guid":{"rendered":"https:\/\/www.mates.it\/prodotti\/inserti-di-fissaggio\/kabelbinder-haken\/"},"modified":"2023-10-14T14:50:41","modified_gmt":"2023-10-14T12:50:41","slug":"kabelbinderhalter-osen","status":"publish","type":"page","link":"https:\/\/www.mates.it\/de\/produkte\/befestigungselemente\/kabelbinderhalter-osen\/","title":{"rendered":"Kabelbinderhalter \/ \u00d6sen"},"content":{"rendered":"<\/p>\n\n<style type=\"text\/css\" data-created_by=\"avia_inline_auto\" id=\"style-css-av-av_image-c48e74ff6a74b14a8d86a117920aa830\">\n.avia-image-container.av-av_image-c48e74ff6a74b14a8d86a117920aa830 img.avia_image{\nbox-shadow:none;\n}\n.avia-image-container.av-av_image-c48e74ff6a74b14a8d86a117920aa830 .av-image-caption-overlay-center{\ncolor:#ffffff;\n}\n<\/style>\n<div  class='avia-image-container av-av_image-c48e74ff6a74b14a8d86a117920aa830 av-styling- avia-align-center  avia-builder-el-0  el_before_av_hr  avia-builder-el-first '  ><div class=\"avia-image-container-inner\"><div class=\"avia-image-overlay-wrap\"><img decoding=\"async\" fetchpriority=\"high\" class=\"wp-image- avia-img-lazy-loading-not- avia_image \" src=\"https:\/\/www.mates.it\/wp-content\/uploads\/2016\/06\/Dadi-Collari.jpg\" alt=\"\" title=\"\"><\/div><\/div><\/div>\n<div  class='hr av-av_hr-91d7ccd583a503147498e120fee2ff9b hr-default  avia-builder-el-1  el_after_av_image  el_before_av_three_fifth '><span class='hr-inner '><span class=\"hr-inner-style\"><\/span><\/span><\/div>\n<div  class='flex_column av-av_three_fifth-7714eba142aeda1f8b5272a3c372b279 av_three_fifth  avia-builder-el-2  el_after_av_hr  el_before_av_two_fifth  first flex_column_div  '     ><p>\n<style type=\"text\/css\" data-created_by=\"avia_inline_auto\" id=\"style-css-av-ljhicf09-4eb54805e14606c5bd464a9ea0dc6cf4\">\n#top .av-special-heading.av-ljhicf09-4eb54805e14606c5bd464a9ea0dc6cf4{\npadding-bottom:10px;\n}\nbody .av-special-heading.av-ljhicf09-4eb54805e14606c5bd464a9ea0dc6cf4 .av-special-heading-tag .heading-char{\nfont-size:25px;\n}\n.av-special-heading.av-ljhicf09-4eb54805e14606c5bd464a9ea0dc6cf4 .av-subheading{\nfont-size:15px;\n}\n<\/style>\n<div  class='av-special-heading av-ljhicf09-4eb54805e14606c5bd464a9ea0dc6cf4 av-special-heading-h1  avia-builder-el-3  el_before_av_textblock  avia-builder-el-first  custom-h1-title'><h1 class='av-special-heading-tag '  >Kabelbinderhalter \/ \u00d6sen<\/h1><div class=\"special-heading-border\"><div class=\"special-heading-inner-border\"><\/div><\/div><\/div><br \/>\n<section  class='av_textblock_section av-ljhiau9k-dc588e245bb5777c1e17e9d45e5a688a '  ><div class='avia_textblock' ><p>Kabelbinderhalter \/ \u00d6sen sind in verschiedenen Kombinationen erh\u00e4ltlich, die je nach Dicke und Neigung der \u00d6se, Durchmesser und L\u00e4nge des Durchgangs sowie der Plattengr\u00f6\u00dfe und der Stahlart (Weichstahl &#8211; MS oder Edelstahl &#8211; SS) variieren. Die Verbindungselemente gew\u00e4hrleisten eine solide Verbindung zwischen verschiedenen Elementen, die eine einzelne Struktur bilden; sie sind in der Lage, die Last\u00fcbertragung zwischen den verschiedenen Komponenten durch ihre Einbindung durch vollst\u00e4ndiges Gie\u00dfen und anschlie\u00dfende Verbindung durch die Verwendung von strukturellen Klebstoffen oder integrierter Thermoformung zu garantieren. bigHead\u00ae Eins\u00e4tze k\u00f6nnen auf verschiedene Arten an Oberfl\u00e4chen geschwei\u00dft werden, was sie vielseitig und in der Lage macht, jede Anforderung zu erf\u00fcllen. Sie k\u00f6nnen mit dem Bauteil verklebt oder direkt in den Produktionsprozess integriert werden.<\/p>\n<\/div><\/section><\/p><\/div><div  class='flex_column av-av_two_fifth-f1c518e9ff58e869f80c8f093487abc9 av_two_fifth  avia-builder-el-5  el_after_av_three_fifth  el_before_av_hr  flex_column_div  '     ><style type=\"text\/css\" data-created_by=\"avia_inline_auto\" id=\"style-css-av-ljhic959-3f3dd839e764fab03d0cf8d4a3c1e439\">\n#top .togglecontainer.av-ljhic959-3f3dd839e764fab03d0cf8d4a3c1e439 h4.toggler{\nfont-size:14px;\n}\n#top .togglecontainer.av-ljhic959-3f3dd839e764fab03d0cf8d4a3c1e439 h4.toggler.activeTitle{\ncolor:#ffffff;\nborder-color:#ffffff;\nbackground-color:#2682d3;\n}\n<\/style>\n<div  class='togglecontainer av-ljhic959-3f3dd839e764fab03d0cf8d4a3c1e439  avia-builder-el-6  avia-builder-el-no-sibling  accordion_product toggle_close_all hasCurrentStyle' >\n<section class='av_toggle_section av-ljhibh61-781319d89b77acad79b59cb6521ee165' ><div role=\"tablist\" class=\"single_toggle\" data-tags=\"{Alle} \"  ><h4 id='toggle-toggle-id-1' data-fake-id='#toggle-id-1' class='toggler  activeTitle av-title-above '  role='tab' tabindex='0' aria-controls='toggle-id-1' data-slide-speed=\"200\" data-title=\"Vorteile\" data-title-open=\"\" data-aria_collapsed=\"Click to expand: Vorteile\" data-aria_expanded=\"Click to collapse: Vorteile\">Vorteile<span class=\"toggle_icon\"><span class=\"vert_icon\"><\/span><span class=\"hor_icon\"><\/span><\/span><\/h4><div id='toggle-id-1' aria-labelledby='toggle-toggle-id-1' role='region' class='toggle_wrap  active_tc av-title-above' style='display:block;' ><div class='toggle_content invers-color ' ><ul class=\"customlist1\">\n<li>Unbegrenzte Kombinationsm\u00f6glichkeiten<\/li>\n<li>Kann in jeden Prozess integriert werden<\/li>\n<li>H\u00f6chste Belastungswerte<\/li>\n<li>Reduzierte Arbeitsstunden<\/li>\n<\/ul>\n<\/div><\/div><\/div><\/section>\n<section class='av_toggle_section av-ljhibzte-8013a2d8918d8b0dec7a3215b2229a5d' ><div role=\"tablist\" class=\"single_toggle\" data-tags=\"{Alle} \"  ><h4 id='toggle-toggle-id-2' data-fake-id='#toggle-id-2' class='toggler  av-title-above '  role='tab' tabindex='0' aria-controls='toggle-id-2' data-slide-speed=\"200\" data-title=\"Typen\" data-title-open=\"\" data-aria_collapsed=\"Click to expand: Typen\" data-aria_expanded=\"Click to collapse: Typen\">Typen<span class=\"toggle_icon\"><span class=\"vert_icon\"><\/span><span class=\"hor_icon\"><\/span><\/span><\/h4><div id='toggle-id-2' aria-labelledby='toggle-toggle-id-2' role='region' class='toggle_wrap  av-title-above'  ><div class='toggle_content invers-color ' ><ul class=\"customlist2\">\n<li><a href=\"https:\/\/fileserver.mates.it\/Prodotti\/6_Inserti\/Brochure\/Prodotti\/M6_7_8_SERIES_HOOKS_LOOPS.pdf\" target=\"_blank\" rel=\"noopener noreferrer\">\u00d6sen<\/a><\/li>\n<li><a href=\"https:\/\/fileserver.mates.it\/Prodotti\/6_Inserti\/Brochure\/Prodotti\/CABLE_TYRAPS.pdf\" target=\"_blank\" rel=\"noopener noreferrer\">Kabelbinder aus Stahl<\/a><\/li>\n<li><a href=\"https:\/\/fileserver.mates.it\/Prodotti\/6_Inserti\/TDS\/CABLE_TIE_SADDLE.pdf\" target=\"_blank\" rel=\"noopener\">Cable-tie \u00ae \u2013 ABS<\/a><\/li>\n<li><a href=\"https:\/\/fileserver.mates.it\/Prodotti\/6_Inserti\/TDS\/CABLE_TIE_SADDLE_M.pdf\" target=\"_blank\" rel=\"noopener\">Cable-tie M \u00ae \u2013 ABS<\/a><\/li>\n<\/ul>\n<\/div><\/div><\/div><\/section>\n<\/div><\/div><div  class='hr av-av_hr-91d7ccd583a503147498e120fee2ff9b hr-default  avia-builder-el-7  el_after_av_two_fifth  avia-builder-el-last '><span class='hr-inner '><span class=\"hr-inner-style\"><\/span><\/span><\/div><\/p>\n","protected":false},"excerpt":{"rendered":"<p>Kabelbinderhalter \/ \u00d6sen sind in verschiedenen Kombinationen erh\u00e4ltlich, abh\u00e4ngig von der Dicke und Neigung der \u00d6se, dem Durchmesser und der L\u00e4nge des Durchgangs und der Stahlsorte.<\/p>\n","protected":false},"author":1,"featured_media":8030,"parent":8864,"menu_order":3,"comment_status":"open","ping_status":"open","template":"","meta":{"footnotes":""},"class_list":["post-8967","page","type-page","status-publish","has-post-thumbnail","hentry"],"_links":{"self":[{"href":"https:\/\/www.mates.it\/de\/wp-json\/wp\/v2\/pages\/8967","targetHints":{"allow":["GET"]}}],"collection":[{"href":"https:\/\/www.mates.it\/de\/wp-json\/wp\/v2\/pages"}],"about":[{"href":"https:\/\/www.mates.it\/de\/wp-json\/wp\/v2\/types\/page"}],"author":[{"embeddable":true,"href":"https:\/\/www.mates.it\/de\/wp-json\/wp\/v2\/users\/1"}],"replies":[{"embeddable":true,"href":"https:\/\/www.mates.it\/de\/wp-json\/wp\/v2\/comments?post=8967"}],"version-history":[{"count":0,"href":"https:\/\/www.mates.it\/de\/wp-json\/wp\/v2\/pages\/8967\/revisions"}],"up":[{"embeddable":true,"href":"https:\/\/www.mates.it\/de\/wp-json\/wp\/v2\/pages\/8864"}],"wp:featuredmedia":[{"embeddable":true,"href":"https:\/\/www.mates.it\/de\/wp-json\/wp\/v2\/media\/8030"}],"wp:attachment":[{"href":"https:\/\/www.mates.it\/de\/wp-json\/wp\/v2\/media?parent=8967"}],"curies":[{"name":"wp","href":"https:\/\/api.w.org\/{rel}","templated":true}]}}