{"id":8971,"date":"2015-09-16T16:26:24","date_gmt":"2015-09-16T14:26:24","guid":{"rendered":"https:\/\/www.mates.it\/prodotti\/inserti-di-fissaggio\/spezielle-produkte\/"},"modified":"2023-06-29T21:28:05","modified_gmt":"2023-06-29T19:28:05","slug":"spezielle-produkte","status":"publish","type":"page","link":"https:\/\/www.mates.it\/de\/produkte\/befestigungselemente\/spezielle-produkte\/","title":{"rendered":"Spezielle Produkte"},"content":{"rendered":"\n<style type=\"text\/css\" data-created_by=\"avia_inline_auto\" id=\"style-css-av-av_image-93869d6d6f16b5e513ed55d10dbc15a9\">\n.avia-image-container.av-av_image-93869d6d6f16b5e513ed55d10dbc15a9 img.avia_image{\nbox-shadow:none;\n}\n.avia-image-container.av-av_image-93869d6d6f16b5e513ed55d10dbc15a9 .av-image-caption-overlay-center{\ncolor:#ffffff;\n}\n<\/style>\n<div  class='avia-image-container av-av_image-93869d6d6f16b5e513ed55d10dbc15a9 av-styling- avia-align-center  avia-builder-el-0  el_before_av_hr  avia-builder-el-first '  ><div class=\"avia-image-container-inner\"><div class=\"avia-image-overlay-wrap\"><img decoding=\"async\" fetchpriority=\"high\" class=\"wp-image- avia-img-lazy-loading-not- avia_image \" src=\"https:\/\/www.mates.it\/wp-content\/uploads\/2016\/06\/Prodotti-speciali.jpg\" alt=\"\" title=\"\"><\/div><\/div><\/div>\n<div  class='hr av-av_hr-91d7ccd583a503147498e120fee2ff9b hr-default  avia-builder-el-1  el_after_av_image  el_before_av_three_fifth '><span class='hr-inner '><span class=\"hr-inner-style\"><\/span><\/span><\/div>\n<div  class='flex_column av-av_three_fifth-7714eba142aeda1f8b5272a3c372b279 av_three_fifth  avia-builder-el-2  el_after_av_hr  el_before_av_two_fifth  first flex_column_div  '     ><p>\n<style type=\"text\/css\" data-created_by=\"avia_inline_auto\" id=\"style-css-av-ljhjfq1v-2de9364e6c59848d8654f400ab7f041b\">\n#top .av-special-heading.av-ljhjfq1v-2de9364e6c59848d8654f400ab7f041b{\npadding-bottom:10px;\n}\nbody .av-special-heading.av-ljhjfq1v-2de9364e6c59848d8654f400ab7f041b .av-special-heading-tag .heading-char{\nfont-size:25px;\n}\n.av-special-heading.av-ljhjfq1v-2de9364e6c59848d8654f400ab7f041b .av-subheading{\nfont-size:15px;\n}\n<\/style>\n<div  class='av-special-heading av-ljhjfq1v-2de9364e6c59848d8654f400ab7f041b av-special-heading-h1  avia-builder-el-3  el_before_av_textblock  avia-builder-el-first  custom-h1-title'><h1 class='av-special-heading-tag '  >Spezielle Produkte<\/h1><div class=\"special-heading-border\"><div class=\"special-heading-inner-border\"><\/div><\/div><\/div><br \/>\n<section  class='av_textblock_section av-ljhjdmw0-dd36df49471f97ad4d9fa45c1c137947 '  ><div class='avia_textblock' ><p>Die beste L\u00f6sung f\u00fcr jede Designherausforderung mit der Gewissheit, dass die Befestigung kein Problem darstellt. Bei der Arbeit mit neuen Verbundwerkstoffen muss jedes Detail das Beste sein, sowohl in struktureller als auch in \u00e4sthetischer Hinsicht. Hier kommen die Spezialprodukte ins Spiel, die von bigHead\u00ae nach einzigartigen Kundenspezifikationen entwickelt werden, wenn Sie die Grenzen des Machbaren ausreizen wollen. Bis heute wurden mehr als 80.000 Sonderanfertigungen f\u00fcr Kunden hergestellt. Da alles an einem Ort entworfen und produziert wird, ist es m\u00f6glich, die vollst\u00e4ndige Kontrolle \u00fcber die gesamte Linie zu haben, mit einer sehr schnellen Durchlaufzeit und der M\u00f6glichkeit, Zeichnungen und Prototypen zu erstellen. Die Mindestbestellmenge f\u00fcr die meisten bigHead\u00ae Spezialanfertigungen ist sehr niedrig und liegt bei nur 500 St\u00fcck.<\/p>\n<\/div><\/section><\/p><\/div><div  class='flex_column av-av_two_fifth-f1c518e9ff58e869f80c8f093487abc9 av_two_fifth  avia-builder-el-5  el_after_av_three_fifth  el_before_av_hr  flex_column_div  '     ><style type=\"text\/css\" data-created_by=\"avia_inline_auto\" id=\"style-css-av-ljhjfg58-9a85ad24decad4e09c6f9fd87bdc88a6\">\n#top .togglecontainer.av-ljhjfg58-9a85ad24decad4e09c6f9fd87bdc88a6 h4.toggler{\nfont-size:14px;\n}\n#top .togglecontainer.av-ljhjfg58-9a85ad24decad4e09c6f9fd87bdc88a6 h4.toggler.activeTitle{\ncolor:#ffffff;\nborder-color:#ffffff;\nbackground-color:#2682d3;\n}\n<\/style>\n<div  class='togglecontainer av-ljhjfg58-9a85ad24decad4e09c6f9fd87bdc88a6  avia-builder-el-6  avia-builder-el-no-sibling  accordion_product toggle_close_all hasCurrentStyle' >\n<section class='av_toggle_section av-ljhje3g3-5fd2067a3c0e58de0096d43fb73bbe29' ><div role=\"tablist\" class=\"single_toggle\" data-tags=\"{Alle} \"  ><h4 id='toggle-toggle-id-1' data-fake-id='#toggle-id-1' class='toggler  activeTitle av-title-above '  role='tab' tabindex='0' aria-controls='toggle-id-1' data-slide-speed=\"200\" data-title=\"Vorteile\" data-title-open=\"\" data-aria_collapsed=\"Click to expand: Vorteile\" data-aria_expanded=\"Click to collapse: Vorteile\">Vorteile<span class=\"toggle_icon\"><span class=\"vert_icon\"><\/span><span class=\"hor_icon\"><\/span><\/span><\/h4><div id='toggle-id-1' aria-labelledby='toggle-toggle-id-1' role='region' class='toggle_wrap  active_tc av-title-above' style='display:block;' ><div class='toggle_content invers-color ' ><ul class=\"customlist1\">\n<li>Unbegrenzte Kombinationsm\u00f6glichkeiten<\/li>\n<li>Kann in jeden Prozess integriert werden<\/li>\n<li>H\u00f6chste Belastungswerte<\/li>\n<li>Reduzierte Arbeitsstunden<\/li>\n<\/ul>\n<\/div><\/div><\/div><\/section>\n<section class='av_toggle_section av-ljhjfexd-49dab7ec4af2448e3cdfa97f41620216' ><div role=\"tablist\" class=\"single_toggle\" data-tags=\"{Alle} \"  ><h4 id='toggle-toggle-id-2' data-fake-id='#toggle-id-2' class='toggler  av-title-above '  role='tab' tabindex='0' aria-controls='toggle-id-2' data-slide-speed=\"200\" data-title=\"Typen\" data-title-open=\"\" data-aria_collapsed=\"Click to expand: Typen\" data-aria_expanded=\"Click to collapse: Typen\">Typen<span class=\"toggle_icon\"><span class=\"vert_icon\"><\/span><span class=\"hor_icon\"><\/span><\/span><\/h4><div id='toggle-id-2' aria-labelledby='toggle-toggle-id-2' role='region' class='toggle_wrap  av-title-above'  ><div class='toggle_content invers-color ' ><ul class=\"customlist2\">\n<li><a href=\"https:\/\/fileserver.mates.it\/Prodotti\/6_Inserti\/Brochure\/special_bighead_eng.pdf\" target=\"_blank\" rel=\"noopener\">Spezielle Befestigungselemente<\/a><\/li>\n<li><a href=\"https:\/\/fileserver.mates.it\/Prodotti\/6_Inserti\/Brochure\/Prodotti\/Accessories.pdf\" target=\"_blank\" rel=\"noopener\">Zubeh\u00f6r<\/a><\/li>\n<\/ul>\n<\/div><\/div><\/div><\/section>\n<\/div><\/div><div  class='hr av-av_hr-91d7ccd583a503147498e120fee2ff9b hr-default  avia-builder-el-7  el_after_av_two_fifth  avia-builder-el-last '><span class='hr-inner '><span class=\"hr-inner-style\"><\/span><\/span><\/div><\/p>\n","protected":false},"excerpt":{"rendered":"<p>Schaffen Sie die beste L\u00f6sung f\u00fcr jede Herausforderung mit der Gewissheit, dass die Befestigung kein Problem sein wird. Bei der Arbeit mit neuen Verbundwerkstoffen muss jedes Detail das Beste sein.<\/p>\n","protected":false},"author":1,"featured_media":7326,"parent":8864,"menu_order":5,"comment_status":"open","ping_status":"open","template":"","meta":{"footnotes":""},"class_list":["post-8971","page","type-page","status-publish","has-post-thumbnail","hentry"],"_links":{"self":[{"href":"https:\/\/www.mates.it\/de\/wp-json\/wp\/v2\/pages\/8971","targetHints":{"allow":["GET"]}}],"collection":[{"href":"https:\/\/www.mates.it\/de\/wp-json\/wp\/v2\/pages"}],"about":[{"href":"https:\/\/www.mates.it\/de\/wp-json\/wp\/v2\/types\/page"}],"author":[{"embeddable":true,"href":"https:\/\/www.mates.it\/de\/wp-json\/wp\/v2\/users\/1"}],"replies":[{"embeddable":true,"href":"https:\/\/www.mates.it\/de\/wp-json\/wp\/v2\/comments?post=8971"}],"version-history":[{"count":0,"href":"https:\/\/www.mates.it\/de\/wp-json\/wp\/v2\/pages\/8971\/revisions"}],"up":[{"embeddable":true,"href":"https:\/\/www.mates.it\/de\/wp-json\/wp\/v2\/pages\/8864"}],"wp:featuredmedia":[{"embeddable":true,"href":"https:\/\/www.mates.it\/de\/wp-json\/wp\/v2\/media\/7326"}],"wp:attachment":[{"href":"https:\/\/www.mates.it\/de\/wp-json\/wp\/v2\/media?parent=8971"}],"curies":[{"name":"wp","href":"https:\/\/api.w.org\/{rel}","templated":true}]}}