{"id":8973,"date":"2015-09-16T16:26:23","date_gmt":"2015-09-16T14:26:23","guid":{"rendered":"https:\/\/www.mates.it\/prodotti\/strumenti-attrezzature\/messung-kontrolle\/"},"modified":"2026-04-26T17:40:16","modified_gmt":"2026-04-26T15:40:16","slug":"messung-kontrolle","status":"publish","type":"page","link":"https:\/\/www.mates.it\/de\/produkte\/hilfsmittel-werkzeuge\/messung-kontrolle\/","title":{"rendered":"Messung \/ Kontrolle"},"content":{"rendered":"\n<style type=\"text\/css\" data-created_by=\"avia_inline_auto\" id=\"style-css-av-av_image-365c6b6350967d80fa09f7a0b6c039e8\">\n.avia-image-container.av-av_image-365c6b6350967d80fa09f7a0b6c039e8 img.avia_image{\nbox-shadow:none;\n}\n.avia-image-container.av-av_image-365c6b6350967d80fa09f7a0b6c039e8 .av-image-caption-overlay-center{\ncolor:#ffffff;\n}\n<\/style>\n<div  class='avia-image-container av-av_image-365c6b6350967d80fa09f7a0b6c039e8 av-styling- avia-align-center  avia-builder-el-0  el_before_av_hr  avia-builder-el-first '  ><div class=\"avia-image-container-inner\"><div class=\"avia-image-overlay-wrap\"><img decoding=\"async\" fetchpriority=\"high\" class=\"wp-image- avia-img-lazy-loading-not- avia_image \" src=\"https:\/\/www.mates.it\/wp-content\/uploads\/2016\/06\/Misura-Controllo.jpg\" alt=\"\" title=\"\"><\/div><\/div><\/div>\n<div  class='hr av-av_hr-91d7ccd583a503147498e120fee2ff9b hr-default  avia-builder-el-1  el_after_av_image  el_before_av_three_fifth '><span class='hr-inner '><span class=\"hr-inner-style\"><\/span><\/span><\/div>\n<div  class='flex_column av-av_three_fifth-7714eba142aeda1f8b5272a3c372b279 av_three_fifth  avia-builder-el-2  el_after_av_hr  el_before_av_two_fifth  first flex_column_div  '     ><p>\n<style type=\"text\/css\" data-created_by=\"avia_inline_auto\" id=\"style-css-av-ljhleog3-19cff652a7643302da383809b553985c\">\n#top .av-special-heading.av-ljhleog3-19cff652a7643302da383809b553985c{\npadding-bottom:10px;\n}\nbody .av-special-heading.av-ljhleog3-19cff652a7643302da383809b553985c .av-special-heading-tag .heading-char{\nfont-size:25px;\n}\n.av-special-heading.av-ljhleog3-19cff652a7643302da383809b553985c .av-subheading{\nfont-size:15px;\n}\n<\/style>\n<div  class='av-special-heading av-ljhleog3-19cff652a7643302da383809b553985c av-special-heading-h1  avia-builder-el-3  el_before_av_textblock  avia-builder-el-first  custom-h1-title'><h1 class='av-special-heading-tag '  >Messung \/ Kontrolle<\/h1><div class=\"special-heading-border\"><div class=\"special-heading-inner-border\"><\/div><\/div><\/div><br \/>\n<section  class='av_textblock_section av-ljhldlk5-54d53fe8f2865749a46d528bf6f10f90 '  ><div class='avia_textblock' ><p>In der Hightech-Produktion ist es unerl\u00e4sslich, bestimmte Parameter, die sich \u00e4ndern k\u00f6nnen, genau im Auge zu behalten, vom Mischungsverh\u00e4ltnis der Matrize bis zur Nachh\u00e4rtetemperatur der Form. Wir haben schon immer die besten Kontrollinstrumente auf dem Markt vertrieben, die sorgf\u00e4ltig ausgew\u00e4hlt und in dieser Kategorie platziert wurden, die st\u00e4ndig erweitert und weiterentwickelt wird. Alle Produkte dieser Kategorie werden in regelm\u00e4\u00dfigen Abst\u00e4nden in unserem Labor stichprobenartig \u00fcberpr\u00fcft, um sicherzustellen, dass sie den vom Hersteller garantierten technischen Eigenschaften entsprechen. Nur so k\u00f6nnen wir unser aktuelles Sicherheits- und Zuverl\u00e4ssigkeitsniveau aufrechterhalten, was dem Endverbraucher zugute kommt.<\/p>\n<\/div><\/section><\/p><\/div>\n<div  class='flex_column av-av_two_fifth-f1c518e9ff58e869f80c8f093487abc9 av_two_fifth  avia-builder-el-5  el_after_av_three_fifth  el_before_av_hr  flex_column_div  '     ><style type=\"text\/css\" data-created_by=\"avia_inline_auto\" id=\"style-css-av-ljhleixw-e2d1230eccf6a38ff423429317215861\">\n#top .togglecontainer.av-ljhleixw-e2d1230eccf6a38ff423429317215861 h4.toggler{\nfont-size:14px;\n}\n#top .togglecontainer.av-ljhleixw-e2d1230eccf6a38ff423429317215861 h4.toggler.activeTitle{\ncolor:#ffffff;\nborder-color:#ffffff;\nbackground-color:#2682d3;\n}\n<\/style>\n<div  class='togglecontainer av-ljhleixw-e2d1230eccf6a38ff423429317215861  avia-builder-el-6  avia-builder-el-no-sibling  accordion_product toggle_close_all hasCurrentStyle' >\n<section class='av_toggle_section av-ljhldxhd-998139db28c33048efb107d8ace0f0c3' ><div role=\"tablist\" class=\"single_toggle\" data-tags=\"{Alle} \"  ><h4 id='toggle-toggle-id-1' data-fake-id='#toggle-id-1' class='toggler  activeTitle av-title-above '  role='tab' tabindex='0' aria-controls='toggle-id-1' data-slide-speed=\"200\" data-title=\"Vorteile\" data-title-open=\"\" data-aria_collapsed=\"Click to expand: Vorteile\" data-aria_expanded=\"Click to collapse: Vorteile\">Vorteile<span class=\"toggle_icon\"><span class=\"vert_icon\"><\/span><span class=\"hor_icon\"><\/span><\/span><\/h4><div id='toggle-id-1' aria-labelledby='toggle-toggle-id-1' role='region' class='toggle_wrap  active_tc av-title-above' style='display:block;' ><div class='toggle_content invers-color ' ><ul class=\"customlist1\">\n<li>H\u00f6chste Zuverl\u00e4ssigkeit<\/li>\n<li>Garantierte Genauigkeit<\/li>\n<li>Ausgew\u00e4hlte Artikel<\/li>\n<li>Spezifisch f\u00fcr jedes Verfahren<\/li>\n<\/ul>\n<\/div><\/div><\/div><\/section>\n<section class='av_toggle_section av-ljhlehlu-ec238967f1c95b515ccbae1122660a89' ><div role=\"tablist\" class=\"single_toggle\" data-tags=\"{Alle} \"  ><h4 id='toggle-toggle-id-2' data-fake-id='#toggle-id-2' class='toggler  av-title-above '  role='tab' tabindex='0' aria-controls='toggle-id-2' data-slide-speed=\"200\" data-title=\"Typen\" data-title-open=\"\" data-aria_collapsed=\"Click to expand: Typen\" data-aria_expanded=\"Click to collapse: Typen\">Typen<span class=\"toggle_icon\"><span class=\"vert_icon\"><\/span><span class=\"hor_icon\"><\/span><\/span><\/h4><div id='toggle-id-2' aria-labelledby='toggle-toggle-id-2' role='region' class='toggle_wrap  av-title-above'  ><div class='toggle_content invers-color ' ><ul class=\"customlist2\">\n<li><a href=\"https:\/\/fileserver.mates.it\/Prodotti\/7_Attrezzature\/TDS\/Mates\/Misura_Controllo\/DN63_VUOTO_DS.pdf\" target=\"_blank\" rel=\"noopener\">Vakuummeter DN 63<\/a><\/li>\n<li><a href=\"https:\/\/fileserver.mates.it\/Prodotti\/7_Attrezzature\/TDS\/Mates\/Misura_Controllo\/DN150_VUOTO_DS.pdf\" target=\"_blank\" rel=\"noopener\">Vakuummeter DN 150<\/a><\/li>\n<li><a href=\"https:\/\/fileserver.mates.it\/Prodotti\/7_Attrezzature\/TDS\/DVP\/VRF-VRV.pdf\" target=\"_blank\" rel=\"noopener\">Druckminderer<\/a><\/li>\n<li><a href=\"https:\/\/fileserver.mates.it\/Prodotti\/7_Attrezzature\/TDS\/TE%20Wire\/AccuClave.pdf\" target=\"_blank\" rel=\"noopener\">Thermoelemente<\/a><\/li>\n<\/ul>\n<\/div><\/div><\/div><\/section>\n<\/div><\/div><div  class='hr av-av_hr-91d7ccd583a503147498e120fee2ff9b hr-default  avia-builder-el-7  el_after_av_two_fifth  avia-builder-el-last '><span class='hr-inner '><span class=\"hr-inner-style\"><\/span><\/span><\/div><\/p>\n","protected":false},"excerpt":{"rendered":"<p>Bei der Hightech-Verarbeitung ist es unerl\u00e4sslich, bestimmte Parameter, die vom Mischungsverh\u00e4ltnis bis zur Temperatur variieren k\u00f6nnen, genau zu \u00fcberwachen.<\/p>\n","protected":false},"author":1,"featured_media":7350,"parent":8860,"menu_order":1,"comment_status":"open","ping_status":"open","template":"","meta":{"footnotes":""},"class_list":["post-8973","page","type-page","status-publish","has-post-thumbnail","hentry"],"_links":{"self":[{"href":"https:\/\/www.mates.it\/de\/wp-json\/wp\/v2\/pages\/8973","targetHints":{"allow":["GET"]}}],"collection":[{"href":"https:\/\/www.mates.it\/de\/wp-json\/wp\/v2\/pages"}],"about":[{"href":"https:\/\/www.mates.it\/de\/wp-json\/wp\/v2\/types\/page"}],"author":[{"embeddable":true,"href":"https:\/\/www.mates.it\/de\/wp-json\/wp\/v2\/users\/1"}],"replies":[{"embeddable":true,"href":"https:\/\/www.mates.it\/de\/wp-json\/wp\/v2\/comments?post=8973"}],"version-history":[{"count":1,"href":"https:\/\/www.mates.it\/de\/wp-json\/wp\/v2\/pages\/8973\/revisions"}],"predecessor-version":[{"id":21297,"href":"https:\/\/www.mates.it\/de\/wp-json\/wp\/v2\/pages\/8973\/revisions\/21297"}],"up":[{"embeddable":true,"href":"https:\/\/www.mates.it\/de\/wp-json\/wp\/v2\/pages\/8860"}],"wp:featuredmedia":[{"embeddable":true,"href":"https:\/\/www.mates.it\/de\/wp-json\/wp\/v2\/media\/7350"}],"wp:attachment":[{"href":"https:\/\/www.mates.it\/de\/wp-json\/wp\/v2\/media?parent=8973"}],"curies":[{"name":"wp","href":"https:\/\/api.w.org\/{rel}","templated":true}]}}