{"id":8975,"date":"2015-09-16T16:26:37","date_gmt":"2015-09-16T14:26:37","guid":{"rendered":"https:\/\/www.mates.it\/prodotti\/strumenti-attrezzature\/macchinari-impianti\/autoklaven-ofen\/"},"modified":"2023-07-01T14:49:02","modified_gmt":"2023-07-01T12:49:02","slug":"autoklaven-ofen","status":"publish","type":"page","link":"https:\/\/www.mates.it\/de\/produkte\/hilfsmittel-werkzeuge\/maschinenpark-anlagen\/autoklaven-ofen\/","title":{"rendered":"Autoklaven \/ \u00d6fen"},"content":{"rendered":"<div  class='flex_column av-av_three_fifth-7714eba142aeda1f8b5272a3c372b279 av_three_fifth  avia-builder-el-0  el_before_av_two_fifth  avia-builder-el-first  first flex_column_div  '     ><p>\n<style type=\"text\/css\" data-created_by=\"avia_inline_auto\" id=\"style-css-av-ljk024p2-f528dc329c84802500a57c6997909336\">\n#top .av-special-heading.av-ljk024p2-f528dc329c84802500a57c6997909336{\npadding-bottom:10px;\n}\nbody .av-special-heading.av-ljk024p2-f528dc329c84802500a57c6997909336 .av-special-heading-tag .heading-char{\nfont-size:25px;\n}\n.av-special-heading.av-ljk024p2-f528dc329c84802500a57c6997909336 .av-subheading{\nfont-size:15px;\n}\n<\/style>\n<div  class='av-special-heading av-ljk024p2-f528dc329c84802500a57c6997909336 av-special-heading-h1  avia-builder-el-1  el_before_av_textblock  avia-builder-el-first  custom-h1-title'><h1 class='av-special-heading-tag '  >Autoklaven \/ \u00d6fen<\/h1><div class=\"special-heading-border\"><div class=\"special-heading-inner-border\"><\/div><\/div><\/div><br \/>\n<section  class='av_textblock_section av-ljk00zil-a639b9e38e618fe52697e46f36400e47 '  ><div class='avia_textblock' ><p>Unsere historische Zusammenarbeit mit den wichtigsten Herstellern von Autoklaven und Industrie\u00f6fen und das Volumen der monatlich mit diesen Herstellern abgeschlossenen Installationsvertr\u00e4ge erm\u00f6glicht uns den Zugang zu Preislisten, die f\u00fcr Standardanfragen nur schwer angeboten werden k\u00f6nnen. Autoklaven sind ein spezifisches Werkzeug f\u00fcr die Polymerisation von thermoplastischen Materialien; dieses Verfahren erm\u00f6glicht es uns, die mechanischen Eigenschaften und die \u00e4sthetische Qualit\u00e4t von Kunststoffteilen um mehr als 30-40% im Vergleich zu Materialien, die traditionellen Polymerisationsverfahren unterzogen werden, zu verbessern. Mit Hilfe von Industrie\u00f6fen ist es m\u00f6glich, die vom Harzhersteller festgelegten Nachh\u00e4rtungszyklen korrekt auszuf\u00fchren und so die besten mechanischen und \u00e4sthetischen Eigenschaften jedes einzelnen Bauteils zu erzielen.<\/p>\n<\/div><\/section><\/p><\/div><div  class='flex_column av-av_two_fifth-f1c518e9ff58e869f80c8f093487abc9 av_two_fifth  avia-builder-el-3  el_after_av_three_fifth  el_before_av_hr  flex_column_div  '     ><style type=\"text\/css\" data-created_by=\"avia_inline_auto\" id=\"style-css-av-ljk01wkt-fc2db0942c46a7b84782dfd8c02780d0\">\n#top .togglecontainer.av-ljk01wkt-fc2db0942c46a7b84782dfd8c02780d0 h4.toggler{\nfont-size:14px;\n}\n#top .togglecontainer.av-ljk01wkt-fc2db0942c46a7b84782dfd8c02780d0 h4.toggler.activeTitle{\ncolor:#ffffff;\nborder-color:#ffffff;\nbackground-color:#2682d3;\n}\n<\/style>\n<div  class='togglecontainer av-ljk01wkt-fc2db0942c46a7b84782dfd8c02780d0  avia-builder-el-4  avia-builder-el-no-sibling  accordion_product toggle_close_all hasCurrentStyle' >\n<section class='av_toggle_section av-ljk01mf1-0725a2b5256162389a6e87dfc3872b1e' ><div role=\"tablist\" class=\"single_toggle\" data-tags=\"{Alle} \"  ><h4 id='toggle-toggle-id-1' data-fake-id='#toggle-id-1' class='toggler  activeTitle av-title-above '  role='tab' tabindex='0' aria-controls='toggle-id-1' data-slide-speed=\"200\" data-title=\"Vorteile\" data-title-open=\"\" data-aria_collapsed=\"Click to expand: Vorteile\" data-aria_expanded=\"Click to collapse: Vorteile\">Vorteile<span class=\"toggle_icon\"><span class=\"vert_icon\"><\/span><span class=\"hor_icon\"><\/span><\/span><\/h4><div id='toggle-id-1' aria-labelledby='toggle-toggle-id-1' role='region' class='toggle_wrap  active_tc av-title-above' style='display:block;' ><div class='toggle_content invers-color ' ><ul>\n<li>Zugang zu g\u00fcnstigen Preislisten<\/li>\n<li>Produktgarantie<\/li>\n<li>Planm\u00e4\u00dfige Wartung<\/li>\n<\/ul>\n<\/div><\/div><\/div><\/section>\n<section class='av_toggle_section av-ljk01vcw-312b590037ce6ebbfb25f5a8128e2e30' ><div role=\"tablist\" class=\"single_toggle\" data-tags=\"{Alle} \"  ><h4 id='toggle-toggle-id-2' data-fake-id='#toggle-id-2' class='toggler  av-title-above '  role='tab' tabindex='0' aria-controls='toggle-id-2' data-slide-speed=\"200\" data-title=\"Typen\" data-title-open=\"\" data-aria_collapsed=\"Click to expand: Typen\" data-aria_expanded=\"Click to collapse: Typen\">Typen<span class=\"toggle_icon\"><span class=\"vert_icon\"><\/span><span class=\"hor_icon\"><\/span><\/span><\/h4><div id='toggle-id-2' aria-labelledby='toggle-toggle-id-2' role='region' class='toggle_wrap  av-title-above'  ><div class='toggle_content invers-color ' ><ul class=\"customlist2\">\n<li>Autoklaven<\/li>\n<li>Industrielle \u00d6fen<\/li>\n<\/ul>\n<\/div><\/div><\/div><\/section>\n<\/div><\/div><div  class='hr av-av_hr-91d7ccd583a503147498e120fee2ff9b hr-default  avia-builder-el-5  el_after_av_two_fifth  avia-builder-el-last '><span class='hr-inner '><span class=\"hr-inner-style\"><\/span><\/span><\/div><\/p>\n","protected":false},"excerpt":{"rendered":"<p>Unsere langj\u00e4hrige Zusammenarbeit mit den wichtigsten Herstellern von Autoklaven und Industrie\u00f6fen erm\u00f6glicht es uns, auf Preislisten zuzugreifen, die f\u00fcr Standardanfragen nur schwer zu bekommen sind.<\/p>\n","protected":false},"author":1,"featured_media":0,"parent":9049,"menu_order":2,"comment_status":"open","ping_status":"open","template":"","meta":{"footnotes":""},"class_list":["post-8975","page","type-page","status-publish","hentry"],"_links":{"self":[{"href":"https:\/\/www.mates.it\/de\/wp-json\/wp\/v2\/pages\/8975","targetHints":{"allow":["GET"]}}],"collection":[{"href":"https:\/\/www.mates.it\/de\/wp-json\/wp\/v2\/pages"}],"about":[{"href":"https:\/\/www.mates.it\/de\/wp-json\/wp\/v2\/types\/page"}],"author":[{"embeddable":true,"href":"https:\/\/www.mates.it\/de\/wp-json\/wp\/v2\/users\/1"}],"replies":[{"embeddable":true,"href":"https:\/\/www.mates.it\/de\/wp-json\/wp\/v2\/comments?post=8975"}],"version-history":[{"count":0,"href":"https:\/\/www.mates.it\/de\/wp-json\/wp\/v2\/pages\/8975\/revisions"}],"up":[{"embeddable":true,"href":"https:\/\/www.mates.it\/de\/wp-json\/wp\/v2\/pages\/9049"}],"wp:attachment":[{"href":"https:\/\/www.mates.it\/de\/wp-json\/wp\/v2\/media?parent=8975"}],"curies":[{"name":"wp","href":"https:\/\/api.w.org\/{rel}","templated":true}]}}