{"id":8977,"date":"2015-09-16T15:26:24","date_gmt":"2015-09-16T13:26:24","guid":{"rendered":"https:\/\/www.mates.it\/prodotti\/resine-adesivi-chimici\/hilfs-harze\/"},"modified":"2023-06-26T16:29:53","modified_gmt":"2023-06-26T14:29:53","slug":"hilfs-harze","status":"publish","type":"page","link":"https:\/\/www.mates.it\/de\/produkte\/harze-klebstoffe-chemikalien\/hilfs-harze\/","title":{"rendered":"Hilfs &#8211; Harze"},"content":{"rendered":"\n<style type=\"text\/css\" data-created_by=\"avia_inline_auto\" id=\"style-css-av-av_image-17415c1989a9c74f674df224b5ceb4e8\">\n.avia-image-container.av-av_image-17415c1989a9c74f674df224b5ceb4e8 img.avia_image{\nbox-shadow:none;\n}\n.avia-image-container.av-av_image-17415c1989a9c74f674df224b5ceb4e8 .av-image-caption-overlay-center{\ncolor:#ffffff;\n}\n<\/style>\n<div  class='avia-image-container av-av_image-17415c1989a9c74f674df224b5ceb4e8 av-styling- avia-align-center  avia-builder-el-0  el_before_av_hr  avia-builder-el-first '  ><div class=\"avia-image-container-inner\"><div class=\"avia-image-overlay-wrap\"><img decoding=\"async\" fetchpriority=\"high\" class=\"wp-image- avia-img-lazy-loading-not- avia_image \" src=\"https:\/\/www.mates.it\/wp-content\/uploads\/2016\/09\/Lay-up-manuale.jpg\" alt=\"\" title=\"\"><\/div><\/div><\/div>\n<div  class='hr av-av_hr-91d7ccd583a503147498e120fee2ff9b hr-default  avia-builder-el-1  el_after_av_image  el_before_av_three_fifth '><span class='hr-inner '><span class=\"hr-inner-style\"><\/span><\/span><\/div>\n<div  class='flex_column av-av_three_fifth-7714eba142aeda1f8b5272a3c372b279 av_three_fifth  avia-builder-el-2  el_after_av_hr  el_before_av_two_fifth  first flex_column_div  '     ><p>\n<style type=\"text\/css\" data-created_by=\"avia_inline_auto\" id=\"style-css-av-ljcygoow-bd700b1b0d50b2a3cc32d67019befc41\">\n#top .av-special-heading.av-ljcygoow-bd700b1b0d50b2a3cc32d67019befc41{\npadding-bottom:10px;\n}\nbody .av-special-heading.av-ljcygoow-bd700b1b0d50b2a3cc32d67019befc41 .av-special-heading-tag .heading-char{\nfont-size:25px;\n}\n.av-special-heading.av-ljcygoow-bd700b1b0d50b2a3cc32d67019befc41 .av-subheading{\nfont-size:15px;\n}\n<\/style>\n<div  class='av-special-heading av-ljcygoow-bd700b1b0d50b2a3cc32d67019befc41 av-special-heading-h1  avia-builder-el-3  el_before_av_textblock  avia-builder-el-first  custom-h1-title'><h1 class='av-special-heading-tag '  >Hilfs &#8211; Harze<\/h1><div class=\"special-heading-border\"><div class=\"special-heading-inner-border\"><\/div><\/div><\/div><br \/>\n<section  class='av_textblock_section av-ljcyf5bk-ccf9728226b1846b3618cb33f8bed7ea '  ><div class='avia_textblock' ><p>Ein komplettes Sortiment an Werkzeugen, die f\u00fcr die Impr\u00e4gnierung von technischen Stoffen mit niedrigem, mittlerem oder hohem Fl\u00e4chengewicht ausgew\u00e4hlt wurden, wie Spachtel, B\u00fcrsten, Walzen und Blasenbrecher. Durch die richtige Impr\u00e4gnierung eines Stoffes kann sichergestellt werden, dass keine interlaminaren Luftblasen entstehen, die anschlie\u00dfend die Stabilit\u00e4t des Produkts beeintr\u00e4chtigen k\u00f6nnten. Auch zum Auftragen von Farben und Gelcoats geeignet. Unseren Kunden stehen die besten Impr\u00e4gnierwerkzeuge auf dem Markt zur Verf\u00fcgung, die sorgf\u00e4ltig ausgew\u00e4hlt und in diese st\u00e4ndig wachsende und sich weiterentwickelnde Kategorie eingeordnet werden.<\/p>\n<\/div><\/section><\/p><\/div><div  class='flex_column av-av_two_fifth-f1c518e9ff58e869f80c8f093487abc9 av_two_fifth  avia-builder-el-5  el_after_av_three_fifth  el_before_av_hr  flex_column_div  '     ><style type=\"text\/css\" data-created_by=\"avia_inline_auto\" id=\"style-css-av-ljcyghf2-0c11af9894c0b6904729eeada006b3d8\">\n#top .togglecontainer.av-ljcyghf2-0c11af9894c0b6904729eeada006b3d8 h4.toggler{\nfont-size:14px;\n}\n#top .togglecontainer.av-ljcyghf2-0c11af9894c0b6904729eeada006b3d8 h4.toggler.activeTitle{\ncolor:#ffffff;\nborder-color:#ffffff;\nbackground-color:#2682d3;\n}\n<\/style>\n<div  class='togglecontainer av-ljcyghf2-0c11af9894c0b6904729eeada006b3d8  avia-builder-el-6  avia-builder-el-no-sibling  accordion_product toggle_close_all hasCurrentStyle' >\n<section class='av_toggle_section av-ljcyfjnw-497f002949b89a6291f8d513eb63e694' ><div role=\"tablist\" class=\"single_toggle\" data-tags=\"{Alle} \"  ><h4 id='toggle-toggle-id-1' data-fake-id='#toggle-id-1' class='toggler  activeTitle av-title-above '  role='tab' tabindex='0' aria-controls='toggle-id-1' data-slide-speed=\"200\" data-title=\"Vorteile\" data-title-open=\"\" data-aria_collapsed=\"Click to expand: Vorteile\" data-aria_expanded=\"Click to collapse: Vorteile\">Vorteile<span class=\"toggle_icon\"><span class=\"vert_icon\"><\/span><span class=\"hor_icon\"><\/span><\/span><\/h4><div id='toggle-id-1' aria-labelledby='toggle-toggle-id-1' role='region' class='toggle_wrap  active_tc av-title-above' style='display:block;' ><div class='toggle_content invers-color ' ><ul class=\"customlist1\">\n<li>Spezifisch f\u00fcr jeden Prozess<\/li>\n<li>\u00c4u\u00dferst wettbewerbsf\u00e4hige Preise<\/li>\n<li>Schnelle Lieferung<\/li>\n<li>Ausgew\u00e4hlte Artikel<\/li>\n<\/ul>\n<\/div><\/div><\/div><\/section>\n<section class='av_toggle_section av-ljcygfrm-1a453f2ee475c19880e66d52c700a3cd' ><div role=\"tablist\" class=\"single_toggle\" data-tags=\"{Alle} \"  ><h4 id='toggle-toggle-id-2' data-fake-id='#toggle-id-2' class='toggler  av-title-above '  role='tab' tabindex='0' aria-controls='toggle-id-2' data-slide-speed=\"200\" data-title=\"Typen\" data-title-open=\"\" data-aria_collapsed=\"Click to expand: Typen\" data-aria_expanded=\"Click to collapse: Typen\">Typen<span class=\"toggle_icon\"><span class=\"vert_icon\"><\/span><span class=\"hor_icon\"><\/span><\/span><\/h4><div id='toggle-id-2' aria-labelledby='toggle-toggle-id-2' role='region' class='toggle_wrap  av-title-above'  ><div class='toggle_content invers-color ' ><ul class=\"customlist2\">\n<li><a href=\"https:\/\/fileserver.mates.it\/Prodotti\/2_Matrici\/Brochure\/Mates\/Ausiliari_Resine\/Spatole.pdf\" target=\"_blank\" rel=\"noopener\">Spatel<\/a><\/li>\n<li><a href=\"https:\/\/fileserver.mates.it\/Prodotti\/2_Matrici\/Brochure\/Mates\/Ausiliari_Resine\/Frangibolle.pdf\" target=\"_blank\" rel=\"noopener\">Blasenbrecher<\/a><\/li>\n<li><a href=\"https:\/\/fileserver.mates.it\/Prodotti\/2_Matrici\/Brochure\/Mates\/Ausiliari_Resine\/Rulli.pdf\" target=\"_blank\" rel=\"noopener\">Rollen<\/a><\/li>\n<li><a href=\"https:\/\/fileserver.mates.it\/Prodotti\/2_Matrici\/Brochure\/Mates\/Ausiliari_Resine\/Pennelli.pdf\" target=\"_blank\" rel=\"noopener\">Pinsel<\/a><\/li>\n<\/ul>\n<\/div><\/div><\/div><\/section>\n<\/div><\/div><div  class='hr av-av_hr-91d7ccd583a503147498e120fee2ff9b hr-default  avia-builder-el-7  el_after_av_two_fifth  avia-builder-el-last '><span class='hr-inner '><span class=\"hr-inner-style\"><\/span><\/span><\/div><\/p>\n","protected":false},"excerpt":{"rendered":"<p>Ein komplettes Sortiment an Werkzeugen, die f\u00fcr die Impr\u00e4gnierung von technischen Stoffen mit niedrigem, mittlerem oder hohem Fl\u00e4chengewicht ausgew\u00e4hlt wurden, wie Spachtel, B\u00fcrsten, Walzen und Blasenbrecher.<\/p>\n","protected":false},"author":1,"featured_media":7398,"parent":8852,"menu_order":5,"comment_status":"open","ping_status":"open","template":"","meta":{"footnotes":""},"class_list":["post-8977","page","type-page","status-publish","has-post-thumbnail","hentry"],"_links":{"self":[{"href":"https:\/\/www.mates.it\/de\/wp-json\/wp\/v2\/pages\/8977","targetHints":{"allow":["GET"]}}],"collection":[{"href":"https:\/\/www.mates.it\/de\/wp-json\/wp\/v2\/pages"}],"about":[{"href":"https:\/\/www.mates.it\/de\/wp-json\/wp\/v2\/types\/page"}],"author":[{"embeddable":true,"href":"https:\/\/www.mates.it\/de\/wp-json\/wp\/v2\/users\/1"}],"replies":[{"embeddable":true,"href":"https:\/\/www.mates.it\/de\/wp-json\/wp\/v2\/comments?post=8977"}],"version-history":[{"count":0,"href":"https:\/\/www.mates.it\/de\/wp-json\/wp\/v2\/pages\/8977\/revisions"}],"up":[{"embeddable":true,"href":"https:\/\/www.mates.it\/de\/wp-json\/wp\/v2\/pages\/8852"}],"wp:featuredmedia":[{"embeddable":true,"href":"https:\/\/www.mates.it\/de\/wp-json\/wp\/v2\/media\/7398"}],"wp:attachment":[{"href":"https:\/\/www.mates.it\/de\/wp-json\/wp\/v2\/media?parent=8977"}],"curies":[{"name":"wp","href":"https:\/\/api.w.org\/{rel}","templated":true}]}}