{"id":8978,"date":"2015-09-16T16:26:43","date_gmt":"2015-09-16T14:26:43","guid":{"rendered":"https:\/\/www.mates.it\/prodotti\/strumenti-attrezzature\/sicherheitssysteme\/"},"modified":"2023-07-01T22:26:00","modified_gmt":"2023-07-01T20:26:00","slug":"schutzausrustungen","status":"publish","type":"page","link":"https:\/\/www.mates.it\/de\/produkte\/hilfsmittel-werkzeuge\/schutzausrustungen\/","title":{"rendered":"Schutzausr\u00fcstungen"},"content":{"rendered":"\n<style type=\"text\/css\" data-created_by=\"avia_inline_auto\" id=\"style-css-av-av_image-3658c65c1efacdae89f42f97cb5ffebf\">\n.avia-image-container.av-av_image-3658c65c1efacdae89f42f97cb5ffebf img.avia_image{\nbox-shadow:none;\n}\n.avia-image-container.av-av_image-3658c65c1efacdae89f42f97cb5ffebf .av-image-caption-overlay-center{\ncolor:#ffffff;\n}\n<\/style>\n<div  class='avia-image-container av-av_image-3658c65c1efacdae89f42f97cb5ffebf av-styling- avia-align-center  avia-builder-el-0  el_before_av_hr  avia-builder-el-first '  ><div class=\"avia-image-container-inner\"><div class=\"avia-image-overlay-wrap\"><img decoding=\"async\" fetchpriority=\"high\" class=\"wp-image- avia-img-lazy-loading-not- avia_image \" src=\"https:\/\/www.mates.it\/wp-content\/uploads\/2016\/06\/Dispositivi-di-sicurezza.jpg\" alt=\"\" title=\"\"><\/div><\/div><\/div>\n<div  class='hr av-av_hr-91d7ccd583a503147498e120fee2ff9b hr-default  avia-builder-el-1  el_after_av_image  el_before_av_three_fifth '><span class='hr-inner '><span class=\"hr-inner-style\"><\/span><\/span><\/div>\n<div  class='flex_column av-av_three_fifth-7714eba142aeda1f8b5272a3c372b279 av_three_fifth  avia-builder-el-2  el_after_av_hr  el_before_av_two_fifth  first flex_column_div  '     ><p>\n<style type=\"text\/css\" data-created_by=\"avia_inline_auto\" id=\"style-css-av-ljkg5r4h-100b65d87f11dcf0663915444e88e281\">\n#top .av-special-heading.av-ljkg5r4h-100b65d87f11dcf0663915444e88e281{\npadding-bottom:10px;\n}\nbody .av-special-heading.av-ljkg5r4h-100b65d87f11dcf0663915444e88e281 .av-special-heading-tag .heading-char{\nfont-size:25px;\n}\n.av-special-heading.av-ljkg5r4h-100b65d87f11dcf0663915444e88e281 .av-subheading{\nfont-size:15px;\n}\n<\/style>\n<div  class='av-special-heading av-ljkg5r4h-100b65d87f11dcf0663915444e88e281 av-special-heading-h1  avia-builder-el-3  el_before_av_textblock  avia-builder-el-first  custom-h1-title'><h1 class='av-special-heading-tag '  >Schutzausr\u00fcstungen<\/h1><div class=\"special-heading-border\"><div class=\"special-heading-inner-border\"><\/div><\/div><\/div><br \/>\n<section  class='av_textblock_section av-ljkg60t7-ed67e36ed52fafa1c1efb0db8439f009 '  ><div class='avia_textblock' ><p>Pers\u00f6nliche Schutzausr\u00fcstungen (PSA) sind Produkte, deren Aufgabe es ist, die Person, die sie tr\u00e4gt oder jedenfalls mit sich f\u00fchrt, vor Gesundheits- und Sicherheitsrisiken zu sch\u00fctzen. Dar\u00fcber hinaus m\u00fcssen sie laut Gesetz das CE-Zeichen tragen, das die Einhaltung der grundlegenden Gesundheits- und Sicherheitsanforderungen der Gemeinschaftsnormen best\u00e4tigt. Eines der gr\u00f6\u00dften Probleme besteht darin, festzustellen, wann pers\u00f6nliche Schutzausr\u00fcstung ausgetauscht werden muss. Einige Ger\u00e4te haben ein Verfallsdatum, andere sind Einwegartikel, wieder andere erfordern eine st\u00e4ndige \u00dcberwachung des Verschlei\u00dfzustands durch den Arbeiter, um sie auszutauschen, wenn sie nicht mehr geeignet sind. Zum Beispiel: Ein Atemschutzger\u00e4t muss ausgetauscht werden, wenn der Bediener besondere Schwierigkeiten beim Atmen feststellt; Andererseits muss die Brille ausgetauscht werden, wenn der Bediener feststellt, dass die Bilder nicht mehr perfekt scharf sind.<\/p>\n<div style=\"width: 100%;\"><\/div>\n<\/div><\/section><\/p><\/div>\n<div  class='flex_column av-av_two_fifth-f1c518e9ff58e869f80c8f093487abc9 av_two_fifth  avia-builder-el-5  el_after_av_three_fifth  el_before_av_hr  flex_column_div  '     ><style type=\"text\/css\" data-created_by=\"avia_inline_auto\" id=\"style-css-av-ljkg7tok-25b1a4d61d94e5c11c54e64c7a42b68b\">\n#top .togglecontainer.av-ljkg7tok-25b1a4d61d94e5c11c54e64c7a42b68b h4.toggler{\nfont-size:14px;\n}\n#top .togglecontainer.av-ljkg7tok-25b1a4d61d94e5c11c54e64c7a42b68b h4.toggler.activeTitle{\ncolor:#ffffff;\nborder-color:#ffffff;\nbackground-color:#2682d3;\n}\n<\/style>\n<div  class='togglecontainer av-ljkg7tok-25b1a4d61d94e5c11c54e64c7a42b68b  avia-builder-el-6  avia-builder-el-no-sibling  accordion_product toggle_close_all hasCurrentStyle' >\n<section class='av_toggle_section av-ljkg6ge7-b6cf3e128e64791c9ac8839fcdf13071' ><div role=\"tablist\" class=\"single_toggle\" data-tags=\"{Alle} \"  ><h4 id='toggle-toggle-id-1' data-fake-id='#toggle-id-1' class='toggler  activeTitle av-title-above '  role='tab' tabindex='0' aria-controls='toggle-id-1' data-slide-speed=\"200\" data-title=\"Vorteile\" data-title-open=\"\" data-aria_collapsed=\"Click to expand: Vorteile\" data-aria_expanded=\"Click to collapse: Vorteile\">Vorteile<span class=\"toggle_icon\"><span class=\"vert_icon\"><\/span><span class=\"hor_icon\"><\/span><\/span><\/h4><div id='toggle-id-1' aria-labelledby='toggle-toggle-id-1' role='region' class='toggle_wrap  active_tc av-title-above' style='display:block;' ><div class='toggle_content invers-color ' ><ul>\n<li>Gro\u00dfe Auswahl an Artikeln<\/li>\n<li>Zertifizierte Produzenten<\/li>\n<li>Erm\u00e4\u00dfigte Preislisten<\/li>\n<li>Passend f\u00fcr jeden Bedarf<\/li>\n<\/ul>\n<\/div><\/div><\/div><\/section>\n<section class='av_toggle_section av-ljkg7prh-85274a99e838f578b9a43c1a442abfe9' ><div role=\"tablist\" class=\"single_toggle\" data-tags=\"{Alle} \"  ><h4 id='toggle-toggle-id-2' data-fake-id='#toggle-id-2' class='toggler  av-title-above '  role='tab' tabindex='0' aria-controls='toggle-id-2' data-slide-speed=\"200\" data-title=\"Typen\" data-title-open=\"\" data-aria_collapsed=\"Click to expand: Typen\" data-aria_expanded=\"Click to collapse: Typen\">Typen<span class=\"toggle_icon\"><span class=\"vert_icon\"><\/span><span class=\"hor_icon\"><\/span><\/span><\/h4><div id='toggle-id-2' aria-labelledby='toggle-toggle-id-2' role='region' class='toggle_wrap  av-title-above'  ><div class='toggle_content invers-color ' ><ul class=\"customlist2\">\n<li><a href=\"https:\/\/fileserver.mates.it\/Prodotti\/7_Attrezzature\/TDS\/3M\/vie_respiratorie_dpi.pdf\" target=\"_blank\" rel=\"noopener\">Atemschutz<\/a><\/li>\n<li><a href=\"https:\/\/fileserver.mates.it\/Prodotti\/7_Attrezzature\/TDS\/3M\/abbigliamento_dpi.pdf\" target=\"_blank\" rel=\"noopener\">Arbeitsoutfits<\/a><\/li>\n<li><a href=\"https:\/\/fileserver.mates.it\/Prodotti\/7_Attrezzature\/TDS\/3M\/vista_dpi.pdf\" target=\"_blank\" rel=\"noopener\">Augenschutz<\/a><\/li>\n<li><a href=\"https:\/\/fileserver.mates.it\/Prodotti\/7_Attrezzature\/TDS\/3M\/udito_dpi.pdf\" target=\"_blank\" rel=\"noopener\">Geh\u00f6rschutz<\/a><\/li>\n<li><a href=\"https:\/\/fileserver.mates.it\/Prodotti\/7_Attrezzature\/TDS\/3M\/altri_dpi.pdf\" target=\"_blank\" rel=\"noopener\">Andere PSA<\/a><\/li>\n<\/ul>\n<\/div><\/div><\/div><\/section>\n<\/div><\/div>\n<div  class='hr av-av_hr-91d7ccd583a503147498e120fee2ff9b hr-default  avia-builder-el-7  el_after_av_two_fifth  avia-builder-el-last '><span class='hr-inner '><span class=\"hr-inner-style\"><\/span><\/span><\/div>\n","protected":false},"excerpt":{"rendered":"<p>Pers\u00f6nliche Schutzausr\u00fcstung (PSA) ist ein Produkt, dessen Aufgabe es ist, die Person, die sie tr\u00e4gt oder auf jeden Fall mit sich f\u00fchrt, vor Gesundheits- und Sicherheitsrisiken zu sch\u00fctzen.<\/p>\n","protected":false},"author":1,"featured_media":7354,"parent":8860,"menu_order":4,"comment_status":"open","ping_status":"open","template":"","meta":{"footnotes":""},"class_list":["post-8978","page","type-page","status-publish","has-post-thumbnail","hentry"],"_links":{"self":[{"href":"https:\/\/www.mates.it\/de\/wp-json\/wp\/v2\/pages\/8978","targetHints":{"allow":["GET"]}}],"collection":[{"href":"https:\/\/www.mates.it\/de\/wp-json\/wp\/v2\/pages"}],"about":[{"href":"https:\/\/www.mates.it\/de\/wp-json\/wp\/v2\/types\/page"}],"author":[{"embeddable":true,"href":"https:\/\/www.mates.it\/de\/wp-json\/wp\/v2\/users\/1"}],"replies":[{"embeddable":true,"href":"https:\/\/www.mates.it\/de\/wp-json\/wp\/v2\/comments?post=8978"}],"version-history":[{"count":0,"href":"https:\/\/www.mates.it\/de\/wp-json\/wp\/v2\/pages\/8978\/revisions"}],"up":[{"embeddable":true,"href":"https:\/\/www.mates.it\/de\/wp-json\/wp\/v2\/pages\/8860"}],"wp:featuredmedia":[{"embeddable":true,"href":"https:\/\/www.mates.it\/de\/wp-json\/wp\/v2\/media\/7354"}],"wp:attachment":[{"href":"https:\/\/www.mates.it\/de\/wp-json\/wp\/v2\/media?parent=8978"}],"curies":[{"name":"wp","href":"https:\/\/api.w.org\/{rel}","templated":true}]}}