{"id":8980,"date":"2015-09-16T16:26:30","date_gmt":"2015-09-16T14:26:30","guid":{"rendered":"https:\/\/www.mates.it\/prodotti\/strumenti-attrezzature\/rohren-angriffe\/"},"modified":"2023-12-13T23:52:26","modified_gmt":"2023-12-13T22:52:26","slug":"rohre-fittings-verbindungen","status":"publish","type":"page","link":"https:\/\/www.mates.it\/de\/produkte\/hilfsmittel-werkzeuge\/rohre-fittings-verbindungen\/","title":{"rendered":"Rohre \/ Fittings \/ Verbindungen"},"content":{"rendered":"\n<style type=\"text\/css\" data-created_by=\"avia_inline_auto\" id=\"style-css-av-lq4d8yoh-865173b643dceb877880a9104b99903e\">\n.avia-image-container.av-lq4d8yoh-865173b643dceb877880a9104b99903e img.avia_image{\nbox-shadow:none;\n}\n.avia-image-container.av-lq4d8yoh-865173b643dceb877880a9104b99903e .av-image-caption-overlay-center{\ncolor:#ffffff;\n}\n<\/style>\n<div  class='avia-image-container av-lq4d8yoh-865173b643dceb877880a9104b99903e av-styling- avia-align-center  avia-builder-el-0  el_before_av_hr  avia-builder-el-first '  ><div class=\"avia-image-container-inner\"><div class=\"avia-image-overlay-wrap\"><img decoding=\"async\" fetchpriority=\"high\" class='wp-image-20444 avia-img-lazy-loading-not-20444 avia_image ' src=\"https:\/\/www.mates.it\/wp-content\/uploads\/Tubi-Raccordi-Attacchi-2.jpg\" alt='Tubi-Raccordi-Attacchi' title='Tubi-Raccordi-Attacchi'  height=\"190\" width=\"1000\" srcset=\"https:\/\/www.mates.it\/wp-content\/uploads\/Tubi-Raccordi-Attacchi-2.jpg 1000w, https:\/\/www.mates.it\/wp-content\/uploads\/Tubi-Raccordi-Attacchi-2-300x57.jpg 300w, https:\/\/www.mates.it\/wp-content\/uploads\/Tubi-Raccordi-Attacchi-2-768x146.jpg 768w, https:\/\/www.mates.it\/wp-content\/uploads\/Tubi-Raccordi-Attacchi-2-705x134.jpg 705w\" sizes=\"(max-width: 1000px) 100vw, 1000px\" \/><\/div><\/div><\/div>\n<div  class='hr av-av_hr-91d7ccd583a503147498e120fee2ff9b hr-default  avia-builder-el-1  el_after_av_image  el_before_av_three_fifth '><span class='hr-inner '><span class=\"hr-inner-style\"><\/span><\/span><\/div>\n<div  class='flex_column av-av_three_fifth-7714eba142aeda1f8b5272a3c372b279 av_three_fifth  avia-builder-el-2  el_after_av_hr  el_before_av_two_fifth  first flex_column_div  '     ><p>\n<style type=\"text\/css\" data-created_by=\"avia_inline_auto\" id=\"style-css-av-ljhlsszq-9a3d275f24b46e41781cdd7a50f64d00\">\n#top .av-special-heading.av-ljhlsszq-9a3d275f24b46e41781cdd7a50f64d00{\npadding-bottom:10px;\n}\nbody .av-special-heading.av-ljhlsszq-9a3d275f24b46e41781cdd7a50f64d00 .av-special-heading-tag .heading-char{\nfont-size:25px;\n}\n.av-special-heading.av-ljhlsszq-9a3d275f24b46e41781cdd7a50f64d00 .av-subheading{\nfont-size:15px;\n}\n<\/style>\n<div  class='av-special-heading av-ljhlsszq-9a3d275f24b46e41781cdd7a50f64d00 av-special-heading-h1  avia-builder-el-3  el_before_av_textblock  avia-builder-el-first  custom-h1-title'><h1 class='av-special-heading-tag '  >Rohre \/ Fittings \/ Verbindungen<\/h1><div class=\"special-heading-border\"><div class=\"special-heading-inner-border\"><\/div><\/div><\/div><br \/>\n<section  class='av_textblock_section av-ljhlt1qq-4494ba02ed8d1401c7dd3ff175a17b92 '  ><div class='avia_textblock' ><p>Gro\u00dfe Auswahl an vormontierten oder einfachen Rohren, in Standardgr\u00f6\u00dfen und aus verschiedenen Materialien. N\u00fctzlich f\u00fcr die Schaffung eines Vakuumkreislaufs oder f\u00fcr die Ausbreitung von Fl\u00fcssigkeiten, best\u00e4ndig gegen unterschiedliche Dr\u00fccke und Temperaturen, einsetzbar in den g\u00e4ngigsten Prozessen zur Herstellung fortschrittlicher Verbundwerkstoffe. Zu dieser Kategorie geh\u00f6ren auch alle Schlauch-Schlauch-, Schlauch-Beutel- und Schlauch-Pumpen-Verbindungen; eine Reihe von Schnellkupplungen, Gewindekupplungen, Saugkupplungen und allgemeinen Kupplungen, Anschl\u00fcssen und Wasserh\u00e4hnen, die perfekt miteinander kompatibel sind. F\u00fcr die Schaffung eines g\u00fcltigen Vakuumkreislaufs haben wir die neueste Technologie gew\u00e4hlt, um eine einfache Verbindung (und Trennung) zwischen der Vakuumquelle und dem Beutel zu erm\u00f6glichen. Ebenfalls erh\u00e4ltlich sind Fittings, Anschl\u00fcsse und H\u00e4hne f\u00fcr die Harzdiffusion im geschlossenen Form- oder Spritzgussverfahren.<\/p>\n<\/div><\/section><\/p><\/div>\n<div  class='flex_column av-av_two_fifth-f1c518e9ff58e869f80c8f093487abc9 av_two_fifth  avia-builder-el-5  el_after_av_three_fifth  el_before_av_hr  flex_column_div  '     ><style type=\"text\/css\" data-created_by=\"avia_inline_auto\" id=\"style-css-av-ljhltilj-09284377248fc722cda727e44eb947c8\">\n#top .togglecontainer.av-ljhltilj-09284377248fc722cda727e44eb947c8 h4.toggler{\nfont-size:14px;\n}\n#top .togglecontainer.av-ljhltilj-09284377248fc722cda727e44eb947c8 h4.toggler.activeTitle{\ncolor:#ffffff;\nborder-color:#ffffff;\nbackground-color:#2682d3;\n}\n<\/style>\n<div  class='togglecontainer av-ljhltilj-09284377248fc722cda727e44eb947c8  avia-builder-el-6  avia-builder-el-no-sibling  accordion_product toggle_close_all hasCurrentStyle' >\n<section class='av_toggle_section av-ljhltewx-5da459f1372c9653a700bf0962da3dfd' ><div role=\"tablist\" class=\"single_toggle\" data-tags=\"{Alle} \"  ><h4 id='toggle-toggle-id-1' data-fake-id='#toggle-id-1' class='toggler  activeTitle av-title-above '  role='tab' tabindex='0' aria-controls='toggle-id-1' data-slide-speed=\"200\" data-title=\"Vorteile\" data-title-open=\"\" data-aria_collapsed=\"Click to expand: Vorteile\" data-aria_expanded=\"Click to collapse: Vorteile\">Vorteile<span class=\"toggle_icon\"><span class=\"vert_icon\"><\/span><span class=\"hor_icon\"><\/span><\/span><\/h4><div id='toggle-id-1' aria-labelledby='toggle-toggle-id-1' role='region' class='toggle_wrap  active_tc av-title-above' style='display:block;' ><div class='toggle_content invers-color ' ><ul class=\"customlist1\">\n<li>Immer auf Lager<\/li>\n<li>Produktkompatibilit\u00e4t<\/li>\n<li>IEO-Qualit\u00e4tskontrolle<\/li>\n<li>Gepr\u00fcfte Artikel<\/li>\n<\/ul>\n<\/div><\/div><\/div><\/section>\n<section class='av_toggle_section av-ljhlthib-b348fa7a71aa999e15391afd9202d3bc' ><div role=\"tablist\" class=\"single_toggle\" data-tags=\"{Alle} \"  ><h4 id='toggle-toggle-id-2' data-fake-id='#toggle-id-2' class='toggler  av-title-above '  role='tab' tabindex='0' aria-controls='toggle-id-2' data-slide-speed=\"200\" data-title=\"Typen\" data-title-open=\"\" data-aria_collapsed=\"Click to expand: Typen\" data-aria_expanded=\"Click to collapse: Typen\">Typen<span class=\"toggle_icon\"><span class=\"vert_icon\"><\/span><span class=\"hor_icon\"><\/span><\/span><\/h4><div id='toggle-id-2' aria-labelledby='toggle-toggle-id-2' role='region' class='toggle_wrap  av-title-above'  ><div class='toggle_content invers-color ' ><li class=\"page_item page-item-9039\"><a href=\"https:\/\/www.mates.it\/de\/produkte\/hilfsmittel-werkzeuge\/rohre-fittings-verbindungen\/schlauche\/\">Schl\u00e4uche<\/a><\/li>\n<li class=\"page_item page-item-9041\"><a href=\"https:\/\/www.mates.it\/de\/produkte\/hilfsmittel-werkzeuge\/rohre-fittings-verbindungen\/schlauchanschlusse-anschlusse\/\">Schlauchanschl\u00fcsse \/ Anschl\u00fcsse<\/a><\/li>\n<li class=\"page_item page-item-9040\"><a href=\"https:\/\/www.mates.it\/de\/produkte\/hilfsmittel-werkzeuge\/rohre-fittings-verbindungen\/kupplungen-wasserhahne\/\">Kupplungen \/ Wasserh\u00e4hne<\/a><\/li>\n\n<\/div><\/div><\/div><\/section>\n<\/div><\/div>\n<div  class='hr av-av_hr-91d7ccd583a503147498e120fee2ff9b hr-default  avia-builder-el-7  el_after_av_two_fifth  avia-builder-el-last '><span class='hr-inner '><span class=\"hr-inner-style\"><\/span><\/span><\/div>\n","protected":false},"excerpt":{"rendered":"<p>Eine gro\u00dfe Auswahl an Schl\u00e4uchen, die zum Aufbau eines Vakuumkreislaufs oder zur Fl\u00fcssigkeitsausbreitung n\u00fctzlich sind und in den g\u00e4ngigsten Prozessen zur Herstellung fortschrittlicher Verbundwerkstoffe verwendet werden k\u00f6nnen.<\/p>\n","protected":false},"author":1,"featured_media":7346,"parent":8860,"menu_order":2,"comment_status":"open","ping_status":"open","template":"","meta":{"footnotes":""},"class_list":["post-8980","page","type-page","status-publish","has-post-thumbnail","hentry"],"_links":{"self":[{"href":"https:\/\/www.mates.it\/de\/wp-json\/wp\/v2\/pages\/8980","targetHints":{"allow":["GET"]}}],"collection":[{"href":"https:\/\/www.mates.it\/de\/wp-json\/wp\/v2\/pages"}],"about":[{"href":"https:\/\/www.mates.it\/de\/wp-json\/wp\/v2\/types\/page"}],"author":[{"embeddable":true,"href":"https:\/\/www.mates.it\/de\/wp-json\/wp\/v2\/users\/1"}],"replies":[{"embeddable":true,"href":"https:\/\/www.mates.it\/de\/wp-json\/wp\/v2\/comments?post=8980"}],"version-history":[{"count":0,"href":"https:\/\/www.mates.it\/de\/wp-json\/wp\/v2\/pages\/8980\/revisions"}],"up":[{"embeddable":true,"href":"https:\/\/www.mates.it\/de\/wp-json\/wp\/v2\/pages\/8860"}],"wp:featuredmedia":[{"embeddable":true,"href":"https:\/\/www.mates.it\/de\/wp-json\/wp\/v2\/media\/7346"}],"wp:attachment":[{"href":"https:\/\/www.mates.it\/de\/wp-json\/wp\/v2\/media?parent=8980"}],"curies":[{"name":"wp","href":"https:\/\/api.w.org\/{rel}","templated":true}]}}